{"id":3398,"date":"2018-07-06T17:33:02","date_gmt":"2018-07-06T09:33:02","guid":{"rendered":"http:\/\/www.opswatches.com\/?page_id=3398"},"modified":"2018-07-06T17:42:47","modified_gmt":"2018-07-06T09:42:47","slug":"datenschutz-bestimmungen","status":"publish","type":"page","link":"https:\/\/opswatches.com\/de\/datenschutz-bestimmungen\/","title":{"rendered":"Terms &amp; amp; Bedingungen"},"content":{"rendered":"<h2>Terms &amp; amp; Bedingungen<\/h2>\n<p>&nbsp;<\/p>\n<p><strong><b>Bitte lesen Sie unsere Allgemeinen Gesch\u00e4ftsbedingungen unten:<\/b><\/strong><br \/>\nOps Watch Co., Ltd bietet Zugang zu und Nutzung der Website von Ops Watch Co., Ltd unter den folgenden Bedingungen.<\/p>\n<p><strong><b>Definitionen<\/b><\/strong><br \/>\nThrough this document the terms USER and YOU are defined as any visitor to the site for whatever reason, whether that person is a non-registered user, a registered user or a subscriber. The terms we and us mean the company and the directors of Ops Watch\u00a0Co.,Ltd.<\/p>\n<p><strong><b>Handelsnamen und Marken<\/b><\/strong><br \/>\nOps Watch\u00a0is the registered trademark of Ops Watches Co.,Ltd.<br \/>\nAlle anderen auf der Website verwendeten Marken werden als Eigentum ihrer jeweiligen Inhaber anerkannt und akzeptiert.<\/p>\n<p><strong><b>Die Verwendung der <\/b><\/strong><strong><b>Ops W.<\/b><\/strong><strong><b>atch Website<\/b><\/strong><br \/>\nDurch den Zugriff auf und die Nutzung der Ops Watch-Website erkl\u00e4ren Sie sich mit diesen Nutzungsbedingungen einverstanden. Wir empfehlen allen Benutzern, diese Nutzungsbedingungen sorgf\u00e4ltig zu lesen.<\/p>\n<p><strong><b>\u00c4nderungen im Inhalt<\/b><\/strong><br \/>\nOps Watch wird diese Bedingungen von Zeit zu Zeit \u00e4ndern. Diese \u00c4nderungen werden online vorgenommen. Bitte \u00fcberpr\u00fcfen Sie diese Allgemeinen Gesch\u00e4ftsbedingungen regelm\u00e4\u00dfig, um sicherzustellen, dass Sie \u00fcber \u00c4nderungen der Allgemeinen Gesch\u00e4ftsbedingungen informiert sind, die m\u00f6glicherweise f\u00fcr Sie gelten. Ihre fortgesetzte Nutzung der Website nach solchen \u00c4nderungen setzt voraus, dass Sie diesen \u00c4nderungen zugestimmt haben.<br \/>\nAlle Bereiche der Website, die durch \u00c4nderungen durch den Benutzer von Mitarbeitern Dritter beeinflusst werden k\u00f6nnen.<\/p>\n<p><strong><b>Ops W.<\/b><\/strong><strong><b>Inhaltseigentum von atch Co., Ltd.\u00a0<\/b><\/strong><br \/>\nDer Benutzer darf Ops Watch-Inhalte nur f\u00fcr den pers\u00f6nlichen, nicht kommerziellen Gebrauch kopieren, reproduzieren, erneut ver\u00f6ffentlichen, herunterladen, ver\u00f6ffentlichen, senden, \u00fcbertragen, der \u00d6ffentlichkeit zug\u00e4nglich machen oder anderweitig verwenden. Der Benutzer darf keine zusammengesetzten Arbeiten anpassen, \u00e4ndern oder erstellen. F\u00fcr den kommerziellen oder sonstigen nicht pers\u00f6nlichen Gebrauch wenden Sie sich bitte an Ops Watch, um eine schriftliche Genehmigung einzuholen.<br \/>\nDas Urheberrecht an der Website von Ops Watch Co., Ltd, einschlie\u00dflich des Website-Designs, des Textes und der Grafiken sowie der Navigation sowie aller Inhalte, Bilder, Diagramme und Datenbankmaterialien, liegt ausschlie\u00dflich bei Uhren. Alle Rechte vorbehalten. Keines dieser Materialien darf ohne unsere schriftliche Genehmigung reproduziert, weitergegeben oder gespeichert werden. Der Benutzer kann eine einzelne Kopie f\u00fcr den nichtkommerziellen Gebrauch herunterladen und \/ oder drucken.<\/p>\n<p><strong><b>Verwendung der <\/b><\/strong><strong><b>Ops W.<\/b><\/strong><strong><b>Website von atch Co., Ltd.<\/b><\/strong><br \/>\nJede Nutzung der Website von Ops Watch Co., Ltd muss rechtm\u00e4\u00dfigen Zwecken dienen und darf die Rechte der Website von Ops Watch Co., Ltd nicht beeintr\u00e4chtigen, die andere Nutzung einschr\u00e4nken oder auf andere Weise entwerten.<\/p>\n<p><strong><b>Haftungsausschluss und Haftungsbeschr\u00e4nkung<\/b><\/strong><br \/>\nDer Inhalt von Ops Watch Co., Ltd, einschlie\u00dflich der Informationen, Namen, Bilder, Bilder, Logos und Symbole in Bezug auf oder in Bezug auf Ops Watch, wird ohne jegliche Gew\u00e4hrleistung (ob ausdr\u00fccklich oder stillschweigend) im gesetzlich zul\u00e4ssigen Umfang bereitgestellt. einschlie\u00dflich der impliziten Garantien f\u00fcr zufriedenstellende Qualit\u00e4t, Eignung f\u00fcr einen bestimmten Zweck, Nichtverletzung, Kompatibilit\u00e4t, Sicherheit und Genauigkeit.<\/p>\n<p><strong><b>Zugriff auf die Website und Inhalte\u00a0<\/b><\/strong><br \/>\nOps Watch Co., Ltd expect to allow uninterrupted access to our website at all times. However access to the Ops Watch\u00a0website may be suspended, restricted or terminated at any time.<\/p>\n<p><strong><b>Zust\u00e4ndigkeit<\/b><\/strong><br \/>\nThese terms shall be governed by and interpreted in accordance with the laws of\u00a0China.<\/p>","protected":false},"excerpt":{"rendered":"<p>Terms &amp; Conditions &nbsp; Please read our terms and conditions below: Ops Watch Co.,Ltd provides access to, and use of, the Ops Watch Co.,Ltd website subject to the following term and Conditions. Definitions Through this document the terms USER and YOU are defined as any visitor to the site for whatever reason, whether that person [&hellip;]<\/p>","protected":false},"author":1,"featured_media":0,"parent":0,"menu_order":0,"comment_status":"closed","ping_status":"closed","template":"","meta":{"footnotes":""},"class_list":["post-3398","page","type-page","status-publish","hentry"],"_links":{"self":[{"href":"https:\/\/opswatches.com\/de\/wp-json\/wp\/v2\/pages\/3398","targetHints":{"allow":["GET"]}}],"collection":[{"href":"https:\/\/opswatches.com\/de\/wp-json\/wp\/v2\/pages"}],"about":[{"href":"https:\/\/opswatches.com\/de\/wp-json\/wp\/v2\/types\/page"}],"author":[{"embeddable":true,"href":"https:\/\/opswatches.com\/de\/wp-json\/wp\/v2\/users\/1"}],"replies":[{"embeddable":true,"href":"https:\/\/opswatches.com\/de\/wp-json\/wp\/v2\/comments?post=3398"}],"version-history":[{"count":4,"href":"https:\/\/opswatches.com\/de\/wp-json\/wp\/v2\/pages\/3398\/revisions"}],"predecessor-version":[{"id":3402,"href":"https:\/\/opswatches.com\/de\/wp-json\/wp\/v2\/pages\/3398\/revisions\/3402"}],"wp:attachment":[{"href":"https:\/\/opswatches.com\/de\/wp-json\/wp\/v2\/media?parent=3398"}],"curies":[{"name":"wp","href":"https:\/\/api.w.org\/{rel}","templated":true}]}}