{"id":3403,"date":"2018-07-06T17:44:28","date_gmt":"2018-07-06T09:44:28","guid":{"rendered":"http:\/\/www.opswatches.com\/?page_id=3403"},"modified":"2018-07-06T17:44:28","modified_gmt":"2018-07-06T09:44:28","slug":"datenschutz-richtlinie-2","status":"publish","type":"page","link":"https:\/\/opswatches.com\/de\/datenschutz-richtlinie-2\/","title":{"rendered":"Datenschutz-Bestimmungen"},"content":{"rendered":"<h2>Datenschutz-Bestimmungen<\/h2>\n<p>&nbsp;<\/p>\n<p>Das folgende Dokument enth\u00e4lt die Datenschutzrichtlinien von Ops Watch Co. Ltd, die sich verpflichtet haben, Ihnen den bestm\u00f6glichen Kundenservice zu bieten.<\/p>\n<p><strong><b>Sammlung Ihrer pers\u00f6nlichen Daten<\/b><\/strong><br \/>\nEs gibt viele Aspekte der Website, die ohne die Angabe von pers\u00f6nlichen Daten eingesehen werden k\u00f6nnen, aber f\u00fcr den Zugang zu zuk\u00fcnftigen Ops Watch Co. Ltd. Dies kann einen Namen und eine E-Mail-Adresse beinhalten, ist aber nicht darauf beschr\u00e4nkt.<\/p>\n<p><strong><b>Weitergabe Ihrer pers\u00f6nlichen Daten<\/b><\/strong><br \/>\nGelegentlich beauftragen wir andere Unternehmen mit der Erbringung von Dienstleistungen in unserem Namen, einschlie\u00dflich, aber nicht beschr\u00e4nkt auf die Bearbeitung von Kundendienstanfragen, die Abwicklung von Transaktionen oder den Versand von Kundenfracht. Diesen Unternehmen ist es gestattet, nur die pers\u00f6nlichen Daten zu erhalten, die sie f\u00fcr die Erbringung der Dienstleistung ben\u00f6tigen. Ops Watch Co. Ltd. unternimmt angemessene Schritte, um sicherzustellen, dass diese Unternehmen an Vertraulichkeits- und Datenschutzverpflichtungen in Bezug auf den Schutz Ihrer pers\u00f6nlichen Daten gebunden sind.<\/p>\n<p><strong><b>Verwendung Ihrer pers\u00f6nlichen Daten<\/b><\/strong><br \/>\nDamit jeder Besucher die Website erreichen kann, sammeln wir ausdr\u00fccklich die folgenden nicht pers\u00f6nlich identifizierbaren Informationen, einschlie\u00dflich, aber nicht beschr\u00e4nkt auf Browsertyp, Version und Sprache, Betriebssystem, beim Surfen auf der Website angezeigte Seiten, Seitenzugriffszeiten und verweisende Website-Adresse. Diese gesammelten Informationen werden ausschlie\u00dflich intern verwendet, um den Besucherverkehr und die Trends zu messen und Ihnen personalisierte Inhalte bereitzustellen, w\u00e4hrend Sie sich auf dieser Website befinden.<\/p>\n<p><strong><b>\u00c4nderungen dieser Datenschutzerkl\u00e4rung<\/b><\/strong><br \/>\nOps Watch Co. Ltd. beh\u00e4lt sich das Recht vor, diese Datenschutzrichtlinie jederzeit zu \u00e4ndern.<\/p>\n<p><strong><b>Uns kontaktieren<\/b><\/strong><br \/>\nOps Watch Co, Ltd. begr\u00fc\u00dft Ihre Kommentare zu dieser Datenschutzrichtlinie. Wenn Sie Fragen zu dieser Datenschutzrichtlinie haben und weitere Informationen w\u00fcnschen, kontaktieren Sie uns bitte auf einem der folgenden Wege w\u00e4hrend 7\/24.<br \/>\nEmail:\u00a0<a href=\"mailto:info@3watches.com\"><u>die Info@<\/u><u>ops<\/u><u>watch.com<\/u><\/a><\/p>","protected":false},"excerpt":{"rendered":"<p>Privacy Policy &nbsp; This following document sets forth the Privacy Policy for Ops Watch\u00a0Co., Ltd that is committed to providing you with the best possible customer service experience. Collection of your personal information There are many aspects of the site which can be viewed without providing personal information, however, for access to future Ops Watch\u00a0Co., [&hellip;]<\/p>","protected":false},"author":1,"featured_media":0,"parent":0,"menu_order":0,"comment_status":"closed","ping_status":"closed","template":"","meta":{"footnotes":""},"class_list":["post-3403","page","type-page","status-publish","hentry"],"_links":{"self":[{"href":"https:\/\/opswatches.com\/de\/wp-json\/wp\/v2\/pages\/3403","targetHints":{"allow":["GET"]}}],"collection":[{"href":"https:\/\/opswatches.com\/de\/wp-json\/wp\/v2\/pages"}],"about":[{"href":"https:\/\/opswatches.com\/de\/wp-json\/wp\/v2\/types\/page"}],"author":[{"embeddable":true,"href":"https:\/\/opswatches.com\/de\/wp-json\/wp\/v2\/users\/1"}],"replies":[{"embeddable":true,"href":"https:\/\/opswatches.com\/de\/wp-json\/wp\/v2\/comments?post=3403"}],"version-history":[{"count":1,"href":"https:\/\/opswatches.com\/de\/wp-json\/wp\/v2\/pages\/3403\/revisions"}],"predecessor-version":[{"id":3404,"href":"https:\/\/opswatches.com\/de\/wp-json\/wp\/v2\/pages\/3403\/revisions\/3404"}],"wp:attachment":[{"href":"https:\/\/opswatches.com\/de\/wp-json\/wp\/v2\/media?parent=3403"}],"curies":[{"name":"wp","href":"https:\/\/api.w.org\/{rel}","templated":true}]}}