{"id":4133,"date":"2019-04-08T21:01:10","date_gmt":"2019-04-08T13:01:10","guid":{"rendered":"http:\/\/www.opswatches.com\/?page_id=4133"},"modified":"2025-03-29T17:33:28","modified_gmt":"2025-03-29T09:33:28","slug":"herunterladen","status":"publish","type":"page","link":"https:\/\/opswatches.com\/de\/herunterladen\/","title":{"rendered":"Download"},"content":{"rendered":"<div  class=\"content_row row vc_row wpb_row  default-style fullwidth\" >\n\t\n\t<div class=\"content_row_wrapper  default\" >\n\t<div class=\"vc_col-sm-12 wpb_column vc_column_container\">\n\t\t<div class=\"wpb_wrapper\">\n\t\t\t<div class=\"vc_empty_space\"   style=\"height: 32px\"><span class=\"vc_empty_space_inner\"><\/span><\/div>\n\t<div class=\"wpb_text_column wpb_content_element\" >\n\t\t<div class=\"wpb_wrapper\">\n\t\t\t<div class=\"_3d-flip-book  fb3d-fullscreen-mode full-size\" data-id=\"6455\" data-mode=\"fullscreen\" data-title=\"false\" data-template=\"short-white-book-view\" data-lightbox=\"dark-shadow\" data-urlparam=\"fb3d-page\" data-page-n=\"0\" data-pdf=\"\" data-tax=\"null\" data-thumbnail=\"\" data-cols=\"3\" data-book-template=\"default\" data-trigger=\"\"><\/div><script type=\"text\/javascript\">window.FB3D_CLIENT_DATA = window.FB3D_CLIENT_DATA || [];FB3D_CLIENT_DATA.push('eyJwb3N0cyI6eyI2NDU1Ijp7IklEIjo2NDU1LCJ0aXRsZSI6IjIwMjUgQ2F0YWxvZyIsInR5cGUiOiJwZGYiLCJyZWFkeV9mdW5jdGlvbiI6IiIsImJvb2tfc3R5bGUiOiJmbGF0IiwiYm9va190ZW1wbGF0ZSI6Im5vbmUiLCJvdXRsaW5lIjpbXSwiZGF0YSI6eyJwb3N0X0lEIjoiNjQ1NiIsImd1aWQiOiJodHRwczpcL1wvb3Bzd2F0Y2hlcy5jb21cL3dwLWNvbnRlbnRcL3VwbG9hZHNcLzIwMjVcLzAzXC9jYXRhbG9nLW9wcy12Mi5wZGYiLCJwZGZfcGFnZXMiOiI1MCIsInBhZ2VzX2N1c3RvbWl6YXRpb24iOiJub25lIn0sInRodW1ibmFpbCI6eyJkYXRhIjp7InBvc3RfSUQiOiIwIn0sInR5cGUiOiJhdXRvIn0sInByb3BzIjp7ImJhY2tncm91bmRDb2xvciI6ImF1dG8iLCJiYWNrZ3JvdW5kSW1hZ2UiOiJhdXRvIiwiYmFja2dyb3VuZFN0eWxlIjoiYXV0byIsImhpZ2hsaWdodExpbmtzIjoiYXV0byIsImxpZ2h0aW5nIjoiYXV0byIsInNpbmdsZVBhZ2VNb2RlIjoiYXV0byIsImNhY2hlZFBhZ2VzIjoiYXV0byIsInJlbmRlckluYWN0aXZlUGFnZXMiOiJhdXRvIiwicmVuZGVySW5hY3RpdmVQYWdlc09uTW9iaWxlIjoiYXV0byIsInJlbmRlcldoaWxlRmxpcHBpbmciOiJhdXRvIiwicHJlbG9hZFBhZ2VzIjoiYXV0byIsImF1dG9QbGF5RHVyYXRpb24iOiJhdXRvIiwicnRsIjoiYXV0byIsImludGVyYWN0aXZlQ29ybmVycyI6ImF1dG8iLCJtYXhEZXB0aCI6ImF1dG8iLCJzaGVldCI6eyJzdGFydFZlbG9jaXR5IjoiYXV0byIsIndhdmUiOiJhdXRvIiwic2hhcGUiOiJhdXRvIiwid2lkdGhUZXhlbHMiOiJhdXRvIiwiY29sb3IiOiJhdXRvIiwic2lkZSI6ImF1dG8iLCJzdHJldGNoSW1hZ2VzIjoiYXV0byIsImNvcm5lckRldmlhdGlvbiI6ImF1dG8iLCJmbGV4aWJpbGl0eSI6ImF1dG8iLCJmbGV4aWJsZUNvcm5lciI6ImF1dG8iLCJiZW5kaW5nIjoiYXV0byIsImhlaWdodFRleGVscyI6ImF1dG8ifSwiY292ZXIiOnsid2F2ZSI6ImF1dG8iLCJjb2xvciI6ImF1dG8iLCJzaWRlIjoiYXV0byIsInN0cmV0Y2hJbWFnZXMiOiJhdXRvIiwiYmluZGVyVGV4dHVyZSI6ImF1dG8iLCJkZXB0aCI6ImF1dG8iLCJwYWRkaW5nIjoiYXV0byIsInN0YXJ0VmVsb2NpdHkiOiJhdXRvIiwiZmxleGliaWxpdHkiOiJhdXRvIiwiZmxleGlibGVDb3JuZXIiOiJhdXRvIiwiYmVuZGluZyI6ImF1dG8iLCJ3aWR0aFRleGVscyI6ImF1dG8iLCJoZWlnaHRUZXhlbHMiOiJhdXRvIiwibWFzcyI6ImF1dG8iLCJzaGFwZSI6ImF1dG8ifSwicGFnZSI6eyJ3YXZlIjoiYXV0byIsImNvbG9yIjoiYXV0byIsInNpZGUiOiJhdXRvIiwic3RyZXRjaEltYWdlcyI6ImF1dG8iLCJkZXB0aCI6ImF1dG8iLCJzdGFydFZlbG9jaXR5IjoiYXV0byIsImZsZXhpYmlsaXR5IjoiYXV0byIsImZsZXhpYmxlQ29ybmVyIjoiYXV0byIsImJlbmRpbmciOiJhdXRvIiwid2lkdGhUZXhlbHMiOiJhdXRvIiwiaGVpZ2h0VGV4ZWxzIjoiYXV0byIsIm1hc3MiOiJhdXRvIiwic2hhcGUiOiJhdXRvIn0sImhlaWdodCI6ImF1dG8iLCJ3aWR0aCI6ImF1dG8iLCJncmF2aXR5IjoiYXV0byIsInBhZ2VzRm9yUHJlZGljdGluZyI6ImF1dG8ifSwiY29udHJvbFByb3BzIjp7ImFjdGlvbnMiOnsiY21kVG9jIjp7ImVuYWJsZWQiOiJhdXRvIiwiZW5hYmxlZEluTmFycm93IjoiYXV0byIsImFjdGl2ZSI6ImF1dG8iLCJkZWZhdWx0VGFiIjoiYXV0byJ9LCJjbWRBdXRvUGxheSI6eyJlbmFibGVkIjoiYXV0byIsImVuYWJsZWRJbk5hcnJvdyI6ImF1dG8iLCJhY3RpdmUiOiJhdXRvIn0sImNtZFNhdmUiOnsiZW5hYmxlZCI6ImF1dG8iLCJlbmFibGVkSW5OYXJyb3ciOiJhdXRvIn0sImNtZFByaW50Ijp7ImVuYWJsZWQiOiJhdXRvIiwiZW5hYmxlZEluTmFycm93IjoiYXV0byJ9LCJjbWRTaW5nbGVQYWdlIjp7ImVuYWJsZWQiOiJhdXRvIiwiZW5hYmxlZEluTmFycm93IjoiYXV0byIsImFjdGl2ZSI6ImF1dG8iLCJhY3RpdmVGb3JNb2JpbGUiOiJhdXRvIn0sIndpZFRvb2xiYXIiOnsiZW5hYmxlZCI6ImF1dG8iLCJlbmFibGVkSW5OYXJyb3ciOiJhdXRvIn19fSwiYXV0b1RodW1ibmFpbCI6Imh0dHBzOlwvXC9vcHN3YXRjaGVzLmNvbVwvd3AtY29udGVudFwvdXBsb2Fkc1wvM2QtZmxpcC1ib29rXC9hdXRvLXRodW1ibmFpbHNcLzY0NTUucG5nIiwicG9zdF9uYW1lIjoiNjQ1NSIsInBvc3RfdHlwZSI6IjNkLWZsaXAtYm9vayJ9fSwicGFnZXMiOltdLCJmaXJzdFBhZ2VzIjpbXX0=');window.FB3D_CLIENT_LOCALE && FB3D_CLIENT_LOCALE.render && FB3D_CLIENT_LOCALE.render();<\/script>\n\n\t\t<\/div>\n\t<\/div>\n\n\t\t<\/div>\n\t<\/div>\n\n<\/div>\n<\/div>\n\n<div  class=\"content_row row vc_row wpb_row  default-style default\" >\n\t\n\t<div class=\"content_row_wrapper\" >\n\t<div class=\"vc_col-sm-12 wpb_column vc_column_container\">\n\t\t<div class=\"wpb_wrapper\">\n\t\t\t<div class=\"rt_heading_wrapper\">\n\t\t\t\t\t\t<h1 class=\"rt_heading\"  style=\"color:#D92323;\">Individuelle Uhren f\u00fcr Ihre Marke<\/h1>\n\t\t\t\t\t<\/div>\n\t<div class=\"wpb_text_column wpb_content_element\" >\n\t\t<div class=\"wpb_wrapper\">\n\t\t\t<p>Unter <strong data-start=\"333\" data-end=\"348\">Ops<\/strong>sind wir spezialisiert auf die Erstellung <strong data-start=\"376\" data-end=\"409\">individuelle Uhren f\u00fcr Ihre Marke<\/strong>. Um sicherzustellen, dass unsere Uhren Ihren Erwartungen entsprechen, bieten wir Ihnen die M\u00f6glichkeit <strong data-start=\"484\" data-end=\"508\">ein Uhrenmuster bestellen<\/strong> bevor Sie Ihre Gro\u00dfbestellung aufgeben. Durch das Testen eines Musters k\u00f6nnen Sie die Qualit\u00e4t, das Design und die Handwerkskunst unserer Uhren aus erster Hand erleben.<\/p>\n\n\t\t<\/div>\n\t<\/div>\n\n\t<div  class=\"wpb_single_image wpb_content_element vc_align_center wpb_content_element\">\n\t\t\n\t\t<figure class=\"wpb_wrapper vc_figure\">\n\t\t\t<div class=\"vc_single_image-wrapper   vc_box_border_grey\"><img loading=\"lazy\" decoding=\"async\" width=\"1024\" height=\"354\" src=\"https:\/\/opswatches.com\/wp-content\/uploads\/2025\/03\/about_us-1-1024x354.jpg\" class=\"vc_single_image-img attachment-large\" alt=\"oem watch manufacturer in China\" title=\"\u00fcber_uns\" srcset=\"https:\/\/opswatches.com\/wp-content\/uploads\/2025\/03\/about_us-1-1024x354.jpg 1024w, https:\/\/opswatches.com\/wp-content\/uploads\/2025\/03\/about_us-1-300x104.jpg 300w, https:\/\/opswatches.com\/wp-content\/uploads\/2025\/03\/about_us-1-768x266.jpg 768w, https:\/\/opswatches.com\/wp-content\/uploads\/2025\/03\/about_us-1-18x6.jpg 18w, https:\/\/opswatches.com\/wp-content\/uploads\/2025\/03\/about_us-1-600x208.jpg 600w, https:\/\/opswatches.com\/wp-content\/uploads\/2025\/03\/about_us-1.jpg 1300w\" sizes=\"auto, (max-width: 1024px) 100vw, 1024px\" \/><\/div>\n\t\t<\/figure>\n\t<\/div>\n<div class=\"vc_empty_space\"   style=\"height: 32px\"><span class=\"vc_empty_space_inner\"><\/span><\/div><div class=\"rt_heading_wrapper\">\n\t\t\t\t\t\t<h2 class=\"rt_heading\"  style=\"color:#D92323;\">Warum uns w\u00e4hlen?<\/h2>\n\t\t\t\t\t<\/div>\n\t<div class=\"wpb_text_column wpb_content_element\" >\n\t\t<div class=\"wpb_wrapper\">\n\t\t\t<ul>\n<li class=\"\" data-start=\"698\" data-end=\"858\">\n<p class=\"\" data-start=\"700\" data-end=\"858\"><strong data-start=\"700\" data-end=\"727\">Ma\u00dfgeschneidert f\u00fcr Ihre Vision<\/strong>: Egal, ob Sie aus unserem Katalog ausw\u00e4hlen oder Ihr eigenes Design liefern, wir erstellen <strong data-start=\"803\" data-end=\"821\">kundenspezifische Uhren<\/strong> die mit Ihrer Markenidentit\u00e4t \u00fcbereinstimmen.<\/p>\n<\/li>\n<li class=\"\" data-start=\"859\" data-end=\"1093\">\n<p class=\"\" data-start=\"861\" data-end=\"1093\"><strong data-start=\"861\" data-end=\"883\">Risikofreie Probenahme<\/strong>: Kaufen Sie ein Muster, um die Qualit\u00e4t und die Handwerkskunst zu beurteilen, bevor Sie sich zu einer vollst\u00e4ndigen Bestellung verpflichten. Die Kosten f\u00fcr das Muster betragen <strong data-start=\"999\" data-end=\"1011\">zur\u00fcckerstattet<\/strong> wenn Sie eine Gro\u00dfbestellung aufgeben, was eine kosteng\u00fcnstige M\u00f6glichkeit ist, unsere Produkte zu testen.<\/p>\n<\/li>\n<li class=\"\" data-start=\"1094\" data-end=\"1221\">\n<p class=\"\" data-start=\"1096\" data-end=\"1221\"><strong data-start=\"1096\" data-end=\"1126\">Hochwertige Handwerkskunst<\/strong>: Unsere Uhren werden mit Pr\u00e4zision und Sorgfalt hergestellt, damit sie den Standards Ihrer Marke entsprechen.<\/p>\n<\/li>\n<\/ul>\n\n\t\t<\/div>\n\t<\/div>\n<div class=\"vc_empty_space\"   style=\"height: 32px\"><span class=\"vc_empty_space_inner\"><\/span><\/div><div class=\"rt_heading_wrapper\">\n\t\t\t\t\t\t<h2 class=\"rt_heading\"  style=\"color:#D92323;\">Wie man vorgeht:<\/h2>\n\t\t\t\t\t<\/div>\n\t<div class=\"wpb_text_column wpb_content_element\" >\n\t\t<div class=\"wpb_wrapper\">\n\t\t\t<ol>\n<li data-start=\"1279\" data-end=\"1424\"><strong data-start=\"1279\" data-end=\"1319\">W\u00e4hlen Sie einen Stil oder reichen Sie Ihr Design ein<\/strong>: St\u00f6bern Sie in unserem Katalog mit individuellen Uhrenmodellen oder senden Sie uns Ihre eigene Designidee f\u00fcr eine v\u00f6llig einzigartige Uhr.<\/li>\n<li data-start=\"1279\" data-end=\"1424\"><strong data-start=\"1428\" data-end=\"1446\">Muster bestellen<\/strong>: Kontaktieren Sie uns, um den Kauf einer Musteruhr zu vereinbaren. Wir kreieren die Uhr nach dem von Ihnen gew\u00e4hlten Stil oder einem individuellen Design.<\/li>\n<li data-start=\"1279\" data-end=\"1424\"><strong data-start=\"1575\" data-end=\"1597\">Genehmigen Sie die Probe<\/strong>: Sobald das Muster fertig ist, senden wir es Ihnen zur Genehmigung zu. Sie k\u00f6nnen das Design, die Materialien und die Gesamtqualit\u00e4t beurteilen.<\/li>\n<li data-start=\"1279\" data-end=\"1424\"><strong data-start=\"1722\" data-end=\"1747\">Ihre Gro\u00dfbestellung aufgeben<\/strong>: Nachdem Sie das Muster genehmigt haben, fahren Sie mit Ihrer Gro\u00dfbestellung fort. Die Kosten f\u00fcr das Muster werden mit Ihrer Gesamtbestellung verrechnet.<\/li>\n<\/ol>\n<p>F\u00fcr weitere Informationen zu den Verfahren lesen Sie bitte <a href=\"https:\/\/opswatches.com\/custom-watch-manufacturer\/\" target=\"_blank\" rel=\"noopener\">Hier<\/a>.<\/p>\n\n\t\t<\/div>\n\t<\/div>\n<div class=\"vc_empty_space\"   style=\"height: 32px\"><span class=\"vc_empty_space_inner\"><\/span><\/div><div class=\"rt_heading_wrapper\">\n\t\t\t\t\t\t<h2 class=\"rt_heading\"  style=\"color:#D92323;\">Wie Sie individuelle Uhren f\u00fcr Ihre Marke bestellen:<\/h2>\n\t\t\t\t\t<\/div>\n\t<div class=\"wpb_text_column wpb_content_element\" >\n\t\t<div class=\"wpb_wrapper\">\n\t\t\t<p>Beginnen Sie noch heute mit der Erstellung individueller Uhren f\u00fcr Ihre Marke! Bestellen Sie ein Muster, um die Qualit\u00e4t zu testen und ein besseres Verst\u00e4ndnis daf\u00fcr zu bekommen, wie wir die Vision Ihrer Marke zum Leben erwecken k\u00f6nnen.<\/p>\n\n\t\t<\/div>\n\t<\/div>\n<div class=\"vc_empty_space\"   style=\"height: 32px\"><span class=\"vc_empty_space_inner\"><\/span><\/div><div class=\"vc_btn3-container  wpb_animate_when_almost_visible wpb_top-to-bottom top-to-bottom vc_btn3-center vc_do_btn\" ><a class=\"vc_general vc_btn3 vc_btn3-size-lg vc_btn3-shape-rounded vc_btn3-style-flat vc_btn3-color-black\" href=\"https:\/\/www.opswatches.com\/contact-us\/\" title=\"Kontaktiere uns\" target=\"_blank\">Beginnen Sie jetzt!<\/a><\/div>\n\t\t<\/div>\n\t<\/div>\n\n<\/div>\n<\/div>","protected":false},"excerpt":{"rendered":"Custom Watches for Your Brand At Ops Watches, we specialize in creating custom watches for your brand. To ensure our watches meet your expectations, we offer you the chance to order a watch sample before placing your bulk order. By testing a sample, you can experience the quality, design, and craftsmanship of our watches firsthand. [...]","protected":false},"author":1,"featured_media":0,"parent":0,"menu_order":0,"comment_status":"closed","ping_status":"closed","template":"","meta":{"footnotes":""},"class_list":["post-4133","page","type-page","status-publish","hentry"],"_links":{"self":[{"href":"https:\/\/opswatches.com\/de\/wp-json\/wp\/v2\/pages\/4133","targetHints":{"allow":["GET"]}}],"collection":[{"href":"https:\/\/opswatches.com\/de\/wp-json\/wp\/v2\/pages"}],"about":[{"href":"https:\/\/opswatches.com\/de\/wp-json\/wp\/v2\/types\/page"}],"author":[{"embeddable":true,"href":"https:\/\/opswatches.com\/de\/wp-json\/wp\/v2\/users\/1"}],"replies":[{"embeddable":true,"href":"https:\/\/opswatches.com\/de\/wp-json\/wp\/v2\/comments?post=4133"}],"version-history":[{"count":40,"href":"https:\/\/opswatches.com\/de\/wp-json\/wp\/v2\/pages\/4133\/revisions"}],"predecessor-version":[{"id":6513,"href":"https:\/\/opswatches.com\/de\/wp-json\/wp\/v2\/pages\/4133\/revisions\/6513"}],"wp:attachment":[{"href":"https:\/\/opswatches.com\/de\/wp-json\/wp\/v2\/media?parent=4133"}],"curies":[{"name":"wp","href":"https:\/\/api.w.org\/{rel}","templated":true}]}}