{"id":4813,"date":"2020-08-27T20:01:18","date_gmt":"2020-08-27T12:01:18","guid":{"rendered":"https:\/\/www.opswatches.com\/?page_id=4813"},"modified":"2020-08-27T20:01:18","modified_gmt":"2020-08-27T12:01:18","slug":"faq","status":"publish","type":"page","link":"https:\/\/opswatches.com\/de\/faq\/","title":{"rendered":"FAQ"},"content":{"rendered":"<div  class=\"content_row row vc_row wpb_row  default-style default\" >\n\t\n\t<div class=\"content_row_wrapper\" >\n\t<div class=\"vc_col-sm-12 wpb_column vc_column_container\">\n\t\t<div class=\"wpb_wrapper\">\n\t\t\t<div class=\"rt_heading_wrapper style-4\">\n\t\t\t\t\t\t<h2 class=\"rt_heading  style-4\" >FAQ<\/h2>\n\t\t\t\t\t<\/div>\n\t\t<\/div>\n\t<\/div>\n\n<\/div>\n<\/div>\n\n<div  class=\"content_row row vc_row wpb_row  default-style default\" >\n\t\n\t<div class=\"content_row_wrapper\" >\n\t<div class=\"vc_col-sm-12 wpb_column vc_column_container\">\n\t\t<div class=\"wpb_wrapper\">\n\t\t\t<div class=\"vc_empty_space\"   style=\"height: 32px\"><span class=\"vc_empty_space_inner\"><\/span><\/div>\n\t\t<\/div>\n\t<\/div>\n\n<\/div>\n<\/div>\n\n<div  class=\"content_row row vc_row wpb_row  default-style default\" >\n\t\n\t<div class=\"content_row_wrapper\" >\n\t<div class=\"vc_col-sm-12 wpb_column vc_column_container\">\n\t\t<div class=\"wpb_wrapper\">\n\t\t\t<div  class=\"rt-toggle\"><ol><li  class=\"\"><div class=\"toggle-head\"><div class=\"toggle-number\">1<\/div><div class=\"toggle-title\">Was ist Ihre Mindestbestellmenge?<\/div><\/div><div class=\"toggle-content\"><\/p>\n<ul>\n<li>F\u00fcr Edelstahluhren betr\u00e4gt der MOQ 300 St\u00fcck pro Modell, 100 St\u00fcck pro Farbe, und die Farbkombinationen k\u00f6nnen mehrere sein.<\/li>\n<li>Bei Uhren aus Legierung betr\u00e4gt die MOQ 500 St\u00fcck pro Modell, 100 St\u00fcck pro Farbe, und die Farbkombinationen k\u00f6nnen mehrere sein.<\/li>\n<\/ul>\n<p>\n<\/div><\/li><li  class=\"\"><div class=\"toggle-head\"><div class=\"toggle-number\">2<\/div><div class=\"toggle-title\">Wie hoch ist der Preis f\u00fcr Ihre Uhren?<\/div><\/div><div class=\"toggle-content\"><p>Bitte kontaktieren Sie uns, um ein Angebot zu erhalten, da der Preis von den Stilen, Farben und Funktionen abweicht.<\/p>\n<\/div><\/li><li  class=\"\"><div class=\"toggle-head\"><div class=\"toggle-number\">3<\/div><div class=\"toggle-title\">Was kann ich an Ihren bestehenden Uhrenstilen \u00e4ndern?<\/div><\/div><div class=\"toggle-content\"><p>Sie k\u00f6nnen die Geh\u00e4usefarbe, Zifferblattfarbe oder -design, Armbandtyp oder -farbe, Zeigertyp oder -farbe \u00e4ndern.<\/p>\n<p>Lassen Sie uns wissen, wenn Sie weitere \u00c4nderungen vornehmen m\u00f6chten.<\/p>\n<\/div><\/li><li  class=\"\"><div class=\"toggle-head\"><div class=\"toggle-number\">4<\/div><div class=\"toggle-title\">Wo kann mein Logo angebracht werden?<\/div><\/div><div class=\"toggle-content\"><p>Auf dem Zifferblatt, der Krone, der Schlie\u00dfe, dem Armband und der R\u00fcckseite.<\/p>\n<p>Bitte lassen Sie uns wissen, wenn Sie spezielle Anforderungen haben.<\/p>\n<\/div><\/li><li  class=\"\"><div class=\"toggle-head\"><div class=\"toggle-number\">5<\/div><div class=\"toggle-title\">Mit welchen Bewegungen arbeitest du?<\/div><\/div><div class=\"toggle-content\"><p>Wir arbeiten mit der japanischen Miyota und Seiko Bewegung, der Schweizer Ronda und Sellita Bewegung.<\/p>\n<\/div><\/li><li  class=\"\"><div class=\"toggle-head\"><div class=\"toggle-number\">6<\/div><div class=\"toggle-title\">Wie ist die Lieferzeit?<\/div><\/div><div class=\"toggle-content\"><p>40~50 Tage f\u00fcr die Massenproduktion.<\/p>\n<\/div><\/li><li  class=\"\"><div class=\"toggle-head\"><div class=\"toggle-number\">7<\/div><div class=\"toggle-title\">Stellen Sie Verpackungen zur Verf\u00fcgung?<\/div><\/div><div class=\"toggle-content\"><p>Ja, Sie k\u00f6nnen das K\u00e4stchen in unserem Katalog ausw\u00e4hlen, und wir stellen auch eine Bedienungsanleitung oder eine Garantiekarte zur Verf\u00fcgung.<\/p>\n<\/div><\/li><li  class=\"\"><div class=\"toggle-head\"><div class=\"toggle-number\">8<\/div><div class=\"toggle-title\">Wie lauten die Zahlungsbedingungen?<\/div><\/div><div class=\"toggle-content\"><p>30% Anzahlung und 70% vor dem Versand. Wir werden Sie \u00fcber den Prozess der Massenproduktion auf dem Laufenden halten.<\/p>\n<\/div><\/li><li  class=\"\"><div class=\"toggle-head\"><div class=\"toggle-number\">9<\/div><div class=\"toggle-title\">Was ist Ihre Garantie?<\/div><\/div><div class=\"toggle-content\"><p>Wir gew\u00e4hren ein Jahr Garantie auf alle Uhren, die durch die Herstellung verursacht wurden.<\/p>\n<p>Bitte kontaktieren Sie uns, wenn Sie spezielle Anforderungen haben.<\/p>\n<\/div><\/li><li  class=\"\"><div class=\"toggle-head\"><div class=\"toggle-number\">10<\/div><div class=\"toggle-title\">Welches ist der Versandweg?<\/div><\/div><div class=\"toggle-content\"><p>Wir liefern die Uhren in der Regel per DHL und FedEx an Ihre Haust\u00fcr. See- und Bahnverbindungen sind ebenfalls m\u00f6glich.<\/p>\n<\/div><\/li><li  class=\"\"><div class=\"toggle-head\"><div class=\"toggle-number\">11<\/div><div class=\"toggle-title\">K\u00f6nnen Sie mir helfen, die Uhren zu entwerfen?<\/div><\/div><div class=\"toggle-content\"><p>Ja, wir haben ein Designteam, das Sie bei der Erstellung oder \u00c4nderung der Uhrendesigns unterst\u00fctzt.<\/p>\n<\/div><\/li><li  class=\"\"><div class=\"toggle-head\"><div class=\"toggle-number\">12<\/div><div class=\"toggle-title\">Wie k\u00f6nnen Sie unser Design vor der Verbreitung sch\u00fctzen?<\/div><\/div><div class=\"toggle-content\"><p>Wir werden keine Ihrer Designinformationen an andere Personen weitergeben. Die NDA werden unterzeichnet, bevor Sie uns die Entw\u00fcrfe zusenden.<\/p>\n<\/div><\/li><\/ol><\/div><div class=\"vc_empty_space\"   style=\"height: 20px\"><span class=\"vc_empty_space_inner\"><\/span><\/div>\n\t\t<\/div>\n\t<\/div>\n\n<\/div>\n<\/div>","protected":false},"excerpt":{"rendered":"Frequently Asked Questions 1What is your minimum order quantity? For stainless steel watches, the MOQ is 300pcs each model, 100pcs each color, and the color combinations can be multiple. For alloy watch, the MOQ is 500pcs each model, 100pcs each color, and the color combinations can be multiple. 2What is the price of your watches?Please [...]","protected":false},"author":1,"featured_media":0,"parent":0,"menu_order":0,"comment_status":"closed","ping_status":"closed","template":"","meta":{"footnotes":""},"class_list":["post-4813","page","type-page","status-publish","hentry"],"_links":{"self":[{"href":"https:\/\/opswatches.com\/de\/wp-json\/wp\/v2\/pages\/4813","targetHints":{"allow":["GET"]}}],"collection":[{"href":"https:\/\/opswatches.com\/de\/wp-json\/wp\/v2\/pages"}],"about":[{"href":"https:\/\/opswatches.com\/de\/wp-json\/wp\/v2\/types\/page"}],"author":[{"embeddable":true,"href":"https:\/\/opswatches.com\/de\/wp-json\/wp\/v2\/users\/1"}],"replies":[{"embeddable":true,"href":"https:\/\/opswatches.com\/de\/wp-json\/wp\/v2\/comments?post=4813"}],"version-history":[{"count":8,"href":"https:\/\/opswatches.com\/de\/wp-json\/wp\/v2\/pages\/4813\/revisions"}],"predecessor-version":[{"id":5659,"href":"https:\/\/opswatches.com\/de\/wp-json\/wp\/v2\/pages\/4813\/revisions\/5659"}],"wp:attachment":[{"href":"https:\/\/opswatches.com\/de\/wp-json\/wp\/v2\/media?parent=4813"}],"curies":[{"name":"wp","href":"https:\/\/api.w.org\/{rel}","templated":true}]}}