{"id":5,"date":"2015-02-02T04:19:58","date_gmt":"2015-02-02T04:19:58","guid":{"rendered":"http:\/\/rttheme19.rtthemes.com\/?page_id=5"},"modified":"2020-07-31T15:15:42","modified_gmt":"2020-07-31T07:15:42","slug":"blog","status":"publish","type":"page","link":"https:\/\/opswatches.com\/de\/blog\/","title":{"rendered":"Blog"},"content":{"rendered":"<div  class=\"content_row row vc_row wpb_row  default-style fullwidth overlap\" >\n\t\n\t<div class=\"content_row_wrapper  default\" ><div class=\"vc_col-sm-8 wpb_column vc_column_container\">\n\t\t<div class=\"wpb_wrapper\">\n\t\t\t\n<div id=\"blog-dynamicID-993275\" class=\"blog_list clearfix\" data-column-width=\"1\">\n \n\n<!-- blog box-->\n<article class=\"loop post-4421 post type-post status-publish format-standard has-post-thumbnail hentry category-watch-industry-posts tag-create-watch-brand-from-china tag-custom-watch-manufacturer tag-start-watch-business-from-home tag-start-your-own-watch-brand tag-starting-a-watch-company tag-watch-manufacturer\" id=\"post-4421\">\n\t\t\n\t\n\t\n\n\t \n\t<div class=\"text entry-content\">\n\n\t\t<!-- blog headline-->\n\t\t<h2 class=\"entry-title\"><a href=\"https:\/\/opswatches.com\/de\/start-your-own-watch-marke\/\" rel=\"bookmark\">Vollst\u00e4ndiger Leitfaden zur Gr\u00fcndung Ihrer eigenen Uhrenmarke (2025 aktualisiert)<\/a><\/h2> \n\t\t\t\n\n\t\t<p>Haben Sie die Idee, eine eigene Uhrenmarke zu gr\u00fcnden, f\u00fchlen sich aber durch die Konkurrenz entmutigt oder sind sich \u00fcber die damit verbundenen Kosten unsicher? Die Uhrenindustrie ist nach wie vor hart umk\u00e4mpft, aber mit der richtigen Gesch\u00e4ftsstrategie k\u00f6nnen Sie eine erfolgreiche Marke aufbauen. Als MVMT in den Markt eintrat, gab es bereits viele Marken, doch sie bauten ein Gesch\u00e4ft auf [...]<\/p>\n\n\t\t\t\t<!-- meta data -->\r\n\t\t<div class=\"post_data\">\r\n\r\n\t\t\t\r\n\t\t\t\r\n\t\t\t\r\n\t\t\t\r\n\t\t<\/div><!-- \/ end div  .post_data -->\r\n\t\n\t<\/div> \n\n<\/article> \n<!-- \/ blog box-->\n \n\n<!-- blog box-->\n<article class=\"loop post-4661 post type-post status-publish format-standard hentry category-uncategorized tag-custom-watch-manufacturer tag-moq-of-watches tag-ops tag-watch-manufacturer\" id=\"post-4661\">\n\t\t\n\t\n\t\n\n\t \n\t<div class=\"text entry-content\">\n\n\t\t<!-- blog headline-->\n\t\t<h2 class=\"entry-title\"><a href=\"https:\/\/opswatches.com\/de\/die-mindestbestellmenge\/\" rel=\"bookmark\">Die Mindestbestellmenge (MOQ) von Custom-Uhren<\/a><\/h2> \n\t\t\t\n\n\t\t<p>Was ist das MOQ? Die Mindestbestellmenge (MOQ) ist die Mindestanzahl von Produkten, die ein Lieferant bereit ist, einen bestimmten Artikel zu verkaufen. Ops bietet ein MOQ 300 St\u00fcck pro Modell f\u00fcr ma\u00dfgeschneiderte Uhren, nat\u00fcrlich k\u00f6nnen die Farben unterschiedlich sein. Genau genommen basiert das MOQ haupts\u00e4chlich auf dem Uhrenmodell, aber nicht [\u2026]<\/p>\n\n\t\t\t\t<!-- meta data -->\r\n\t\t<div class=\"post_data\">\r\n\r\n\t\t\t\r\n\t\t\t\r\n\t\t\t\r\n\t\t\t\r\n\t\t<\/div><!-- \/ end div  .post_data -->\r\n\t\n\t<\/div> \n\n<\/article> \n<!-- \/ blog box-->\n \n\n<!-- blog box-->\n<article class=\"loop post-3225 post type-post status-publish format-standard hentry category-watch-industry-posts tag-10-atm-water-resistant tag-10-bar-water-resistant tag-3-atm-water-resistant tag-5-atm-water-resistant tag-watch-manufacturer tag-watch-water-resistant\" id=\"post-3225\">\n\t\t\n\t\n\t\n\n\t \n\t<div class=\"text entry-content\">\n\n\t\t<!-- blog headline-->\n\t\t<h2 class=\"entry-title\"><a href=\"https:\/\/opswatches.com\/de\/was-ist-10-atm-wasserdicht\/\" rel=\"bookmark\">Was ist 10 ATM wasserdichte Uhr<\/a><\/h2> \n\t\t\t\n\n\t\t<p>&nbsp; Was ist die Wasserbest\u00e4ndigkeit einer Uhr? Wenn eine Uhr wasserdicht ist, sehen Sie normalerweise WASSERBEST\u00c4NDIG auf dem Geh\u00e4useboden. Einige Uhren zeigen dies auch auf dem Zifferblatt an. Aber wenn eine Uhr nicht wasserdicht ist, sollten Sie Ihre Uhr besser von Wasser fernhalten. Es gibt 3ATM, [\u2026]<\/p>\n\n\t\t\t\t<!-- meta data -->\r\n\t\t<div class=\"post_data\">\r\n\r\n\t\t\t\r\n\t\t\t\r\n\t\t\t\r\n\t\t\t\r\n\t\t<\/div><!-- \/ end div  .post_data -->\r\n\t\n\t<\/div> \n\n<\/article> \n<!-- \/ blog box-->\n \n\n<!-- blog box-->\n<article class=\"loop post-4640 post type-post status-publish format-standard hentry category-watch-industry-posts tag-diving-watch tag-watch-manufacturer\" id=\"post-4640\">\n\t\t\n\t\n\t\n\n\t \n\t<div class=\"text entry-content\">\n\n\t\t<!-- blog headline-->\n\t\t<h2 class=\"entry-title\"><a href=\"https:\/\/opswatches.com\/de\/wie-man-eine-taucheruhr-benutzt\/\" rel=\"bookmark\">Wie man eine Taucheruhr benutzt<\/a><\/h2> \n\t\t\t\n\n\t\t<p>Sie werden immer feststellen, dass sich auf einer Taucheruhr eine L\u00fcnette befindet. Wissen Sie jedoch, warum und wie Sie die L\u00fcnette zur Berechnung verwenden? Taucher m\u00fcssen einen Sauerstofftank tragen, wenn sie unter Wasser tauchen, und die Menge an Sauerstoff h\u00e4ngt von der Gr\u00f6\u00dfe der Sauerstoffflasche ab, so dass die Taucher [\u2026]<\/p>\n\n\t\t\t\t<!-- meta data -->\r\n\t\t<div class=\"post_data\">\r\n\r\n\t\t\t\r\n\t\t\t\r\n\t\t\t\r\n\t\t\t\r\n\t\t<\/div><!-- \/ end div  .post_data -->\r\n\t\n\t<\/div> \n\n<\/article> \n<!-- \/ blog box-->\n \n\n<!-- blog box-->\n<article class=\"loop post-5957 post type-post status-publish format-standard hentry category-watch-industry-posts\" id=\"post-5957\">\n\t\t\n\t\n\t\n\n\t \n\t<div class=\"text entry-content\">\n\n\t\t<!-- blog headline-->\n\t\t<h2 class=\"entry-title\"><a href=\"https:\/\/opswatches.com\/de\/seiko-7s26\/\" rel=\"bookmark\">Seiko 7S26 Uhrwerk - Umfassender Leitfaden<\/a><\/h2> \n\t\t\t\n\n\t\tDas Seiko 7S26 Uhrwerk wurde 1996 als Ersatz f\u00fcr das 7002 Uhrwerk eingef\u00fchrt. Es wurde schnell zum Standardwerk f\u00fcr viele Seiko Automatikuhren der Einstiegsklasse, insbesondere f\u00fcr die beliebte Seiko 5 Serie. Das 7S26 ist bekannt f\u00fcr seine robuste Bauweise und seine Zuverl\u00e4ssigkeit, was es zu einem Favoriten sowohl f\u00fcr neue als auch f\u00fcr erfahrene Uhrensammler macht. [...]\n\t\t\t\t<!-- meta data -->\r\n\t\t<div class=\"post_data\">\r\n\r\n\t\t\t\r\n\t\t\t\r\n\t\t\t\r\n\t\t\t\r\n\t\t<\/div><!-- \/ end div  .post_data -->\r\n\t\n\t<\/div> \n\n<\/article> \n<!-- \/ blog box-->\n \n\n<!-- blog box-->\n<article class=\"loop post-5893 post type-post status-publish format-standard hentry category-uncategorized\" id=\"post-5893\">\n\t\t\n\t\n\t\n\n\t \n\t<div class=\"text entry-content\">\n\n\t\t<!-- blog headline-->\n\t\t<h2 class=\"entry-title\"><a href=\"https:\/\/opswatches.com\/de\/miyota-9039-uhrwerk\/\" rel=\"bookmark\">Exploring the Miyota 9039 Movement: A Comprehensive Guide<\/a><\/h2> \n\t\t\t\n\n\t\tThe Miyota 9039 movement is a high-quality, slim, and reliable automatic movement produced by Citizen's Miyota. 9039 movement is part of Miyota's premium 9000 series, designed to compete with higher-end Swiss movements in terms of both performance and reliability. Introduced in the mid-2010s, the 9039 was developed specifically for watches without a date function, ensuring [...]\n\t\t\t\t<!-- meta data -->\r\n\t\t<div class=\"post_data\">\r\n\r\n\t\t\t\r\n\t\t\t\r\n\t\t\t\r\n\t\t\t\r\n\t\t<\/div><!-- \/ end div  .post_data -->\r\n\t\n\t<\/div> \n\n<\/article> \n<!-- \/ blog box-->\n<\/div>\n<div class=\"paging_wrapper margin-t30 margin-b30\"><ul class='page-numbers'>\n\t<li><span aria-label=\"Seite 1\" aria-current=\"page\" class=\"page-numbers current\" data-no-translation-aria-label=\"\">1<\/span><\/li>\n\t<li><a aria-label=\"Seite 2\" class=\"page-numbers\" href=\"https:\/\/opswatches.com\/wp-json\/wp\/v2\/pages\/5\/page\/2\/\" data-no-translation-aria-label=\"\">2<\/a><\/li>\n\t<li><a aria-label=\"Seite 3\" class=\"page-numbers\" href=\"https:\/\/opswatches.com\/wp-json\/wp\/v2\/pages\/5\/page\/3\/\" data-no-translation-aria-label=\"\">3<\/a><\/li>\n\t<li><span class=\"page-numbers dots\">\u2026<\/span><\/li>\n\t<li><a aria-label=\"Seite 8\" class=\"page-numbers\" href=\"https:\/\/opswatches.com\/wp-json\/wp\/v2\/pages\/5\/page\/8\/\" data-no-translation-aria-label=\"\">8<\/a><\/li>\n\t<li><a class=\"next page-numbers\" href=\"https:\/\/opswatches.com\/wp-json\/wp\/v2\/pages\/5\/page\/2\/\"><span class=\"icon-angle-right\"><\/span><\/a><\/li>\n<\/ul>\n<\/div>\n\t\t<\/div>\n\t<\/div>\n\n\t<div class=\"vc_col-sm-4 wpb_column vc_column_container\">\n\t\t<div class=\"wpb_wrapper\">\n\t\t\t<div  class=\"vc_wp_posts wpb_content_element\">\n\t\t<div class=\"widget widget_recent_entries\">\n\t\t<h2 class=\"widgettitle\">Neueste Beitr\u00e4ge<\/h2>\n\t\t<ul>\n\t\t\t\t\t\t\t\t\t\t\t<li>\n\t\t\t\t\t<a href=\"https:\/\/opswatches.com\/de\/start-your-own-watch-brand-with-ai-in-2026\/\">Start Your Own Watch Brand with AI in 2026<\/a>\n\t\t\t\t\t\t\t\t\t<\/li>\n\t\t\t\t\t\t\t\t\t\t\t<li>\n\t\t\t\t\t<a href=\"https:\/\/opswatches.com\/de\/start-your-own-watch-marke\/\">Vollst\u00e4ndiger Leitfaden zur Gr\u00fcndung Ihrer eigenen Uhrenmarke (2025 aktualisiert)<\/a>\n\t\t\t\t\t\t\t\t\t<\/li>\n\t\t\t\t\t\t\t\t\t\t\t<li>\n\t\t\t\t\t<a href=\"https:\/\/opswatches.com\/de\/sw-200\/\">Sellita SW200 Uhrwerk: Umfassender Leitfaden<\/a>\n\t\t\t\t\t\t\t\t\t<\/li>\n\t\t\t\t\t\t\t\t\t\t\t<li>\n\t\t\t\t\t<a href=\"https:\/\/opswatches.com\/de\/seiko-7s26\/\">Seiko 7S26 Uhrwerk - Umfassender Leitfaden<\/a>\n\t\t\t\t\t\t\t\t\t<\/li>\n\t\t\t\t\t\t\t\t\t\t\t<li>\n\t\t\t\t\t<a href=\"https:\/\/opswatches.com\/de\/miyota-90s5-uhrwerk\/\">Miyota 90S5 Uhrwerk: Alle Details<\/a>\n\t\t\t\t\t\t\t\t\t<\/li>\n\t\t\t\t\t<\/ul>\n\n\t\t<\/div><\/div>\n\t\t<\/div>\n\t<\/div>\n<\/div>\n<\/div>","protected":false},"excerpt":{"rendered":"The Miyota 9039 movement is a high-quality, slim, and reliable automatic movement produced by Citizen's Miyota. 9039 movement is part of Miyota's premium 9000 series, designed to compete with higher-end Swiss movements in terms of both performance and reliability. Introduced in the mid-2010s, the 9039 was developed specifically for watches without a date function, ensuring [...]","protected":false},"author":1,"featured_media":0,"parent":0,"menu_order":0,"comment_status":"closed","ping_status":"closed","template":"","meta":{"footnotes":""},"class_list":["post-5","page","type-page","status-publish","hentry"],"_links":{"self":[{"href":"https:\/\/opswatches.com\/de\/wp-json\/wp\/v2\/pages\/5","targetHints":{"allow":["GET"]}}],"collection":[{"href":"https:\/\/opswatches.com\/de\/wp-json\/wp\/v2\/pages"}],"about":[{"href":"https:\/\/opswatches.com\/de\/wp-json\/wp\/v2\/types\/page"}],"author":[{"embeddable":true,"href":"https:\/\/opswatches.com\/de\/wp-json\/wp\/v2\/users\/1"}],"replies":[{"embeddable":true,"href":"https:\/\/opswatches.com\/de\/wp-json\/wp\/v2\/comments?post=5"}],"version-history":[{"count":9,"href":"https:\/\/opswatches.com\/de\/wp-json\/wp\/v2\/pages\/5\/revisions"}],"predecessor-version":[{"id":4746,"href":"https:\/\/opswatches.com\/de\/wp-json\/wp\/v2\/pages\/5\/revisions\/4746"}],"wp:attachment":[{"href":"https:\/\/opswatches.com\/de\/wp-json\/wp\/v2\/media?parent=5"}],"curies":[{"name":"wp","href":"https:\/\/api.w.org\/{rel}","templated":true}]}}