{"id":5859,"date":"2024-01-08T17:13:15","date_gmt":"2024-01-08T09:13:15","guid":{"rendered":"https:\/\/www.opswatches.com\/?page_id=5859"},"modified":"2024-04-15T11:20:06","modified_gmt":"2024-04-15T03:20:06","slug":"uhrenmuster","status":"publish","type":"page","link":"https:\/\/opswatches.com\/de\/uhrenmuster\/","title":{"rendered":"Kostenloses Uhrenmuster"},"content":{"rendered":"<div  class=\"content_row row vc_row wpb_row  default-style default\" >\n\t\n\t<div class=\"content_row_wrapper\" >\n\t<div class=\"vc_col-sm-12 wpb_column vc_column_container\">\n\t\t<div class=\"wpb_wrapper\">\n\t\t\t\n<div id=\"product-dynamicID-339506\" class=\"woocommerce product_holder product-showcase clearfix  border_grid fixed_heights\" data-column-width=\"3\" itemscope itemtype=\"http:\/\/schema.org\/Product\">\n<div class=\"row clearfix\">\n<div class=\"col product_item_holder col-sm-4\">\n<div class=\"product_item_holder post-5980 product type-product status-publish has-post-thumbnail product_cat-sample-watch first instock sale featured shipping-taxable purchasable product-type-variable\">\n \n\t\t\n\t\t\t\n\t<span class=\"onsale\" data-no-translation=\"\" data-trp-gettext=\"\">Angebot!<\/span>\n\t<div class=\"featured_image\"><a href=\"https:\/\/opswatches.com\/de\/produkt\/vw001-musteruhr\/\" class=\"imgeffect link\"><img decoding=\"async\" src=\"https:\/\/opswatches.com\/wp-content\/uploads\/2024\/07\/vw001-ss-640x640.jpg\" alt=\"vw001 Uhrenmuster\" class=\"\" \/><\/a><\/div>\n\t\t\t<div class=\"product_info\">\n\t\t\t\t<h5 class=\"clean_heading\"><a href=\"https:\/\/opswatches.com\/de\/produkt\/vw001-musteruhr\/\">VW001<\/a><\/h5>\n\n\t\t\t\t\n\n<p class=\"price icon-\">\n\t<del aria-hidden=\"true\"><span class=\"woocommerce-Price-amount amount\"><span class=\"woocommerce-Price-currencySymbol\">&#036;<\/span>150.00<\/span><\/del> <span class=\"screen-reader-text\" data-no-translation=\"\" data-trp-gettext=\"\">Urspr\u00fcnglicher Preis war: &#036;150.00<\/span><ins aria-hidden=\"true\"><span class=\"woocommerce-Price-amount amount\"><span class=\"woocommerce-Price-currencySymbol\">&#036;<\/span>79.00<\/span><\/ins><span class=\"screen-reader-text\" data-no-translation=\"\" data-trp-gettext=\"\">Aktueller Preis ist: &#036;79.00.<\/span><\/p>\n\n\n\t\t\t\t<div class=\"product_info_footer clearfix\">\n\t\t\t\t<a href=\"https:\/\/opswatches.com\/de\/produkt\/vw001-musteruhr\/\" aria-describedby=\"woocommerce_loop_add_to_cart_link_describedby_5980\" data-quantity=\"1\" class=\"button product_type_variable add_to_cart_button\" data-product_id=\"5980\" data-product_sku=\"VW001\" aria-label=\"W\u00e4hle Optionen f\u00fcr \u201eVW001\u201c\" rel=\"nofollow\" data-no-translation=\"\" data-trp-gettext=\"\" data-no-translation-aria-label=\"\">Ausf\u00fchrung w\u00e4hlen<\/a>\t<span id=\"woocommerce_loop_add_to_cart_link_describedby_5980\" class=\"screen-reader-text\">\n\t\tDieses Produkt weist mehrere Varianten auf. Die Optionen k\u00f6nnen auf der Produktseite gew\u00e4hlt werden\t<\/span>\n\t\t\t\t<\/div>\n\n\t\t\t<\/div> \n\t\t\n<\/div><\/div>\n<div class=\"col product_item_holder col-sm-4\">\n<div class=\"product_item_holder post-6519 product type-product status-publish has-post-thumbnail product_cat-sample-watch  outofstock sale shipping-taxable purchasable product-type-variable\">\n \n\t\t\n\t\t\t\n\t<span class=\"wcsob_soldout\">Sold out!<\/span>\n\t\n\t\n\t<div class=\"featured_image\"><a href=\"https:\/\/opswatches.com\/de\/produkt\/vw003\/\" class=\"imgeffect link\"><img decoding=\"async\" src=\"https:\/\/opswatches.com\/wp-content\/uploads\/2025\/04\/VW003-Sample-Watch-Blue-640x640.jpg\" alt=\"Chronograph Musteruhr blau\" class=\"\" \/><\/a><\/div>\n\t\t\t<div class=\"product_info\">\n\t\t\t\t<h5 class=\"clean_heading\"><a href=\"https:\/\/opswatches.com\/de\/produkt\/vw003\/\">VW003<\/a><\/h5>\n\n\t\t\t\t\n\n<p class=\"price icon-\">\n\t<del aria-hidden=\"true\"><span class=\"woocommerce-Price-amount amount\"><span class=\"woocommerce-Price-currencySymbol\">&#036;<\/span>119.00<\/span><\/del> <span class=\"screen-reader-text\" data-no-translation=\"\" data-trp-gettext=\"\">Urspr\u00fcnglicher Preis war: &#036;119.00<\/span><ins aria-hidden=\"true\"><span class=\"woocommerce-Price-amount amount\"><span class=\"woocommerce-Price-currencySymbol\">&#036;<\/span>59.00<\/span><\/ins><span class=\"screen-reader-text\" data-no-translation=\"\" data-trp-gettext=\"\">Aktueller Preis ist: &#036;59.00.<\/span><\/p>\n\n\n\t\t\t\t<div class=\"product_info_footer clearfix\">\n\t\t\t\t<a href=\"https:\/\/opswatches.com\/de\/produkt\/vw003\/\" aria-describedby=\"woocommerce_loop_add_to_cart_link_describedby_6519\" data-quantity=\"1\" class=\"button product_type_variable\" data-product_id=\"6519\" data-product_sku=\"VW003\" aria-label=\"W\u00e4hle Optionen f\u00fcr \u201eVW003\u201c\" rel=\"nofollow\" data-no-translation=\"\" data-trp-gettext=\"\" data-no-translation-aria-label=\"\">Ausf\u00fchrung w\u00e4hlen<\/a>\t<span id=\"woocommerce_loop_add_to_cart_link_describedby_6519\" class=\"screen-reader-text\">\n\t\tDieses Produkt weist mehrere Varianten auf. Die Optionen k\u00f6nnen auf der Produktseite gew\u00e4hlt werden\t<\/span>\n\t\t\t\t<\/div>\n\n\t\t\t<\/div> \n\t\t\n<\/div><\/div>\n<div class=\"col product_item_holder col-sm-4\">\n<div class=\"product_item_holder post-5989 product type-product status-publish has-post-thumbnail product_cat-sample-watch  outofstock sale shipping-taxable purchasable product-type-variable\">\n \n\t\t\n\t\t\t\n\t<span class=\"wcsob_soldout\">Sold out!<\/span>\n\t\n\t\n\t<div class=\"featured_image\"><a href=\"https:\/\/opswatches.com\/de\/produkt\/vw002-sample-watch\/\" class=\"imgeffect link\"><img decoding=\"async\" src=\"https:\/\/opswatches.com\/wp-content\/uploads\/2024\/07\/vw002-blue-640x640.jpg\" alt=\"Muster einer Taucheruhr\" class=\"\" \/><\/a><\/div>\n\t\t\t<div class=\"product_info\">\n\t\t\t\t<h5 class=\"clean_heading\"><a href=\"https:\/\/opswatches.com\/de\/produkt\/vw002-sample-watch\/\">VW002<\/a><\/h5>\n\n\t\t\t\t\n\n<p class=\"price icon-\">\n\t<del aria-hidden=\"true\"><span class=\"woocommerce-Price-amount amount\"><span class=\"woocommerce-Price-currencySymbol\">&#036;<\/span>129.00<\/span><\/del> <span class=\"screen-reader-text\" data-no-translation=\"\" data-trp-gettext=\"\">Urspr\u00fcnglicher Preis war: &#036;129.00<\/span><ins aria-hidden=\"true\"><span class=\"woocommerce-Price-amount amount\"><span class=\"woocommerce-Price-currencySymbol\">&#036;<\/span>59.00<\/span><\/ins><span class=\"screen-reader-text\" data-no-translation=\"\" data-trp-gettext=\"\">Aktueller Preis ist: &#036;59.00.<\/span><\/p>\n\n\n\t\t\t\t<div class=\"product_info_footer clearfix\">\n\t\t\t\t<a href=\"https:\/\/opswatches.com\/de\/produkt\/vw002-sample-watch\/\" aria-describedby=\"woocommerce_loop_add_to_cart_link_describedby_5989\" data-quantity=\"1\" class=\"button product_type_variable\" data-product_id=\"5989\" data-product_sku=\"VW002\" aria-label=\"W\u00e4hle Optionen f\u00fcr \u201eVW002\u201c\" rel=\"nofollow\" data-no-translation=\"\" data-trp-gettext=\"\" data-no-translation-aria-label=\"\">Ausf\u00fchrung w\u00e4hlen<\/a>\t<span id=\"woocommerce_loop_add_to_cart_link_describedby_5989\" class=\"screen-reader-text\">\n\t\tDieses Produkt weist mehrere Varianten auf. Die Optionen k\u00f6nnen auf der Produktseite gew\u00e4hlt werden\t<\/span>\n\t\t\t\t<\/div>\n\n\t\t\t<\/div> \n\t\t\n<\/div><\/div>\n<\/div>\n<div class=\"row clearfix\">\n<div class=\"col product_item_holder col-sm-4\">\n<div class=\"product_item_holder post-5826 product type-product status-publish has-post-thumbnail product_cat-sample-watch last outofstock featured shipping-taxable purchasable product-type-variable\">\n \n\t\t\n\t\t\t\n\t<span class=\"wcsob_soldout\">Sold out!<\/span>\n\t<div class=\"featured_image\"><a href=\"https:\/\/opswatches.com\/de\/produkt\/vw71190-chronograph-sample-watch\/\" class=\"imgeffect link\"><img decoding=\"async\" src=\"https:\/\/opswatches.com\/wp-content\/uploads\/2024\/01\/Vonith-watch-640x640.webp\" alt=\"Vonith-Uhr\" class=\"\" \/><\/a><\/div>\n\t\t\t<div class=\"product_info\">\n\t\t\t\t<h5 class=\"clean_heading\"><a href=\"https:\/\/opswatches.com\/de\/produkt\/vw71190-chronograph-sample-watch\/\">VW71190<\/a><\/h5>\n\n\t\t\t\t\n\n<p class=\"price icon-\">\n\t<span class=\"woocommerce-Price-amount amount\"><span class=\"woocommerce-Price-currencySymbol\">&#036;<\/span>0.00<\/span><\/p>\n\n\n\t\t\t\t<div class=\"product_info_footer clearfix\">\n\t\t\t\t<a href=\"https:\/\/opswatches.com\/de\/produkt\/vw71190-chronograph-sample-watch\/\" aria-describedby=\"woocommerce_loop_add_to_cart_link_describedby_5826\" data-quantity=\"1\" class=\"button product_type_variable\" data-product_id=\"5826\" data-product_sku=\"VW71190\" aria-label=\"W\u00e4hle Optionen f\u00fcr \u201eVW71190\u201c\" rel=\"nofollow\" data-no-translation=\"\" data-trp-gettext=\"\" data-no-translation-aria-label=\"\">Ausf\u00fchrung w\u00e4hlen<\/a>\t<span id=\"woocommerce_loop_add_to_cart_link_describedby_5826\" class=\"screen-reader-text\">\n\t\tDieses Produkt weist mehrere Varianten auf. Die Optionen k\u00f6nnen auf der Produktseite gew\u00e4hlt werden\t<\/span>\n\t\t\t\t<\/div>\n\n\t\t\t<\/div> \n\t\t\n<\/div><\/div>\n<\/div>\n<\/div>\n\n\t\t<\/div>\n\t<\/div>\n\n<\/div>\n<\/div>\n\n<div  class=\"content_row row vc_row wpb_row  default-style default\" >\n\t\n\t<div class=\"content_row_wrapper\" >\n\t<div class=\"vc_col-sm-12 wpb_column vc_column_container\">\n\t\t<div class=\"wpb_wrapper\">\n\t\t\t<div class=\"rt_heading_wrapper style-4\">\n\t\t\t\t\t\t<h1 class=\"rt_heading  style-4\" >Gratis Uhren Muster Giveaway<\/h1>\n\t\t\t\t\t<\/div>\n\t<div class=\"wpb_text_column wpb_content_element\" >\n\t\t<div class=\"wpb_wrapper\">\n\t\t\t<p>Warum bieten wir kostenlose Uhrenmuster an? Als Uhrenhersteller m\u00f6chten wir jedem potentiellen Kunden unsere Arbeit so gut wie m\u00f6glich zeigen, daher ist ein kostenloses Uhrenmuster der beste Weg, um Sie mit unserer Fabrik in Verbindung zu bringen. Wenn Sie auf der Suche nach einem Uhrenhersteller f\u00fcr Ihre Uhrenmarke sind, dann z\u00f6gern Sie bitte nicht, sich von unserer Qualit\u00e4t ohne Kosten zu \u00fcberzeugen.<\/p>\n<p>Wir bieten auch einige h\u00f6herwertige Uhrenmuster an. F\u00fcr diese Uhrenmuster bieten wir einen niedrigen Preis. Wenn Sie aus unserem Musterverkauf kaufen, k\u00f6nnen Sie eine Uhr direkt von uns erhalten. Wenn Sie an einer Zusammenarbeit mit uns interessiert sind, dienen diese Muster als Beweis f\u00fcr die Qualit\u00e4t, die wir erreichen k\u00f6nnen. Die Uhr wird mit einer Lederbox geliefert. Die Uhren werden per DHL oder Fedex Express (kostenloser Versand) geliefert, so dass Sie sie innerhalb von 5 Tagen erhalten und den n\u00e4chsten Schritt zur Schaffung Ihrer eigenen Uhrenmarke machen k\u00f6nnen. Probe Uhr Kosten werden zur\u00fcckgegeben werden, wenn Sie eine Gro\u00dfbestellung, so dass schlie\u00dflich werden sie auch kostenlose Uhren Probe sein.<\/p>\n<p>Um eine Vorstellung davon zu bekommen, wie wir Ihre eigene Uhrenmarke herstellen, k\u00f6nnen Sie hier mehr erfahren <a href=\"https:\/\/opswatches.com\/custom-watch-manufacturer\/\" target=\"_blank\" rel=\"noopener\">Hier<\/a>.<\/p>\n\n\t\t<\/div>\n\t<\/div>\n\n\t\t<\/div>\n\t<\/div>\n\n<\/div>\n<\/div>\n\n<div  class=\"content_row row vc_row wpb_row  default-style default\" >\n\t\n\t<div class=\"content_row_wrapper\" >\n\t<div class=\"vc_col-sm-12 wpb_column vc_column_container\">\n\t\t<div class=\"wpb_wrapper\">\n\t\t\t\n\t<div  class=\"wpb_single_image wpb_content_element vc_align_center wpb_content_element\">\n\t\t\n\t\t<figure class=\"wpb_wrapper vc_figure\">\n\t\t\t<div class=\"vc_single_image-wrapper   vc_box_border_grey\"><img loading=\"lazy\" decoding=\"async\" width=\"1024\" height=\"614\" src=\"https:\/\/opswatches.com\/wp-content\/uploads\/2024\/04\/FREE-WATCHES-1024x614.jpg\" class=\"vc_single_image-img attachment-large\" alt=\"Kostenlose Uhren\" title=\"KOSTENLOSE UHREN\" srcset=\"https:\/\/opswatches.com\/wp-content\/uploads\/2024\/04\/FREE-WATCHES-1024x614.jpg 1024w, https:\/\/opswatches.com\/wp-content\/uploads\/2024\/04\/FREE-WATCHES-300x180.jpg 300w, https:\/\/opswatches.com\/wp-content\/uploads\/2024\/04\/FREE-WATCHES-768x460.jpg 768w, https:\/\/opswatches.com\/wp-content\/uploads\/2024\/04\/FREE-WATCHES-18x12.jpg 18w, https:\/\/opswatches.com\/wp-content\/uploads\/2024\/04\/FREE-WATCHES-600x360.jpg 600w, https:\/\/opswatches.com\/wp-content\/uploads\/2024\/04\/FREE-WATCHES.jpg 1158w\" sizes=\"auto, (max-width: 1024px) 100vw, 1024px\" \/><\/div>\n\t\t<\/figure>\n\t<\/div>\n\n\t\t<\/div>\n\t<\/div>\n\n<\/div>\n<\/div>","protected":false},"excerpt":{"rendered":"","protected":false},"author":1,"featured_media":0,"parent":0,"menu_order":0,"comment_status":"closed","ping_status":"closed","template":"","meta":{"footnotes":""},"class_list":["post-5859","page","type-page","status-publish","hentry"],"_links":{"self":[{"href":"https:\/\/opswatches.com\/de\/wp-json\/wp\/v2\/pages\/5859","targetHints":{"allow":["GET"]}}],"collection":[{"href":"https:\/\/opswatches.com\/de\/wp-json\/wp\/v2\/pages"}],"about":[{"href":"https:\/\/opswatches.com\/de\/wp-json\/wp\/v2\/types\/page"}],"author":[{"embeddable":true,"href":"https:\/\/opswatches.com\/de\/wp-json\/wp\/v2\/users\/1"}],"replies":[{"embeddable":true,"href":"https:\/\/opswatches.com\/de\/wp-json\/wp\/v2\/comments?post=5859"}],"version-history":[{"count":10,"href":"https:\/\/opswatches.com\/de\/wp-json\/wp\/v2\/pages\/5859\/revisions"}],"predecessor-version":[{"id":5888,"href":"https:\/\/opswatches.com\/de\/wp-json\/wp\/v2\/pages\/5859\/revisions\/5888"}],"wp:attachment":[{"href":"https:\/\/opswatches.com\/de\/wp-json\/wp\/v2\/media?parent=5859"}],"curies":[{"name":"wp","href":"https:\/\/api.w.org\/{rel}","templated":true}]}}