{"id":6106,"date":"2025-03-17T18:54:44","date_gmt":"2025-03-17T10:54:44","guid":{"rendered":"https:\/\/www.opswatches.com\/?page_id=6106"},"modified":"2025-05-21T10:48:33","modified_gmt":"2025-05-21T02:48:33","slug":"low-moq-watch-manufacturer","status":"publish","type":"page","link":"https:\/\/opswatches.com\/de\/low-moq-watch-manufacturer\/","title":{"rendered":"Kleinserien ma\u00dfgeschneiderter Uhren"},"content":{"rendered":"<div  class=\"content_row row vc_row wpb_row  default-style fullwidth\" >\n\t\n\t<div class=\"content_row_wrapper  align-contents content-align-middle default\" style=\"padding-top:0px;\">\n\t<div class=\"vc_col-sm-12 wpb_column vc_column_container vc_custom_1742031892840\" style=\"padding-top:80px;padding-bottom:80px;background-image: url(https:\/\/opswatches.com\/wp-content\/uploads\/2025\/03\/about_us.jpg);background-repeat: no-repeat;background-size: cover;background-attachment: scroll;background-position: center center;\">\n\t\t<div class=\"wpb_wrapper\">\n\t\t\t\n\t<div class=\"wpb_text_column wpb_content_element vc_custom_1742119501587\" >\n\t\t<div class=\"wpb_wrapper\">\n\t\t\t<h1 style=\"text-align: center;\"><span style=\"color: #e3e1e1;\">Kleinserien ma\u00dfgeschneiderter Uhren<\/span><\/h1>\n<p style=\"text-align: center;\"><span style=\"color: #e3e1e1;\">Mindestbestellmenge: 100 St\u00fcck<\/span><\/p>\n\n\t\t<\/div>\n\t<\/div>\n\n\t\t<\/div>\n\t<\/div>\n\n<\/div>\n<\/div>\n\n<div  class=\"content_row row vc_row wpb_row  default-style fullwidth\" >\n\t\n\t<div class=\"content_row_wrapper  default\" ><div class=\"vc_col-sm-6 wpb_column vc_column_container\">\n\t\t<div class=\"wpb_wrapper\">\n\t\t\t<div class=\"vc_empty_space\"   style=\"height: 60px\"><span class=\"vc_empty_space_inner\"><\/span><\/div><div class=\"rt_heading_wrapper style-5\">\n\t\t\t\t\t\t<h2 class=\"rt_heading  style-5\" >Individuelle Uhren mit niedriger Mindestbestellmenge<\/h2>\n\t\t\t\t\t<\/div><div class=\"vc_empty_space\"   style=\"height: 30px\"><span class=\"vc_empty_space_inner\"><\/span><\/div>\n\t<div class=\"wpb_text_column wpb_content_element\" >\n\t\t<div class=\"wpb_wrapper\">\n\t\t\t<p class=\" translation-block\">Suchen Sie nach einem <strong data-start=\"675\" data-end=\"705\">Uhrenhersteller f\u00fcr Kleinserien<\/strong>, der Ihre Uhrendesigns zum Leben erweckt? Bei Ops sind wir auf hochwertige, ma\u00dfgeschneiderte Uhren mit flexiblen Bestellmengen spezialisiert. So k\u00f6nnen Startups, Marken und Unternehmen <a href=\"https:\/\/opswatches.com\/start-your-own-watch-brand\/\" target=\"_blank\" rel=\"noopener\">ihre eigenen Marken-Uhren<\/a> ganz ohne gro\u00dfe Lagerbest\u00e4nde erstellen.<\/p>\n<p>Whether you&#8217;re launching a new brand, creating a promotional gift, or testing the market with a small batch, our low MOQ solutions help you get started with minimal risk. Contact us today to discuss your design!<\/p>\n\n\t\t<\/div>\n\t<\/div>\n<div class=\"vc_btn3-container  wpb_animate_when_almost_visible wpb_zoomIn zoomIn vc_btn3-center vc_custom_1742118461296 vc_do_btn\" ><a class=\"vc_general vc_btn3 vc_btn3-size-lg vc_btn3-shape-square vc_btn3-style-modern vc_btn3-color-black\" href=\"https:\/\/www.opswatches.com\/contact-us\/\" title=\"Kontaktiere uns\" target=\"_blank\">Loslegen<\/a><\/div>\n\t\t<\/div>\n\t<\/div>\n\n\t<div class=\"vc_col-sm-6 wpb_column vc_column_container\">\n\t\t<div class=\"wpb_wrapper\">\n\t\t\t\n\t<div  class=\"wpb_single_image wpb_content_element vc_align_left wpb_content_element\">\n\t\t\n\t\t<figure class=\"wpb_wrapper vc_figure\">\n\t\t\t<div class=\"vc_single_image-wrapper   vc_box_border_grey\"><img loading=\"lazy\" decoding=\"async\" width=\"1024\" height=\"987\" src=\"https:\/\/opswatches.com\/wp-content\/uploads\/2025\/03\/small-batch-custom-watches-1024x987.jpg\" class=\"vc_single_image-img attachment-large\" alt=\"small batch custom watches manufacturer\" title=\"small batch custom watches\" srcset=\"https:\/\/opswatches.com\/wp-content\/uploads\/2025\/03\/small-batch-custom-watches-1024x987.jpg 1024w, https:\/\/opswatches.com\/wp-content\/uploads\/2025\/03\/small-batch-custom-watches-300x289.jpg 300w, https:\/\/opswatches.com\/wp-content\/uploads\/2025\/03\/small-batch-custom-watches-768x740.jpg 768w, https:\/\/opswatches.com\/wp-content\/uploads\/2025\/03\/small-batch-custom-watches-1536x1480.jpg 1536w, https:\/\/opswatches.com\/wp-content\/uploads\/2025\/03\/small-batch-custom-watches-12x12.jpg 12w, https:\/\/opswatches.com\/wp-content\/uploads\/2025\/03\/small-batch-custom-watches-600x578.jpg 600w, https:\/\/opswatches.com\/wp-content\/uploads\/2025\/03\/small-batch-custom-watches.jpg 1868w\" sizes=\"auto, (max-width: 1024px) 100vw, 1024px\" \/><\/div>\n\t\t<\/figure>\n\t<\/div>\n\n\t\t<\/div>\n\t<\/div>\n<\/div>\n<\/div>\n\n<div  class=\"content_row row vc_row wpb_row  default-style fullwidth\" >\n\t\n\t<div class=\"content_row_wrapper  default\" style=\"padding-top:50px;\"><div class=\"vc_col-sm-3 wpb_animate_when_almost_visible wpb_zoomIn zoomIn wpb_column vc_column_container vc_custom_1742025279914 br\">\n\t\t<div class=\"wpb_wrapper\">\n\t\t\t<div class=\"vc_icon_element vc_icon_element-outer vc_do_icon vc_icon_element-align-center\"><div class=\"vc_icon_element-inner vc_icon_element-color-custom vc_icon_element-size-lg vc_icon_element-style- vc_icon_element-background-color-grey\" ><span class=\"vc_icon_element-icon fas fa-box-open\" style=\"color:#D92323 !important\"><\/span><\/div><\/div>\n\t<div class=\"wpb_text_column wpb_content_element\" >\n\t\t<div class=\"wpb_wrapper\">\n\t\t\t<p style=\"text-align: center;\">Kleinserien ma\u00dfgeschneiderter Uhren<\/p>\n<p style=\"text-align: center;\">Starten Sie mit nur 100 St\u00fcck \u2013 niedrige Mindestbestellmenge, minimales Risiko<\/p>\n\n\t\t<\/div>\n\t<\/div>\n\n\t\t<\/div>\n\t<\/div>\n\n\t<div class=\"vc_col-sm-3 wpb_animate_when_almost_visible wpb_zoomIn zoomIn wpb_column vc_column_container vc_custom_1742025450769 br\">\n\t\t<div class=\"wpb_wrapper\">\n\t\t\t<div class=\"vc_icon_element vc_icon_element-outer vc_do_icon vc_icon_element-align-center\"><div class=\"vc_icon_element-inner vc_icon_element-color-custom vc_icon_element-size-lg vc_icon_element-style- vc_icon_element-background-color-grey\" ><span class=\"vc_icon_element-icon fas fa-pencil-ruler\" style=\"color:#D92323 !important\"><\/span><\/div><\/div>\n\t<div class=\"wpb_text_column wpb_content_element\" >\n\t\t<div class=\"wpb_wrapper\">\n\t\t\t<p style=\"text-align: center;\">Vollst\u00e4ndig anpassbar<\/p>\n<p style=\"text-align: center;\">Farben, Uhrwerke, Zeiger, Armb\u00e4nder &amp; mehr<\/p>\n\n\t\t<\/div>\n\t<\/div>\n\n\t\t<\/div>\n\t<\/div>\n\n\t<div class=\"vc_col-sm-3 wpb_animate_when_almost_visible wpb_zoomIn zoomIn wpb_column vc_column_container vc_custom_1742025458900 br\">\n\t\t<div class=\"wpb_wrapper\">\n\t\t\t<div class=\"vc_icon_element vc_icon_element-outer vc_do_icon vc_icon_element-align-center\"><div class=\"vc_icon_element-inner vc_icon_element-color-custom vc_icon_element-size-lg vc_icon_element-style- vc_icon_element-background-color-grey\" ><span class=\"vc_icon_element-icon fas fa-medal\" style=\"color:#D92323 !important\"><\/span><\/div><\/div>\n\t<div class=\"wpb_text_column wpb_content_element\" >\n\t\t<div class=\"wpb_wrapper\">\n\t\t\t<p style=\"text-align: center;\">Hohe Qualit\u00e4tsstandards<\/p>\n<p style=\"text-align: center;\">Hochwertige Materialien, strenge Qualit\u00e4tskontrolle<\/p>\n\n\t\t<\/div>\n\t<\/div>\n\n\t\t<\/div>\n\t<\/div>\n\n\t<div class=\"vc_col-sm-3 wpb_animate_when_almost_visible wpb_zoomIn zoomIn wpb_column vc_column_container\">\n\t\t<div class=\"wpb_wrapper\">\n\t\t\t<div class=\"vc_icon_element vc_icon_element-outer vc_do_icon vc_icon_element-align-center\"><div class=\"vc_icon_element-inner vc_icon_element-color-custom vc_icon_element-size-lg vc_icon_element-style- vc_icon_element-background-color-grey\" ><span class=\"vc_icon_element-icon fas fa-fighter-jet\" style=\"color:#D92323 !important\"><\/span><\/div><\/div>\n\t<div class=\"wpb_text_column wpb_content_element\" >\n\t\t<div class=\"wpb_wrapper\">\n\t\t\t<p style=\"text-align: center;\">Schnelle Produktion &amp; Lieferung<\/p>\n<p style=\"text-align: center;\">Termintreue<\/p>\n\n\t\t<\/div>\n\t<\/div>\n\n\t\t<\/div>\n\t<\/div>\n<\/div>\n<\/div>\n\n<div  class=\"content_row row vc_row wpb_row  default-style fullwidth\" >\n\t\n\t<div class=\"content_row_wrapper  default\" >\n\t<div class=\"vc_col-sm-12 wpb_column vc_column_container\">\n\t\t<div class=\"wpb_wrapper\">\n\t\t\t<div class=\"vc_empty_space\"   style=\"height: 50px\"><span class=\"vc_empty_space_inner\"><\/span><\/div><div class=\"rt_heading_wrapper style-4\">\n\t\t\t\t\t\t<h2 class=\"rt_heading  style-4\" >Uhren mit niedrigem Mindestbestellwert<\/h2>\n\t\t\t\t\t<\/div>\n\t\t<\/div>\n\t<\/div>\n\n<\/div>\n<\/div>\n\n<div  class=\"content_row row vc_row wpb_row  default-style fullwidth\" >\n\t\n\t<div class=\"content_row_wrapper  default\" ><div class=\"vc_col-sm-3 wpb_column vc_column_container\">\n\t\t<div class=\"wpb_wrapper\">\n\t\t\t\n\t<div  class=\"wpb_single_image wpb_content_element vc_align_center wpb_content_element\">\n\t\t\n\t\t<figure class=\"wpb_wrapper vc_figure\">\n\t\t\t<a href=\"https:\/\/opswatches.com\/product-details\/wm-71196\/\" target=\"_blank\" class=\"vc_single_image-wrapper   vc_box_border_grey\"><img loading=\"lazy\" decoding=\"async\" width=\"300\" height=\"300\" src=\"https:\/\/opswatches.com\/wp-content\/uploads\/2025\/03\/rosegold-white-300x300.jpg\" class=\"vc_single_image-img attachment-medium\" alt=\"low moq custom logo watches\" title=\"rosegoldwei\u00df\" srcset=\"https:\/\/opswatches.com\/wp-content\/uploads\/2025\/03\/rosegold-white-300x300.jpg 300w, https:\/\/opswatches.com\/wp-content\/uploads\/2025\/03\/rosegold-white-150x150.jpg 150w, https:\/\/opswatches.com\/wp-content\/uploads\/2025\/03\/rosegold-white-768x768.jpg 768w, https:\/\/opswatches.com\/wp-content\/uploads\/2025\/03\/rosegold-white-12x12.jpg 12w, https:\/\/opswatches.com\/wp-content\/uploads\/2025\/03\/rosegold-white-600x600.jpg 600w, https:\/\/opswatches.com\/wp-content\/uploads\/2025\/03\/rosegold-white-100x100.jpg 100w, https:\/\/opswatches.com\/wp-content\/uploads\/2025\/03\/rosegold-white.jpg 1024w\" sizes=\"auto, (max-width: 300px) 100vw, 300px\" \/><\/a>\n\t\t<\/figure>\n\t<\/div>\n\n\t<div class=\"wpb_text_column wpb_content_element\" >\n\t\t<div class=\"wpb_wrapper\">\n\t\t\t<p style=\"text-align: center;\"><span style=\"color: #000000;\">WM71196<\/span><\/p>\n\n\t\t<\/div>\n\t<\/div>\n<div class=\"vc_empty_space\"   style=\"height: 50px\"><span class=\"vc_empty_space_inner\"><\/span><\/div>\n\t\t<\/div>\n\t<\/div>\n\n\t<div class=\"vc_col-sm-3 wpb_column vc_column_container\">\n\t\t<div class=\"wpb_wrapper\">\n\t\t\t\n\t<div  class=\"wpb_single_image wpb_content_element vc_align_center wpb_content_element\">\n\t\t\n\t\t<figure class=\"wpb_wrapper vc_figure\">\n\t\t\t<a href=\"https:\/\/opswatches.com\/product-details\/wm72193\/\" target=\"_blank\" class=\"vc_single_image-wrapper   vc_box_border_grey\"><img loading=\"lazy\" decoding=\"async\" width=\"300\" height=\"300\" src=\"https:\/\/opswatches.com\/wp-content\/uploads\/2025\/03\/blue2-1-300x300.jpg\" class=\"vc_single_image-img attachment-medium\" alt=\"Hersteller von Uhren mit niedrigem Preisniveau\" title=\"blue2 (1)\" srcset=\"https:\/\/opswatches.com\/wp-content\/uploads\/2025\/03\/blue2-1-300x300.jpg 300w, https:\/\/opswatches.com\/wp-content\/uploads\/2025\/03\/blue2-1-150x150.jpg 150w, https:\/\/opswatches.com\/wp-content\/uploads\/2025\/03\/blue2-1-768x768.jpg 768w, https:\/\/opswatches.com\/wp-content\/uploads\/2025\/03\/blue2-1-12x12.jpg 12w, https:\/\/opswatches.com\/wp-content\/uploads\/2025\/03\/blue2-1-600x600.jpg 600w, https:\/\/opswatches.com\/wp-content\/uploads\/2025\/03\/blue2-1-100x100.jpg 100w, https:\/\/opswatches.com\/wp-content\/uploads\/2025\/03\/blue2-1.jpg 1000w\" sizes=\"auto, (max-width: 300px) 100vw, 300px\" \/><\/a>\n\t\t<\/figure>\n\t<\/div>\n\n\t<div class=\"wpb_text_column wpb_content_element\" >\n\t\t<div class=\"wpb_wrapper\">\n\t\t\t<p style=\"text-align: center;\"><span style=\"color: #000000;\">WM72193<\/span><\/p>\n\n\t\t<\/div>\n\t<\/div>\n\n\t\t<\/div>\n\t<\/div>\n\n\t<div class=\"vc_col-sm-3 wpb_column vc_column_container\">\n\t\t<div class=\"wpb_wrapper\">\n\t\t\t\n\t<div  class=\"wpb_single_image wpb_content_element vc_align_center wpb_content_element\">\n\t\t\n\t\t<figure class=\"wpb_wrapper vc_figure\">\n\t\t\t<a href=\"https:\/\/opswatches.com\/product-details\/wm-73019\/\" target=\"_blank\" class=\"vc_single_image-wrapper   vc_box_border_grey\"><img loading=\"lazy\" decoding=\"async\" width=\"300\" height=\"300\" src=\"https:\/\/opswatches.com\/wp-content\/uploads\/2025\/03\/silver-black-300x300.webp\" class=\"vc_single_image-img attachment-medium\" alt=\"Uhr aus Edelstahl mit niedrigem Preisniveau\" title=\"silver black\" srcset=\"https:\/\/opswatches.com\/wp-content\/uploads\/2025\/03\/silver-black-300x300.webp 300w, https:\/\/opswatches.com\/wp-content\/uploads\/2025\/03\/silver-black-1024x1024.webp 1024w, https:\/\/opswatches.com\/wp-content\/uploads\/2025\/03\/silver-black-150x150.webp 150w, https:\/\/opswatches.com\/wp-content\/uploads\/2025\/03\/silver-black-768x768.webp 768w, https:\/\/opswatches.com\/wp-content\/uploads\/2025\/03\/silver-black-12x12.webp 12w, https:\/\/opswatches.com\/wp-content\/uploads\/2025\/03\/silver-black-600x600.webp 600w, https:\/\/opswatches.com\/wp-content\/uploads\/2025\/03\/silver-black-100x100.webp 100w, https:\/\/opswatches.com\/wp-content\/uploads\/2025\/03\/silver-black.webp 1200w\" sizes=\"auto, (max-width: 300px) 100vw, 300px\" \/><\/a>\n\t\t<\/figure>\n\t<\/div>\n\n\t<div class=\"wpb_text_column wpb_content_element\" >\n\t\t<div class=\"wpb_wrapper\">\n\t\t\t<p style=\"text-align: center;\"><span style=\"color: #000000;\">WM73019<\/span><\/p>\n\n\t\t<\/div>\n\t<\/div>\n\n\t\t<\/div>\n\t<\/div>\n\n\t<div class=\"vc_col-sm-3 wpb_column vc_column_container\">\n\t\t<div class=\"wpb_wrapper\">\n\t\t\t\n\t<div  class=\"wpb_single_image wpb_content_element vc_align_center wpb_content_element\">\n\t\t\n\t\t<figure class=\"wpb_wrapper vc_figure\">\n\t\t\t<a href=\"https:\/\/opswatches.com\/product-details\/wm72223\/\" target=\"_blank\" class=\"vc_single_image-wrapper   vc_box_border_grey\"><img loading=\"lazy\" decoding=\"async\" width=\"300\" height=\"300\" src=\"https:\/\/opswatches.com\/wp-content\/uploads\/2025\/03\/two-tone-300x300.webp\" class=\"vc_single_image-img attachment-medium\" alt=\"women square custom watch\" title=\"two tone\" srcset=\"https:\/\/opswatches.com\/wp-content\/uploads\/2025\/03\/two-tone-300x300.webp 300w, https:\/\/opswatches.com\/wp-content\/uploads\/2025\/03\/two-tone-1024x1024.webp 1024w, https:\/\/opswatches.com\/wp-content\/uploads\/2025\/03\/two-tone-150x150.webp 150w, https:\/\/opswatches.com\/wp-content\/uploads\/2025\/03\/two-tone-768x768.webp 768w, https:\/\/opswatches.com\/wp-content\/uploads\/2025\/03\/two-tone-12x12.webp 12w, https:\/\/opswatches.com\/wp-content\/uploads\/2025\/03\/two-tone-600x600.webp 600w, https:\/\/opswatches.com\/wp-content\/uploads\/2025\/03\/two-tone-100x100.webp 100w, https:\/\/opswatches.com\/wp-content\/uploads\/2025\/03\/two-tone.webp 1400w\" sizes=\"auto, (max-width: 300px) 100vw, 300px\" \/><\/a>\n\t\t<\/figure>\n\t<\/div>\n\n\t<div class=\"wpb_text_column wpb_content_element\" >\n\t\t<div class=\"wpb_wrapper\">\n\t\t\t<p style=\"text-align: center;\"><span style=\"color: #000000;\">WM72223<\/span><\/p>\n\n\t\t<\/div>\n\t<\/div>\n\n\t\t<\/div>\n\t<\/div>\n<\/div>\n<\/div>\n\n<div  class=\"content_row row vc_row wpb_row  wpb_animate_when_almost_visible wpb_fadeInRightBig fadeInRightBig  wpb_animate_when_almost_visible wpb_fadeInRightBig fadeInRightBig default-style fullwidth\" style=\"background-color: #000000;\">\n\t\n\t<div class=\"content_row_wrapper  default\" style=\"padding-top:50px;\"><div class=\"vc_col-sm-1\/5 wpb_animate_when_almost_visible wpb_zoomIn zoomIn wpb_column vc_column_container vc_custom_1742025279914 br\">\n\t\t<div class=\"wpb_wrapper\">\n\t\t\t<p style=\"font-size: 30px;color: #D92323;text-align: left;font-family:Oswald;font-weight:400;font-style:normal\" class=\"vc_custom_heading vc_do_custom_heading\" >STEP 1<\/p>\n\t<div class=\"wpb_text_column wpb_content_element vc_custom_1742120176025\" >\n\t\t<div class=\"wpb_wrapper\">\n\t\t\t<p style=\"text-align: left;\">Design w\u00e4hlen \u2013 Modell ausw\u00e4hlen.<\/p>\n\n\t\t<\/div>\n\t<\/div>\n\n\t\t<\/div>\n\t<\/div>\n\n\t<div class=\"vc_col-sm-1\/5 wpb_animate_when_almost_visible wpb_zoomIn zoomIn wpb_column vc_column_container vc_custom_1742025450769 br\">\n\t\t<div class=\"wpb_wrapper\">\n\t\t\t<p style=\"font-size: 30px;color: #D92323;text-align: left;font-family:Oswald;font-weight:400;font-style:normal\" class=\"vc_custom_heading vc_do_custom_heading\" >STEP 2<\/p>\n\t<div class=\"wpb_text_column wpb_content_element vc_custom_1742026680509\" >\n\t\t<div class=\"wpb_wrapper\">\n\t\t\t<p style=\"text-align: left;\">Details best\u00e4tigen &amp; Angebot erhalten \u2013 Materialien, Farben, Menge w\u00e4hlen.<\/p>\n\n\t\t<\/div>\n\t<\/div>\n\n\t\t<\/div>\n\t<\/div>\n\n\t<div class=\"vc_col-sm-1\/5 wpb_animate_when_almost_visible wpb_zoomIn zoomIn wpb_column vc_column_container vc_custom_1742025458900 br\">\n\t\t<div class=\"wpb_wrapper\">\n\t\t\t<p style=\"font-size: 30px;color: #D92323;text-align: left;font-family:Oswald;font-weight:400;font-style:normal\" class=\"vc_custom_heading vc_do_custom_heading\" >STEP 3<\/p>\n\t<div class=\"wpb_text_column wpb_content_element vc_custom_1742120440922\" >\n\t\t<div class=\"wpb_wrapper\">\n\t\t\t<p style=\"text-align: left;\">Finales Design freigeben \u2013 Endzeichnung mit Details erhalten.<\/p>\n\n\t\t<\/div>\n\t<\/div>\n\n\t\t<\/div>\n\t<\/div>\n\n\t<div class=\"vc_col-sm-1\/5 wpb_animate_when_almost_visible wpb_zoomIn zoomIn wpb_column vc_column_container vc_custom_1742026741564 br\">\n\t\t<div class=\"wpb_wrapper\">\n\t\t\t<p style=\"font-size: 30px;color: #D92323;text-align: left;font-family:Oswald;font-weight:400;font-style:normal\" class=\"vc_custom_heading vc_do_custom_heading\" >STEP 4<\/p>\n\t<div class=\"wpb_text_column wpb_content_element vc_custom_1742026725338\" >\n\t\t<div class=\"wpb_wrapper\">\n\t\t\t<p style=\"text-align: left;\">Massenproduktion &amp; Qualit\u00e4tskontrolle \u2013 H\u00f6chste Qualit\u00e4t sichern.<\/p>\n\n\t\t<\/div>\n\t<\/div>\n\n\t\t<\/div>\n\t<\/div>\n\n\t<div class=\"vc_col-sm-1\/5 wpb_column vc_column_container\">\n\t\t<div class=\"wpb_wrapper\">\n\t\t\t<p style=\"font-size: 30px;color: #D92323;text-align: left;font-family:Oswald;font-weight:400;font-style:normal\" class=\"vc_custom_heading vc_do_custom_heading\" >STEP 5<\/p>\n\t<div class=\"wpb_text_column wpb_content_element vc_custom_1742120369952\" >\n\t\t<div class=\"wpb_wrapper\">\n\t\t\t<p style=\"text-align: left;\">Versand &amp; Lieferung \u2013 Schneller weltweiter DHL-Versand.<\/p>\n\n\t\t<\/div>\n\t<\/div>\n\n\t\t<\/div>\n\t<\/div>\n<\/div>\n<\/div>\n\n<div  class=\"content_row row vc_row wpb_row  default-style fullwidth\" >\n\t\n\t<div class=\"content_row_wrapper  default\" ><div class=\"vc_col-sm-6 wpb_column vc_column_container\">\n\t\t<div class=\"wpb_wrapper\">\n\t\t\t<div class=\"vc_empty_space\"   style=\"height: 50px\"><span class=\"vc_empty_space_inner\"><\/span><\/div><div class=\"vc_empty_space\"   style=\"height: 70px\"><span class=\"vc_empty_space_inner\"><\/span><\/div>\n\t<div  class=\"wpb_single_image wpb_content_element vc_align_left wpb_content_element\">\n\t\t\n\t\t<figure class=\"wpb_wrapper vc_figure\">\n\t\t\t<div class=\"vc_single_image-wrapper   vc_box_border_grey\"><img loading=\"lazy\" decoding=\"async\" width=\"1000\" height=\"514\" src=\"https:\/\/opswatches.com\/wp-content\/uploads\/2025\/03\/miyota-90s5-movement-re.webp\" class=\"vc_single_image-img attachment-large\" alt=\"low moq automatic watch\" title=\"miyota-90s5-movement-re\" srcset=\"https:\/\/opswatches.com\/wp-content\/uploads\/2025\/03\/miyota-90s5-movement-re.webp 1000w, https:\/\/opswatches.com\/wp-content\/uploads\/2025\/03\/miyota-90s5-movement-re-300x154.webp 300w, https:\/\/opswatches.com\/wp-content\/uploads\/2025\/03\/miyota-90s5-movement-re-768x395.webp 768w, https:\/\/opswatches.com\/wp-content\/uploads\/2025\/03\/miyota-90s5-movement-re-18x9.webp 18w, https:\/\/opswatches.com\/wp-content\/uploads\/2025\/03\/miyota-90s5-movement-re-600x308.webp 600w\" sizes=\"auto, (max-width: 1000px) 100vw, 1000px\" \/><\/div>\n\t\t<\/figure>\n\t<\/div>\n\n\t\t<\/div>\n\t<\/div>\n\n\t<div class=\"vc_col-sm-6 wpb_column vc_column_container\">\n\t\t<div class=\"wpb_wrapper\">\n\t\t\t<div class=\"vc_empty_space\"   style=\"height: 50px\"><span class=\"vc_empty_space_inner\"><\/span><\/div><div class=\"rt_heading_wrapper style-5\">\n\t\t\t\t\t\t<h2 class=\"rt_heading  style-5\" >Hochwertige Materialien f\u00fcr \u00fcberlegene Qualit\u00e4t<\/h2>\n\t\t\t\t\t<\/div>\n\t<div class=\"wpb_text_column wpb_content_element\" >\n\t\t<div class=\"wpb_wrapper\">\n\t\t\t<p data-start=\"638\" data-end=\"777\">Wir verpflichten uns, nur die besten Materialien zu verwenden, um Haltbarkeit, Pr\u00e4zision und luxuri\u00f6sen Charme zu gew\u00e4hrleisten. Unsere Uhren werden gefertigt mit:<\/p>\n<ul data-start=\"779\" data-end=\"1359\">\n<li style=\"text-align: left;\" data-start=\"779\" data-end=\"927\" class=\" translation-block\"><strong data-start=\"781\" data-end=\"811\">Japanische und Schweizer Uhrwerke<\/strong> \u2013 Wir bieten zuverl\u00e4ssige Miyota-, Seiko- und Ronda-Uhrwerke, die genaue Zeitmessung und reibungslose Leistung gew\u00e4hrleisten.<\/li>\n<li data-start=\"928\" data-end=\"1070\"><strong data-start=\"930\" data-end=\"960\">316L Stainless Steel Cases<\/strong> \u2013 Corrosion-resistant and durable, 316L stainless steel provides a premium finish and long-lasting quality.<\/li>\n<li data-start=\"1071\" data-end=\"1218\" class=\" translation-block\"><strong data-start=\"1073\" data-end=\"1099\">Saphirglas<\/strong> \u2013 Kratzfest und hochtransparent, verbessert Saphirglas sowohl die Haltbarkeit als auch die Klarheit Ihrer Uhr.<\/li>\n<li data-start=\"1219\" data-end=\"1359\" class=\" translation-block\"><strong data-start=\"1221\" data-end=\"1277\">Echtes Leder, Edelstahl oder Silikonarmb\u00e4nder<\/strong> \u2013 Passen Sie Ihre Uhr mit hochwertigen Armbandmaterialien f\u00fcr Komfort und Stil an.<\/li>\n<li data-start=\"1219\" data-end=\"1359\" class=\" translation-block\"><strong>Lume<\/strong> \u2013 Unsere Uhren k\u00f6nnen mit hochwertigem <a href=\"https:\/\/en.wikipedia.org\/wiki\/Super-LumiNova\" target=\"_blank\" rel=\"noopener\">Swiss Super-LumiNova<\/a> oder erstklassigem japanischem Leuchtmaterial ausgestattet werden, das eine langanhaltende, helle Nachtsichtbarkeit f\u00fcr Zeiger, Indizes und Zifferbl\u00e4tter bietet.<\/li>\n<\/ul>\n\n\t\t<\/div>\n\t<\/div>\n\n\t\t<\/div>\n\t<\/div>\n<\/div>\n<\/div>\n\n<div  class=\"content_row row vc_row wpb_row  default-style fullwidth\" >\n\t\n\t<div class=\"content_row_wrapper  default\" >\n\t<div class=\"vc_col-sm-12 wpb_column vc_column_container\">\n\t\t<div class=\"wpb_wrapper\">\n\t\t\t<div class=\"vc_empty_space\"   style=\"height: 50px\"><span class=\"vc_empty_space_inner\"><\/span><\/div><section class=\"vc_cta3-container vc_cta3-size-xs\"><div class=\"vc_general vc_do_cta3 vc_cta3 vc_cta3-style-classic vc_cta3-shape-rounded vc_cta3-align-center vc_cta3-color-black vc_cta3-icon-size-md vc_cta3-actions-top\"><div class=\"vc_cta3_content-container\"><div class=\"vc_cta3-actions\"><div class=\"vc_btn3-container vc_btn3-center vc_do_btn\" ><a class=\"vc_general vc_btn3 vc_btn3-size-lg vc_btn3-shape-square vc_btn3-style-classic vc_btn3-color-black\" href=\"https:\/\/www.opswatches.com\/contact-us\/\" title=\"Kontaktiere uns\" target=\"_blank\">Angebot anfordern<\/a><\/div><\/div><div class=\"vc_cta3-content\"><header class=\"vc_cta3-content-header\"><h4>Starten Sie noch heute Ihr individuelles Uhrenprojekt!<\/h4><\/header><p>Kontaktieren Sie uns, um Ihr Design zu besprechen und ein Angebot zu erhalten.<\/p>\n<\/div><\/div><\/div><\/section>\n\t\t<\/div>\n\t<\/div>\n\n<\/div>\n<\/div>","protected":false},"excerpt":{"rendered":"Small Batch Custom Watches MOQ starts at 100 units. Low MOQ Custom Watches Looking for a small batch custom watch manufacturer to bring your watch designs to life? At Ops, we specialize in high-quality, custom-made watches with flexible order quantities, making it easy for startups, brands, and businesses to create your own brand timepieces without [...]","protected":false},"author":1,"featured_media":0,"parent":0,"menu_order":0,"comment_status":"closed","ping_status":"closed","template":"","meta":{"footnotes":""},"class_list":["post-6106","page","type-page","status-publish","hentry"],"_links":{"self":[{"href":"https:\/\/opswatches.com\/de\/wp-json\/wp\/v2\/pages\/6106","targetHints":{"allow":["GET"]}}],"collection":[{"href":"https:\/\/opswatches.com\/de\/wp-json\/wp\/v2\/pages"}],"about":[{"href":"https:\/\/opswatches.com\/de\/wp-json\/wp\/v2\/types\/page"}],"author":[{"embeddable":true,"href":"https:\/\/opswatches.com\/de\/wp-json\/wp\/v2\/users\/1"}],"replies":[{"embeddable":true,"href":"https:\/\/opswatches.com\/de\/wp-json\/wp\/v2\/comments?post=6106"}],"version-history":[{"count":89,"href":"https:\/\/opswatches.com\/de\/wp-json\/wp\/v2\/pages\/6106\/revisions"}],"predecessor-version":[{"id":6825,"href":"https:\/\/opswatches.com\/de\/wp-json\/wp\/v2\/pages\/6106\/revisions\/6825"}],"wp:attachment":[{"href":"https:\/\/opswatches.com\/de\/wp-json\/wp\/v2\/media?parent=6106"}],"curies":[{"name":"wp","href":"https:\/\/api.w.org\/{rel}","templated":true}]}}