{"id":6570,"date":"2025-04-20T14:04:23","date_gmt":"2025-04-20T06:04:23","guid":{"rendered":"https:\/\/www.opswatches.com\/?page_id=6570"},"modified":"2025-04-20T14:04:23","modified_gmt":"2025-04-20T06:04:23","slug":"uhrenfotografie","status":"publish","type":"page","link":"https:\/\/opswatches.com\/de\/uhrenfotografie\/","title":{"rendered":"Uhr Produktfotografie Service"},"content":{"rendered":"<div  class=\"content_row row instagram-gradient-bg vc_row wpb_row  default-style fullwidth\" >\n\t\n\t<div class=\"content_row_wrapper  default\" >\n\t<div class=\"vc_col-sm-12 wpb_column vc_column_container\">\n\t\t<div class=\"wpb_wrapper\">\n\t\t\t<div class=\"rt_heading_wrapper style-5\">\n\t\t\t\t\t\t<h1 class=\"rt_heading  style-5\"  style=\"font-size:60px;\">Uhr Produktfotografie Service<\/h1>\n\t\t\t\t\t<\/div><div class=\"rt_heading_wrapper\">\n\t\t\t\t\t\t<h2 class=\"rt_heading  alignleft\" >Heben Sie Ihre Marke mit High-End-Uhrenfotografie hervor<\/h2>\n\t\t\t\t\t<\/div>\n\t\t<\/div>\n\t<\/div>\n\n<\/div>\n<\/div>\n\n<div  class=\"content_row row vc_row wpb_row  default-style default\" >\n\t\n\t<div class=\"content_row_wrapper\" ><div class=\"vc_col-sm-6 wpb_column vc_column_container\">\n\t\t<div class=\"wpb_wrapper\">\n\t\t\t<div class=\"vc_empty_space\"   style=\"height: 50px\"><span class=\"vc_empty_space_inner\"><\/span><\/div>\n<div  class=\"content_row row vc_row wpb_row vc_inner  global-style\" >\n\t\n\t<div class=\"content_row_wrapper\" >\n\t<div class=\"vc_col-sm-12 wpb_column vc_column_container\">\n\t\t<div class=\"wpb_wrapper\">\n\t\t\t\n\t<div class=\"wpb_text_column wpb_content_element\" >\n\t\t<div class=\"wpb_wrapper\">\n\t\t\t<h2 style=\"font-size: 50px; font-weight: bold; color: #ffffff; line-height: 1.2; text-align: left; margin: 0;\"><span style=\"color: #000000;\">Warum wir Fotografie anbieten<\/span><\/h2>\n<h2 style=\"font-size: 50px; font-weight: bold; color: #ffffff; line-height: 1.2; text-align: left; margin: 0;\"><span style=\"color: #000000;\">Als Uhrenhersteller<\/span><\/h2>\n\n\t\t<\/div>\n\t<\/div>\n\n\t\t<\/div>\n\t<\/div>\n\n<\/div>\n<\/div>\n<div class=\"vc_empty_space\"   style=\"height: 32px\"><span class=\"vc_empty_space_inner\"><\/span><\/div><div  class=\"rt-toggle\"><ol><li  class=\"\"><div class=\"toggle-head\"><div class=\"toggle-number\">1<\/div><div class=\"toggle-title\">Tiefes Verst\u00e4ndnis f\u00fcr die Herausforderungen und die \u00c4sthetik der Uhrenfotografie<\/div><\/div><div class=\"toggle-content\"><p><span style=\"color: #000000;\">Das Fotografieren von Uhren ist eine Kunstform, die Pr\u00e4zision und einen scharfen Blick f\u00fcr Details erfordert. <a href=\"https:\/\/opswatches.com\/who-we-are\/\" target=\"_blank\" rel=\"noopener\">Als Hersteller<\/a>Wir wissen um die besonderen Herausforderungen, wie z. B. das Einfangen von reflektierenden Oberfl\u00e4chen, die Tiefe des Zifferblatts und die feinen Oberfl\u00e4chenbehandlungen, und wir wissen, wie man die Handwerkskunst, die jeden Zeitmesser auszeichnet, hervorhebt.<\/span><\/p>\n<\/div><\/li><li  class=\"\"><div class=\"toggle-head\"><div class=\"toggle-number\">2<\/div><div class=\"toggle-title\">Ma\u00dfgeschneiderte Dienstleistungen speziell f\u00fcr Uhren<\/div><\/div><div class=\"toggle-content\"><p>Unser Ansatz der Produktfotografie f\u00fcr Uhren ist speziell auf Uhren zugeschnitten. Wir verwenden Techniken und Setups, die optimiert sind, um die Designdetails, Texturen und Proportionen zu pr\u00e4sentieren, die f\u00fcr Ihre Kunden am wichtigsten sind. Jedes Foto wird mit dem Ziel aufgenommen, die visuelle Identit\u00e4t Ihrer Marke zu unterstreichen.<\/p>\n<\/div><\/li><li  class=\"\"><div class=\"toggle-head\"><div class=\"toggle-number\">3<\/div><div class=\"toggle-title\">Zeit sparen, Kosten senken und Konsistenz gew\u00e4hrleisten<\/div><\/div><div class=\"toggle-content\"><p>Wenn Sie mit uns zusammenarbeiten, m\u00fcssen Sie die Fotografie nicht an ein externes Studio auslagern. Das senkt nicht nur die Kosten und die Durchlaufzeit, sondern garantiert auch, dass Ihre Produktbilder perfekt mit dem physischen Produkt \u00fcbereinstimmen - denn wir produzieren und fotografieren sie im Haus.<\/p>\n<\/div><\/li><li  class=\"\"><div class=\"toggle-head\"><div class=\"toggle-number\">4<\/div><div class=\"toggle-title\">Wenn wir Ihnen helfen, besser zu verkaufen, k\u00f6nnen auch wir wachsen<\/div><\/div><div class=\"toggle-content\"><p>Wir haben erlebt, dass viele Kunden mit schlechten Produktbildern zu k\u00e4mpfen haben, die den wahren Wert ihrer Uhren nicht vermitteln. Deshalb bieten wir einen bew\u00e4hrten Fotoservice an, der die visuelle Anziehungskraft verbessert und Ihre Verkaufsleistung steigert - wovon sowohl Ihre als auch unsere Marke langfristig profitiert.<\/p>\n<\/div><\/li><\/ol><\/div><div class=\"vc_empty_space\"   style=\"height: 32px\"><span class=\"vc_empty_space_inner\"><\/span><\/div>\n\t\t<\/div>\n\t<\/div>\n\n\t<div class=\"vc_col-sm-6 wpb_column vc_column_container\">\n\t\t<div class=\"wpb_wrapper\">\n\t\t\t<div class=\"vc_empty_space\"   style=\"height: 120px\"><span class=\"vc_empty_space_inner\"><\/span><\/div>\n\t<div  class=\"wpb_single_image wpb_content_element vc_align_left wpb_content_element\">\n\t\t\n\t\t<figure class=\"wpb_wrapper vc_figure\">\n\t\t\t<div class=\"vc_single_image-wrapper   vc_box_border_grey\"><img loading=\"lazy\" decoding=\"async\" width=\"1024\" height=\"423\" src=\"https:\/\/opswatches.com\/wp-content\/uploads\/2025\/04\/watch-photography-1-1024x423.webp\" class=\"vc_single_image-img attachment-large\" alt=\"Uhrenfotografie-Service\" title=\"Uhrenfotografie (1)\" srcset=\"https:\/\/opswatches.com\/wp-content\/uploads\/2025\/04\/watch-photography-1-1024x423.webp 1024w, https:\/\/opswatches.com\/wp-content\/uploads\/2025\/04\/watch-photography-1-300x124.webp 300w, https:\/\/opswatches.com\/wp-content\/uploads\/2025\/04\/watch-photography-1-768x317.webp 768w, https:\/\/opswatches.com\/wp-content\/uploads\/2025\/04\/watch-photography-1-18x7.webp 18w, https:\/\/opswatches.com\/wp-content\/uploads\/2025\/04\/watch-photography-1-600x248.webp 600w, https:\/\/opswatches.com\/wp-content\/uploads\/2025\/04\/watch-photography-1.webp 1079w\" sizes=\"auto, (max-width: 1024px) 100vw, 1024px\" \/><\/div>\n\t\t<\/figure>\n\t<\/div>\n\n\t\t<\/div>\n\t<\/div>\n<\/div>\n<\/div>\n\n<div  class=\"content_row row vc_row wpb_row  default-style fullwidth\" style=\"background-color: #D4DDE675;\">\n\t\n\t<div class=\"content_row_wrapper  default\" >\n\t<div class=\"vc_col-sm-12 wpb_column vc_column_container\">\n\t\t<div class=\"wpb_wrapper\">\n\t\t\t\n<div  class=\"content_row row vc_row wpb_row vc_inner  global-style\" >\n\t\n\t<div class=\"content_row_wrapper\" ><div class=\"vc_col-sm-6 wpb_column vc_column_container\">\n\t\t<div class=\"wpb_wrapper\">\n\t\t\t\n\t<div  class=\"wpb_single_image wpb_content_element vc_align_left wpb_content_element\">\n\t\t\n\t\t<figure class=\"wpb_wrapper vc_figure\">\n\t\t\t<div class=\"vc_single_image-wrapper   vc_box_border_grey\"><img loading=\"lazy\" decoding=\"async\" width=\"800\" height=\"759\" src=\"https:\/\/opswatches.com\/wp-content\/uploads\/2025\/04\/professional-watch-photography.png\" class=\"vc_single_image-img attachment-large\" alt=\"professionelle Uhrenfotografie\" title=\"professionelle Uhrenfotografie\" srcset=\"https:\/\/opswatches.com\/wp-content\/uploads\/2025\/04\/professional-watch-photography.png 800w, https:\/\/opswatches.com\/wp-content\/uploads\/2025\/04\/professional-watch-photography-300x285.png 300w, https:\/\/opswatches.com\/wp-content\/uploads\/2025\/04\/professional-watch-photography-768x729.png 768w, https:\/\/opswatches.com\/wp-content\/uploads\/2025\/04\/professional-watch-photography-13x12.png 13w, https:\/\/opswatches.com\/wp-content\/uploads\/2025\/04\/professional-watch-photography-600x569.png 600w\" sizes=\"auto, (max-width: 800px) 100vw, 800px\" \/><\/div>\n\t\t<\/figure>\n\t<\/div>\n\n\t\t<\/div>\n\t<\/div>\n\n\t<div class=\"vc_col-sm-6 wpb_column vc_column_container\">\n\t\t<div class=\"wpb_wrapper\">\n\t\t\t<div class=\"vc_empty_space\"   style=\"height: 90px\"><span class=\"vc_empty_space_inner\"><\/span><\/div>\n\t<div class=\"wpb_text_column wpb_content_element\" >\n\t\t<div class=\"wpb_wrapper\">\n\t\t\t<h2 style=\"font-size: 50px; font-weight: bold; color: #ffffff; line-height: 1.2; text-align: left; margin: 0;\"><span style=\"color: #000000;\">Was Sie erwarten k\u00f6nnen<\/span><\/h2>\n\n\t\t<\/div>\n\t<\/div>\n<div class=\"vc_empty_space\"   style=\"height: 32px\"><span class=\"vc_empty_space_inner\"><\/span><\/div>\n\t<div class=\"wpb_text_column wpb_content_element\" >\n\t\t<div class=\"wpb_wrapper\">\n\t\t\t<div class=\"wpb_text_column wpb_content_element\">\n<div class=\"wpb_wrapper\">\n<p class=\"\" data-start=\"1603\" data-end=\"1701\"><span style=\"color: #000000;\">Von sauberen E-Commerce-Fotos bis hin zu kreativen Lifestyle-Bildern - unser Fotoservice umfasst alles:<\/span><\/p>\n<ul>\n<li data-start=\"1887\" data-end=\"1931\"><span style=\"color: #000000;\">Schnelle Durchlaufzeiten<\/span><\/li>\n<li data-start=\"1887\" data-end=\"1931\"><span style=\"color: #000000;\">Konsistente Beleuchtung und Hintergrundbearbeitung<\/span><\/li>\n<li data-start=\"1887\" data-end=\"1931\"><span style=\"color: #000000;\">Hochaufl\u00f6sende Produktaufnahmen aus verschiedenen Blickwinkeln<\/span><\/li>\n<li data-start=\"1887\" data-end=\"1931\"><span style=\"color: #000000;\">Optionale Lifestyle- oder Model-Szenen auf Anfrage<\/span><\/li>\n<li data-start=\"1887\" data-end=\"1931\"><span style=\"color: #000000;\">Makrofotos, die Details wie Zifferbl\u00e4tter, Texturen und Kronen zeigen<\/span><\/li>\n<\/ul>\n<\/div>\n<\/div>\n\n\t\t<\/div>\n\t<\/div>\n\n\t\t<\/div>\n\t<\/div>\n<\/div>\n<\/div>\n\n\t\t<\/div>\n\t<\/div>\n\n<\/div>\n<\/div>\n\n<div  class=\"content_row row vc_row wpb_row  default-style default\" >\n\t\n\t<div class=\"content_row_wrapper\" >\n\t<div class=\"vc_col-sm-12 wpb_column vc_column_container\">\n\t\t<div class=\"wpb_wrapper\">\n\t\t\t<div class=\"vc_empty_space\"   style=\"height: 45px\"><span class=\"vc_empty_space_inner\"><\/span><\/div>\n\t<div class=\"wpb_text_column wpb_content_element\" >\n\t\t<div class=\"wpb_wrapper\">\n\t\t\t<h2 style=\"font-size: 50px; font-weight: bold; color: #ffffff; line-height: 1.2; text-align: center; margin: 0;\"><span style=\"color: #000000;\">Nahtloser Prozess<\/span><\/h2>\n\n\t\t<\/div>\n\t<\/div>\n<div class=\"vc_empty_space\"   style=\"height: 45px\"><span class=\"vc_empty_space_inner\"><\/span><\/div>\n<div  class=\"content_row row vc_row wpb_row vc_inner  global-style\" >\n\t\n\t<div class=\"content_row_wrapper\" >\n\t<div class=\"vc_col-sm-12 wpb_column vc_column_container\">\n\t\t<div class=\"wpb_wrapper\">\n\t\t\t\n\t<div class=\"wpb_text_column wpb_content_element\" >\n\t\t<div class=\"wpb_wrapper\">\n\t\t\t<p style=\"text-align: center;\"><span style=\"color: #000000;\">Senden Sie uns einfach Ihre Muster w\u00e4hrend der Produktion. <\/span><\/p>\n<p style=\"text-align: center;\"><span style=\"color: #000000;\">Unser hauseigenes Team k\u00fcmmert sich um die Fotografie, w\u00e4hrend die Uhren zusammengebaut werden, wodurch Sie Zeit und Versandkosten sparen. <\/span><\/p>\n<p style=\"text-align: center;\"><span style=\"color: #000000;\">Sobald die Bilder fertig sind, senden wir Ihnen einen Download-Link zusammen mit den Vorschaudateien zur Genehmigung.<\/span><\/p>\n\n\t\t<\/div>\n\t<\/div>\n\n\t\t<\/div>\n\t<\/div>\n\n<\/div>\n<\/div>\n<div class=\"vc_empty_space\"   style=\"height: 70px\"><span class=\"vc_empty_space_inner\"><\/span><\/div>\n\t\t<\/div>\n\t<\/div>\n\n<\/div>\n<\/div>\n\n<div  class=\"content_row row vc_row wpb_row  default-style fullwidth\" style=\"background-color: #D4DDE675;\">\n\t\n\t<div class=\"content_row_wrapper  default\" >\n\t<div class=\"vc_col-sm-12 wpb_column vc_column_container\">\n\t\t<div class=\"wpb_wrapper\">\n\t\t\t<div class=\"vc_empty_space\"   style=\"height: 32px\"><span class=\"vc_empty_space_inner\"><\/span><\/div><section class=\"vc_cta3-container vc_cta3-size-xs\"><div class=\"vc_general vc_do_cta3 vc_cta3 vc_cta3-style-classic vc_cta3-shape-rounded vc_cta3-align-center vc_cta3-color-black vc_cta3-icon-size-md vc_cta3-actions-top\"><div class=\"vc_cta3_content-container\"><div class=\"vc_cta3-actions\"><div class=\"vc_btn3-container vc_btn3-center vc_do_btn\" ><a class=\"vc_general vc_btn3 vc_btn3-size-lg vc_btn3-shape-square vc_btn3-style-classic vc_btn3-color-black\" href=\"https:\/\/www.opswatches.com\/contact-us\/\" title=\"Kontaktiere uns\" target=\"_blank\">Loslegen<\/a><\/div><\/div><div class=\"vc_cta3-content\"><header class=\"vc_cta3-content-header\"><h4>Heben Sie Ihre Uhren hervor!<\/h4><\/header><\/div><\/div><\/div><\/section><div class=\"vc_empty_space\"   style=\"height: 32px\"><span class=\"vc_empty_space_inner\"><\/span><\/div>\n\t\t<\/div>\n\t<\/div>\n\n<\/div>\n<\/div>","protected":false},"excerpt":{"rendered":"Watch Product Photography Service Elevate Your Brand with High-End Watch Photography Why We Offer Photography As a Watch Manufacturer 1Deep Understanding of Watch Photography Challenges and AestheticsPhotographing watches is an art form that requires precision and a keen eye for detail. As a manufacturer, we understand the unique challenges\u2014such as capturing reflective surfaces, dial depth, [...]","protected":false},"author":1,"featured_media":0,"parent":0,"menu_order":0,"comment_status":"closed","ping_status":"closed","template":"","meta":{"footnotes":""},"class_list":["post-6570","page","type-page","status-publish","hentry"],"_links":{"self":[{"href":"https:\/\/opswatches.com\/de\/wp-json\/wp\/v2\/pages\/6570","targetHints":{"allow":["GET"]}}],"collection":[{"href":"https:\/\/opswatches.com\/de\/wp-json\/wp\/v2\/pages"}],"about":[{"href":"https:\/\/opswatches.com\/de\/wp-json\/wp\/v2\/types\/page"}],"author":[{"embeddable":true,"href":"https:\/\/opswatches.com\/de\/wp-json\/wp\/v2\/users\/1"}],"replies":[{"embeddable":true,"href":"https:\/\/opswatches.com\/de\/wp-json\/wp\/v2\/comments?post=6570"}],"version-history":[{"count":28,"href":"https:\/\/opswatches.com\/de\/wp-json\/wp\/v2\/pages\/6570\/revisions"}],"predecessor-version":[{"id":6629,"href":"https:\/\/opswatches.com\/de\/wp-json\/wp\/v2\/pages\/6570\/revisions\/6629"}],"wp:attachment":[{"href":"https:\/\/opswatches.com\/de\/wp-json\/wp\/v2\/media?parent=6570"}],"curies":[{"name":"wp","href":"https:\/\/api.w.org\/{rel}","templated":true}]}}