{"id":6753,"date":"2025-04-29T16:17:59","date_gmt":"2025-04-29T08:17:59","guid":{"rendered":"https:\/\/www.opswatches.com\/?page_id=6753"},"modified":"2025-04-29T16:17:59","modified_gmt":"2025-04-29T08:17:59","slug":"oem-and-odm-watch-manufacturer","status":"publish","type":"page","link":"https:\/\/opswatches.com\/de\/oem-and-odm-watch-manufacturer\/","title":{"rendered":"OEM and ODM Watch Manufacturer"},"content":{"rendered":"<div  class=\"content_row row vc_row wpb_row  default-style fullwidth has-bg-image\" style=\"background-image: url(https:\/\/opswatches.com\/wp-content\/uploads\/2025\/03\/about_us-1.jpg);background-repeat: repeat;background-size: cover;background-attachment: scroll;background-position: center center;\">\n\t\n\t<div class=\"content_row_wrapper  fullwidth\" >\n\t<div class=\"vc_col-sm-12 wpb_column vc_column_container\">\n\t\t<div class=\"wpb_wrapper\">\n\t\t\t<div class=\"rt_heading_wrapper style-4\">\n\t\t\t\t\t\t<h1 class=\"rt_heading  style-4\"  style=\"font-size:60px;color:#FFFFFF;\">OEM and ODM Watch Manufacturer<\/h1>\n\t\t\t\t\t<\/div>\n\t\t<\/div>\n\t<\/div>\n\n<\/div>\n<\/div>\n\n<div  class=\"content_row row vc_row wpb_row  default-style fullwidth\" >\n\t\n\t<div class=\"content_row_wrapper  default\" >\n\t<div class=\"vc_col-sm-12 wpb_column vc_column_container\">\n\t\t<div class=\"wpb_wrapper\">\n\t\t\t\n\t<div class=\"wpb_text_column wpb_content_element\" >\n\t\t<div class=\"wpb_wrapper\">\n\t\t\t<p><em>In der heutigen zunehmend wettbewerbsintensiven Uhrenindustrie wenden sich viele Marken \u2013 sowohl neue als auch etablierte \u2013 an professionelle OEM- und ODM-Uhrenhersteller, um die Produktentwicklung zu beschleunigen, die Markteinf\u00fchrungszeit zu verk\u00fcrzen und wettbewerbsf\u00e4hige Preise zu halten.<\/em><\/p>\n\n\t\t<\/div>\n\t<\/div>\n<div class=\"vc_empty_space\"   style=\"height: 45px\"><span class=\"vc_empty_space_inner\"><\/span><\/div>\n\t\t<\/div>\n\t<\/div>\n\n<\/div>\n<\/div>\n\n<div  class=\"content_row row vc_row wpb_row  default-style fullwidth\" >\n\t\n\t<div class=\"content_row_wrapper  default\" ><div class=\"vc_col-sm-6 wpb_column vc_column_container\">\n\t\t<div class=\"wpb_wrapper\">\n\t\t\t<div class=\"rt_heading_wrapper style-5\">\n\t\t\t\t\t\t<h2 class=\"rt_heading  style-5\"  style=\"font-size:50px;\">OEM Uhren <\/h2>\n\t\t\t\t\t<\/div>\n\t<div class=\"wpb_text_column wpb_content_element\" >\n\t\t<div class=\"wpb_wrapper\">\n\t\t\t<p>OEM steht f\u00fcr \u201eOriginal Equipment Manufacturer\u201c. Im OEM-Modell liefert der Kunde das Uhrendesign, die Spezifikationen und die Marke, w\u00e4hrend der OEM-Uhrenhersteller die Produktion \u00fcbernimmt. Dieses Modell ist ideal f\u00fcr Marken mit einem starken Kreativteam, die die volle Kontrolle \u00fcber das Design behalten m\u00f6chten, jedoch Unterst\u00fctzung bei der Fertigung und Qualit\u00e4tssicherung ben\u00f6tigen.<\/p>\n\n\t\t<\/div>\n\t<\/div>\n<div class=\"rt_heading_wrapper style-5\">\n\t\t\t\t\t\t<h3 class=\"rt_heading  style-5\"  style=\"font-size:30px;\">Kein hauseigenes Designteam?<\/h3>\n\t\t\t\t\t<\/div>\n\t<div class=\"wpb_text_column wpb_content_element\" >\n\t\t<div class=\"wpb_wrapper\">\n\t\t\t<p class=\" translation-block\">Kein Problem. Bei <a href=\"https:\/\/opswatches.com\/de\/\" target=\"_blank\" rel=\"noopener\">OPS<\/a> unterst\u00fctzt unser internes Forschungs- und Designteam regelm\u00e4\u00dfig Kunden, die zwar klare Ideen oder Skizzen haben, aber \u00fcber keine professionelle Designkompetenz verf\u00fcgen. Wir arbeiten mit Ihrem Konzept und entwickeln daraus ein vollst\u00e4ndiges technisches Design, das bereit f\u00fcr die Produktion ist \u2013 indem wir Ihre Kreativit\u00e4t mit unserer technischen Expertise verbinden.<\/p>\n\n\t\t<\/div>\n\t<\/div>\n<div class=\"vc_btn3-container vc_btn3-inline vc_do_btn\" ><a class=\"vc_general vc_btn3 vc_btn3-size-md vc_btn3-shape-square vc_btn3-style-classic vc_btn3-color-black\" href=\"https:\/\/www.opswatches.com\/contact-us\/\" title=\"Kontaktiere uns\" target=\"_blank\">Loslegen<\/a><\/div>\n\t\t<\/div>\n\t<\/div>\n\n\t<div class=\"vc_col-sm-6 wpb_column vc_column_container\">\n\t\t<div class=\"wpb_wrapper\">\n\t\t\t<div class=\"vc_empty_space\"   style=\"height: 45px\"><span class=\"vc_empty_space_inner\"><\/span><\/div>\n\t<div  class=\"wpb_single_image wpb_content_element vc_align_left wpb_content_element\">\n\t\t\n\t\t<figure class=\"wpb_wrapper vc_figure\">\n\t\t\t<div class=\"vc_single_image-wrapper   vc_box_border_grey\"><img loading=\"lazy\" decoding=\"async\" width=\"1000\" height=\"611\" src=\"https:\/\/opswatches.com\/wp-content\/uploads\/2025\/04\/watch-design-sketches.webp\" class=\"vc_single_image-img attachment-large\" alt=\"oem watch design sketches\" title=\"watch design sketches\" srcset=\"https:\/\/opswatches.com\/wp-content\/uploads\/2025\/04\/watch-design-sketches.webp 1000w, https:\/\/opswatches.com\/wp-content\/uploads\/2025\/04\/watch-design-sketches-300x183.webp 300w, https:\/\/opswatches.com\/wp-content\/uploads\/2025\/04\/watch-design-sketches-768x469.webp 768w, https:\/\/opswatches.com\/wp-content\/uploads\/2025\/04\/watch-design-sketches-18x12.webp 18w, https:\/\/opswatches.com\/wp-content\/uploads\/2025\/04\/watch-design-sketches-600x367.webp 600w\" sizes=\"auto, (max-width: 1000px) 100vw, 1000px\" \/><\/div>\n\t\t<\/figure>\n\t<\/div>\n\n\t\t<\/div>\n\t<\/div>\n<\/div>\n<\/div>\n\n<div  class=\"content_row row vc_row wpb_row  default-style fullwidth\" style=\"background-color: #F4F7FA;\">\n\t\n\t<div class=\"content_row_wrapper  default\" ><div class=\"vc_col-sm-6 wpb_column vc_column_container\">\n\t\t<div class=\"wpb_wrapper\">\n\t\t\t<div class=\"vc_empty_space\"   style=\"height: 45px\"><span class=\"vc_empty_space_inner\"><\/span><\/div>\n\t<div  class=\"wpb_single_image wpb_content_element vc_align_left wpb_content_element\">\n\t\t\n\t\t<figure class=\"wpb_wrapper vc_figure\">\n\t\t\t<a href=\"https:\/\/opswatches.com\/download\/\" target=\"_blank\" class=\"vc_single_image-wrapper   vc_box_border_grey\"><img loading=\"lazy\" decoding=\"async\" width=\"1024\" height=\"566\" src=\"https:\/\/opswatches.com\/wp-content\/uploads\/2025\/04\/OPS-digital-catalog-1024x566.webp\" class=\"vc_single_image-img attachment-large\" alt=\"ops uhren digitaler katalog\" title=\"OPS-digital-Katalog\" srcset=\"https:\/\/opswatches.com\/wp-content\/uploads\/2025\/04\/OPS-digital-catalog-1024x566.webp 1024w, https:\/\/opswatches.com\/wp-content\/uploads\/2025\/04\/OPS-digital-catalog-300x166.webp 300w, https:\/\/opswatches.com\/wp-content\/uploads\/2025\/04\/OPS-digital-catalog-768x424.webp 768w, https:\/\/opswatches.com\/wp-content\/uploads\/2025\/04\/OPS-digital-catalog-1536x848.webp 1536w, https:\/\/opswatches.com\/wp-content\/uploads\/2025\/04\/OPS-digital-catalog-2048x1131.webp 2048w, https:\/\/opswatches.com\/wp-content\/uploads\/2025\/04\/OPS-digital-catalog-18x10.webp 18w, https:\/\/opswatches.com\/wp-content\/uploads\/2025\/04\/OPS-digital-catalog-600x331.webp 600w\" sizes=\"auto, (max-width: 1024px) 100vw, 1024px\" \/><\/a>\n\t\t<\/figure>\n\t<\/div>\n\n\t\t<\/div>\n\t<\/div>\n\n\t<div class=\"vc_col-sm-6 wpb_column vc_column_container\">\n\t\t<div class=\"wpb_wrapper\">\n\t\t\t<div class=\"vc_empty_space\"   style=\"height: 50px\"><span class=\"vc_empty_space_inner\"><\/span><\/div><div class=\"rt_heading_wrapper style-5\">\n\t\t\t\t\t\t<h2 class=\"rt_heading  style-5\"  style=\"font-size:50px;\">ODM Uhren<\/h2>\n\t\t\t\t\t<\/div>\n\t<div class=\"wpb_text_column wpb_content_element\" >\n\t\t<div class=\"wpb_wrapper\">\n\t\t\t<p class=\" translation-block\">Es steht f\u00fcr Original Design Manufacturer.\u00a0ODM-Uhrenhersteller bieten <a href=\"https:\/\/opswatches.com\/de\/download\/\" target=\"_blank\" rel=\"noopener\">vorgefertigte<\/a> oder halbma\u00dfgeschneiderte Designs an, die Marken modifizieren oder einfach unter ihrem eigenen Namen vertreiben k\u00f6nnen. Diese Option ist ideal f\u00fcr Start-ups oder Unternehmen ohne internes Designteam, die eine schnellere und kosteng\u00fcnstigere Markteinf\u00fchrung suchen.<\/p>\n\n\t\t<\/div>\n\t<\/div>\n\n\t\t<\/div>\n\t<\/div>\n<\/div>\n<\/div>\n\n<div  class=\"content_row row vc_row wpb_row  default-style fullwidth\" >\n\t\n\t<div class=\"content_row_wrapper  default\" >\n\t<div class=\"vc_col-sm-12 wpb_column vc_column_container\">\n\t\t<div class=\"wpb_wrapper\">\n\t\t\t<div class=\"vc_empty_space\"   style=\"height: 45px\"><span class=\"vc_empty_space_inner\"><\/span><\/div><div class=\"rt_heading_wrapper style-4\">\n\t\t\t\t\t\t<h2 class=\"rt_heading  style-4\"  style=\"font-size:50px;\">OEM vs. ODM: Wichtige Unterschiede, Vor- und Nachteile<\/h2>\n\t\t\t\t\t<\/div>\n\t<div class=\"wpb_text_column wpb_content_element\" >\n\t\t<div class=\"wpb_wrapper\">\n\t\t\t<table style=\"width: 100%; border-collapse: collapse; font-family: Arial, sans-serif;\">\n<thead>\n<tr style=\"background-color: #f5f5f5;\">\n<th style=\"padding: 12px; border: 1px solid #ccc;\">Merkmal<\/th>\n<th style=\"padding: 12px; border: 1px solid #ccc;\">OEM<\/th>\n<th style=\"padding: 12px; border: 1px solid #ccc;\">ODM<\/th>\n<\/tr>\n<\/thead>\n<tbody>\n<tr>\n<td style=\"padding: 12px; border: 1px solid #ccc;\">Designkontrolle<\/td>\n<td style=\"padding: 12px; border: 1px solid #ccc;\">Volle Kontrolle \u2014 Sie bestimmen jedes Element der Uhr, von der Geh\u00e4useform bis zu den Zifferblattdetails.<\/td>\n<td style=\"padding: 12px; border: 1px solid #ccc;\">Begrenzt \u2014 Sie k\u00f6nnen aus vorgefertigten Modellen w\u00e4hlen, aber die Anpassung ist oft eingeschr\u00e4nkt.<\/td>\n<\/tr>\n<tr style=\"background-color: #f9f9f9;\">\n<td style=\"padding: 12px; border: 1px solid #ccc;\">Markteinf\u00fchrungszeit<\/td>\n<td style=\"padding: 12px; border: 1px solid #ccc;\">L\u00e4nger \u2014 Vollst\u00e4ndige Anpassung und Prototypenherstellung ben\u00f6tigen mehr Zeit vor der Serienproduktion.<\/td>\n<td style=\"padding: 12px; border: 1px solid #ccc;\">Schneller \u2014 Sie k\u00f6nnen bestehende Designs ausw\u00e4hlen und die Produktion schnell starten.<\/td>\n<\/tr>\n<tr>\n<td style=\"padding: 12px; border: 1px solid #ccc;\">Entwicklungskosten<\/td>\n<td style=\"padding: 12px; border: 1px solid #ccc;\">H\u00f6her \u2014 Sie investieren in Forschung &amp; Entwicklung, Design und Werkzeuge f\u00fcr ma\u00dfgeschneiderte Teile.<\/td>\n<td style=\"padding: 12px; border: 1px solid #ccc;\">Niedriger \u2014 In den meisten F\u00e4llen keine Design- oder Werkzeugkosten, was die Anfangsinvestition senkt.<\/td>\n<\/tr>\n<tr style=\"background-color: #f9f9f9;\">\n<td style=\"padding: 12px; border: 1px solid #ccc;\">Flexibilit\u00e4t<\/td>\n<td style=\"padding: 12px; border: 1px solid #ccc;\">Sehr flexibel \u2014 Ideal f\u00fcr einzigartige, hochwertige oder markentypische Designs.<\/td>\n<td style=\"padding: 12px; border: 1px solid #ccc;\">M\u00e4\u00dfig \u2014 Weniger Spielraum, Ihr Produkt von anderen mit derselben Basis zu unterscheiden.<\/td>\n<\/tr>\n<tr>\n<td style=\"padding: 12px; border: 1px solid #ccc;\">Ideal f\u00fcr<\/td>\n<td style=\"padding: 12px; border: 1px solid #ccc;\">Marken mit eigenen Designressourcen oder einer klaren kreativen Vision \u2014 OPS unterst\u00fctzt Sie, wenn Ihnen die technische Designkompetenz fehlt.<\/td>\n<td style=\"padding: 12px; border: 1px solid #ccc;\">Start-ups oder schnell wachsende Marken, die den Markt testen \u2014 einfach zu starten und schnell zu skalieren.<\/td>\n<\/tr>\n<\/tbody>\n<\/table>\n\n\t\t<\/div>\n\t<\/div>\n<div class=\"vc_empty_space\"   style=\"height: 45px\"><span class=\"vc_empty_space_inner\"><\/span><\/div>\n\t\t<\/div>\n\t<\/div>\n\n<\/div>\n<\/div>\n\n<div  class=\"content_row row vc_row wpb_row  default-style fullwidth\" style=\"background-color: #F4F7FA;\">\n\t\n\t<div class=\"content_row_wrapper  default\" ><div class=\"vc_col-sm-6 wpb_column vc_column_container\">\n\t\t<div class=\"wpb_wrapper\">\n\t\t\t<div class=\"rt_heading_wrapper style-5\">\n\t\t\t\t\t\t<h2 class=\"rt_heading  style-5\"  style=\"font-size:50px;\">Welche L\u00f6sung sollten Sie w\u00e4hlen?<\/h2>\n\t\t\t\t\t<\/div>\n\t<div class=\"wpb_text_column wpb_content_element\" >\n\t\t<div class=\"wpb_wrapper\">\n\t\t\t<p class=\"\" data-start=\"2932\" data-end=\"2988\">Die Wahl zwischen OEM und ODM h\u00e4ngt von mehreren Faktoren ab:<\/p>\n<ul data-start=\"2989\" data-end=\"3446\">\n<li class=\"\" data-start=\"2989\" data-end=\"3110\">\n<p class=\" translation-block\" data-start=\"2991\" data-end=\"3110\"><strong data-start=\"3113\" data-end=\"3126\">Zeitrahmen<\/strong>: Wenn Sie es eilig haben zu starten, bietet ODM einen schnelleren Weg.<\/p>\n<\/li>\n<li class=\"\" data-start=\"3111\" data-end=\"3188\">\n<p class=\"\" data-start=\"3113\" data-end=\"3188\"><strong data-start=\"3113\" data-end=\"3126\">Timeframe<\/strong>: If you&#8217;re in a rush to launch, ODM provides a quicker route.<\/p>\n<\/li>\n<li class=\"\" data-start=\"3189\" data-end=\"3327\">\n<p class=\" translation-block\" data-start=\"3191\" data-end=\"3327\"><strong data-start=\"3191\" data-end=\"3214\">Design-F\u00e4higkeiten<\/strong>: Wenn Sie kein Design-Team haben, aber <em data-start=\"3252\" data-end=\"3256\">eine Idee<\/em>, kann OPS Ihnen helfen, diese in ein marktreifes Produkt umzusetzen.<\/p>\n<\/li>\n<li class=\"\" data-start=\"3328\" data-end=\"3446\">\n<p class=\" translation-block\" data-start=\"3330\" data-end=\"3446\"><strong data-start=\"3330\" data-end=\"3351\">Markenpositionierung<\/strong>: OEM eignet sich f\u00fcr High-End- oder Signature-Marken; ODM passt zu trendorientierten oder volumenbasierten Strategien.<\/p>\n<\/li>\n<\/ul>\n<p class=\"\" data-start=\"3448\" data-end=\"3604\">Bei OPS sehen wir OEM und ODM nicht als starre Kategorien, sondern als flexible Rahmenbedingungen. Unser Ziel ist es, Ihre Marke dort abzuholen, wo sie steht, und Ihnen beim Wachstum zu helfen.<\/p>\n\n\t\t<\/div>\n\t<\/div>\n\n\t\t<\/div>\n\t<\/div>\n\n\t<div class=\"vc_col-sm-6 wpb_column vc_column_container\">\n\t\t<div class=\"wpb_wrapper\">\n\t\t\t<div class=\"vc_empty_space\"   style=\"height: 50px\"><span class=\"vc_empty_space_inner\"><\/span><\/div>\n\t<div  class=\"wpb_single_image wpb_content_element vc_align_left wpb_content_element\">\n\t\t\n\t\t<figure class=\"wpb_wrapper vc_figure\">\n\t\t\t<div class=\"vc_single_image-wrapper   vc_box_border_grey\"><img loading=\"lazy\" decoding=\"async\" width=\"970\" height=\"546\" src=\"https:\/\/opswatches.com\/wp-content\/uploads\/2023\/03\/watch-business-strategy.jpg\" class=\"vc_single_image-img attachment-large\" alt=\"Gesch\u00e4ftsstrategie f\u00fcr Uhren\" title=\"Gesch\u00e4ftsstrategie f\u00fcr Uhren\" srcset=\"https:\/\/opswatches.com\/wp-content\/uploads\/2023\/03\/watch-business-strategy.jpg 970w, https:\/\/opswatches.com\/wp-content\/uploads\/2023\/03\/watch-business-strategy-300x169.jpg 300w, https:\/\/opswatches.com\/wp-content\/uploads\/2023\/03\/watch-business-strategy-768x432.jpg 768w, https:\/\/opswatches.com\/wp-content\/uploads\/2023\/03\/watch-business-strategy-18x10.jpg 18w, https:\/\/opswatches.com\/wp-content\/uploads\/2023\/03\/watch-business-strategy-600x338.jpg 600w\" sizes=\"auto, (max-width: 970px) 100vw, 970px\" \/><\/div>\n\t\t<\/figure>\n\t<\/div>\n\n\t\t<\/div>\n\t<\/div>\n<\/div>\n<\/div>\n\n<div  class=\"content_row row vc_row wpb_row  default-style fullwidth\" >\n\t\n\t<div class=\"content_row_wrapper  default\" ><div class=\"vc_col-sm-6 wpb_column vc_column_container\">\n\t\t<div class=\"wpb_wrapper\">\n\t\t\t\n\t<div  class=\"wpb_single_image wpb_content_element vc_align_left wpb_content_element\">\n\t\t\n\t\t<figure class=\"wpb_wrapper vc_figure\">\n\t\t\t<div class=\"vc_single_image-wrapper   vc_box_border_grey\"><img loading=\"lazy\" decoding=\"async\" width=\"1000\" height=\"963\" src=\"https:\/\/opswatches.com\/wp-content\/uploads\/2025\/04\/cover-watch-journey.webp\" class=\"vc_single_image-img attachment-large\" alt=\"alle Gesch\u00e4ftsreisen mit der Uhr abdecken\" title=\"cover-uhr-reise\" srcset=\"https:\/\/opswatches.com\/wp-content\/uploads\/2025\/04\/cover-watch-journey.webp 1000w, https:\/\/opswatches.com\/wp-content\/uploads\/2025\/04\/cover-watch-journey-300x289.webp 300w, https:\/\/opswatches.com\/wp-content\/uploads\/2025\/04\/cover-watch-journey-768x740.webp 768w, https:\/\/opswatches.com\/wp-content\/uploads\/2025\/04\/cover-watch-journey-12x12.webp 12w, https:\/\/opswatches.com\/wp-content\/uploads\/2025\/04\/cover-watch-journey-600x578.webp 600w\" sizes=\"auto, (max-width: 1000px) 100vw, 1000px\" \/><\/div>\n\t\t<\/figure>\n\t<\/div>\n\n\t\t<\/div>\n\t<\/div>\n\n\t<div class=\"vc_col-sm-6 wpb_column vc_column_container\">\n\t\t<div class=\"wpb_wrapper\">\n\t\t\t<div class=\"rt_heading_wrapper style-5\">\n\t\t\t\t\t\t<h2 class=\"rt_heading  style-5\"  style=\"font-size:50px;\">Wie Sie den richtigen OEM- und ODM-Uhrenhersteller finden<\/h2>\n\t\t\t\t\t<\/div>\n\t<div class=\"wpb_text_column wpb_content_element\" >\n\t\t<div class=\"wpb_wrapper\">\n\t\t\t<p class=\"\" data-start=\"3659\" data-end=\"3790\">Der Erfolg Ihrer Uhrenmarke h\u00e4ngt weitgehend davon ab, den richtigen Fertigungspartner auszuw\u00e4hlen. Hier sind einige wichtige Merkmale, auf die Sie achten sollten:<\/p>\n<ul data-start=\"3792\" data-end=\"4289\">\n<li class=\"\" data-start=\"3792\" data-end=\"3891\">\n<p class=\" translation-block\" data-start=\"3794\" data-end=\"3891\"><strong data-start=\"3894\" data-end=\"3923\">Internes Entwicklungsteam<\/strong>: Wichtig f\u00fcr OEM-Kunden oder ODM-Kunden, die Unterst\u00fctzung bei der Anpassung w\u00fcnschen.<\/p>\n<\/li>\n<li class=\"\" data-start=\"3892\" data-end=\"3996\">\n<p class=\"\" data-start=\"3894\" data-end=\"3996\"><strong data-start=\"3894\" data-end=\"3923\">In-House Development Team<\/strong>: Critical for OEM clients or ODM clients who want customization support.<\/p>\n<\/li>\n<li class=\"\" data-start=\"4084\" data-end=\"4187\">\n<p class=\" translation-block\" data-start=\"4086\" data-end=\"4187\"><strong data-start=\"4190\" data-end=\"4205\">Flexibilit\u00e4t<\/strong>: Besonders wertvoll f\u00fcr Marken in Wachstumsphasen oder beim Experimentieren mit neuen Designs.<\/p>\n<\/li>\n<li class=\"\" data-start=\"4188\" data-end=\"4289\">\n<p class=\"\" data-start=\"4190\" data-end=\"4289\"><strong data-start=\"4190\" data-end=\"4205\">Flexibilit\u00e4t<\/strong>: Especially valuable for brands in growth stages or experimenting with new designs.<\/p>\n<\/li>\n<\/ul>\n\n\t\t<\/div>\n\t<\/div>\n\n\t\t<\/div>\n\t<\/div>\n<\/div>\n<\/div>\n\n<div  class=\"content_row row vc_row wpb_row  default-style fullwidth\" style=\"background-color: #F4F7FA;\">\n\t\n\t<div class=\"content_row_wrapper  default\" ><div class=\"vc_col-sm-6 wpb_column vc_column_container\">\n\t\t<div class=\"wpb_wrapper\">\n\t\t\t<div class=\"vc_empty_space\"   style=\"height: 45px\"><span class=\"vc_empty_space_inner\"><\/span><\/div><div class=\"rt_heading_wrapper style-5\">\n\t\t\t\t\t\t<h2 class=\"rt_heading  style-5\"  style=\"font-size:50px;\">Warum OPS?<\/h2>\n\t\t\t\t\t<\/div>\n\t<div class=\"wpb_text_column wpb_content_element\" >\n\t\t<div class=\"wpb_wrapper\">\n\t\t\t<p class=\" translation-block\" data-start=\"4309\" data-end=\"4510\">Als vertrauensw\u00fcrdiger OEM- und ODM-Uhrenhersteller ist OPS mehr als nur eine Fabrik \u2013 wir sind Ihr Partner. Mit \u00fcber 13 Jahren Erfahrung unterst\u00fctzen wir Marken <a href=\"https:\/\/opswatches.com\/de\/custom-watch-manufacturer\/\" target=\"_blank\" rel=\"noopener\">vom Konzept bis zur Realisierung<\/a> ihres Uhrenbusiness.<\/p>\n<p class=\"\" data-start=\"4512\" data-end=\"4538\">Das zeichnet uns aus:<\/p>\n<ul data-start=\"4540\" data-end=\"5026\">\n<li class=\"\" data-start=\"4540\" data-end=\"4645\">\n<p class=\" translation-block\" data-start=\"4542\" data-end=\"4645\"><strong>Inhouse-Design &amp; -Engineering<\/strong>: Unsere Experten verwandeln Visionen in produktionsreife Designs.<\/p>\n<\/li>\n<li class=\"\" data-start=\"4646\" data-end=\"4744\">\n<p class=\"\" data-start=\"4648\" data-end=\"4744\"><strong>In-House Design &amp; Engineering<\/strong>: Our experts turn visions into manufacturing-ready designs.<\/p>\n<\/li>\n<li class=\"\" data-start=\"4745\" data-end=\"4838\">\n<p class=\" translation-block\" data-start=\"4747\" data-end=\"4838\"><strong>Flexible Lieferzeiten &amp; niedrige Mindestbestellmengen<\/strong>: Wir bedienen sowohl Start-ups als auch Marken mit gro\u00dfem Volumen. F\u00fcr einige vorgefertigte Uhren beginnt die Mindestbestellmenge bereits ab 100 St\u00fcck.<\/p>\n<\/li>\n<li class=\"\" data-start=\"4839\" data-end=\"4930\">\n<p class=\" translation-block\" data-start=\"4841\" data-end=\"4930\"><strong>Umfassende Qualit\u00e4tskontrolle<\/strong>: Jedes Teil wird gepr\u00fcft, jede Lieferung ist r\u00fcckverfolgbar.<\/p>\n<\/li>\n<li class=\"\" data-start=\"4931\" data-end=\"5026\">\n<p class=\" translation-block\" data-start=\"4933\" data-end=\"5026\"><strong>Weltweiter Kundenstamm<\/strong>: Vertraut von \u00fcber 86 Marken in Nordamerika, Europa und Asien.<\/p>\n<\/li>\n<\/ul>\n\n\t\t<\/div>\n\t<\/div>\n\n\t\t<\/div>\n\t<\/div>\n\n\t<div class=\"vc_col-sm-6 wpb_column vc_column_container\">\n\t\t<div class=\"wpb_wrapper\">\n\t\t\t<div class=\"vc_empty_space\"   style=\"height: 80px\"><span class=\"vc_empty_space_inner\"><\/span><\/div>\n\t<div class=\"wpb_video_widget wpb_content_element vc_clearfix   vc_video-aspect-ratio-169 vc_video-el-width-100 vc_video-align-left\" >\n\t\t<div class=\"wpb_wrapper\">\n\t\t\t\n\t\t\t<div class=\"wpb_video_wrapper\"><div class=\"video-container\"><iframe loading=\"lazy\" title=\"OPS Fabrik\" src=\"https:\/\/player.vimeo.com\/video\/1077462822?h=e52e76bb1c&amp;dnt=1&amp;app_id=122963\" width=\"500\" height=\"281\" frameborder=\"0\" allow=\"autoplay; fullscreen; picture-in-picture; clipboard-write; encrypted-media\"><\/iframe><\/div><\/div>\n\t\t<\/div>\n\t<\/div>\n\n\t\t<\/div>\n\t<\/div>\n<\/div>\n<\/div>\n\n<div  class=\"content_row row vc_row wpb_row  default-style fullwidth\" >\n\t\n\t<div class=\"content_row_wrapper  default\" >\n\t<div class=\"vc_col-sm-12 wpb_column vc_column_container\">\n\t\t<div class=\"wpb_wrapper\">\n\t\t\t<div class=\"vc_empty_space\"   style=\"height: 45px\"><span class=\"vc_empty_space_inner\"><\/span><\/div><section class=\"vc_cta3-container vc_cta3-size-xs\"><div class=\"vc_general vc_do_cta3 vc_cta3 vc_cta3-style-classic vc_cta3-shape-rounded vc_cta3-align-center vc_cta3-color-black vc_cta3-icon-size-md vc_cta3-actions-top\"><div class=\"vc_cta3_content-container\"><div class=\"vc_cta3-actions\"><div class=\"vc_btn3-container vc_btn3-center vc_do_btn\" ><a class=\"vc_general vc_btn3 vc_btn3-size-lg vc_btn3-shape-square vc_btn3-style-classic vc_btn3-color-black\" href=\"https:\/\/www.opswatches.com\/contact-us\/\" title=\"Kontaktiere uns\" target=\"_blank\">Angebot anfordern<\/a><\/div><\/div><div class=\"vc_cta3-content\"><header class=\"vc_cta3-content-header\"><h4>Starten Sie noch heute Ihr individuelles Uhrenprojekt!<\/h4><\/header><p>Kontaktieren Sie uns, um Ihr Design zu besprechen und ein Angebot zu erhalten.<\/p>\n<\/div><\/div><\/div><\/section>\n\t\t<\/div>\n\t<\/div>\n\n<\/div>\n<\/div>","protected":false},"excerpt":{"rendered":"OEM and ODM Watch Manufacturer In today's increasingly competitive watch industry, many brands\u2014both emerging and established\u2014are turning to professional OEM and ODM watch manufacturers to accelerate product development, reduce time-to-market, and maintain competitive pricing. OEM Watches It means Original Equipment Manufacturer. In the OEM model, the client provides the watch design, specifications, and brand, while [...]","protected":false},"author":1,"featured_media":0,"parent":0,"menu_order":0,"comment_status":"closed","ping_status":"closed","template":"","meta":{"footnotes":""},"class_list":["post-6753","page","type-page","status-publish","hentry"],"_links":{"self":[{"href":"https:\/\/opswatches.com\/de\/wp-json\/wp\/v2\/pages\/6753","targetHints":{"allow":["GET"]}}],"collection":[{"href":"https:\/\/opswatches.com\/de\/wp-json\/wp\/v2\/pages"}],"about":[{"href":"https:\/\/opswatches.com\/de\/wp-json\/wp\/v2\/types\/page"}],"author":[{"embeddable":true,"href":"https:\/\/opswatches.com\/de\/wp-json\/wp\/v2\/users\/1"}],"replies":[{"embeddable":true,"href":"https:\/\/opswatches.com\/de\/wp-json\/wp\/v2\/comments?post=6753"}],"version-history":[{"count":9,"href":"https:\/\/opswatches.com\/de\/wp-json\/wp\/v2\/pages\/6753\/revisions"}],"predecessor-version":[{"id":6762,"href":"https:\/\/opswatches.com\/de\/wp-json\/wp\/v2\/pages\/6753\/revisions\/6762"}],"wp:attachment":[{"href":"https:\/\/opswatches.com\/de\/wp-json\/wp\/v2\/media?parent=6753"}],"curies":[{"name":"wp","href":"https:\/\/api.w.org\/{rel}","templated":true}]}}