{"id":6787,"date":"2025-05-14T17:37:31","date_gmt":"2025-05-14T09:37:31","guid":{"rendered":"https:\/\/www.opswatches.com\/?page_id=6787"},"modified":"2025-05-14T17:37:38","modified_gmt":"2025-05-14T09:37:38","slug":"benutzerdefinierte-uhr-fallstudie-1","status":"publish","type":"page","link":"https:\/\/opswatches.com\/de\/benutzerdefinierte-uhr-fallstudie-1\/","title":{"rendered":"Custom Watch Case Study"},"content":{"rendered":"<div  class=\"content_row row vc_row wpb_row  default-style fullwidth has-custom-bg has-bg-overlay\" >\n\t<div class=\"rt-parallax-background has-bg-image\" data-rt-parallax-speed=\"6\" data-rt-parallax-direction=\"-1\" data-rt-parallax-effect=\"horizontal\" style=\"background-image: url(https:\/\/opswatches.com\/wp-content\/uploads\/2025\/05\/custom-watch-case-study-1.jpg);background-repeat: repeat;background-size: auto auto;background-position: center center;width:100%;height:100%;top:0;\"><\/div><div class=\"content-row-video-overlay\" style=\"background-color:#00000082\"><\/div>\n\n\t<div class=\"content_row_wrapper  default\" style=\"padding-top:100px;padding-bottom:140px;\">\n\t<div class=\"vc_col-sm-12 wpb_column vc_column_container\">\n\t\t<div class=\"wpb_wrapper\">\n\t\t\t<div class=\"rt_heading_wrapper\">\n\t\t\t\t\t\t<h1 class=\"rt_heading  alignleft\"  style=\"font-size:60px;color:#FFFFFF;\">  <span style=\"display:block;\">Von der Skizze zur Realit\u00e4t<\/span>  <span style=\"display:block;\">Kundenspezifisches Uhrenprojekt f\u00fcr niederl\u00e4ndische Marke<\/span><\/h1>\n\t\t\t\t\t<\/div>\n\t\t<\/div>\n\t<\/div>\n\n<\/div>\n<\/div>\n\n<div  class=\"content_row row vc_row wpb_row  default-style fullwidth\" >\n\t\n\t<div class=\"content_row_wrapper  default\" >\n\t<div class=\"vc_col-sm-12 wpb_column vc_column_container\">\n\t\t<div class=\"wpb_wrapper\">\n\t\t\t\n\t<div class=\"wpb_text_column wpb_content_element\" >\n\t\t<div class=\"wpb_wrapper\">\n\t\t\t<p><span style=\"color: #000000;\">Anfang 2024 nahm eine trendorientierte Modemarke aus den Niederlanden \u00fcber unsere Website Kontakt zu OPS Watches auf und suchte nach einem zuverl\u00e4ssigen Hersteller f\u00fcr ma\u00dfgeschneiderte Uhren. Ihre Vision war es, eine einzigartig gestaltete Quarzuhr auf den Markt zu bringen, die sich an ein weltweites junges Publikum richtet.<\/span><\/p>\n\n\t\t<\/div>\n\t<\/div>\n\n\t\t<\/div>\n\t<\/div>\n\n<\/div>\n<\/div>\n\n<div  class=\"content_row row vc_row wpb_row  default-style fullwidth\" >\n\t\n\t<div class=\"content_row_wrapper  default\" >\n\t<div class=\"vc_col-sm-12 wpb_column vc_column_container\">\n\t\t<div class=\"wpb_wrapper\">\n\t\t\t\n\t<div class=\"wpb_text_column wpb_content_element\" >\n\t\t<div class=\"wpb_wrapper\">\n\t\t\t<h3 class=\"\" data-start=\"524\" data-end=\"577\"><span style=\"color: #000000;\"><strong data-start=\"528\" data-end=\"577\">Die Vision verstehen - und die Herausforderungen<\/strong><\/span><\/h3>\n<p class=\"\" data-start=\"578\" data-end=\"668\"><span style=\"color: #000000;\">Der Kunde lieferte eine handgezeichnete Skizze und einige wichtige Designideen. Sie forderten:<\/span><\/p>\n<ul data-start=\"670\" data-end=\"887\">\n<li class=\"\" data-start=\"670\" data-end=\"716\">\n<p class=\"\" data-start=\"672\" data-end=\"716\"><span style=\"color: #000000;\">Ein individuelles Ziffernblatt-Layout auf der Grundlage ihrer Skizze<\/span><\/p>\n<\/li>\n<li class=\"\" data-start=\"717\" data-end=\"767\">\n<p class=\"\" data-start=\"719\" data-end=\"767\"><span style=\"color: #000000;\">Auswahl von Materialien, die Qualit\u00e4t und Kosten in Einklang bringen<\/span><\/p>\n<\/li>\n<li class=\"\" data-start=\"768\" data-end=\"830\">\n<p class=\"\" data-start=\"770\" data-end=\"830\"><span style=\"color: #000000;\">Flexibilit\u00e4t bei der MOQ, da zu Beginn nur 200 St\u00fcck ben\u00f6tigt wurden<\/span><\/p>\n<\/li>\n<li class=\"\" data-start=\"831\" data-end=\"887\">\n<p class=\"\" data-start=\"833\" data-end=\"887\"><span style=\"color: #000000;\">Kreative Anleitung zur Fertigstellung eines marktreifen Produkts<\/span><\/p>\n<\/li>\n<\/ul>\n\n\t\t<\/div>\n\t<\/div>\n\n\t\t<\/div>\n\t<\/div>\n\n<\/div>\n<\/div>\n\n<div  class=\"content_row row vc_row wpb_row  default-style fullwidth\" >\n\t\n\t<div class=\"content_row_wrapper  default\" >\n\t<div class=\"vc_col-sm-12 wpb_column vc_column_container\">\n\t\t<div class=\"wpb_wrapper\">\n\t\t\t\n\t<div class=\"wpb_text_column wpb_content_element\" >\n\t\t<div class=\"wpb_wrapper\">\n\t\t\t<h3 class=\"\" data-start=\"889\" data-end=\"910\"><span style=\"color: #000000;\"><strong data-start=\"893\" data-end=\"910\">Unsere L\u00f6sungen<\/strong><\/span><\/h3>\n<ul data-start=\"911\" data-end=\"1671\">\n<li class=\"\" data-start=\"911\" data-end=\"1106\">\n<p class=\"\" data-start=\"913\" data-end=\"1106\"><span style=\"color: #000000;\"><strong data-start=\"913\" data-end=\"938\">Kollaboratives Design:<\/strong> Unser Team interpretierte die Skizze und pr\u00e4sentierte digitale Renderings mit Verbesserungen bei den Proportionen und der Farbbalance. Der Kunde stimmte dem endg\u00fcltigen Bild schnell zu.<\/span><\/p>\n<\/li>\n<li class=\"\" data-start=\"1107\" data-end=\"1261\">\n<p class=\"\" data-start=\"1109\" data-end=\"1261\"><span style=\"color: #000000;\"><strong data-start=\"1109\" data-end=\"1130\">Material-Optionen:<\/strong> F\u00fcr wichtige Teile wie das Zifferblatt und das Geh\u00e4use haben wir mehrere Optionen gepr\u00fcft und drei Materiall\u00f6sungen mit klaren Vor- und Nachteilen vorgestellt.<\/span><\/p>\n<\/li>\n<li class=\"\" data-start=\"1262\" data-end=\"1437\">\n<p class=\"\" data-start=\"1264\" data-end=\"1437\"><span style=\"color: #000000;\"><strong data-start=\"1264\" data-end=\"1288\">Flexible Produktion:<\/strong> Obwohl die Erstbestellung unter unserer Mindestbestellmenge von 300 St\u00fcck lag, schlugen wir vor, jetzt 200 Uhren zu produzieren und 100 weitere Geh\u00e4use auf Vorrat zu lagern, um k\u00fcnftige Nachbestellungen zu unterst\u00fctzen.<\/span><\/p>\n<\/li>\n<li class=\"\" data-start=\"1438\" data-end=\"1570\">\n<p class=\"\" data-start=\"1440\" data-end=\"1570\"><span style=\"color: #000000;\"><strong data-start=\"1440\" data-end=\"1458\">Verpackung reparieren:<\/strong> Als bei den Musterkartons eine Farbabweichung auftrat, haben wir sofort reagiert und das Problem vor der Massenproduktion korrigiert.<\/span><\/p>\n<\/li>\n<li class=\"\" data-start=\"1571\" data-end=\"1671\">\n<p class=\"\" data-start=\"1573\" data-end=\"1671\"><span style=\"color: #000000;\"><strong data-start=\"1573\" data-end=\"1598\">Reibungslose Kommunikation:<\/strong> Regelm\u00e4\u00dfige Updates per E-Mail, Telefon und WhatsApp hielten alles auf Kurs.<\/span><\/p>\n<\/li>\n<\/ul>\n\n\t\t<\/div>\n\t<\/div>\n\n\t\t<\/div>\n\t<\/div>\n\n<\/div>\n<\/div>\n\n<div  class=\"content_row row vc_row wpb_row  default-style fullwidth\" >\n\t\n\t<div class=\"content_row_wrapper  default\" ><div class=\"vc_col-sm-6 wpb_column vc_column_container\">\n\t\t<div class=\"wpb_wrapper\">\n\t\t\t<div class=\"vc_empty_space\"   style=\"height: 32px\"><span class=\"vc_empty_space_inner\"><\/span><\/div>\n\t<div class=\"wpb_text_column wpb_content_element\" >\n\t\t<div class=\"wpb_wrapper\">\n\t\t\t<h3 class=\"\" data-start=\"1673\" data-end=\"1688\"><span style=\"color: #000000;\"><strong data-start=\"1677\" data-end=\"1688\">Ergebnisse<\/strong><\/span><\/h3>\n<p class=\"\" data-start=\"1689\" data-end=\"1881\"><span style=\"color: #000000;\">Der Kunde war sehr zufrieden mit den fertigen Uhren und der Unterst\u00fctzung durch unser Team. Seit der Lieferung hat er begonnen, alle zwei Monate stabile Nachbestellungen zu t\u00e4tigen, im Durchschnitt 600 St\u00fcck.<\/span><\/p>\n\n\t\t<\/div>\n\t<\/div>\n\n\t\t<\/div>\n\t<\/div>\n\n\t<div class=\"vc_col-sm-6 wpb_column vc_column_container\">\n\t\t<div class=\"wpb_wrapper\">\n\t\t\t\n\t<div  class=\"wpb_single_image wpb_content_element vc_align_left wpb_content_element\">\n\t\t\n\t\t<figure class=\"wpb_wrapper vc_figure\">\n\t\t\t<div class=\"vc_single_image-wrapper   vc_box_border_grey\"><img loading=\"lazy\" decoding=\"async\" width=\"1024\" height=\"713\" src=\"https:\/\/opswatches.com\/wp-content\/uploads\/2025\/05\/create-watch-brands-1024x713.jpg\" class=\"vc_single_image-img attachment-large\" alt=\"Uhrenmarken schaffen\" title=\"Uhrenmarken schaffen\" srcset=\"https:\/\/opswatches.com\/wp-content\/uploads\/2025\/05\/create-watch-brands-1024x713.jpg 1024w, https:\/\/opswatches.com\/wp-content\/uploads\/2025\/05\/create-watch-brands-300x209.jpg 300w, https:\/\/opswatches.com\/wp-content\/uploads\/2025\/05\/create-watch-brands-768x535.jpg 768w, https:\/\/opswatches.com\/wp-content\/uploads\/2025\/05\/create-watch-brands-18x12.jpg 18w, https:\/\/opswatches.com\/wp-content\/uploads\/2025\/05\/create-watch-brands-600x418.jpg 600w, https:\/\/opswatches.com\/wp-content\/uploads\/2025\/05\/create-watch-brands.jpg 1080w\" sizes=\"auto, (max-width: 1024px) 100vw, 1024px\" \/><\/div>\n\t\t<\/figure>\n\t<\/div>\n\n\t\t<\/div>\n\t<\/div>\n<\/div>\n<\/div>\n\n<div  class=\"content_row row vc_row wpb_row  default-style fullwidth\" >\n\t\n\t<div class=\"content_row_wrapper  default\" >\n\t<div class=\"vc_col-sm-12 wpb_column vc_column_container\">\n\t\t<div class=\"wpb_wrapper\">\n\t\t\t\n\t<div class=\"wpb_text_column wpb_content_element\" >\n\t\t<div class=\"wpb_wrapper\">\n\t\t\t<h3 class=\"\" data-start=\"1888\" data-end=\"1915\"><span style=\"color: #000000;\"><strong data-start=\"1892\" data-end=\"1915\">\u00dcberblick \u00fcber die Zeitachse<\/strong><\/span><\/h3>\n<ul data-start=\"1916\" data-end=\"2226\">\n<li class=\"\" data-start=\"1916\" data-end=\"1961\">\n<p class=\"\" data-start=\"1918\" data-end=\"1961\"><span style=\"color: #000000;\"><strong data-start=\"1918\" data-end=\"1928\">M\u00e4r 12<\/strong> - \u00dcber die Website eingegangene Anfrage<\/span><\/p>\n<\/li>\n<li class=\"\" data-start=\"1962\" data-end=\"2020\">\n<p class=\"\" data-start=\"1964\" data-end=\"2020\"><span style=\"color: #000000;\"><strong data-start=\"1964\" data-end=\"1977\">13-27 M\u00e4rz<\/strong> - Entwurfsdiskussion und Austausch von Skizzen<\/span><\/p>\n<\/li>\n<li class=\"\" data-start=\"2021\" data-end=\"2077\">\n<p class=\"\" data-start=\"2023\" data-end=\"2077\"><span style=\"color: #000000;\"><strong data-start=\"2023\" data-end=\"2033\">M\u00e4rz 28<\/strong> - Endg\u00fcltiger Entwurf best\u00e4tigt, Probenahme beginnt<\/span><\/p>\n<\/li>\n<li class=\"\" data-start=\"2078\" data-end=\"2135\">\n<p class=\"\" data-start=\"2080\" data-end=\"2135\"><span style=\"color: #000000;\"><strong data-start=\"2080\" data-end=\"2090\">26. Mai<\/strong> - Muster geliefert, kleinere Optimierungen diskutiert<\/span><\/p>\n<\/li>\n<li class=\"\" data-start=\"2136\" data-end=\"2177\">\n<p class=\"\" data-start=\"2138\" data-end=\"2177\"><span style=\"color: #000000;\"><strong data-start=\"2138\" data-end=\"2147\">Juni 8<\/strong> - Massenproduktion best\u00e4tigt<\/span><\/p>\n<\/li>\n<li class=\"\" data-start=\"2178\" data-end=\"2226\">\n<p class=\"\" data-start=\"2180\" data-end=\"2226\"><span style=\"color: #000000;\"><strong data-start=\"2180\" data-end=\"2187\">Aug<\/strong> - Erste Charge erfolgreich ausgeliefert<\/span><\/p>\n<\/li>\n<\/ul>\n\n\t\t<\/div>\n\t<\/div>\n\n\t\t<\/div>\n\t<\/div>\n\n<\/div>\n<\/div>","protected":false},"excerpt":{"rendered":"From Sketch to Reality Custom Watch Project for Dutch Brand In early 2024, a trend-driven fashion brand from the Netherlands contacted OPS Watches through our website, looking for a reliable custom watch manufacturer. Their vision was to launch a uniquely designed quartz watch targeted at a global young audience. Understanding the Vision \u2013 And the [...]","protected":false},"author":1,"featured_media":0,"parent":0,"menu_order":0,"comment_status":"closed","ping_status":"closed","template":"","meta":{"footnotes":""},"class_list":["post-6787","page","type-page","status-publish","hentry"],"_links":{"self":[{"href":"https:\/\/opswatches.com\/de\/wp-json\/wp\/v2\/pages\/6787","targetHints":{"allow":["GET"]}}],"collection":[{"href":"https:\/\/opswatches.com\/de\/wp-json\/wp\/v2\/pages"}],"about":[{"href":"https:\/\/opswatches.com\/de\/wp-json\/wp\/v2\/types\/page"}],"author":[{"embeddable":true,"href":"https:\/\/opswatches.com\/de\/wp-json\/wp\/v2\/users\/1"}],"replies":[{"embeddable":true,"href":"https:\/\/opswatches.com\/de\/wp-json\/wp\/v2\/comments?post=6787"}],"version-history":[{"count":10,"href":"https:\/\/opswatches.com\/de\/wp-json\/wp\/v2\/pages\/6787\/revisions"}],"predecessor-version":[{"id":6799,"href":"https:\/\/opswatches.com\/de\/wp-json\/wp\/v2\/pages\/6787\/revisions\/6799"}],"wp:attachment":[{"href":"https:\/\/opswatches.com\/de\/wp-json\/wp\/v2\/media?parent=6787"}],"curies":[{"name":"wp","href":"https:\/\/api.w.org\/{rel}","templated":true}]}}