{"id":6800,"date":"2025-05-14T18:27:13","date_gmt":"2025-05-14T10:27:13","guid":{"rendered":"https:\/\/www.opswatches.com\/?page_id=6800"},"modified":"2025-05-14T18:27:13","modified_gmt":"2025-05-14T10:27:13","slug":"benutzerdefinierte-uhr-fallstudie-2","status":"publish","type":"page","link":"https:\/\/opswatches.com\/de\/benutzerdefinierte-uhr-fallstudie-2\/","title":{"rendered":"Custom watch case study 2"},"content":{"rendered":"<div  class=\"content_row row vc_row wpb_row  default-style fullwidth has-bg-overlay has-bg-image\" style=\"background-image: url(https:\/\/opswatches.com\/wp-content\/uploads\/2025\/05\/goodyear-logo-01.jpg);background-repeat: repeat;background-size: cover;background-attachment: scroll;background-position: center center;\">\n\t<div class=\"content-row-video-overlay\" style=\"background-color:#0000009E\"><\/div>\n\n\t<div class=\"content_row_wrapper  fullwidth\" style=\"padding-top:140px;padding-bottom:100px;\">\n\t<div class=\"vc_col-sm-12 wpb_column vc_column_container\">\n\t\t<div class=\"wpb_wrapper\">\n\t\t\t<div class=\"rt_heading_wrapper\">\n\t\t\t\t\t\t<h1 class=\"rt_heading  alignleft\"  style=\"font-size:60px;color:#FFFFFF;\">Individuelle Sportuhr f\u00fcr Goodyear-Promotion<\/h1>\n\t\t\t\t\t<\/div>\n\t\t<\/div>\n\t<\/div>\n\n<\/div>\n<\/div>\n\n<div  class=\"content_row row vc_row wpb_row  default-style fullwidth\" >\n\t\n\t<div class=\"content_row_wrapper  default\" >\n\t<div class=\"vc_col-sm-12 wpb_column vc_column_container\">\n\t\t<div class=\"wpb_wrapper\">\n\t\t\t<div class=\"vc_empty_space\"   style=\"height: 32px\"><span class=\"vc_empty_space_inner\"><\/span><\/div>\n\t<div class=\"wpb_text_column wpb_content_element\" >\n\t\t<div class=\"wpb_wrapper\">\n\t\t\t<p style=\"text-align: center;\"><span style=\"color: #000000;\">Goodyear trat erneut mit einer klaren Vision an uns heran - eine kosteng\u00fcnstige Werbeuhr zu entwerfen, die mit dem Markenimage des Unternehmens \u00fcbereinstimmt. Die Herausforderung bestand darin, ein Gleichgewicht zwischen Budgetbeschr\u00e4nkungen, Funktionalit\u00e4t und Individualisierung zu finden, um ein unvergessliches Markengeschenk zu schaffen.<\/span><\/p>\n\n\t\t<\/div>\n\t<\/div>\n<div class=\"vc_empty_space\"   style=\"height: 32px\"><span class=\"vc_empty_space_inner\"><\/span><\/div>\n\t\t<\/div>\n\t<\/div>\n\n<\/div>\n<\/div>\n\n<div  class=\"content_row row vc_row wpb_row  default-style fullwidth\" >\n\t\n\t<div class=\"content_row_wrapper  default\" ><div class=\"vc_col-sm-6 wpb_column vc_column_container\">\n\t\t<div class=\"wpb_wrapper\">\n\t\t\t\n\t<div class=\"wpb_text_column wpb_content_element\" >\n\t\t<div class=\"wpb_wrapper\">\n\t\t\t<h3 data-start=\"447\" data-end=\"476\"><strong><span style=\"color: #000000;\">Den Bedarf verstehen<\/span><\/strong><\/h3>\n<p class=\"\" data-start=\"477\" data-end=\"569\"><span style=\"color: #000000;\">Wir analysierten zun\u00e4chst die Markenpositionierung und die Werbeziele von Goodyear. Die Uhr musste:<\/span><\/p>\n<ul data-start=\"570\" data-end=\"751\">\n<li class=\"\" data-start=\"570\" data-end=\"617\">\n<p class=\"\" data-start=\"572\" data-end=\"617\"><span style=\"color: #000000;\">Entspricht dem robusten, aktiven Stil der Marke<\/span><\/p>\n<\/li>\n<li class=\"\" data-start=\"618\" data-end=\"656\">\n<p class=\"\" data-start=\"620\" data-end=\"656\"><span style=\"color: #000000;\">Praktisch als Werbeartikel sein<\/span><\/p>\n<\/li>\n<li class=\"\" data-start=\"657\" data-end=\"710\">\n<p class=\"\" data-start=\"659\" data-end=\"710\"><span style=\"color: #000000;\">Erm\u00f6glichen Sie die Anpassung der Marke (Logo, Verpackung usw.)<\/span><\/p>\n<\/li>\n<li class=\"\" data-start=\"711\" data-end=\"751\">\n<p class=\"\" data-start=\"713\" data-end=\"751\"><span style=\"color: #000000;\">Innerhalb einer wettbewerbsf\u00e4higen Kostenspanne bleiben<\/span><\/p>\n<\/li>\n<\/ul>\n\n\t\t<\/div>\n\t<\/div>\n<div class=\"vc_empty_space\"   style=\"height: 32px\"><span class=\"vc_empty_space_inner\"><\/span><\/div>\n\t<div class=\"wpb_text_column wpb_content_element\" >\n\t\t<div class=\"wpb_wrapper\">\n\t\t\t<h3 data-start=\"753\" data-end=\"779\"><strong><span style=\"color: #000000;\">Produktentwicklung<\/span><\/strong><\/h3>\n<p class=\"\" data-start=\"780\" data-end=\"1000\"><span style=\"color: #000000;\">Wir schlugen drei Uhrenkonzepte vor, die jeweils den Markenkern von Goodyear widerspiegeln sollten. Der Kunde entschied sich f\u00fcr eine elektronische Sportuhr mit Digitalanzeige. Um die einzigartigen Anforderungen zu erf\u00fcllen, hat unser technisches Team:<\/span><\/p>\n<ul data-start=\"1001\" data-end=\"1196\">\n<li class=\"\" data-start=\"1001\" data-end=\"1064\">\n<p class=\"\" data-start=\"1003\" data-end=\"1064\"><span style=\"color: #000000;\">Umprogrammierung des Uhrwerks mit einer Datumsanzeige<\/span><\/p>\n<\/li>\n<li class=\"\" data-start=\"1065\" data-end=\"1127\">\n<p class=\"\" data-start=\"1067\" data-end=\"1127\"><span style=\"color: #000000;\">Integration des Goodyear-Logos in die Bildschirmoberfl\u00e4che<\/span><\/p>\n<\/li>\n<li data-start=\"1065\" data-end=\"1127\"><span style=\"color: #000000;\">\u00d6ffnen Sie eine neue Form f\u00fcr den Sekundenzeiger, um den gefl\u00fcgelten Goodyear-Fu\u00df zu zeigen.<\/span><\/li>\n<li class=\"\" data-start=\"1128\" data-end=\"1196\">\n<p class=\"\" data-start=\"1130\" data-end=\"1196\"><span style=\"color: #000000;\">Gew\u00e4hrleistung der Gesamtqualit\u00e4t unter Beibehaltung des Zielpreises<\/span><\/p>\n<\/li>\n<\/ul>\n\n\t\t<\/div>\n\t<\/div>\n\n\t\t<\/div>\n\t<\/div>\n\n\t<div class=\"vc_col-sm-6 wpb_column vc_column_container\">\n\t\t<div class=\"wpb_wrapper\">\n\t\t\t\n\t<div  class=\"wpb_single_image wpb_content_element vc_align_center wpb_content_element\">\n\t\t\n\t\t<figure class=\"wpb_wrapper vc_figure\">\n\t\t\t<div class=\"vc_single_image-wrapper   vc_box_border_grey\"><img decoding=\"async\" class=\"vc_single_image-img\" src=\"https:\/\/opswatches.com\/wp-content\/uploads\/2025\/05\/custom-made-digital-watch-220x530.jpg\" width=\"220\" height=\"530\" alt=\"ma\u00dfgefertigte Digitaluhr\" title=\"ma\u00dfgefertigte Digitaluhr\" loading=\"lazy\" \/><\/div>\n\t\t<\/figure>\n\t<\/div>\n\n\t\t<\/div>\n\t<\/div>\n<\/div>\n<\/div>\n\n<div  class=\"content_row row vc_row wpb_row  default-style fullwidth\" >\n\t\n\t<div class=\"content_row_wrapper  default\" ><div class=\"vc_col-sm-6 wpb_column vc_column_container\">\n\t\t<div class=\"wpb_wrapper\">\n\t\t\t\n\t<div  class=\"wpb_single_image wpb_content_element vc_align_left wpb_content_element\">\n\t\t\n\t\t<figure class=\"wpb_wrapper vc_figure\">\n\t\t\t<div class=\"vc_single_image-wrapper   vc_box_border_grey\"><img loading=\"lazy\" decoding=\"async\" width=\"1024\" height=\"813\" src=\"https:\/\/opswatches.com\/wp-content\/uploads\/2025\/05\/goodyear-promotion-watch-project-1024x813.jpg\" class=\"vc_single_image-img attachment-large\" alt=\"goodyear promotion watch project\" title=\"goodyear promotion watch project\" srcset=\"https:\/\/opswatches.com\/wp-content\/uploads\/2025\/05\/goodyear-promotion-watch-project-1024x813.jpg 1024w, https:\/\/opswatches.com\/wp-content\/uploads\/2025\/05\/goodyear-promotion-watch-project-300x238.jpg 300w, https:\/\/opswatches.com\/wp-content\/uploads\/2025\/05\/goodyear-promotion-watch-project-768x609.jpg 768w, https:\/\/opswatches.com\/wp-content\/uploads\/2025\/05\/goodyear-promotion-watch-project-15x12.jpg 15w, https:\/\/opswatches.com\/wp-content\/uploads\/2025\/05\/goodyear-promotion-watch-project-600x476.jpg 600w, https:\/\/opswatches.com\/wp-content\/uploads\/2025\/05\/goodyear-promotion-watch-project.jpg 1240w\" sizes=\"auto, (max-width: 1024px) 100vw, 1024px\" \/><\/div>\n\t\t<\/figure>\n\t<\/div>\n\n\t\t<\/div>\n\t<\/div>\n\n\t<div class=\"vc_col-sm-6 wpb_column vc_column_container\">\n\t\t<div class=\"wpb_wrapper\">\n\t\t\t\n\t<div class=\"wpb_text_column wpb_content_element\" >\n\t\t<div class=\"wpb_wrapper\">\n\t\t\t<h3 data-start=\"1198\" data-end=\"1211\"><strong><span style=\"color: #000000;\">Ergebnis<\/span><\/strong><\/h3>\n<p class=\"\" data-start=\"78\" data-end=\"373\"><span style=\"color: #000000;\">Das Endprodukt hat die Erwartungen in jeder Hinsicht \u00fcbertroffen. Goodyear war sehr beeindruckt von unserer Liebe zum Detail, insbesondere von den personalisierten Designelementen wie dem gelben Sekundenzeiger und dem Winged-Foot-Motiv auf dem Handschwanz, die die Markenidentit\u00e4t subtil verst\u00e4rken.<\/span><\/p>\n<p class=\"\" data-start=\"375\" data-end=\"673\"><span style=\"color: #000000;\">Die Uhr erf\u00fcllte nicht nur die praktischen Ziele eines Werbeartikels, sondern auch die visuelle Wirkung und die Pr\u00e4zision des Designs verdienten ihre volle Anerkennung. Infolgedessen sicherten wir uns eine Gro\u00dfbestellung von 36.000 St\u00fcck und setzten damit einen wichtigen Meilenstein in unserer Zusammenarbeit mit einer weltweit anerkannten Marke.<\/span><\/p>\n\n\t\t<\/div>\n\t<\/div>\n\n\t\t<\/div>\n\t<\/div>\n<\/div>\n<\/div>","protected":false},"excerpt":{"rendered":"Custom Sports Watch for Goodyear Promotion Goodyear approached us again with a clear vision \u2014 to create a cost-effective promotional watch that aligns with their brand image. The challenge was to balance budget constraints with functionality and customization to deliver a memorable branded gift. Understanding the Need We first analyzed Goodyear\u2019s brand positioning and promotional [...]","protected":false},"author":1,"featured_media":0,"parent":0,"menu_order":0,"comment_status":"closed","ping_status":"closed","template":"","meta":{"footnotes":""},"class_list":["post-6800","page","type-page","status-publish","hentry"],"_links":{"self":[{"href":"https:\/\/opswatches.com\/de\/wp-json\/wp\/v2\/pages\/6800","targetHints":{"allow":["GET"]}}],"collection":[{"href":"https:\/\/opswatches.com\/de\/wp-json\/wp\/v2\/pages"}],"about":[{"href":"https:\/\/opswatches.com\/de\/wp-json\/wp\/v2\/types\/page"}],"author":[{"embeddable":true,"href":"https:\/\/opswatches.com\/de\/wp-json\/wp\/v2\/users\/1"}],"replies":[{"embeddable":true,"href":"https:\/\/opswatches.com\/de\/wp-json\/wp\/v2\/comments?post=6800"}],"version-history":[{"count":6,"href":"https:\/\/opswatches.com\/de\/wp-json\/wp\/v2\/pages\/6800\/revisions"}],"predecessor-version":[{"id":6978,"href":"https:\/\/opswatches.com\/de\/wp-json\/wp\/v2\/pages\/6800\/revisions\/6978"}],"wp:attachment":[{"href":"https:\/\/opswatches.com\/de\/wp-json\/wp\/v2\/media?parent=6800"}],"curies":[{"name":"wp","href":"https:\/\/api.w.org\/{rel}","templated":true}]}}