{"id":6814,"date":"2025-05-17T15:57:50","date_gmt":"2025-05-17T07:57:50","guid":{"rendered":"https:\/\/www.opswatches.com\/?page_id=6814"},"modified":"2025-05-17T15:57:50","modified_gmt":"2025-05-17T07:57:50","slug":"fallstudien-zu-kundenspezifischen-uhren","status":"publish","type":"page","link":"https:\/\/opswatches.com\/de\/fallstudien-zu-kundenspezifischen-uhren\/","title":{"rendered":"Fallstudien \u00fcber kundenspezifische Uhren"},"content":{"rendered":"<div  class=\"content_row row vc_row wpb_row  default-style fullwidth has-bg-image\" style=\"background-image: url(https:\/\/opswatches.com\/wp-content\/uploads\/2025\/03\/about_us-1.jpg);background-repeat: repeat;background-size: cover;background-attachment: scroll;background-position: center center;\">\n\t\n\t<div class=\"content_row_wrapper  default\" style=\"padding-top:100px;padding-bottom:140px;\">\n\t<div class=\"vc_col-sm-12 wpb_column vc_column_container\">\n\t\t<div class=\"wpb_wrapper\">\n\t\t\t<div class=\"rt_heading_wrapper\">\n\t\t\t\t\t\t<h1 class=\"rt_heading  alignleft body-font\"  style=\"font-size:60px;color:#FFFFFF;\">Fallstudien \u00fcber kundenspezifische Uhren<\/h1>\n\t\t\t\t\t<\/div>\n\t\t<\/div>\n\t<\/div>\n\n<\/div>\n<\/div>\n\n<div  class=\"content_row row vc_row wpb_row  default-style fullwidth\" >\n\t\n\t<div class=\"content_row_wrapper  default\" ><div class=\"vc_col-sm-6 wpb_column vc_column_container\">\n\t\t<div class=\"wpb_wrapper\">\n\t\t\t\n<div  class=\"content_row row vc_row wpb_row vc_inner  global-style\" >\n\t\n\t<div class=\"content_row_wrapper\" >\n\t<div class=\"vc_col-sm-12 wpb_column vc_column_container\">\n\t\t<div class=\"wpb_wrapper\">\n\t\t\t<div class=\"vc_empty_space\"   style=\"height: 150px\"><span class=\"vc_empty_space_inner\"><\/span><\/div><div class=\"rt_heading_wrapper style-1\">\n\t\t\t\t\t\t<h2 class=\"rt_heading  body-font style-1\"  style=\"font-size:45px;\">Etablierte britische Uhrenmarke<\/h2>\n\t\t\t\t\t<\/div>\n\t<div class=\"wpb_text_column wpb_content_element\" >\n\t\t<div class=\"wpb_wrapper\">\n\t\t\t<p style=\"text-align: left;\"><span style=\"color: #000000;\">Nachdem wir auf einer deutschen Messe Kontakte gekn\u00fcpft hatten, gingen wir eine Partnerschaft mit einer britischen Marke ein, die bessere Preise, einen besseren Cashflow und bessere Bedingungen f\u00fcr die Entwicklung von Mustern wollte. Innerhalb von drei Jahren wurden wir mit 25.000 Einheiten\/Monat zu ihrem Hauptlieferanten.<\/span><\/p>\n\n\t\t<\/div>\n\t<\/div>\n<div class=\"vc_btn3-container vc_btn3-left vc_do_btn\" ><a onmouseleave=\"this.style.borderColor='#000000'; this.style.backgroundColor='transparent'; this.style.color='#000000'\" onmouseenter=\"this.style.borderColor='#000000'; this.style.backgroundColor='#000000'; this.style.color='#fff';\" style=\"border-color:#000000; color:#000000;\" class=\"vc_general vc_btn3 vc_btn3-size-md vc_btn3-shape-square vc_btn3-style-outline-custom\" href=\"https:\/\/www.opswatches.com\/case-study-3\/\" title=\"\">Mehr lesen<\/a><\/div>\n\t\t<\/div>\n\t<\/div>\n\n<\/div>\n<\/div>\n\n\t\t<\/div>\n\t<\/div>\n\n\t<div class=\"vc_col-sm-6 wpb_column vc_column_container\">\n\t\t<div class=\"wpb_wrapper\">\n\t\t\t\n\t<div  class=\"wpb_single_image wpb_content_element vc_align_left wpb_content_element\">\n\t\t\n\t\t<figure class=\"wpb_wrapper vc_figure\">\n\t\t\t<div class=\"vc_single_image-wrapper vc_box_shadow_3d  vc_box_border_grey\"><img loading=\"lazy\" decoding=\"async\" width=\"700\" height=\"700\" src=\"https:\/\/opswatches.com\/wp-content\/uploads\/2025\/05\/well-established-watch-brand-case-study.jpg\" class=\"vc_single_image-img attachment-large\" alt=\"Fallstudie \u00fcber eine gut eingef\u00fchrte Uhrenmarke\" title=\"Fallstudie \u00fcber eine gut eingef\u00fchrte Uhrenmarke\" srcset=\"https:\/\/opswatches.com\/wp-content\/uploads\/2025\/05\/well-established-watch-brand-case-study.jpg 700w, https:\/\/opswatches.com\/wp-content\/uploads\/2025\/05\/well-established-watch-brand-case-study-300x300.jpg 300w, https:\/\/opswatches.com\/wp-content\/uploads\/2025\/05\/well-established-watch-brand-case-study-150x150.jpg 150w, https:\/\/opswatches.com\/wp-content\/uploads\/2025\/05\/well-established-watch-brand-case-study-12x12.jpg 12w, https:\/\/opswatches.com\/wp-content\/uploads\/2025\/05\/well-established-watch-brand-case-study-600x600.jpg 600w, https:\/\/opswatches.com\/wp-content\/uploads\/2025\/05\/well-established-watch-brand-case-study-100x100.jpg 100w\" sizes=\"auto, (max-width: 700px) 100vw, 700px\" \/><\/div>\n\t\t<\/figure>\n\t<\/div>\n\n\t\t<\/div>\n\t<\/div>\n<\/div>\n<\/div>\n\n<div  class=\"content_row row vc_row wpb_row  default-style fullwidth\" >\n\t\n\t<div class=\"content_row_wrapper  default\" ><div class=\"vc_col-sm-6 wpb_column vc_column_container\">\n\t\t<div class=\"wpb_wrapper\">\n\t\t\t\n<div  class=\"content_row row vc_row wpb_row vc_inner  global-style\" >\n\t\n\t<div class=\"content_row_wrapper\" >\n\t<div class=\"vc_col-sm-12 wpb_column vc_column_container\">\n\t\t<div class=\"wpb_wrapper\">\n\t\t\t\n\t<div  class=\"wpb_single_image wpb_content_element vc_align_left wpb_content_element\">\n\t\t\n\t\t<figure class=\"wpb_wrapper vc_figure\">\n\t\t\t<div class=\"vc_single_image-wrapper vc_box_shadow_3d  vc_box_border_grey\"><img loading=\"lazy\" decoding=\"async\" width=\"1024\" height=\"813\" src=\"https:\/\/opswatches.com\/wp-content\/uploads\/2025\/05\/goodyear-promotion-watch-project-1024x813.jpg\" class=\"vc_single_image-img attachment-large\" alt=\"goodyear promotion watch project\" title=\"goodyear promotion watch project\" srcset=\"https:\/\/opswatches.com\/wp-content\/uploads\/2025\/05\/goodyear-promotion-watch-project-1024x813.jpg 1024w, https:\/\/opswatches.com\/wp-content\/uploads\/2025\/05\/goodyear-promotion-watch-project-300x238.jpg 300w, https:\/\/opswatches.com\/wp-content\/uploads\/2025\/05\/goodyear-promotion-watch-project-768x609.jpg 768w, https:\/\/opswatches.com\/wp-content\/uploads\/2025\/05\/goodyear-promotion-watch-project-15x12.jpg 15w, https:\/\/opswatches.com\/wp-content\/uploads\/2025\/05\/goodyear-promotion-watch-project-600x476.jpg 600w, https:\/\/opswatches.com\/wp-content\/uploads\/2025\/05\/goodyear-promotion-watch-project.jpg 1240w\" sizes=\"auto, (max-width: 1024px) 100vw, 1024px\" \/><\/div>\n\t\t<\/figure>\n\t<\/div>\n\n\t\t<\/div>\n\t<\/div>\n\n<\/div>\n<\/div>\n\n\t\t<\/div>\n\t<\/div>\n\n\t<div class=\"vc_col-sm-6 wpb_column vc_column_container\">\n\t\t<div class=\"wpb_wrapper\">\n\t\t\t<div class=\"vc_empty_space\"   style=\"height: 75px\"><span class=\"vc_empty_space_inner\"><\/span><\/div><div class=\"rt_heading_wrapper style-1\">\n\t\t\t\t\t\t<h2 class=\"rt_heading  body-font style-1\"  style=\"font-size:45px;\">Goodyear Werbegeschenk Uhrenprojekt<\/h2>\n\t\t\t\t\t<\/div>\n\t<div class=\"wpb_text_column wpb_content_element\" >\n\t\t<div class=\"wpb_wrapper\">\n\t\t\t<p style=\"text-align: left;\">Eine Uhr, die den Marken- und Kostenzielen des Unternehmens entsprach. Mit ma\u00dfgeschneiderter Elektronik, einzigartigen Designdetails und hervorragender Ausf\u00fchrung f\u00fchrte das Projekt zu einer Bestellung von 36.000 St\u00fcck.<\/p>\n\n\t\t<\/div>\n\t<\/div>\n<div class=\"vc_btn3-container vc_btn3-left vc_do_btn\" ><a onmouseleave=\"this.style.borderColor='#000000'; this.style.backgroundColor='transparent'; this.style.color='#000000'\" onmouseenter=\"this.style.borderColor='#000000'; this.style.backgroundColor='#000000'; this.style.color='#fff';\" style=\"border-color:#000000; color:#000000;\" class=\"vc_general vc_btn3 vc_btn3-size-md vc_btn3-shape-square vc_btn3-style-outline-custom\" href=\"https:\/\/www.opswatches.com\/custom-watch-case-study-2\/\" title=\"\">Mehr lesen<\/a><\/div>\n\t\t<\/div>\n\t<\/div>\n<\/div>\n<\/div>\n\n<div  class=\"content_row row vc_row wpb_row  default-style fullwidth\" >\n\t\n\t<div class=\"content_row_wrapper  default\" ><div class=\"vc_col-sm-6 wpb_column vc_column_container\">\n\t\t<div class=\"wpb_wrapper\">\n\t\t\t\n<div  class=\"content_row row vc_row wpb_row vc_inner  global-style\" >\n\t\n\t<div class=\"content_row_wrapper\" >\n\t<div class=\"vc_col-sm-12 wpb_column vc_column_container\">\n\t\t<div class=\"wpb_wrapper\">\n\t\t\t<div class=\"vc_empty_space\"   style=\"height: 70px\"><span class=\"vc_empty_space_inner\"><\/span><\/div><div class=\"rt_heading_wrapper style-1\">\n\t\t\t\t\t\t<h2 class=\"rt_heading  body-font style-1\"  style=\"font-size:50px;\">Ma\u00dfgeschneiderte Uhr f\u00fcr eine niederl\u00e4ndische Startup-Marke<\/h2>\n\t\t\t\t\t<\/div>\n\t<div class=\"wpb_text_column wpb_content_element\" >\n\t\t<div class=\"wpb_wrapper\">\n\t\t\t<p style=\"text-align: left;\">Wir halfen einem niederl\u00e4ndischen Startup dabei, seinen handgezeichneten Entwurf in einen fertigen Zeitmesser zu verwandeln. Von der Verfeinerung des Konzepts bis zur flexiblen Bemusterung und Produktion erm\u00f6glichte unsere Unterst\u00fctzung eine erfolgreiche Markteinf\u00fchrung mit st\u00e4ndigen Nachbestellungen.<\/p>\n\n\t\t<\/div>\n\t<\/div>\n<div class=\"vc_btn3-container vc_btn3-left vc_do_btn\" ><a onmouseleave=\"this.style.borderColor='#000000'; this.style.backgroundColor='transparent'; this.style.color='#000000'\" onmouseenter=\"this.style.borderColor='#000000'; this.style.backgroundColor='#000000'; this.style.color='#fff';\" style=\"border-color:#000000; color:#000000;\" class=\"vc_general vc_btn3 vc_btn3-size-md vc_btn3-shape-square vc_btn3-style-outline-custom\" href=\"https:\/\/www.opswatches.com\/custom-watch-case-study-1\/\" title=\"\">Mehr lesen<\/a><\/div>\n\t\t<\/div>\n\t<\/div>\n\n<\/div>\n<\/div>\n\n\t\t<\/div>\n\t<\/div>\n\n\t<div class=\"vc_col-sm-6 wpb_column vc_column_container\">\n\t\t<div class=\"wpb_wrapper\">\n\t\t\t\n<div  class=\"content_row row vc_row wpb_row vc_inner  global-style\" >\n\t\n\t<div class=\"content_row_wrapper\" >\n\t<div class=\"vc_col-sm-12 wpb_column vc_column_container\">\n\t\t<div class=\"wpb_wrapper\">\n\t\t\t\n\t<div  class=\"wpb_single_image wpb_content_element vc_align_left wpb_content_element\">\n\t\t\n\t\t<figure class=\"wpb_wrapper vc_figure\">\n\t\t\t<div class=\"vc_single_image-wrapper   vc_box_border_grey\"><img loading=\"lazy\" decoding=\"async\" width=\"1024\" height=\"731\" src=\"https:\/\/opswatches.com\/wp-content\/uploads\/2025\/05\/custom-watch-case-study-1-1024x731.jpg\" class=\"vc_single_image-img attachment-large\" alt=\"Fallstudie \u00fcber kundenspezifische Uhren\" title=\"benutzerdefinierte Uhr Fallstudie 1\" srcset=\"https:\/\/opswatches.com\/wp-content\/uploads\/2025\/05\/custom-watch-case-study-1-1024x731.jpg 1024w, https:\/\/opswatches.com\/wp-content\/uploads\/2025\/05\/custom-watch-case-study-1-300x214.jpg 300w, https:\/\/opswatches.com\/wp-content\/uploads\/2025\/05\/custom-watch-case-study-1-768x548.jpg 768w, https:\/\/opswatches.com\/wp-content\/uploads\/2025\/05\/custom-watch-case-study-1-18x12.jpg 18w, https:\/\/opswatches.com\/wp-content\/uploads\/2025\/05\/custom-watch-case-study-1-600x428.jpg 600w, https:\/\/opswatches.com\/wp-content\/uploads\/2025\/05\/custom-watch-case-study-1.jpg 1080w\" sizes=\"auto, (max-width: 1024px) 100vw, 1024px\" \/><\/div>\n\t\t<\/figure>\n\t<\/div>\n\n\t\t<\/div>\n\t<\/div>\n\n<\/div>\n<\/div>\n\n\t\t<\/div>\n\t<\/div>\n<\/div>\n<\/div>","protected":false},"excerpt":{"rendered":"Custom Watch Case Studies Established British Watch Brand After connecting at a German trade fair, we partnered with a UK brand seeking better pricing, cash flow, and sample development terms. Over three years, we became their top supplier with 25,000 units\/month. Read More Goodyear Promotional Gift Watch Project A watch that aligned with their brand [...]","protected":false},"author":1,"featured_media":0,"parent":0,"menu_order":0,"comment_status":"closed","ping_status":"closed","template":"","meta":{"footnotes":""},"class_list":["post-6814","page","type-page","status-publish","hentry"],"_links":{"self":[{"href":"https:\/\/opswatches.com\/de\/wp-json\/wp\/v2\/pages\/6814","targetHints":{"allow":["GET"]}}],"collection":[{"href":"https:\/\/opswatches.com\/de\/wp-json\/wp\/v2\/pages"}],"about":[{"href":"https:\/\/opswatches.com\/de\/wp-json\/wp\/v2\/types\/page"}],"author":[{"embeddable":true,"href":"https:\/\/opswatches.com\/de\/wp-json\/wp\/v2\/users\/1"}],"replies":[{"embeddable":true,"href":"https:\/\/opswatches.com\/de\/wp-json\/wp\/v2\/comments?post=6814"}],"version-history":[{"count":6,"href":"https:\/\/opswatches.com\/de\/wp-json\/wp\/v2\/pages\/6814\/revisions"}],"predecessor-version":[{"id":6821,"href":"https:\/\/opswatches.com\/de\/wp-json\/wp\/v2\/pages\/6814\/revisions\/6821"}],"wp:attachment":[{"href":"https:\/\/opswatches.com\/de\/wp-json\/wp\/v2\/media?parent=6814"}],"curies":[{"name":"wp","href":"https:\/\/api.w.org\/{rel}","templated":true}]}}