{"id":9,"date":"2015-02-02T04:30:57","date_gmt":"2015-02-02T04:30:57","guid":{"rendered":"http:\/\/rttheme19.rtthemes.com\/?page_id=9"},"modified":"2025-05-13T15:48:55","modified_gmt":"2025-05-13T07:48:55","slug":"uber-uns","status":"publish","type":"page","link":"https:\/\/opswatches.com\/de\/uber-uns\/","title":{"rendered":"About Us"},"content":{"rendered":"<div  class=\"content_row row vc_row wpb_row  default-style fullwidth has-custom-bg\" >\n\t<div class=\"rt-parallax-background has-bg-image\" data-rt-parallax-speed=\"6\" data-rt-parallax-direction=\"-1\" data-rt-parallax-effect=\"vertical\" style=\"background-image: url(https:\/\/opswatches.com\/wp-content\/uploads\/2025\/03\/about_us-1.jpg);background-repeat: repeat;background-size: cover;background-position: right top;width:100%;height:100%;top:0;\"><\/div>\n\t<div class=\"content_row_wrapper  default\" style=\"padding-top:100px;padding-bottom:140px;\">\n\t<div class=\"vc_col-sm-12 wpb_column vc_column_container\">\n\t\t<div class=\"wpb_wrapper\">\n\t\t\t<div class=\"rt_heading_wrapper style-4\">\n\t\t\t\t\t\t<h1 class=\"rt_heading  style-4\"  style=\"font-size:60px;color:#FFFFFF;margin-bottom:3px;\">Uhrenhersteller Ihrer eigenen Marke<\/h1>\n\t\t\t\t\t<\/div>\n\t\t<\/div>\n\t<\/div>\n\n<\/div>\n<\/div>\n\n<div  class=\"content_row row vc_row wpb_row  default-style fullwidth border-bottom\" >\n\t\n\t<div class=\"content_row_wrapper  default\" ><div class=\"vc_col-sm-6 wpb_column vc_column_container\">\n\t\t<div class=\"wpb_wrapper\">\n\t\t\t\n\t<div class=\"wpb_text_column wpb_content_element\" >\n\t\t<div class=\"wpb_wrapper\">\n\t\t\t<h2><strong>\u00dcber uns<\/strong><\/h2>\n\n\t\t<\/div>\n\t<\/div>\n<div class=\"vc_empty_space\"   style=\"height: 40px\"><span class=\"vc_empty_space_inner\"><\/span><\/div>\n\t<div class=\"wpb_text_column wpb_content_element\" >\n\t\t<div class=\"wpb_wrapper\">\n\t\t\t<p class=\" translation-block\">Gegr\u00fcndet im Jahr 2008 ist OPS Watches ein <strong data-start=\"156\" data-end=\"194\">Hersteller ma\u00dfgeschneiderter Uhren in China<\/strong> mit eigener Produktionsst\u00e4tte und \u00fcber 15 Jahren Erfahrung. Wir folgen internationalen Qualit\u00e4tsstandards wie <a class=\"cursor-pointer\" href=\"https:\/\/www.iso.org\/iso-9001-quality-management.html\" target=\"_blank\" rel=\"noopener\" data-start=\"962\" data-end=\"1026\">ISO 9001<\/a>, um sicherzustellen, dass jede Uhr strenge Produktionskriterien erf\u00fcllt. Unsere Fabrik erm\u00f6glicht uns volle Kontrolle \u00fcber Qualit\u00e4t, Lieferzeiten und Individualisierung \u2013 vom Design bis zur Verpackung.<\/p>\n<p>Wir unterst\u00fctzen weltweit Start-ups und etablierte Marken mit flexiblen OEM- und Private-Label-L\u00f6sungen und helfen ihnen, Ideen in ein echtes Uhren-Gesch\u00e4ft zu verwandeln. Dank unserer umfassenden Fertigungskompetenz und unserem reaktionsschnellen Service sind wir ein vertrauensw\u00fcrdiger, langfristiger Partner f\u00fcr ma\u00dfgeschneiderte Uhrenprojekte weltweit.<\/p>\n<p>Die Tatsache, dass wir uns eine so angesehene Position in der chinesischen Uhrenindustrie erarbeitet haben, ist ein weiterer Beweis f\u00fcr unseren konsequent kundenorientierten Ansatz, unsere tiefgehende Branchenerfahrung sowie unser langfristiges Engagement f\u00fcr Handwerkskunst und Zuverl\u00e4ssigkeit.<\/p>\n\n\t\t<\/div>\n\t<\/div>\n\n\t\t<\/div>\n\t<\/div>\n\n\t<div class=\"vc_col-sm-6 wpb_column vc_column_container\">\n\t\t<div class=\"wpb_wrapper\">\n\t\t\t<div class=\"vc_empty_space\"   style=\"height: 130px\"><span class=\"vc_empty_space_inner\"><\/span><\/div>\n\t<div class=\"wpb_video_widget wpb_content_element vc_clearfix   vc_video-aspect-ratio-169 vc_video-el-width-100 vc_video-align-left\" >\n\t\t<div class=\"wpb_wrapper\">\n\t\t\t\n\t\t\t<div class=\"wpb_video_wrapper\"><div class=\"video-container\"><iframe loading=\"lazy\" title=\"OPS Fabrik\" src=\"https:\/\/player.vimeo.com\/video\/1077462822?h=e52e76bb1c&amp;dnt=1&amp;app_id=122963\" width=\"500\" height=\"281\" frameborder=\"0\" allow=\"autoplay; fullscreen; picture-in-picture; clipboard-write; encrypted-media\"><\/iframe><\/div><\/div>\n\t\t<\/div>\n\t<\/div>\n\n\t\t<\/div>\n\t<\/div>\n<\/div>\n<\/div>\n\n<div  class=\"content_row row vc_row wpb_row  default-style fullwidth\" style=\"background-color: #F8F9FA;\">\n\t\n\t<div class=\"content_row_wrapper  default\" ><div class=\"vc_col-sm-6 wpb_column vc_column_container\">\n\t\t<div class=\"wpb_wrapper\">\n\t\t\t\n\t<div  class=\"wpb_single_image wpb_content_element vc_align_left wpb_content_element\">\n\t\t\n\t\t<figure class=\"wpb_wrapper vc_figure\">\n\t\t\t<div class=\"vc_single_image-wrapper   vc_box_border_grey\"><img loading=\"lazy\" decoding=\"async\" width=\"906\" height=\"1024\" src=\"https:\/\/opswatches.com\/wp-content\/uploads\/2025\/05\/custom-watch-manufacturer-in-China-906x1024.webp\" class=\"vc_single_image-img attachment-large\" alt=\"custom watch manufacturer in China\" title=\"custom-watch-manufacturer-in-China\" srcset=\"https:\/\/opswatches.com\/wp-content\/uploads\/2025\/05\/custom-watch-manufacturer-in-China-906x1024.webp 906w, https:\/\/opswatches.com\/wp-content\/uploads\/2025\/05\/custom-watch-manufacturer-in-China-265x300.webp 265w, https:\/\/opswatches.com\/wp-content\/uploads\/2025\/05\/custom-watch-manufacturer-in-China-768x868.webp 768w, https:\/\/opswatches.com\/wp-content\/uploads\/2025\/05\/custom-watch-manufacturer-in-China-1358x1536.webp 1358w, https:\/\/opswatches.com\/wp-content\/uploads\/2025\/05\/custom-watch-manufacturer-in-China-11x12.webp 11w, https:\/\/opswatches.com\/wp-content\/uploads\/2025\/05\/custom-watch-manufacturer-in-China-600x678.webp 600w, https:\/\/opswatches.com\/wp-content\/uploads\/2025\/05\/custom-watch-manufacturer-in-China.webp 1468w\" sizes=\"auto, (max-width: 906px) 100vw, 906px\" \/><\/div>\n\t\t<\/figure>\n\t<\/div>\n\n\t\t<\/div>\n\t<\/div>\n\n\t<div class=\"vc_col-sm-6 wpb_column vc_column_container\">\n\t\t<div class=\"wpb_wrapper\">\n\t\t\t<div class=\"vc_empty_space\"   style=\"height: 45px\"><span class=\"vc_empty_space_inner\"><\/span><\/div>\n\t<div class=\"wpb_text_column wpb_content_element\" >\n\t\t<div class=\"wpb_wrapper\">\n\t\t\t<h2><strong>Zuverl\u00e4ssiger Hersteller ma\u00dfgeschneiderter Uhren<\/strong><\/h2>\n<h2><strong>Qualit\u00e4t an erster Stelle und kundenorientierter Ansatz<\/strong><\/h2>\n\n\t\t<\/div>\n\t<\/div>\n\n\t<div class=\"wpb_text_column wpb_content_element\" >\n\t\t<div class=\"wpb_wrapper\">\n\t\t\t<p class=\" translation-block\">Wir werden weiterhin konsequent unseren hohen Qualit\u00e4ts- und Servicestandards folgen. Neben unserem umfassenden Angebot an <a href=\"https:\/\/opswatches.com\/\" target=\"_blank\" rel=\"noopener noreferrer\">Uhrenherstellung<\/a> bieten wir unseren Kunden auch wettbewerbsf\u00e4hige Konditionen, um ihr Uhrengesch\u00e4ft auszubauen und gemeinsam zu wachsen.<\/p>\n<p>Bei OPS Watches legen wir gro\u00dfen Wert auf den Aufbau enger und langfristiger Beziehungen zu all unseren Gesch\u00e4ftspartnern. Dieser kooperative Ansatz erm\u00f6glicht es uns, innovative Uhrl\u00f6sungen zu entwickeln, die speziell auf die Marktbed\u00fcrfnisse jedes Kunden zugeschnitten sind. Unser kluges und kreatives Team arbeitet nahtlos zusammen, um einzigartige Zeitmesser-Ideen zum Leben zu erwecken, w\u00e4hrend unser strenges und effizientes Qualit\u00e4tskontrollsystem sicherstellt, dass jede unserer Uhren die h\u00f6chsten Standards in Design und Handwerkskunst erf\u00fcllt.<\/p>\n\n\t\t<\/div>\n\t<\/div>\n\n\t\t<\/div>\n\t<\/div>\n<\/div>\n<\/div>\n\n<div  class=\"content_row row vc_row wpb_row  default-style fullwidth\" >\n\t\n\t<div class=\"content_row_wrapper  default\" ><div class=\"vc_col-sm-6 wpb_column vc_column_container\">\n\t\t<div class=\"wpb_wrapper\">\n\t\t\t\n\t<div  class=\"wpb_single_image wpb_content_element vc_align_center wpb_content_element\">\n\t\t\n\t\t<figure class=\"wpb_wrapper vc_figure\">\n\t\t\t<div class=\"vc_single_image-wrapper   vc_box_border_grey\"><img loading=\"lazy\" decoding=\"async\" width=\"474\" height=\"355\" src=\"https:\/\/opswatches.com\/wp-content\/uploads\/2020\/08\/OPS-TEAM.jpg\" class=\"vc_single_image-img attachment-large\" alt=\"Ops Verkaufsteam\" title=\"OPS TEAM\" srcset=\"https:\/\/opswatches.com\/wp-content\/uploads\/2020\/08\/OPS-TEAM.jpg 474w, https:\/\/opswatches.com\/wp-content\/uploads\/2020\/08\/OPS-TEAM-300x225.jpg 300w\" sizes=\"auto, (max-width: 474px) 100vw, 474px\" \/><\/div>\n\t\t<\/figure>\n\t<\/div>\n\n\t<div class=\"wpb_text_column wpb_content_element\" >\n\t\t<div class=\"wpb_wrapper\">\n\t\t\t<p style=\"text-align: center;\"><em>The sales and R&amp;D team behind your screen<\/em><\/p>\n\n\t\t<\/div>\n\t<\/div>\n\n\t\t<\/div>\n\t<\/div>\n\n\t<div class=\"vc_col-sm-6 wpb_column vc_column_container\">\n\t\t<div class=\"wpb_wrapper\">\n\t\t\t<div class=\"vc_empty_space\"   style=\"height: 60px\"><span class=\"vc_empty_space_inner\"><\/span><\/div>\n\t<div class=\"wpb_text_column wpb_content_element\" >\n\t\t<div class=\"wpb_wrapper\">\n\t\t\t<h2><strong>Von Leidenschaft angetrieben, Qualit\u00e4t verpflichtet<\/strong><\/h2>\n\n\t\t<\/div>\n\t<\/div>\n\n\t<div class=\"wpb_text_column wpb_content_element\" >\n\t\t<div class=\"wpb_wrapper\">\n\t\t\t<p>Als ma\u00dfgeschneiderter Uhrenhersteller in China betrachten wir den Ruf unserer Kunden als unseren eigenen, deshalb legen wir stets gro\u00dfen Wert auf Qualit\u00e4t.<\/p>\n<p>Bei Ops ist nicht nur das gesamte Team voller Fachkompetenz, sondern das ganze Team ist von den Uhren begeistert. Unser Ziel ist es, Ihnen die hochwertigen Uhren von einem leidenschaftlichen Team zu liefern.<\/p>\n<p>Das Gr\u00f6\u00dfte ist nicht unser Ziel, aber das Beste ist es!<\/p>\n\n\t\t<\/div>\n\t<\/div>\n\n\t\t<\/div>\n\t<\/div>\n<\/div>\n<\/div>\n\n<div  class=\"content_row row vc_row wpb_row  default-style fullwidth\" style=\"background-color: #F8F9FA;\">\n\t\n\t<div class=\"content_row_wrapper  default\" ><div class=\"vc_col-sm-6 wpb_column vc_column_container\">\n\t\t<div class=\"wpb_wrapper\">\n\t\t\t\n\t<div class=\"wpb_text_column wpb_content_element\" >\n\t\t<div class=\"wpb_wrapper\">\n\t\t\t<h2 style=\"text-align: center;\"><strong>Mehr \u00fcber uns<\/strong><\/h2>\n\n\t\t<\/div>\n\t<\/div>\n<div class=\"vc_btn3-container vc_btn3-center vc_do_btn\" ><a style=\"background-color:#d92323; color:#f7f7f7;\" class=\"vc_general vc_btn3 vc_btn3-size-lg vc_btn3-shape-rounded vc_btn3-style-custom vc_btn3-icon-right\" href=\"https:\/\/www.opswatches.com\/wp-content\/uploads\/2020\/08\/Ops-profile.pdf\" title=\"\" target=\"_blank\">Mehr <i class=\"vc_btn3-icon fas fa-angle-double-right\"><\/i><\/a><\/div>\n\t\t<\/div>\n\t<\/div>\n\n\t<div class=\"vc_col-sm-6 wpb_column vc_column_container\">\n\t\t<div class=\"wpb_wrapper\">\n\t\t\t\n\t<div  class=\"wpb_single_image wpb_content_element vc_align_left wpb_content_element\">\n\t\t\n\t\t<figure class=\"wpb_wrapper vc_figure\">\n\t\t\t<a href=\"https:\/\/opswatches.com\/wp-content\/uploads\/2020\/08\/Ops-profile.pdf\" target=\"_blank\" class=\"vc_single_image-wrapper   vc_box_border_grey\"><img loading=\"lazy\" decoding=\"async\" width=\"1024\" height=\"576\" src=\"https:\/\/opswatches.com\/wp-content\/uploads\/2020\/08\/Ops-profile-1-1024x576.jpg\" class=\"vc_single_image-img attachment-large\" alt=\"ops Firmenprofil\" title=\"Ops-profile-1\" srcset=\"https:\/\/opswatches.com\/wp-content\/uploads\/2020\/08\/Ops-profile-1-1024x576.jpg 1024w, https:\/\/opswatches.com\/wp-content\/uploads\/2020\/08\/Ops-profile-1-scaled-600x338.jpg 600w, https:\/\/opswatches.com\/wp-content\/uploads\/2020\/08\/Ops-profile-1-300x169.jpg 300w, https:\/\/opswatches.com\/wp-content\/uploads\/2020\/08\/Ops-profile-1-768x432.jpg 768w, https:\/\/opswatches.com\/wp-content\/uploads\/2020\/08\/Ops-profile-1-1536x864.jpg 1536w, https:\/\/opswatches.com\/wp-content\/uploads\/2020\/08\/Ops-profile-1-scaled.jpg 2048w\" sizes=\"auto, (max-width: 1024px) 100vw, 1024px\" \/><\/a>\n\t\t<\/figure>\n\t<\/div>\n\n\t\t<\/div>\n\t<\/div>\n<\/div>\n<\/div>","protected":false},"excerpt":{"rendered":"Custom Watch Manufacturer In China WHO WE ARE Founded in 2008, OPS Watches is a custom watch manufacturer in China with in-house production facilities and over 15 years of experience. We follow international quality standards such as ISO 9001 to ensure every watch meets rigorous production criteria. Our factory enables us to offer full control [...]","protected":false},"author":1,"featured_media":0,"parent":0,"menu_order":0,"comment_status":"closed","ping_status":"open","template":"","meta":{"footnotes":""},"class_list":["post-9","page","type-page","status-publish","hentry"],"_links":{"self":[{"href":"https:\/\/opswatches.com\/de\/wp-json\/wp\/v2\/pages\/9","targetHints":{"allow":["GET"]}}],"collection":[{"href":"https:\/\/opswatches.com\/de\/wp-json\/wp\/v2\/pages"}],"about":[{"href":"https:\/\/opswatches.com\/de\/wp-json\/wp\/v2\/types\/page"}],"author":[{"embeddable":true,"href":"https:\/\/opswatches.com\/de\/wp-json\/wp\/v2\/users\/1"}],"replies":[{"embeddable":true,"href":"https:\/\/opswatches.com\/de\/wp-json\/wp\/v2\/comments?post=9"}],"version-history":[{"count":20,"href":"https:\/\/opswatches.com\/de\/wp-json\/wp\/v2\/pages\/9\/revisions"}],"predecessor-version":[{"id":4836,"href":"https:\/\/opswatches.com\/de\/wp-json\/wp\/v2\/pages\/9\/revisions\/4836"}],"wp:attachment":[{"href":"https:\/\/opswatches.com\/de\/wp-json\/wp\/v2\/media?parent=9"}],"curies":[{"name":"wp","href":"https:\/\/api.w.org\/{rel}","templated":true}]}}