{"id":3398,"date":"2018-07-06T17:33:02","date_gmt":"2018-07-06T09:33:02","guid":{"rendered":"http:\/\/www.opswatches.com\/?page_id=3398"},"modified":"2018-07-06T17:42:47","modified_gmt":"2018-07-06T09:42:47","slug":"politica-de-privacidad","status":"publish","type":"page","link":"https:\/\/opswatches.com\/es\/politica-de-privacidad\/","title":{"rendered":"T\u00e9rminos y condiciones"},"content":{"rendered":"<h2>T\u00e9rminos y condiciones<\/h2>\n<p>&nbsp;<\/p>\n<p><strong><b>Lea nuestros t\u00e9rminos y condiciones a continuaci\u00f3n:<\/b><\/strong><br \/>\nOps Watch Co., Ltd proporciona acceso y uso del sitio web de Ops Watch Co., Ltd sujeto a los siguientes t\u00e9rminos y condiciones.<\/p>\n<p><strong><b>Definiciones<\/b><\/strong><br \/>\nThrough this document the terms USER and YOU are defined as any visitor to the site for whatever reason, whether that person is a non-registered user, a registered user or a subscriber. The terms we and us mean the company and the directors of Ops Watch\u00a0Co.,Ltd.<\/p>\n<p><strong><b>Nombres comerciales y marcas comerciales<\/b><\/strong><br \/>\nOps Watch\u00a0is the registered trademark of Ops Watches Co.,Ltd.<br \/>\nTodas las dem\u00e1s marcas comerciales utilizadas en el sitio son reconocidas y aceptadas como propiedad de sus respectivos propietarios.<\/p>\n<p><strong><b>El uso de la <\/b><\/strong><strong><b>Ops W<\/b><\/strong><strong><b>sitio web de atch<\/b><\/strong><br \/>\nAl acceder y utilizar el sitio web de Ops Watch, acepta estar legalmente vinculado por estos t\u00e9rminos y condiciones. Aconsejamos a todos los usuarios que lean atentamente estos t\u00e9rminos y condiciones de uso.<\/p>\n<p><strong><b>Cambios de contenido<\/b><\/strong><br \/>\nOps Watch modificar\u00e1 estos t\u00e9rminos de vez en cuando. Estos cambios se realizar\u00e1n en l\u00ednea. Revise los t\u00e9rminos y condiciones de estos cambios con regularidad para asegurarse de estar al tanto de los cambios en los t\u00e9rminos y condiciones que puedan aplicarse a usted. Su uso continuado del sitio despu\u00e9s de dichos cambios supone que ha aceptado dichos cambios.<br \/>\nCualquier \u00e1rea del sitio que pueda verse afectada por cambios por parte del usuario de terceros asociados.<\/p>\n<p><strong><b>Ops W<\/b><\/strong><strong><b>Propiedad del contenido de atch Co., Ltd\u00a0<\/b><\/strong><br \/>\nEl usuario no puede copiar, reproducir, volver a publicar, descargar, publicar, difundir, transmitir, poner a disposici\u00f3n del p\u00fablico ni utilizar de ninguna otra manera ning\u00fan contenido de Ops Watch de ninguna manera, excepto para uso personal y no comercial. El usuario no podr\u00e1 adaptar, alterar o crear ninguna obra compuesta. Para uso comercial o no personal, comun\u00edquese con Ops Watch para solicitar permiso por escrito.<br \/>\nLos derechos de autor del sitio web de Ops Watch Co., Ltd, incluido el dise\u00f1o del sitio web, el texto y los gr\u00e1ficos, adem\u00e1s de la navegaci\u00f3n y todo el contenido, las im\u00e1genes, los diagramas y el material de la base de datos son propiedad exclusiva de los relojes. Todos los derechos estan reservados. Ninguno de este material puede ser reproducido, redistribuido o almacenado sin nuestro permiso por escrito. El usuario puede descargar y \/ o imprimir una \u00fanica copia para su uso no comercial.<\/p>\n<p><strong><b>Uso del <\/b><\/strong><strong><b>Ops W<\/b><\/strong><strong><b>sitio web de atch Co., Ltd<\/b><\/strong><br \/>\nCualquier uso del sitio web de Ops Watch Co., Ltd debe ser para fines legales y no debe afectar los derechos, restringir otro uso o devaluar de otra manera el sitio web de Ops Watch Co., Ltd.<\/p>\n<p><strong><b>Renuncias y limitaci\u00f3n de responsabilidad<\/b><\/strong><br \/>\nEl contenido de Ops Watch Co., Ltd, incluida la informaci\u00f3n, los nombres, las im\u00e1genes, las im\u00e1genes, los logotipos y los \u00edconos relacionados con Ops Watch se proporciona sin ning\u00fan tipo de garant\u00eda (ya sea expresa o impl\u00edcita por ley) en la medida permitida por la ley. incluidas las garant\u00edas impl\u00edcitas de calidad satisfactoria, idoneidad para un prop\u00f3sito particular, no infracci\u00f3n, compatibilidad, seguridad y precisi\u00f3n.<\/p>\n<p><strong><b>Acceso al sitio web y contenido\u00a0<\/b><\/strong><br \/>\nOps Watch Co., Ltd expect to allow uninterrupted access to our website at all times. However access to the Ops Watch\u00a0website may be suspended, restricted or terminated at any time.<\/p>\n<p><strong><b>Jurisdicci\u00f3n<\/b><\/strong><br \/>\nThese terms shall be governed by and interpreted in accordance with the laws of\u00a0China.<\/p>","protected":false},"excerpt":{"rendered":"<p>Terms &amp; Conditions &nbsp; Please read our terms and conditions below: Ops Watch Co.,Ltd provides access to, and use of, the Ops Watch Co.,Ltd website subject to the following term and Conditions. Definitions Through this document the terms USER and YOU are defined as any visitor to the site for whatever reason, whether that person [&hellip;]<\/p>","protected":false},"author":1,"featured_media":0,"parent":0,"menu_order":0,"comment_status":"closed","ping_status":"closed","template":"","meta":{"footnotes":""},"class_list":["post-3398","page","type-page","status-publish","hentry"],"_links":{"self":[{"href":"https:\/\/opswatches.com\/es\/wp-json\/wp\/v2\/pages\/3398","targetHints":{"allow":["GET"]}}],"collection":[{"href":"https:\/\/opswatches.com\/es\/wp-json\/wp\/v2\/pages"}],"about":[{"href":"https:\/\/opswatches.com\/es\/wp-json\/wp\/v2\/types\/page"}],"author":[{"embeddable":true,"href":"https:\/\/opswatches.com\/es\/wp-json\/wp\/v2\/users\/1"}],"replies":[{"embeddable":true,"href":"https:\/\/opswatches.com\/es\/wp-json\/wp\/v2\/comments?post=3398"}],"version-history":[{"count":4,"href":"https:\/\/opswatches.com\/es\/wp-json\/wp\/v2\/pages\/3398\/revisions"}],"predecessor-version":[{"id":3402,"href":"https:\/\/opswatches.com\/es\/wp-json\/wp\/v2\/pages\/3398\/revisions\/3402"}],"wp:attachment":[{"href":"https:\/\/opswatches.com\/es\/wp-json\/wp\/v2\/media?parent=3398"}],"curies":[{"name":"wp","href":"https:\/\/api.w.org\/{rel}","templated":true}]}}