{"id":3403,"date":"2018-07-06T17:44:28","date_gmt":"2018-07-06T09:44:28","guid":{"rendered":"http:\/\/www.opswatches.com\/?page_id=3403"},"modified":"2018-07-06T17:44:28","modified_gmt":"2018-07-06T09:44:28","slug":"politica-de-privacidad-2","status":"publish","type":"page","link":"https:\/\/opswatches.com\/es\/politica-de-privacidad-2\/","title":{"rendered":"Pol\u00edtica de privacidad"},"content":{"rendered":"<h2>Pol\u00edtica de privacidad<\/h2>\n<p>&nbsp;<\/p>\n<p>El siguiente documento establece la Pol\u00edtica de Privacidad de Ops Watch Co., Ltd que se compromete a proporcionarle la mejor experiencia posible de servicio al cliente.<\/p>\n<p><strong><b>Recopilaci\u00f3n de su informaci\u00f3n personal<\/b><\/strong><br \/>\nHay muchos aspectos del sitio que se pueden ver sin proporcionar informaci\u00f3n personal, sin embargo, para acceder a las futuras funciones de atenci\u00f3n al cliente de Ops Watch Co., Ltd y cotizar se le pide que env\u00ede informaci\u00f3n de identificaci\u00f3n personal. Esto puede incluir, entre otros, el nombre y la direcci\u00f3n de correo electr\u00f3nico.<\/p>\n<p><strong><b>Compartir su informaci\u00f3n personal<\/b><\/strong><br \/>\nOcasionalmente, podemos contratar a otras empresas para que presten servicios en nuestro nombre, incluidos, entre otros, la gesti\u00f3n de consultas de atenci\u00f3n al cliente, la tramitaci\u00f3n de transacciones o el env\u00edo de mercanc\u00edas a los clientes. Dichas empresas s\u00f3lo podr\u00e1n obtener la informaci\u00f3n personal que necesiten para prestar el servicio. Ops Watch Co., Ltd adopta medidas razonables para garantizar que estas organizaciones est\u00e9n sujetas a obligaciones de confidencialidad y privacidad en relaci\u00f3n con la protecci\u00f3n de su informaci\u00f3n personal.<\/p>\n<p><strong><b>Uso de su informaci\u00f3n personal<\/b><\/strong><br \/>\nPara que cada visitante acceda al sitio, recopilamos expresamente la siguiente informaci\u00f3n de identificaci\u00f3n no personal, que incluye, entre otros, el tipo de navegador, la versi\u00f3n y el idioma, el sistema operativo, las p\u00e1ginas visitadas mientras navega por el Sitio, los tiempos de acceso a la p\u00e1gina y la direcci\u00f3n del sitio web de referencia. Esta informaci\u00f3n recopilada se utiliza \u00fanicamente internamente con el fin de medir el tr\u00e1fico de visitantes, las tendencias y entregarle contenido personalizado mientras se encuentra en este Sitio.<\/p>\n<p><strong><b>Cambios a esta pol\u00edtica de privacidad<\/b><\/strong><br \/>\nOps Watch Co., Ltd se reserva el derecho a modificar esta Pol\u00edtica de Privacidad en cualquier momento.<\/p>\n<p><strong><b>Contactando con nosotros<\/b><\/strong><br \/>\nOps Watch Co., Ltd agradece sus comentarios acerca de esta Pol\u00edtica de Privacidad. Si usted tiene alguna pregunta acerca de esta Pol\u00edtica de Privacidad y desea obtener m\u00e1s informaci\u00f3n, p\u00f3ngase en contacto con nosotros por cualquiera de los siguientes medios durante 7\/24.<br \/>\nEmail:\u00a0<a href=\"mailto:info@3watches.com\"><u>info @<\/u><u>operaciones<\/u><u>relojes.com<\/u><\/a><\/p>","protected":false},"excerpt":{"rendered":"<p>Privacy Policy &nbsp; This following document sets forth the Privacy Policy for Ops Watch\u00a0Co., Ltd that is committed to providing you with the best possible customer service experience. Collection of your personal information There are many aspects of the site which can be viewed without providing personal information, however, for access to future Ops Watch\u00a0Co., [&hellip;]<\/p>","protected":false},"author":1,"featured_media":0,"parent":0,"menu_order":0,"comment_status":"closed","ping_status":"closed","template":"","meta":{"footnotes":""},"class_list":["post-3403","page","type-page","status-publish","hentry"],"_links":{"self":[{"href":"https:\/\/opswatches.com\/es\/wp-json\/wp\/v2\/pages\/3403","targetHints":{"allow":["GET"]}}],"collection":[{"href":"https:\/\/opswatches.com\/es\/wp-json\/wp\/v2\/pages"}],"about":[{"href":"https:\/\/opswatches.com\/es\/wp-json\/wp\/v2\/types\/page"}],"author":[{"embeddable":true,"href":"https:\/\/opswatches.com\/es\/wp-json\/wp\/v2\/users\/1"}],"replies":[{"embeddable":true,"href":"https:\/\/opswatches.com\/es\/wp-json\/wp\/v2\/comments?post=3403"}],"version-history":[{"count":1,"href":"https:\/\/opswatches.com\/es\/wp-json\/wp\/v2\/pages\/3403\/revisions"}],"predecessor-version":[{"id":3404,"href":"https:\/\/opswatches.com\/es\/wp-json\/wp\/v2\/pages\/3403\/revisions\/3404"}],"wp:attachment":[{"href":"https:\/\/opswatches.com\/es\/wp-json\/wp\/v2\/media?parent=3403"}],"curies":[{"name":"wp","href":"https:\/\/api.w.org\/{rel}","templated":true}]}}