{"id":4808,"date":"2020-08-25T17:48:18","date_gmt":"2020-08-25T09:48:18","guid":{"rendered":"https:\/\/www.opswatches.com\/?page_id=4808"},"modified":"2022-04-12T20:11:10","modified_gmt":"2022-04-12T12:11:10","slug":"quienes-somos","status":"publish","type":"page","link":"https:\/\/opswatches.com\/es\/quienes-somos\/","title":{"rendered":"Quienes somos"},"content":{"rendered":"<div  class=\"content_row row vc_row wpb_row  default-style fullwidth\" >\n\t\n\t<div class=\"content_row_wrapper  default\" style=\"padding-top:100px;padding-bottom:140px;\">\n\t<div class=\"vc_col-sm-12 wpb_column vc_column_container\">\n\t\t<div class=\"wpb_wrapper\">\n\t\t\t<div class=\"rt_heading_wrapper style-4\">\n\t\t\t\t\t\t<h1 class=\"rt_heading  style-4\"  style=\"margin-bottom:3px;\">Qui\u00e9nes somos<\/h1>\n\t\t\t\t\t<\/div>\n\t\t<\/div>\n\t<\/div>\n\n<\/div>\n<\/div>\n\n<div  class=\"content_row row vc_row wpb_row  default-style fullwidth border-bottom\" >\n\t\n\t<div class=\"content_row_wrapper  default\" ><div class=\"vc_col-sm-6 wpb_column vc_column_container\">\n\t\t<div class=\"wpb_wrapper\">\n\t\t\t<div class=\"vc_empty_space\"   style=\"height: 40px\"><span class=\"vc_empty_space_inner\"><\/span><\/div>\n\t<div class=\"wpb_text_column wpb_content_element\" >\n\t\t<div class=\"wpb_wrapper\">\n\t\t\t<p>Our company has expanded steadily over the years, and the Ops\u00a0Watch is working with Disney, Goodyear, Gazprom and many other clients from\u00a0different countries.<\/p>\n<p>It\u2019s a credential that is a key benefit for our customers, enabling us to define and develop our own business strategy and respond correspondingly\u00a0closely to their wishes, needs and concerns. The fact that we have earned ourselves such a prestigious position within the watch manufacturing sector is\u00a0a further tribute to our strong market focus.<\/p>\n<p class=\" translation-block\">Seguiremos firmemente nuestras pautas de alta calidad y servicio. Adem\u00e1s de nuestra amplia gama de fabricaci\u00f3n de relojes, tambi\u00e9n ofrecemos a nuestros clientes una tarifa competitiva para ampliar su negocio y crecer juntos.<\/p>\n<p>At Ops\u00a0Watch we make a point of cultivating close personal contacts with all our business partners. This in turn enables us to purposefully develop\u00a0innovative new products. Our smart and skilled personnel work creatively together to produce the items that our clients need to succeed in their various\u00a0markets. The strict and efficient quality control system ensures that every our watch meets the most rigorous standards in design and quality terms.<\/p>\n\n\t\t<\/div>\n\t<\/div>\n\n\t\t<\/div>\n\t<\/div>\n\n\t<div class=\"vc_col-sm-6 wpb_column vc_column_container\">\n\t\t<div class=\"wpb_wrapper\">\n\t\t\t<div class=\"vc_empty_space\"   style=\"height: 120px\"><span class=\"vc_empty_space_inner\"><\/span><\/div>\n\t<div  class=\"wpb_single_image wpb_content_element vc_align_left wpb_content_element\">\n\t\t\n\t\t<figure class=\"wpb_wrapper vc_figure\">\n\t\t\t<div class=\"vc_single_image-wrapper vc_box_border  vc_box_border_grey\"><img loading=\"lazy\" decoding=\"async\" width=\"1024\" height=\"619\" src=\"https:\/\/opswatches.com\/wp-content\/uploads\/2019\/09\/watch-factory-1024x619.jpg\" class=\"vc_single_image-img attachment-large\" alt=\"f\u00e1brica de relojes de operaciones\" title=\"watch-factory\" srcset=\"https:\/\/opswatches.com\/wp-content\/uploads\/2019\/09\/watch-factory-1024x619.jpg 1024w, https:\/\/opswatches.com\/wp-content\/uploads\/2019\/09\/watch-factory-600x363.jpg 600w, https:\/\/opswatches.com\/wp-content\/uploads\/2019\/09\/watch-factory-300x181.jpg 300w, https:\/\/opswatches.com\/wp-content\/uploads\/2019\/09\/watch-factory-768x464.jpg 768w, https:\/\/opswatches.com\/wp-content\/uploads\/2019\/09\/watch-factory.jpg 1121w\" sizes=\"auto, (max-width: 1024px) 100vw, 1024px\" \/><\/div>\n\t\t<\/figure>\n\t<\/div>\n\n\t\t<\/div>\n\t<\/div>\n<\/div>\n<\/div>","protected":false},"excerpt":{"rendered":"WHO WE ARE Our company has expanded steadily over the years, and the Ops\u00a0Watch is working with Disney, Goodyear, Gazprom and many other clients from\u00a0different countries. It\u2019s a credential that is a key benefit for our customers, enabling us to define and develop our own business strategy and respond correspondingly\u00a0closely to their wishes, needs and [...]","protected":false},"author":1,"featured_media":0,"parent":0,"menu_order":0,"comment_status":"closed","ping_status":"closed","template":"","meta":{"footnotes":""},"class_list":["post-4808","page","type-page","status-publish","hentry"],"_links":{"self":[{"href":"https:\/\/opswatches.com\/es\/wp-json\/wp\/v2\/pages\/4808","targetHints":{"allow":["GET"]}}],"collection":[{"href":"https:\/\/opswatches.com\/es\/wp-json\/wp\/v2\/pages"}],"about":[{"href":"https:\/\/opswatches.com\/es\/wp-json\/wp\/v2\/types\/page"}],"author":[{"embeddable":true,"href":"https:\/\/opswatches.com\/es\/wp-json\/wp\/v2\/users\/1"}],"replies":[{"embeddable":true,"href":"https:\/\/opswatches.com\/es\/wp-json\/wp\/v2\/comments?post=4808"}],"version-history":[{"count":3,"href":"https:\/\/opswatches.com\/es\/wp-json\/wp\/v2\/pages\/4808\/revisions"}],"predecessor-version":[{"id":5133,"href":"https:\/\/opswatches.com\/es\/wp-json\/wp\/v2\/pages\/4808\/revisions\/5133"}],"wp:attachment":[{"href":"https:\/\/opswatches.com\/es\/wp-json\/wp\/v2\/media?parent=4808"}],"curies":[{"name":"wp","href":"https:\/\/api.w.org\/{rel}","templated":true}]}}