{"id":4813,"date":"2020-08-27T20:01:18","date_gmt":"2020-08-27T12:01:18","guid":{"rendered":"https:\/\/www.opswatches.com\/?page_id=4813"},"modified":"2020-08-27T20:01:18","modified_gmt":"2020-08-27T12:01:18","slug":"preguntas-mas-frecuentes","status":"publish","type":"page","link":"https:\/\/opswatches.com\/es\/preguntas-mas-frecuentes\/","title":{"rendered":"FAQ"},"content":{"rendered":"<div  class=\"content_row row vc_row wpb_row  default-style default\" >\n\t\n\t<div class=\"content_row_wrapper\" >\n\t<div class=\"vc_col-sm-12 wpb_column vc_column_container\">\n\t\t<div class=\"wpb_wrapper\">\n\t\t\t<div class=\"rt_heading_wrapper style-4\">\n\t\t\t\t\t\t<h2 class=\"rt_heading  style-4\" >FAQ<\/h2>\n\t\t\t\t\t<\/div>\n\t\t<\/div>\n\t<\/div>\n\n<\/div>\n<\/div>\n\n<div  class=\"content_row row vc_row wpb_row  default-style default\" >\n\t\n\t<div class=\"content_row_wrapper\" >\n\t<div class=\"vc_col-sm-12 wpb_column vc_column_container\">\n\t\t<div class=\"wpb_wrapper\">\n\t\t\t<div class=\"vc_empty_space\"   style=\"height: 32px\"><span class=\"vc_empty_space_inner\"><\/span><\/div>\n\t\t<\/div>\n\t<\/div>\n\n<\/div>\n<\/div>\n\n<div  class=\"content_row row vc_row wpb_row  default-style default\" >\n\t\n\t<div class=\"content_row_wrapper\" >\n\t<div class=\"vc_col-sm-12 wpb_column vc_column_container\">\n\t\t<div class=\"wpb_wrapper\">\n\t\t\t<div  class=\"rt-toggle\"><ol><li  class=\"\"><div class=\"toggle-head\"><div class=\"toggle-number\">1<\/div><div class=\"toggle-title\">\u00bfCu\u00e1l es la cantidad m\u00ednima de su pedido?<\/div><\/div><div class=\"toggle-content\"><\/p>\n<ul>\n<li>Para los relojes de acero inoxidable, el MOQ es de 300pcs cada modelo, 100pcs cada color, y las combinaciones de colores pueden ser m\u00faltiples.<\/li>\n<li>Para el reloj de aleaci\u00f3n, el MOQ es de 500pcs cada modelo, 100pcs cada color, y las combinaciones de colores pueden ser m\u00faltiples.<\/li>\n<\/ul>\n<p>\n<\/div><\/li><li  class=\"\"><div class=\"toggle-head\"><div class=\"toggle-number\">2<\/div><div class=\"toggle-title\">\u00bfCu\u00e1l es el precio de sus relojes?<\/div><\/div><div class=\"toggle-content\"><p>Por favor, cont\u00e1ctenos para obtener la cotizaci\u00f3n, ya que el precio difiere de los estilos, colores y funciones.<\/p>\n<\/div><\/li><li  class=\"\"><div class=\"toggle-head\"><div class=\"toggle-number\">3<\/div><div class=\"toggle-title\">\u00bfQu\u00e9 puedo cambiar con sus estilos de relojes existentes?<\/div><\/div><div class=\"toggle-content\"><p>Puedes cambiar el color de la caja, el color o dise\u00f1o de la esfera, el tipo o color de la correa, el tipo o color de las manecillas.<\/p>\n<p>H\u00e1ganos saber si quiere hacer otras modificaciones.<\/p>\n<\/div><\/li><li  class=\"\"><div class=\"toggle-head\"><div class=\"toggle-number\">4<\/div><div class=\"toggle-title\">\u00bfD\u00f3nde est\u00e1 mi logo puede poner?<\/div><\/div><div class=\"toggle-content\"><p>En la esfera, la corona, el cierre, la correa y la espalda.<\/p>\n<p>Por favor, h\u00e1ganos saber si tiene alg\u00fan requisito especial.<\/p>\n<\/div><\/li><li  class=\"\"><div class=\"toggle-head\"><div class=\"toggle-number\">5<\/div><div class=\"toggle-title\">\u00bfCon qu\u00e9 movimientos trabajas?<\/div><\/div><div class=\"toggle-content\"><p>Trabajamos con movimiento japon\u00e9s Miyota y Seiko, movimiento suizo Ronda y Sellita.<\/p>\n<\/div><\/li><li  class=\"\"><div class=\"toggle-head\"><div class=\"toggle-number\">6<\/div><div class=\"toggle-title\">\u00bfCu\u00e1l es el tiempo de entrega?<\/div><\/div><div class=\"toggle-content\"><p>40~50 d\u00edas para la producci\u00f3n en masa.<\/p>\n<\/div><\/li><li  class=\"\"><div class=\"toggle-head\"><div class=\"toggle-number\">7<\/div><div class=\"toggle-title\">\u00bfProporciona cajas?<\/div><\/div><div class=\"toggle-content\"><p>S\u00ed, puede elegir la caja en nuestro cat\u00e1logo, y tambi\u00e9n proporcionamos el manual de usuario o la tarjeta de garant\u00eda.<\/p>\n<\/div><\/li><li  class=\"\"><div class=\"toggle-head\"><div class=\"toggle-number\">8<\/div><div class=\"toggle-title\">\u00bfCu\u00e1les son las condiciones de pago?<\/div><\/div><div class=\"toggle-content\"><p>30% de dep\u00f3sito y 70% antes del env\u00edo. Los mantendremos informados sobre el proceso de producci\u00f3n en masa.<\/p>\n<\/div><\/li><li  class=\"\"><div class=\"toggle-head\"><div class=\"toggle-number\">9<\/div><div class=\"toggle-title\">\u00bfCu\u00e1l es su garant\u00eda?<\/div><\/div><div class=\"toggle-content\"><p>Ofrecemos una garant\u00eda de un a\u00f1o a cualquier reloj causado por la fabricaci\u00f3n.<\/p>\n<p>Por favor, cont\u00e1ctenos si tiene alg\u00fan requerimiento especial.<\/p>\n<\/div><\/li><li  class=\"\"><div class=\"toggle-head\"><div class=\"toggle-number\">10<\/div><div class=\"toggle-title\">\u00bfCu\u00e1l es el m\u00e9todo de env\u00edo?<\/div><\/div><div class=\"toggle-content\"><p>Normalmente le entregamos los relojes por DHL y FedEx. El mar y el tren tambi\u00e9n est\u00e1n disponibles.<\/p>\n<\/div><\/li><li  class=\"\"><div class=\"toggle-head\"><div class=\"toggle-number\">11<\/div><div class=\"toggle-title\">\u00bfPuedes ayudarme a dise\u00f1ar los relojes?<\/div><\/div><div class=\"toggle-content\"><p>S\u00ed, tenemos un equipo de dise\u00f1o para ayudarle a crear o modificar los dise\u00f1os de los relojes.<\/p>\n<\/div><\/li><li  class=\"\"><div class=\"toggle-head\"><div class=\"toggle-number\">12<\/div><div class=\"toggle-title\">\u00bfC\u00f3mo puedes proteger nuestro dise\u00f1o para que no se extienda?<\/div><\/div><div class=\"toggle-content\"><p>No proporcionaremos ninguna informaci\u00f3n de su dise\u00f1o a otras personas. El NDA ser\u00e1 firmado antes de que nos env\u00edes los dise\u00f1os.<\/p>\n<\/div><\/li><\/ol><\/div><div class=\"vc_empty_space\"   style=\"height: 20px\"><span class=\"vc_empty_space_inner\"><\/span><\/div>\n\t\t<\/div>\n\t<\/div>\n\n<\/div>\n<\/div>","protected":false},"excerpt":{"rendered":"Frequently Asked Questions 1What is your minimum order quantity? For stainless steel watches, the MOQ is 300pcs each model, 100pcs each color, and the color combinations can be multiple. For alloy watch, the MOQ is 500pcs each model, 100pcs each color, and the color combinations can be multiple. 2What is the price of your watches?Please [...]","protected":false},"author":1,"featured_media":0,"parent":0,"menu_order":0,"comment_status":"closed","ping_status":"closed","template":"","meta":{"footnotes":""},"class_list":["post-4813","page","type-page","status-publish","hentry"],"_links":{"self":[{"href":"https:\/\/opswatches.com\/es\/wp-json\/wp\/v2\/pages\/4813","targetHints":{"allow":["GET"]}}],"collection":[{"href":"https:\/\/opswatches.com\/es\/wp-json\/wp\/v2\/pages"}],"about":[{"href":"https:\/\/opswatches.com\/es\/wp-json\/wp\/v2\/types\/page"}],"author":[{"embeddable":true,"href":"https:\/\/opswatches.com\/es\/wp-json\/wp\/v2\/users\/1"}],"replies":[{"embeddable":true,"href":"https:\/\/opswatches.com\/es\/wp-json\/wp\/v2\/comments?post=4813"}],"version-history":[{"count":8,"href":"https:\/\/opswatches.com\/es\/wp-json\/wp\/v2\/pages\/4813\/revisions"}],"predecessor-version":[{"id":5659,"href":"https:\/\/opswatches.com\/es\/wp-json\/wp\/v2\/pages\/4813\/revisions\/5659"}],"wp:attachment":[{"href":"https:\/\/opswatches.com\/es\/wp-json\/wp\/v2\/media?parent=4813"}],"curies":[{"name":"wp","href":"https:\/\/api.w.org\/{rel}","templated":true}]}}