{"id":5,"date":"2015-02-02T04:19:58","date_gmt":"2015-02-02T04:19:58","guid":{"rendered":"http:\/\/rttheme19.rtthemes.com\/?page_id=5"},"modified":"2020-07-31T15:15:42","modified_gmt":"2020-07-31T07:15:42","slug":"blog","status":"publish","type":"page","link":"https:\/\/opswatches.com\/es\/blog\/","title":{"rendered":"Blog"},"content":{"rendered":"<div  class=\"content_row row vc_row wpb_row  default-style fullwidth overlap\" >\n\t\n\t<div class=\"content_row_wrapper  default\" ><div class=\"vc_col-sm-8 wpb_column vc_column_container\">\n\t\t<div class=\"wpb_wrapper\">\n\t\t\t\n<div id=\"blog-dynamicID-746837\" class=\"blog_list clearfix\" data-column-width=\"1\">\n \n\n<!-- blog box-->\n<article class=\"loop post-4421 post type-post status-publish format-standard has-post-thumbnail hentry category-watch-industry-posts tag-create-watch-brand-from-china tag-custom-watch-manufacturer tag-start-watch-business-from-home tag-start-your-own-watch-brand tag-starting-a-watch-company tag-watch-manufacturer\" id=\"post-4421\">\n\t\t\n\t\n\t\n\n\t \n\t<div class=\"text entry-content\">\n\n\t\t<!-- blog headline-->\n\t\t<h2 class=\"entry-title\"><a href=\"https:\/\/opswatches.com\/es\/comience-su-propia-marca-de-relojes\/\" rel=\"bookmark\">Gu\u00eda completa para crear su propia marca de relojes (2025 actualizada)<\/a><\/h2> \n\t\t\t\n\n\t\t<p>\u00bfTiene una idea para lanzar su propia marca de relojes pero se siente desanimado por la competencia o inseguro sobre los costes que implica? El sector de la relojer\u00eda sigue siendo muy competitivo, pero con la estrategia empresarial adecuada se puede crear una marca de \u00e9xito. Cuando MVMT entr\u00f3 en el mercado, ya exist\u00edan muchas marcas, pero construyeron un negocio [...]<\/p>\n\n\t\t\t\t<!-- meta data -->\r\n\t\t<div class=\"post_data\">\r\n\r\n\t\t\t\r\n\t\t\t\r\n\t\t\t\r\n\t\t\t\r\n\t\t<\/div><!-- \/ end div  .post_data -->\r\n\t\n\t<\/div> \n\n<\/article> \n<!-- \/ blog box-->\n \n\n<!-- blog box-->\n<article class=\"loop post-4696 post type-post status-publish format-standard hentry category-watch-industry-posts tag-butterfly-watch-clasp tag-deployant-clasp tag-fold-over-watch-clasp tag-watch-clasp-types tag-watch-manufacturer tag-watch-straps\" id=\"post-4696\">\n\t\t\n\t\n\t\n\n\t \n\t<div class=\"text entry-content\">\n\n\t\t<!-- blog headline-->\n\t\t<h2 class=\"entry-title\"><a href=\"https:\/\/opswatches.com\/es\/los-tipos-de-cierres-de-relojes-mas-usados\/\" rel=\"bookmark\">los-tipos-de-cierres-de-relojes-mas-usados<\/a><\/h2> \n\t\t\t\n\n\t\t<p>Hay muchos tipos diferentes de broches de reloj porque diferentes broches transmiten diferentes estilos. Com\u00fanmente escuchaste el cierre de mariposa, la hebilla de espiga, el cierre desplegable, etc. Cuando est\u00e1s considerando elegir una correa de reloj o discutir con el fabricante de tu reloj sobre c\u00f3mo hacer tus propios dise\u00f1os de relojes, es necesario tener m\u00e1s ideas para elegir el mejor [\u2026]<\/p>\n\n\t\t\t\t<!-- meta data -->\r\n\t\t<div class=\"post_data\">\r\n\r\n\t\t\t\r\n\t\t\t\r\n\t\t\t\r\n\t\t\t\r\n\t\t<\/div><!-- \/ end div  .post_data -->\r\n\t\n\t<\/div> \n\n<\/article> \n<!-- \/ blog box-->\n \n\n<!-- blog box-->\n<article class=\"loop post-4640 post type-post status-publish format-standard hentry category-watch-industry-posts tag-diving-watch tag-watch-manufacturer\" id=\"post-4640\">\n\t\t\n\t\n\t\n\n\t \n\t<div class=\"text entry-content\">\n\n\t\t<!-- blog headline-->\n\t\t<h2 class=\"entry-title\"><a href=\"https:\/\/opswatches.com\/es\/como-usar-un-reloj-de-buceo\/\" rel=\"bookmark\">C\u00f3mo usar un reloj de buceo<\/a><\/h2> \n\t\t\t\n\n\t\t<p>Siempre encontrar\u00e1 que hay un bisel en un reloj de buceo, pero \u00bfsabe por qu\u00e9 y c\u00f3mo usar el bisel para calcular? Los buzos tienen que llevar un tanque de ox\u00edgeno cuando se sumergen bajo el agua, y la cantidad de ox\u00edgeno est\u00e1 relacionada con el tama\u00f1o de la botella de ox\u00edgeno, por lo que los buzos [\u2026]<\/p>\n\n\t\t\t\t<!-- meta data -->\r\n\t\t<div class=\"post_data\">\r\n\r\n\t\t\t\r\n\t\t\t\r\n\t\t\t\r\n\t\t\t\r\n\t\t<\/div><!-- \/ end div  .post_data -->\r\n\t\n\t<\/div> \n\n<\/article> \n<!-- \/ blog box-->\n \n\n<!-- blog box-->\n<article class=\"loop post-5893 post type-post status-publish format-standard hentry category-uncategorized\" id=\"post-5893\">\n\t\t\n\t\n\t\n\n\t \n\t<div class=\"text entry-content\">\n\n\t\t<!-- blog headline-->\n\t\t<h2 class=\"entry-title\"><a href=\"https:\/\/opswatches.com\/es\/movimiento-miyota-9039\/\" rel=\"bookmark\">Explorando el movimiento Miyota 9039: Una gu\u00eda completa<\/a><\/h2> \n\t\t\t\n\n\t\tThe Miyota 9039 movement is a high-quality, slim, and reliable automatic movement produced by Citizen's Miyota. 9039 movement is part of Miyota's premium 9000 series, designed to compete with higher-end Swiss movements in terms of both performance and reliability. Introduced in the mid-2010s, the 9039 was developed specifically for watches without a date function, ensuring [...]\n\t\t\t\t<!-- meta data -->\r\n\t\t<div class=\"post_data\">\r\n\r\n\t\t\t\r\n\t\t\t\r\n\t\t\t\r\n\t\t\t\r\n\t\t<\/div><!-- \/ end div  .post_data -->\r\n\t\n\t<\/div> \n\n<\/article> \n<!-- \/ blog box-->\n \n\n<!-- blog box-->\n<article class=\"loop post-4624 post type-post status-publish format-standard has-post-thumbnail hentry category-uncategorized tag-custom-watch-manufacturer tag-oem-watch-manufacturer tag-start-your-own-watch-brand tag-watch-manufacturer tag-watch-manufacturers-in-china tag-watch-suppliers\" id=\"post-4624\">\n\t\t\n\t\n\t\n\n\t \n\t<div class=\"text entry-content\">\n\n\t\t<!-- blog headline-->\n\t\t<h2 class=\"entry-title\"><a href=\"https:\/\/opswatches.com\/es\/fabricantes-de-relojes-en-china\/\" rel=\"bookmark\">Fabricantes de relojes en China: cosas que debe saber<\/a><\/h2> \n\t\t\t\n\n\t\t<p>Hoy le mostraremos lo que necesita saber para trabajar con los fabricantes de relojes en China. \u00bfPor qu\u00e9 necesita fabricar los relojes de los fabricantes chinos? China es el mayor fabricante del mundo. Tambi\u00e9n es uno de los lugares m\u00e1s comunes al que recurren los vendedores en l\u00ednea para fabricar. Porcelana [\u2026]<\/p>\n\n\t\t\t\t<!-- meta data -->\r\n\t\t<div class=\"post_data\">\r\n\r\n\t\t\t\r\n\t\t\t\r\n\t\t\t\r\n\t\t\t\r\n\t\t<\/div><!-- \/ end div  .post_data -->\r\n\t\n\t<\/div> \n\n<\/article> \n<!-- \/ blog box-->\n<\/div>\n<div class=\"paging_wrapper margin-t30 margin-b30\"><ul class='page-numbers'>\n\t<li><span aria-label=\"P\u00e1gina 1\" aria-current=\"page\" class=\"page-numbers current\" data-no-translation-aria-label=\"\">1<\/span><\/li>\n\t<li><a aria-label=\"P\u00e1gina 2\" class=\"page-numbers\" href=\"https:\/\/opswatches.com\/wp-json\/wp\/v2\/pages\/5\/page\/2\/\" data-no-translation-aria-label=\"\">2<\/a><\/li>\n\t<li><a aria-label=\"P\u00e1gina 3\" class=\"page-numbers\" href=\"https:\/\/opswatches.com\/wp-json\/wp\/v2\/pages\/5\/page\/3\/\" data-no-translation-aria-label=\"\">3<\/a><\/li>\n\t<li><span class=\"page-numbers dots\">...<\/span><\/li>\n\t<li><a aria-label=\"P\u00e1gina 8\" class=\"page-numbers\" href=\"https:\/\/opswatches.com\/wp-json\/wp\/v2\/pages\/5\/page\/8\/\" data-no-translation-aria-label=\"\">8<\/a><\/li>\n\t<li><a class=\"next page-numbers\" href=\"https:\/\/opswatches.com\/wp-json\/wp\/v2\/pages\/5\/page\/2\/\"><span class=\"icon-angle-right\"><\/span><\/a><\/li>\n<\/ul>\n<\/div>\n\t\t<\/div>\n\t<\/div>\n\n\t<div class=\"vc_col-sm-4 wpb_column vc_column_container\">\n\t\t<div class=\"wpb_wrapper\">\n\t\t\t<div  class=\"vc_wp_posts wpb_content_element\">\n\t\t<div class=\"widget widget_recent_entries\">\n\t\t<h2 class=\"widgettitle\">Entradas recientes<\/h2>\n\t\t<ul>\n\t\t\t\t\t\t\t\t\t\t\t<li>\n\t\t\t\t\t<a href=\"https:\/\/opswatches.com\/es\/start-your-own-watch-brand-with-ai-in-2026\/\">Start Your Own Watch Brand with AI in 2026<\/a>\n\t\t\t\t\t\t\t\t\t<\/li>\n\t\t\t\t\t\t\t\t\t\t\t<li>\n\t\t\t\t\t<a href=\"https:\/\/opswatches.com\/es\/comience-su-propia-marca-de-relojes\/\">Gu\u00eda completa para crear su propia marca de relojes (2025 actualizada)<\/a>\n\t\t\t\t\t\t\t\t\t<\/li>\n\t\t\t\t\t\t\t\t\t\t\t<li>\n\t\t\t\t\t<a href=\"https:\/\/opswatches.com\/es\/sw-200\/\">Movimiento Sellita SW200: Gu\u00eda completa<\/a>\n\t\t\t\t\t\t\t\t\t<\/li>\n\t\t\t\t\t\t\t\t\t\t\t<li>\n\t\t\t\t\t<a href=\"https:\/\/opswatches.com\/es\/seiko-7s26\/\">Seiko 7S26 Movement- Gu\u00eda completa<\/a>\n\t\t\t\t\t\t\t\t\t<\/li>\n\t\t\t\t\t\t\t\t\t\t\t<li>\n\t\t\t\t\t<a href=\"https:\/\/opswatches.com\/es\/miyota-90s5-movement\/\">Movimiento Miyota 90S5: Todos los detalles<\/a>\n\t\t\t\t\t\t\t\t\t<\/li>\n\t\t\t\t\t<\/ul>\n\n\t\t<\/div><\/div>\n\t\t<\/div>\n\t<\/div>\n<\/div>\n<\/div>","protected":false},"excerpt":{"rendered":"Today we are going to show you the things you need to know to work with the watch manufacturers in China. Why do you need to produce the watches by the Chinese manufacturers? China is the world\u2019s largest manufacturer. It\u2019s also one of the most common places that online seller\u2019s turn to for manufacturing. China [...]","protected":false},"author":1,"featured_media":0,"parent":0,"menu_order":0,"comment_status":"closed","ping_status":"closed","template":"","meta":{"footnotes":""},"class_list":["post-5","page","type-page","status-publish","hentry"],"_links":{"self":[{"href":"https:\/\/opswatches.com\/es\/wp-json\/wp\/v2\/pages\/5","targetHints":{"allow":["GET"]}}],"collection":[{"href":"https:\/\/opswatches.com\/es\/wp-json\/wp\/v2\/pages"}],"about":[{"href":"https:\/\/opswatches.com\/es\/wp-json\/wp\/v2\/types\/page"}],"author":[{"embeddable":true,"href":"https:\/\/opswatches.com\/es\/wp-json\/wp\/v2\/users\/1"}],"replies":[{"embeddable":true,"href":"https:\/\/opswatches.com\/es\/wp-json\/wp\/v2\/comments?post=5"}],"version-history":[{"count":9,"href":"https:\/\/opswatches.com\/es\/wp-json\/wp\/v2\/pages\/5\/revisions"}],"predecessor-version":[{"id":4746,"href":"https:\/\/opswatches.com\/es\/wp-json\/wp\/v2\/pages\/5\/revisions\/4746"}],"wp:attachment":[{"href":"https:\/\/opswatches.com\/es\/wp-json\/wp\/v2\/media?parent=5"}],"curies":[{"name":"wp","href":"https:\/\/api.w.org\/{rel}","templated":true}]}}