{"id":6106,"date":"2025-03-17T18:54:44","date_gmt":"2025-03-17T10:54:44","guid":{"rendered":"https:\/\/www.opswatches.com\/?page_id=6106"},"modified":"2025-05-21T10:48:33","modified_gmt":"2025-05-21T02:48:33","slug":"fabricante-de-relojes-de-bajo-precio","status":"publish","type":"page","link":"https:\/\/opswatches.com\/es\/fabricante-de-relojes-de-bajo-precio\/","title":{"rendered":"Relojes personalizados en peque\u00f1os lotes"},"content":{"rendered":"<div  class=\"content_row row vc_row wpb_row  default-style fullwidth\" >\n\t\n\t<div class=\"content_row_wrapper  align-contents content-align-middle default\" style=\"padding-top:0px;\">\n\t<div class=\"vc_col-sm-12 wpb_column vc_column_container vc_custom_1742031892840\" style=\"padding-top:80px;padding-bottom:80px;background-image: url(https:\/\/opswatches.com\/wp-content\/uploads\/2025\/03\/about_us.jpg);background-repeat: no-repeat;background-size: cover;background-attachment: scroll;background-position: center center;\">\n\t\t<div class=\"wpb_wrapper\">\n\t\t\t\n\t<div class=\"wpb_text_column wpb_content_element vc_custom_1742119501587\" >\n\t\t<div class=\"wpb_wrapper\">\n\t\t\t<h1 style=\"text-align: center;\"><span style=\"color: #e3e1e1;\">Relojes personalizados en peque\u00f1os lotes<\/span><\/h1>\n<p style=\"text-align: center;\"><span style=\"color: #e3e1e1;\">MOQ: 100 unidades<\/span><\/p>\n\n\t\t<\/div>\n\t<\/div>\n\n\t\t<\/div>\n\t<\/div>\n\n<\/div>\n<\/div>\n\n<div  class=\"content_row row vc_row wpb_row  default-style fullwidth\" >\n\t\n\t<div class=\"content_row_wrapper  default\" ><div class=\"vc_col-sm-6 wpb_column vc_column_container\">\n\t\t<div class=\"wpb_wrapper\">\n\t\t\t<div class=\"vc_empty_space\"   style=\"height: 60px\"><span class=\"vc_empty_space_inner\"><\/span><\/div><div class=\"rt_heading_wrapper style-5\">\n\t\t\t\t\t\t<h2 class=\"rt_heading  style-5\" >Relojes personalizados con MOQ bajo<\/h2>\n\t\t\t\t\t<\/div><div class=\"vc_empty_space\"   style=\"height: 30px\"><span class=\"vc_empty_space_inner\"><\/span><\/div>\n\t<div class=\"wpb_text_column wpb_content_element\" >\n\t\t<div class=\"wpb_wrapper\">\n\t\t\t<p class=\" translation-block\">\u00bfBusca un <strong data-start=\"675\" data-end=\"705\">fabricante de relojes personalizados en peque\u00f1os lotes<\/strong> para dar vida a sus dise\u00f1os? En Ops, nos especializamos en relojes personalizados de alta calidad con cantidades de pedido flexibles, lo que facilita a nuevas marcas y empresas <a href=\"https:\/\/opswatches.com\/start-your-own-watch-brand\/\" target=\"_blank\" rel=\"noopener\">crear sus propios relojes de marca<\/a> sin necesidad de grandes inventarios.<\/p>\n<p>Tanto si est\u00e1 lanzando una nueva marca, creando un regalo promocional o probando el mercado con un lote peque\u00f1o, nuestras soluciones de MOQ bajo le ayudan a empezar con un riesgo m\u00ednimo. P\u00f3ngase en contacto con nosotros hoy mismo para hablar de su dise\u00f1o.<\/p>\n\n\t\t<\/div>\n\t<\/div>\n<div class=\"vc_btn3-container  wpb_animate_when_almost_visible wpb_zoomIn zoomIn vc_btn3-center vc_custom_1742118461296 vc_do_btn\" ><a class=\"vc_general vc_btn3 vc_btn3-size-lg vc_btn3-shape-square vc_btn3-style-modern vc_btn3-color-black\" href=\"https:\/\/www.opswatches.com\/contact-us\/\" title=\"Cont\u00e1ctenos\" target=\"_blank\">Comenzar<\/a><\/div>\n\t\t<\/div>\n\t<\/div>\n\n\t<div class=\"vc_col-sm-6 wpb_column vc_column_container\">\n\t\t<div class=\"wpb_wrapper\">\n\t\t\t\n\t<div  class=\"wpb_single_image wpb_content_element vc_align_left wpb_content_element\">\n\t\t\n\t\t<figure class=\"wpb_wrapper vc_figure\">\n\t\t\t<div class=\"vc_single_image-wrapper   vc_box_border_grey\"><img loading=\"lazy\" decoding=\"async\" width=\"1024\" height=\"987\" src=\"https:\/\/opswatches.com\/wp-content\/uploads\/2025\/03\/small-batch-custom-watches-1024x987.jpg\" class=\"vc_single_image-img attachment-large\" alt=\"fabricante de relojes personalizados de peque\u00f1o lote\" title=\"relojes personalizados de lotes peque\u00f1os\" srcset=\"https:\/\/opswatches.com\/wp-content\/uploads\/2025\/03\/small-batch-custom-watches-1024x987.jpg 1024w, https:\/\/opswatches.com\/wp-content\/uploads\/2025\/03\/small-batch-custom-watches-300x289.jpg 300w, https:\/\/opswatches.com\/wp-content\/uploads\/2025\/03\/small-batch-custom-watches-768x740.jpg 768w, https:\/\/opswatches.com\/wp-content\/uploads\/2025\/03\/small-batch-custom-watches-1536x1480.jpg 1536w, https:\/\/opswatches.com\/wp-content\/uploads\/2025\/03\/small-batch-custom-watches-12x12.jpg 12w, https:\/\/opswatches.com\/wp-content\/uploads\/2025\/03\/small-batch-custom-watches-600x578.jpg 600w, https:\/\/opswatches.com\/wp-content\/uploads\/2025\/03\/small-batch-custom-watches.jpg 1868w\" sizes=\"auto, (max-width: 1024px) 100vw, 1024px\" \/><\/div>\n\t\t<\/figure>\n\t<\/div>\n\n\t\t<\/div>\n\t<\/div>\n<\/div>\n<\/div>\n\n<div  class=\"content_row row vc_row wpb_row  default-style fullwidth\" >\n\t\n\t<div class=\"content_row_wrapper  default\" style=\"padding-top:50px;\"><div class=\"vc_col-sm-3 wpb_animate_when_almost_visible wpb_zoomIn zoomIn wpb_column vc_column_container vc_custom_1742025279914 br\">\n\t\t<div class=\"wpb_wrapper\">\n\t\t\t<div class=\"vc_icon_element vc_icon_element-outer vc_do_icon vc_icon_element-align-center\"><div class=\"vc_icon_element-inner vc_icon_element-color-custom vc_icon_element-size-lg vc_icon_element-style- vc_icon_element-background-color-grey\" ><span class=\"vc_icon_element-icon fas fa-box-open\" style=\"color:#D92323 !important\"><\/span><\/div><\/div>\n\t<div class=\"wpb_text_column wpb_content_element\" >\n\t\t<div class=\"wpb_wrapper\">\n\t\t\t<p style=\"text-align: center;\">Relojes personalizados en peque\u00f1os lotes<\/p>\n<p style=\"text-align: center;\">Empieza con solo 100 unidades \u2013 bajo MOQ, bajo riesgo<\/p>\n\n\t\t<\/div>\n\t<\/div>\n\n\t\t<\/div>\n\t<\/div>\n\n\t<div class=\"vc_col-sm-3 wpb_animate_when_almost_visible wpb_zoomIn zoomIn wpb_column vc_column_container vc_custom_1742025450769 br\">\n\t\t<div class=\"wpb_wrapper\">\n\t\t\t<div class=\"vc_icon_element vc_icon_element-outer vc_do_icon vc_icon_element-align-center\"><div class=\"vc_icon_element-inner vc_icon_element-color-custom vc_icon_element-size-lg vc_icon_element-style- vc_icon_element-background-color-grey\" ><span class=\"vc_icon_element-icon fas fa-pencil-ruler\" style=\"color:#D92323 !important\"><\/span><\/div><\/div>\n\t<div class=\"wpb_text_column wpb_content_element\" >\n\t\t<div class=\"wpb_wrapper\">\n\t\t\t<p style=\"text-align: center;\">Totalmente personalizable<\/p>\n<p style=\"text-align: center;\">Colores, movimientos, agujas, correas y m\u00e1s<\/p>\n\n\t\t<\/div>\n\t<\/div>\n\n\t\t<\/div>\n\t<\/div>\n\n\t<div class=\"vc_col-sm-3 wpb_animate_when_almost_visible wpb_zoomIn zoomIn wpb_column vc_column_container vc_custom_1742025458900 br\">\n\t\t<div class=\"wpb_wrapper\">\n\t\t\t<div class=\"vc_icon_element vc_icon_element-outer vc_do_icon vc_icon_element-align-center\"><div class=\"vc_icon_element-inner vc_icon_element-color-custom vc_icon_element-size-lg vc_icon_element-style- vc_icon_element-background-color-grey\" ><span class=\"vc_icon_element-icon fas fa-medal\" style=\"color:#D92323 !important\"><\/span><\/div><\/div>\n\t<div class=\"wpb_text_column wpb_content_element\" >\n\t\t<div class=\"wpb_wrapper\">\n\t\t\t<p style=\"text-align: center;\">Est\u00e1ndares de alta calidad<\/p>\n<p style=\"text-align: center;\">Materiales premium, control de calidad estricto<\/p>\n\n\t\t<\/div>\n\t<\/div>\n\n\t\t<\/div>\n\t<\/div>\n\n\t<div class=\"vc_col-sm-3 wpb_animate_when_almost_visible wpb_zoomIn zoomIn wpb_column vc_column_container\">\n\t\t<div class=\"wpb_wrapper\">\n\t\t\t<div class=\"vc_icon_element vc_icon_element-outer vc_do_icon vc_icon_element-align-center\"><div class=\"vc_icon_element-inner vc_icon_element-color-custom vc_icon_element-size-lg vc_icon_element-style- vc_icon_element-background-color-grey\" ><span class=\"vc_icon_element-icon fas fa-fighter-jet\" style=\"color:#D92323 !important\"><\/span><\/div><\/div>\n\t<div class=\"wpb_text_column wpb_content_element\" >\n\t\t<div class=\"wpb_wrapper\">\n\t\t\t<p style=\"text-align: center;\">Producci\u00f3n y entrega r\u00e1pidas<\/p>\n<p style=\"text-align: center;\">Cumple con tus plazos<\/p>\n\n\t\t<\/div>\n\t<\/div>\n\n\t\t<\/div>\n\t<\/div>\n<\/div>\n<\/div>\n\n<div  class=\"content_row row vc_row wpb_row  default-style fullwidth\" >\n\t\n\t<div class=\"content_row_wrapper  default\" >\n\t<div class=\"vc_col-sm-12 wpb_column vc_column_container\">\n\t\t<div class=\"wpb_wrapper\">\n\t\t\t<div class=\"vc_empty_space\"   style=\"height: 50px\"><span class=\"vc_empty_space_inner\"><\/span><\/div><div class=\"rt_heading_wrapper style-4\">\n\t\t\t\t\t\t<h2 class=\"rt_heading  style-4\" >Opciones de relojes con MOQ bajo<\/h2>\n\t\t\t\t\t<\/div>\n\t\t<\/div>\n\t<\/div>\n\n<\/div>\n<\/div>\n\n<div  class=\"content_row row vc_row wpb_row  default-style fullwidth\" >\n\t\n\t<div class=\"content_row_wrapper  default\" ><div class=\"vc_col-sm-3 wpb_column vc_column_container\">\n\t\t<div class=\"wpb_wrapper\">\n\t\t\t\n\t<div  class=\"wpb_single_image wpb_content_element vc_align_center wpb_content_element\">\n\t\t\n\t\t<figure class=\"wpb_wrapper vc_figure\">\n\t\t\t<a href=\"https:\/\/opswatches.com\/product-details\/wm-71196\/\" target=\"_blank\" class=\"vc_single_image-wrapper   vc_box_border_grey\"><img loading=\"lazy\" decoding=\"async\" width=\"300\" height=\"300\" src=\"https:\/\/opswatches.com\/wp-content\/uploads\/2025\/03\/rosegold-white-300x300.jpg\" class=\"vc_single_image-img attachment-medium\" alt=\"relojes con logotipos personalizados\" title=\"oro rosa-blanco\" srcset=\"https:\/\/opswatches.com\/wp-content\/uploads\/2025\/03\/rosegold-white-300x300.jpg 300w, https:\/\/opswatches.com\/wp-content\/uploads\/2025\/03\/rosegold-white-150x150.jpg 150w, https:\/\/opswatches.com\/wp-content\/uploads\/2025\/03\/rosegold-white-768x768.jpg 768w, https:\/\/opswatches.com\/wp-content\/uploads\/2025\/03\/rosegold-white-12x12.jpg 12w, https:\/\/opswatches.com\/wp-content\/uploads\/2025\/03\/rosegold-white-600x600.jpg 600w, https:\/\/opswatches.com\/wp-content\/uploads\/2025\/03\/rosegold-white-100x100.jpg 100w, https:\/\/opswatches.com\/wp-content\/uploads\/2025\/03\/rosegold-white.jpg 1024w\" sizes=\"auto, (max-width: 300px) 100vw, 300px\" \/><\/a>\n\t\t<\/figure>\n\t<\/div>\n\n\t<div class=\"wpb_text_column wpb_content_element\" >\n\t\t<div class=\"wpb_wrapper\">\n\t\t\t<p style=\"text-align: center;\"><span style=\"color: #000000;\">WM71196<\/span><\/p>\n\n\t\t<\/div>\n\t<\/div>\n<div class=\"vc_empty_space\"   style=\"height: 50px\"><span class=\"vc_empty_space_inner\"><\/span><\/div>\n\t\t<\/div>\n\t<\/div>\n\n\t<div class=\"vc_col-sm-3 wpb_column vc_column_container\">\n\t\t<div class=\"wpb_wrapper\">\n\t\t\t\n\t<div  class=\"wpb_single_image wpb_content_element vc_align_center wpb_content_element\">\n\t\t\n\t\t<figure class=\"wpb_wrapper vc_figure\">\n\t\t\t<a href=\"https:\/\/opswatches.com\/product-details\/wm72193\/\" target=\"_blank\" class=\"vc_single_image-wrapper   vc_box_border_grey\"><img loading=\"lazy\" decoding=\"async\" width=\"300\" height=\"300\" src=\"https:\/\/opswatches.com\/wp-content\/uploads\/2025\/03\/blue2-1-300x300.jpg\" class=\"vc_single_image-img attachment-medium\" alt=\"Fabricante de relojes de bajo precio\" title=\"azul2 (1)\" srcset=\"https:\/\/opswatches.com\/wp-content\/uploads\/2025\/03\/blue2-1-300x300.jpg 300w, https:\/\/opswatches.com\/wp-content\/uploads\/2025\/03\/blue2-1-150x150.jpg 150w, https:\/\/opswatches.com\/wp-content\/uploads\/2025\/03\/blue2-1-768x768.jpg 768w, https:\/\/opswatches.com\/wp-content\/uploads\/2025\/03\/blue2-1-12x12.jpg 12w, https:\/\/opswatches.com\/wp-content\/uploads\/2025\/03\/blue2-1-600x600.jpg 600w, https:\/\/opswatches.com\/wp-content\/uploads\/2025\/03\/blue2-1-100x100.jpg 100w, https:\/\/opswatches.com\/wp-content\/uploads\/2025\/03\/blue2-1.jpg 1000w\" sizes=\"auto, (max-width: 300px) 100vw, 300px\" \/><\/a>\n\t\t<\/figure>\n\t<\/div>\n\n\t<div class=\"wpb_text_column wpb_content_element\" >\n\t\t<div class=\"wpb_wrapper\">\n\t\t\t<p style=\"text-align: center;\"><span style=\"color: #000000;\">WM72193<\/span><\/p>\n\n\t\t<\/div>\n\t<\/div>\n\n\t\t<\/div>\n\t<\/div>\n\n\t<div class=\"vc_col-sm-3 wpb_column vc_column_container\">\n\t\t<div class=\"wpb_wrapper\">\n\t\t\t\n\t<div  class=\"wpb_single_image wpb_content_element vc_align_center wpb_content_element\">\n\t\t\n\t\t<figure class=\"wpb_wrapper vc_figure\">\n\t\t\t<a href=\"https:\/\/opswatches.com\/product-details\/wm-73019\/\" target=\"_blank\" class=\"vc_single_image-wrapper   vc_box_border_grey\"><img loading=\"lazy\" decoding=\"async\" width=\"300\" height=\"300\" src=\"https:\/\/opswatches.com\/wp-content\/uploads\/2025\/03\/silver-black-300x300.webp\" class=\"vc_single_image-img attachment-medium\" alt=\"reloj de acero inoxidable de bajo precio\" title=\"negro plateado\" srcset=\"https:\/\/opswatches.com\/wp-content\/uploads\/2025\/03\/silver-black-300x300.webp 300w, https:\/\/opswatches.com\/wp-content\/uploads\/2025\/03\/silver-black-1024x1024.webp 1024w, https:\/\/opswatches.com\/wp-content\/uploads\/2025\/03\/silver-black-150x150.webp 150w, https:\/\/opswatches.com\/wp-content\/uploads\/2025\/03\/silver-black-768x768.webp 768w, https:\/\/opswatches.com\/wp-content\/uploads\/2025\/03\/silver-black-12x12.webp 12w, https:\/\/opswatches.com\/wp-content\/uploads\/2025\/03\/silver-black-600x600.webp 600w, https:\/\/opswatches.com\/wp-content\/uploads\/2025\/03\/silver-black-100x100.webp 100w, https:\/\/opswatches.com\/wp-content\/uploads\/2025\/03\/silver-black.webp 1200w\" sizes=\"auto, (max-width: 300px) 100vw, 300px\" \/><\/a>\n\t\t<\/figure>\n\t<\/div>\n\n\t<div class=\"wpb_text_column wpb_content_element\" >\n\t\t<div class=\"wpb_wrapper\">\n\t\t\t<p style=\"text-align: center;\"><span style=\"color: #000000;\">WM73019<\/span><\/p>\n\n\t\t<\/div>\n\t<\/div>\n\n\t\t<\/div>\n\t<\/div>\n\n\t<div class=\"vc_col-sm-3 wpb_column vc_column_container\">\n\t\t<div class=\"wpb_wrapper\">\n\t\t\t\n\t<div  class=\"wpb_single_image wpb_content_element vc_align_center wpb_content_element\">\n\t\t\n\t\t<figure class=\"wpb_wrapper vc_figure\">\n\t\t\t<a href=\"https:\/\/opswatches.com\/product-details\/wm72223\/\" target=\"_blank\" class=\"vc_single_image-wrapper   vc_box_border_grey\"><img loading=\"lazy\" decoding=\"async\" width=\"300\" height=\"300\" src=\"https:\/\/opswatches.com\/wp-content\/uploads\/2025\/03\/two-tone-300x300.webp\" class=\"vc_single_image-img attachment-medium\" alt=\"reloj cuadrado personalizado para mujer\" title=\"dos tonos\" srcset=\"https:\/\/opswatches.com\/wp-content\/uploads\/2025\/03\/two-tone-300x300.webp 300w, https:\/\/opswatches.com\/wp-content\/uploads\/2025\/03\/two-tone-1024x1024.webp 1024w, https:\/\/opswatches.com\/wp-content\/uploads\/2025\/03\/two-tone-150x150.webp 150w, https:\/\/opswatches.com\/wp-content\/uploads\/2025\/03\/two-tone-768x768.webp 768w, https:\/\/opswatches.com\/wp-content\/uploads\/2025\/03\/two-tone-12x12.webp 12w, https:\/\/opswatches.com\/wp-content\/uploads\/2025\/03\/two-tone-600x600.webp 600w, https:\/\/opswatches.com\/wp-content\/uploads\/2025\/03\/two-tone-100x100.webp 100w, https:\/\/opswatches.com\/wp-content\/uploads\/2025\/03\/two-tone.webp 1400w\" sizes=\"auto, (max-width: 300px) 100vw, 300px\" \/><\/a>\n\t\t<\/figure>\n\t<\/div>\n\n\t<div class=\"wpb_text_column wpb_content_element\" >\n\t\t<div class=\"wpb_wrapper\">\n\t\t\t<p style=\"text-align: center;\"><span style=\"color: #000000;\">WM72223<\/span><\/p>\n\n\t\t<\/div>\n\t<\/div>\n\n\t\t<\/div>\n\t<\/div>\n<\/div>\n<\/div>\n\n<div  class=\"content_row row vc_row wpb_row  wpb_animate_when_almost_visible wpb_fadeInRightBig fadeInRightBig  wpb_animate_when_almost_visible wpb_fadeInRightBig fadeInRightBig default-style fullwidth\" style=\"background-color: #000000;\">\n\t\n\t<div class=\"content_row_wrapper  default\" style=\"padding-top:50px;\"><div class=\"vc_col-sm-1\/5 wpb_animate_when_almost_visible wpb_zoomIn zoomIn wpb_column vc_column_container vc_custom_1742025279914 br\">\n\t\t<div class=\"wpb_wrapper\">\n\t\t\t<p style=\"font-size: 30px;color: #D92323;text-align: left;font-family:Oswald;font-weight:400;font-style:normal\" class=\"vc_custom_heading vc_do_custom_heading\" >PASO 1<\/p>\n\t<div class=\"wpb_text_column wpb_content_element vc_custom_1742120176025\" >\n\t\t<div class=\"wpb_wrapper\">\n\t\t\t<p style=\"text-align: left;\">Elige tu dise\u00f1o \u2013 Selecciona un modelo.<\/p>\n\n\t\t<\/div>\n\t<\/div>\n\n\t\t<\/div>\n\t<\/div>\n\n\t<div class=\"vc_col-sm-1\/5 wpb_animate_when_almost_visible wpb_zoomIn zoomIn wpb_column vc_column_container vc_custom_1742025450769 br\">\n\t\t<div class=\"wpb_wrapper\">\n\t\t\t<p style=\"font-size: 30px;color: #D92323;text-align: left;font-family:Oswald;font-weight:400;font-style:normal\" class=\"vc_custom_heading vc_do_custom_heading\" >PASO 2<\/p>\n\t<div class=\"wpb_text_column wpb_content_element vc_custom_1742026680509\" >\n\t\t<div class=\"wpb_wrapper\">\n\t\t\t<p style=\"text-align: left;\">Confirma detalles y obt\u00e9n presupuesto \u2013 Materiales, colores y cantidad.<\/p>\n\n\t\t<\/div>\n\t<\/div>\n\n\t\t<\/div>\n\t<\/div>\n\n\t<div class=\"vc_col-sm-1\/5 wpb_animate_when_almost_visible wpb_zoomIn zoomIn wpb_column vc_column_container vc_custom_1742025458900 br\">\n\t\t<div class=\"wpb_wrapper\">\n\t\t\t<p style=\"font-size: 30px;color: #D92323;text-align: left;font-family:Oswald;font-weight:400;font-style:normal\" class=\"vc_custom_heading vc_do_custom_heading\" >PASO 3<\/p>\n\t<div class=\"wpb_text_column wpb_content_element vc_custom_1742120440922\" >\n\t\t<div class=\"wpb_wrapper\">\n\t\t\t<p style=\"text-align: left;\">Aprueba el dise\u00f1o final \u2013 Recibe el dibujo final.<\/p>\n\n\t\t<\/div>\n\t<\/div>\n\n\t\t<\/div>\n\t<\/div>\n\n\t<div class=\"vc_col-sm-1\/5 wpb_animate_when_almost_visible wpb_zoomIn zoomIn wpb_column vc_column_container vc_custom_1742026741564 br\">\n\t\t<div class=\"wpb_wrapper\">\n\t\t\t<p style=\"font-size: 30px;color: #D92323;text-align: left;font-family:Oswald;font-weight:400;font-style:normal\" class=\"vc_custom_heading vc_do_custom_heading\" >PASO 4<\/p>\n\t<div class=\"wpb_text_column wpb_content_element vc_custom_1742026725338\" >\n\t\t<div class=\"wpb_wrapper\">\n\t\t\t<p style=\"text-align: left;\">Producci\u00f3n en masa y control de calidad \u2013 Garantizamos calidad.<\/p>\n\n\t\t<\/div>\n\t<\/div>\n\n\t\t<\/div>\n\t<\/div>\n\n\t<div class=\"vc_col-sm-1\/5 wpb_column vc_column_container\">\n\t\t<div class=\"wpb_wrapper\">\n\t\t\t<p style=\"font-size: 30px;color: #D92323;text-align: left;font-family:Oswald;font-weight:400;font-style:normal\" class=\"vc_custom_heading vc_do_custom_heading\" >PASO 5<\/p>\n\t<div class=\"wpb_text_column wpb_content_element vc_custom_1742120369952\" >\n\t\t<div class=\"wpb_wrapper\">\n\t\t\t<p style=\"text-align: left;\">Env\u00edo y entrega \u2013 Env\u00edo r\u00e1pido mundial con DHL.<\/p>\n\n\t\t<\/div>\n\t<\/div>\n\n\t\t<\/div>\n\t<\/div>\n<\/div>\n<\/div>\n\n<div  class=\"content_row row vc_row wpb_row  default-style fullwidth\" >\n\t\n\t<div class=\"content_row_wrapper  default\" ><div class=\"vc_col-sm-6 wpb_column vc_column_container\">\n\t\t<div class=\"wpb_wrapper\">\n\t\t\t<div class=\"vc_empty_space\"   style=\"height: 50px\"><span class=\"vc_empty_space_inner\"><\/span><\/div><div class=\"vc_empty_space\"   style=\"height: 70px\"><span class=\"vc_empty_space_inner\"><\/span><\/div>\n\t<div  class=\"wpb_single_image wpb_content_element vc_align_left wpb_content_element\">\n\t\t\n\t\t<figure class=\"wpb_wrapper vc_figure\">\n\t\t\t<div class=\"vc_single_image-wrapper   vc_box_border_grey\"><img loading=\"lazy\" decoding=\"async\" width=\"1000\" height=\"514\" src=\"https:\/\/opswatches.com\/wp-content\/uploads\/2025\/03\/miyota-90s5-movement-re.webp\" class=\"vc_single_image-img attachment-large\" alt=\"reloj autom\u00e1tico de baja moq\" title=\"miyota-90s5-movimiento-re\" srcset=\"https:\/\/opswatches.com\/wp-content\/uploads\/2025\/03\/miyota-90s5-movement-re.webp 1000w, https:\/\/opswatches.com\/wp-content\/uploads\/2025\/03\/miyota-90s5-movement-re-300x154.webp 300w, https:\/\/opswatches.com\/wp-content\/uploads\/2025\/03\/miyota-90s5-movement-re-768x395.webp 768w, https:\/\/opswatches.com\/wp-content\/uploads\/2025\/03\/miyota-90s5-movement-re-18x9.webp 18w, https:\/\/opswatches.com\/wp-content\/uploads\/2025\/03\/miyota-90s5-movement-re-600x308.webp 600w\" sizes=\"auto, (max-width: 1000px) 100vw, 1000px\" \/><\/div>\n\t\t<\/figure>\n\t<\/div>\n\n\t\t<\/div>\n\t<\/div>\n\n\t<div class=\"vc_col-sm-6 wpb_column vc_column_container\">\n\t\t<div class=\"wpb_wrapper\">\n\t\t\t<div class=\"vc_empty_space\"   style=\"height: 50px\"><span class=\"vc_empty_space_inner\"><\/span><\/div><div class=\"rt_heading_wrapper style-5\">\n\t\t\t\t\t\t<h2 class=\"rt_heading  style-5\" >Materiales premium para calidad superior<\/h2>\n\t\t\t\t\t<\/div>\n\t<div class=\"wpb_text_column wpb_content_element\" >\n\t\t<div class=\"wpb_wrapper\">\n\t\t\t<p data-start=\"638\" data-end=\"777\">Nos comprometemos a utilizar solo los mejores materiales para garantizar durabilidad, precisi\u00f3n y un atractivo de lujo. Nuestros relojes est\u00e1n elaborados con:<\/p>\n<ul data-start=\"779\" data-end=\"1359\">\n<li style=\"text-align: left;\" data-start=\"779\" data-end=\"927\" class=\" translation-block\"><strong data-start=\"781\" data-end=\"811\">Movimientos japoneses y suizos<\/strong> \u2013 Ofrecemos movimientos fiables Miyota, Seiko y Ronda, garantizando una medici\u00f3n del tiempo precisa y un rendimiento fluido.<\/li>\n<li data-start=\"928\" data-end=\"1070\"><strong data-start=\"930\" data-end=\"960\">Cajas de acero inoxidable 316L<\/strong> - Resistente a la corrosi\u00f3n y duradero, el acero inoxidable 316L proporciona un acabado de primera y una calidad duradera.<\/li>\n<li data-start=\"1071\" data-end=\"1218\" class=\" translation-block\"><strong data-start=\"1073\" data-end=\"1099\">Cristal de zafiro<\/strong> \u2013 Resistente a rayaduras y altamente transparente, el cristal de zafiro mejora tanto la durabilidad como la claridad de su reloj.<\/li>\n<li data-start=\"1219\" data-end=\"1359\" class=\" translation-block\"><strong data-start=\"1221\" data-end=\"1277\">Correas de cuero genuino, acero inoxidable o silicona<\/strong> \u2013 Personalice su reloj con materiales de correa de alta calidad para mayor comodidad y estilo.<\/li>\n<li data-start=\"1219\" data-end=\"1359\" class=\" translation-block\"><strong>Lume<\/strong> \u2013 Nuestros relojes pueden incluir premium <a href=\"https:\/\/en.wikipedia.org\/wiki\/Super-LumiNova\" target=\"_blank\" rel=\"noopener\">Swiss Super-LumiNova<\/a> o lume japon\u00e9s de alta calidad, proporcionando una visibilidad nocturna brillante y duradera para las manecillas, \u00edndices y esferas.<\/li>\n<\/ul>\n\n\t\t<\/div>\n\t<\/div>\n\n\t\t<\/div>\n\t<\/div>\n<\/div>\n<\/div>\n\n<div  class=\"content_row row vc_row wpb_row  default-style fullwidth\" >\n\t\n\t<div class=\"content_row_wrapper  default\" >\n\t<div class=\"vc_col-sm-12 wpb_column vc_column_container\">\n\t\t<div class=\"wpb_wrapper\">\n\t\t\t<div class=\"vc_empty_space\"   style=\"height: 50px\"><span class=\"vc_empty_space_inner\"><\/span><\/div><section class=\"vc_cta3-container vc_cta3-size-xs\"><div class=\"vc_general vc_do_cta3 vc_cta3 vc_cta3-style-classic vc_cta3-shape-rounded vc_cta3-align-center vc_cta3-color-black vc_cta3-icon-size-md vc_cta3-actions-top\"><div class=\"vc_cta3_content-container\"><div class=\"vc_cta3-actions\"><div class=\"vc_btn3-container vc_btn3-center vc_do_btn\" ><a class=\"vc_general vc_btn3 vc_btn3-size-lg vc_btn3-shape-square vc_btn3-style-classic vc_btn3-color-black\" href=\"https:\/\/www.opswatches.com\/contact-us\/\" title=\"Cont\u00e1ctenos\" target=\"_blank\">Solicitar presupuesto<\/a><\/div><\/div><div class=\"vc_cta3-content\"><header class=\"vc_cta3-content-header\"><h4>\u00a1Comience su proyecto de reloj personalizado hoy!<\/h4><\/header><p>Cont\u00e1ctenos para discutir su dise\u00f1o y obtener una cotizaci\u00f3n.<\/p>\n<\/div><\/div><\/div><\/section>\n\t\t<\/div>\n\t<\/div>\n\n<\/div>\n<\/div>","protected":false},"excerpt":{"rendered":"Small Batch Custom Watches MOQ starts at 100 units. Low MOQ Custom Watches Looking for a small batch custom watch manufacturer to bring your watch designs to life? At Ops, we specialize in high-quality, custom-made watches with flexible order quantities, making it easy for startups, brands, and businesses to create your own brand timepieces without [...]","protected":false},"author":1,"featured_media":0,"parent":0,"menu_order":0,"comment_status":"closed","ping_status":"closed","template":"","meta":{"footnotes":""},"class_list":["post-6106","page","type-page","status-publish","hentry"],"_links":{"self":[{"href":"https:\/\/opswatches.com\/es\/wp-json\/wp\/v2\/pages\/6106","targetHints":{"allow":["GET"]}}],"collection":[{"href":"https:\/\/opswatches.com\/es\/wp-json\/wp\/v2\/pages"}],"about":[{"href":"https:\/\/opswatches.com\/es\/wp-json\/wp\/v2\/types\/page"}],"author":[{"embeddable":true,"href":"https:\/\/opswatches.com\/es\/wp-json\/wp\/v2\/users\/1"}],"replies":[{"embeddable":true,"href":"https:\/\/opswatches.com\/es\/wp-json\/wp\/v2\/comments?post=6106"}],"version-history":[{"count":89,"href":"https:\/\/opswatches.com\/es\/wp-json\/wp\/v2\/pages\/6106\/revisions"}],"predecessor-version":[{"id":6825,"href":"https:\/\/opswatches.com\/es\/wp-json\/wp\/v2\/pages\/6106\/revisions\/6825"}],"wp:attachment":[{"href":"https:\/\/opswatches.com\/es\/wp-json\/wp\/v2\/media?parent=6106"}],"curies":[{"name":"wp","href":"https:\/\/api.w.org\/{rel}","templated":true}]}}