{"id":6534,"date":"2025-04-19T17:50:35","date_gmt":"2025-04-19T09:50:35","guid":{"rendered":"https:\/\/www.opswatches.com\/?page_id=6534"},"modified":"2025-04-19T17:50:35","modified_gmt":"2025-04-19T09:50:35","slug":"servicio-de-diseno-de-relojes-personalizados","status":"publish","type":"page","link":"https:\/\/opswatches.com\/es\/servicio-de-diseno-de-relojes-personalizados\/","title":{"rendered":"Servicio de dise\u00f1o de relojes personalizados"},"content":{"rendered":"<div  class=\"content_row row vc_row wpb_row  default-style fullwidth has-bg-overlay has-bg-image\" style=\"background-image: url(https:\/\/opswatches.com\/wp-content\/uploads\/2025\/04\/watch-design-service.jpg);background-repeat: repeat;background-size: cover;background-attachment: scroll;background-position: right top;\">\n\t<div class=\"content-row-video-overlay\" style=\"background-color:#575353D6\"><\/div>\n\n\t<div class=\"content_row_wrapper  align-contents content-align-middle default\" style=\"height:320px;\">\n\t<div class=\"vc_col-sm-12 wpb_column vc_column_container\">\n\t\t<div class=\"wpb_wrapper\">\n\t\t\t<div class=\"rt_heading_wrapper style-5\">\n\t\t\t\t\t\t<h1 class=\"rt_heading  style-5\"  style=\"font-size:60px;color:#FFFFFF;\">Servicio de dise\u00f1o de relojes personalizados<\/h1>\n\t\t\t\t\t<\/div><div class=\"rt_heading_wrapper\">\n\t\t\t\t\t\t<h3 class=\"rt_heading\"  style=\"color:#FFFFFF;\"><span style=\"display: block;\">Conozca nuestro flujo de trabajo de dise\u00f1o,<\/span><span style=\"display: block;\">Asistencia y condiciones<\/span><\/h3>\n\t\t\t\t\t<\/div>\n\t\t<\/div>\n\t<\/div>\n\n<\/div>\n<\/div>\n\n<div  class=\"content_row row vc_row wpb_row  default-style default\" >\n\t\n\t<div class=\"content_row_wrapper\" ><div class=\"vc_col-sm-6 wpb_column vc_column_container\">\n\t\t<div class=\"wpb_wrapper\">\n\t\t\t<div class=\"vc_empty_space\"   style=\"height: 45px\"><span class=\"vc_empty_space_inner\"><\/span><\/div><div class=\"rt_heading_wrapper\">\n\t\t\t\t\t\t<h2 class=\"rt_heading  alignleft\"  style=\"font-size:50px;\"><span style=\"display: block;\">Su visi\u00f3n,<\/span><span style=\"display: block;\">Nuestra experiencia en dise\u00f1o<\/span><\/h2>\n\t\t\t\t\t<\/div><div class=\"vc_empty_space\"   style=\"height: 30px\"><span class=\"vc_empty_space_inner\"><\/span><\/div>\n<div  class=\"content_row row vc_row wpb_row vc_inner  global-style\" >\n\t\n\t<div class=\"content_row_wrapper\" >\n\t<div class=\"vc_col-sm-12 wpb_column vc_column_container\">\n\t\t<div class=\"wpb_wrapper\">\n\t\t\t\n\t<div class=\"wpb_text_column wpb_content_element\" >\n\t\t<div class=\"wpb_wrapper\">\n\t\t\t<p><span style=\"color: #000000;\">En OPS Watches transformamos sus ideas en relojes atemporales. Tanto si se trata de una marca consolidada como de una startup apasionada, nuestros experimentados dise\u00f1adores trabajan estrechamente con usted para crear dise\u00f1os de relojes \u00fanicos y listos para la producci\u00f3n que reflejen su estilo y su historia.<\/span><\/p>\n<p><span style=\"color: #000000;\">Con m\u00e1s de 13 a\u00f1os de experiencia en fabricaci\u00f3n OEM y ODM, aplicamos principios de dise\u00f1o probados para garantizar tanto la forma como la funci\u00f3n. Cada componente -el perfil de la caja, la textura de la esfera, las proporciones de las agujas e incluso la altura de la corona- se estudia y perfecciona cuidadosamente para garantizar el equilibrio visual y la viabilidad de la producci\u00f3n.<\/span><\/p>\n\n\t\t<\/div>\n\t<\/div>\n\n\t\t<\/div>\n\t<\/div>\n\n<\/div>\n<\/div>\n\n\t\t<\/div>\n\t<\/div>\n\n\t<div class=\"vc_col-sm-6 wpb_column vc_column_container\">\n\t\t<div class=\"wpb_wrapper\">\n\t\t\t<div class=\"vc_empty_space\"   style=\"height: 45px\"><span class=\"vc_empty_space_inner\"><\/span><\/div>\n\t<div  class=\"wpb_single_image wpb_content_element vc_align_center wpb_content_element\">\n\t\t\n\t\t<figure class=\"wpb_wrapper vc_figure\">\n\t\t\t<div class=\"vc_single_image-wrapper   vc_box_border_grey\"><img loading=\"lazy\" decoding=\"async\" width=\"1000\" height=\"575\" src=\"https:\/\/opswatches.com\/wp-content\/uploads\/2025\/04\/custom-watch-design-service.webp\" class=\"vc_single_image-img attachment-large\" alt=\"servicio de dise\u00f1o de relojes personalizados\" title=\"servicio de dise\u00f1o de relojes personalizados\" srcset=\"https:\/\/opswatches.com\/wp-content\/uploads\/2025\/04\/custom-watch-design-service.webp 1000w, https:\/\/opswatches.com\/wp-content\/uploads\/2025\/04\/custom-watch-design-service-300x173.webp 300w, https:\/\/opswatches.com\/wp-content\/uploads\/2025\/04\/custom-watch-design-service-768x442.webp 768w, https:\/\/opswatches.com\/wp-content\/uploads\/2025\/04\/custom-watch-design-service-18x10.webp 18w, https:\/\/opswatches.com\/wp-content\/uploads\/2025\/04\/custom-watch-design-service-600x345.webp 600w\" sizes=\"auto, (max-width: 1000px) 100vw, 1000px\" \/><\/div>\n\t\t<\/figure>\n\t<\/div>\n\n\t\t<\/div>\n\t<\/div>\n<\/div>\n<\/div>\n\n<div  class=\"content_row row vc_row wpb_row  default-style default\" >\n\t\n\t<div class=\"content_row_wrapper\" ><div class=\"vc_col-sm-6 wpb_column vc_column_container\">\n\t\t<div class=\"wpb_wrapper\">\n\t\t\t<div class=\"vc_empty_space\"   style=\"height: 90px\"><span class=\"vc_empty_space_inner\"><\/span><\/div>\n\t<div  class=\"wpb_single_image wpb_content_element vc_align_center wpb_content_element\">\n\t\t\n\t\t<figure class=\"wpb_wrapper vc_figure\">\n\t\t\t<div class=\"vc_single_image-wrapper   vc_box_border_grey\"><img loading=\"lazy\" decoding=\"async\" width=\"1000\" height=\"611\" src=\"https:\/\/opswatches.com\/wp-content\/uploads\/2025\/04\/watch-design-sketches.webp\" class=\"vc_single_image-img attachment-large\" alt=\"oem watch design sketches\" title=\"bocetos de dise\u00f1o de relojes\" srcset=\"https:\/\/opswatches.com\/wp-content\/uploads\/2025\/04\/watch-design-sketches.webp 1000w, https:\/\/opswatches.com\/wp-content\/uploads\/2025\/04\/watch-design-sketches-300x183.webp 300w, https:\/\/opswatches.com\/wp-content\/uploads\/2025\/04\/watch-design-sketches-768x469.webp 768w, https:\/\/opswatches.com\/wp-content\/uploads\/2025\/04\/watch-design-sketches-18x12.webp 18w, https:\/\/opswatches.com\/wp-content\/uploads\/2025\/04\/watch-design-sketches-600x367.webp 600w\" sizes=\"auto, (max-width: 1000px) 100vw, 1000px\" \/><\/div>\n\t\t<\/figure>\n\t<\/div>\n\n\t\t<\/div>\n\t<\/div>\n\n\t<div class=\"vc_col-sm-6 wpb_column vc_column_container\">\n\t\t<div class=\"wpb_wrapper\">\n\t\t\t<div class=\"vc_empty_space\"   style=\"height: 60px\"><span class=\"vc_empty_space_inner\"><\/span><\/div><div class=\"rt_heading_wrapper\">\n\t\t\t\t\t\t<h2 class=\"rt_heading  alignleft\"  style=\"font-size:50px;\">Proceso de dise\u00f1o de relojes sin fisuras con la ayuda de expertos<\/h2>\n\t\t\t\t\t<\/div><div class=\"vc_empty_space\"   style=\"height: 30px\"><span class=\"vc_empty_space_inner\"><\/span><\/div>\n\t<div class=\"wpb_text_column wpb_content_element\" >\n\t\t<div class=\"wpb_wrapper\">\n\t\t\t<p><span style=\"color: #000000;\">Nuestro proceso de dise\u00f1o de relojes es fluido, flexible y altamente colaborativo. Tanto si parte de un concepto claro como si solo tiene una idea inicial, nuestro experimentado equipo de dise\u00f1o le ayudar\u00e1 en todo momento.<\/span><\/p>\n\n\t\t<\/div>\n\t<\/div>\n<div  class=\"rt-toggle\"><ol><li  class=\"\"><div class=\"toggle-head\"><div class=\"toggle-number\">1<\/div><div class=\"toggle-title\">Empezamos por comprender su identidad de marca y sus ideas de dise\u00f1o.<\/div><\/div><div class=\"toggle-content\"><p><span style=\"color: #000000;\">Nuestro proceso comienza con una inmersi\u00f3n profunda en los valores de su marca, su p\u00fablico objetivo y sus preferencias visuales. Desde los temas de color hasta las formas de las cajas, recopilamos todos los detalles para garantizar que el dise\u00f1o final refleje su visi\u00f3n y destaque en el mercado.<\/span><\/p>\n<\/div><\/li><li  class=\"\"><div class=\"toggle-head\"><div class=\"toggle-number\">2<\/div><div class=\"toggle-title\">Bocetos de dise\u00f1o detallados.<\/div><\/div><div class=\"toggle-content\"><p>Nuestro equipo de dise\u00f1o transforma los conceptos iniciales en bocetos profesionales que ilustran cada elemento clave de su futuro reloj. Estos bocetos visuales le permiten ver claramente la direcci\u00f3n del dise\u00f1o, y le animamos a que nos d\u00e9 su opini\u00f3n en cada paso para perfeccionarlos con sus aportaciones.<\/p>\n<\/div><\/li><li  class=\"\"><div class=\"toggle-head\"><div class=\"toggle-number\">3<\/div><div class=\"toggle-title\">Dibujos en 3D.<\/div><\/div><div class=\"toggle-content\"><p>Para garantizar que cada elemento del dise\u00f1o cumple sus expectativas, creamos dibujos en 3D del reloj desde m\u00faltiples \u00e1ngulos. Estos dibujos proporcionan una visualizaci\u00f3n realista del dise\u00f1o del reloj, lo que le permite revisar la est\u00e9tica general.<\/p>\n<\/div><\/li><li  class=\"\"><div class=\"toggle-head\"><div class=\"toggle-number\">4<\/div><div class=\"toggle-title\">Dibujos t\u00e9cnicos CAD.<\/div><\/div><div class=\"toggle-content\"><p>Una vez que el cliente aprueba todos los detalles del dise\u00f1o, seguimos adelante con la finalizaci\u00f3n de todo el paquete. Esto incluye la preparaci\u00f3n de dibujos t\u00e9cnicos precisos para la producci\u00f3n, la exportaci\u00f3n de archivos CAD en varios formatos y la compilaci\u00f3n de una hoja de especificaciones completa para el modelo de reloj.<\/p>\n<\/div><\/li><li  class=\"\"><div class=\"toggle-head\"><div class=\"toggle-number\">5<\/div><div class=\"toggle-title\">Entrega.<\/div><\/div><div class=\"toggle-content\"><p>Enviaremos todos los archivos de dise\u00f1o una vez que todo est\u00e9 aprobado y avanzaremos para hacer prototipos si es necesario.<\/p>\n<\/div><\/li><\/ol><\/div>\n\t\t<\/div>\n\t<\/div>\n<\/div>\n<\/div>\n\n<div  class=\"content_row row vc_row wpb_row  default-style default\" >\n\t\n\t<div class=\"content_row_wrapper\" ><div class=\"vc_col-sm-6 wpb_column vc_column_container\">\n\t\t<div class=\"wpb_wrapper\">\n\t\t\t<div class=\"vc_empty_space\"   style=\"height: 80px\"><span class=\"vc_empty_space_inner\"><\/span><\/div><div class=\"rt_heading_wrapper\">\n\t\t\t\t\t\t<h2 class=\"rt_heading  alignleft\"  style=\"font-size:50px;\">Garant\u00eda y manual de instrucciones Dise\u00f1o<\/h2>\n\t\t\t\t\t<\/div><div class=\"vc_empty_space\"   style=\"height: 30px\"><span class=\"vc_empty_space_inner\"><\/span><\/div>\n\t<div class=\"wpb_text_column wpb_content_element\" >\n\t\t<div class=\"wpb_wrapper\">\n\t\t\t<p><span style=\"color: #000000;\">Una tarjeta de garant\u00eda y un manual de instrucciones bien elaborados mejoran la credibilidad de su marca y la experiencia del cliente.<\/span><\/p>\n<p><span style=\"color: #000000;\">Nuestro equipo le ayuda a dise\u00f1ar manuales f\u00e1ciles de usar y elegantes tarjetas de garant\u00eda que reflejen el tono y la est\u00e9tica de su marca. Tanto si necesita manuales multiling\u00fces, ilustraciones t\u00e9cnicas o inserciones de embalaje personalizadas, nos aseguramos de que cada detalle se ajuste a su colecci\u00f3n de relojes.<\/span><\/p>\n<p><span style=\"color: #000000;\">Claridad, informaci\u00f3n y un dise\u00f1o atractivo: sus clientes notar\u00e1n la diferencia.<\/span><\/p>\n\n\t\t<\/div>\n\t<\/div>\n\n\t\t<\/div>\n\t<\/div>\n\n\t<div class=\"vc_col-sm-6 wpb_column vc_column_container\">\n\t\t<div class=\"wpb_wrapper\">\n\t\t\t\n\t<div  class=\"wpb_single_image wpb_content_element vc_align_center wpb_content_element\">\n\t\t\n\t\t<figure class=\"wpb_wrapper vc_figure\">\n\t\t\t<div class=\"vc_single_image-wrapper   vc_box_border_grey\"><img loading=\"lazy\" decoding=\"async\" width=\"800\" height=\"800\" src=\"https:\/\/opswatches.com\/wp-content\/uploads\/2025\/04\/watch-instruction-design.jpg\" class=\"vc_single_image-img attachment-large\" alt=\"dise\u00f1o de las instrucciones del reloj\" title=\"dise\u00f1o de las instrucciones del reloj\" srcset=\"https:\/\/opswatches.com\/wp-content\/uploads\/2025\/04\/watch-instruction-design.jpg 800w, https:\/\/opswatches.com\/wp-content\/uploads\/2025\/04\/watch-instruction-design-300x300.jpg 300w, https:\/\/opswatches.com\/wp-content\/uploads\/2025\/04\/watch-instruction-design-150x150.jpg 150w, https:\/\/opswatches.com\/wp-content\/uploads\/2025\/04\/watch-instruction-design-768x768.jpg 768w, https:\/\/opswatches.com\/wp-content\/uploads\/2025\/04\/watch-instruction-design-12x12.jpg 12w, https:\/\/opswatches.com\/wp-content\/uploads\/2025\/04\/watch-instruction-design-600x600.jpg 600w, https:\/\/opswatches.com\/wp-content\/uploads\/2025\/04\/watch-instruction-design-100x100.jpg 100w\" sizes=\"auto, (max-width: 800px) 100vw, 800px\" \/><\/div>\n\t\t<\/figure>\n\t<\/div>\n\n\t\t<\/div>\n\t<\/div>\n<\/div>\n<\/div>\n\n<div  class=\"content_row row vc_row wpb_row  default-style default\" >\n\t\n\t<div class=\"content_row_wrapper\" >\n\t<div class=\"vc_col-sm-12 wpb_column vc_column_container\">\n\t\t<div class=\"wpb_wrapper\">\n\t\t\t<div class=\"vc_empty_space\"   style=\"height: 45px\"><span class=\"vc_empty_space_inner\"><\/span><\/div><div class=\"rt_heading_wrapper\">\n\t\t\t\t\t\t<h2 class=\"rt_heading  aligncenter\"  style=\"font-size:50px;\">Precios y pol\u00edtica de reembolso<\/h2>\n\t\t\t\t\t<\/div><div class=\"vc_empty_space\"   style=\"height: 30px\"><span class=\"vc_empty_space_inner\"><\/span><\/div>\n<div  class=\"content_row row vc_row wpb_row vc_inner  global-style\" >\n\t\n\t<div class=\"content_row_wrapper\" >\n\t<div class=\"vc_col-sm-12 wpb_column vc_column_container\">\n\t\t<div class=\"wpb_wrapper\">\n\t\t\t\n\t<div class=\"wpb_text_column wpb_content_element\" >\n\t\t<div class=\"wpb_wrapper\">\n\t\t\t<p class=\"\" style=\"text-align: center;\" data-start=\"29\" data-end=\"323\"><span style=\"color: #000000;\">Nuestros servicios de dise\u00f1o cuestan a partir de $100 USD. <\/span><\/p>\n<p class=\"\" style=\"text-align: center;\" data-start=\"29\" data-end=\"323\"><span style=\"color: #000000;\">Esta tarifa cubre las fases iniciales del proceso de dise\u00f1o, incluidas las consultas, los bocetos y la creaci\u00f3n de especificaciones t\u00e9cnicas detalladas.<\/span><\/p>\n<p class=\"\" style=\"text-align: center;\" data-start=\"325\" data-end=\"639\"><span style=\"color: #000000;\">Si decide seguir adelante con la producci\u00f3n de su <a style=\"color: #000000;\" href=\"https:\/\/opswatches.com\/custom-watch-manufacturer\/\" target=\"_blank\" rel=\"noopener\">reloj personalizado<\/a>La tarifa de dise\u00f1o se reembolsar\u00e1 \u00edntegramente al realizar el pedido.<\/span><\/p>\n<p style=\"text-align: center;\" data-start=\"325\" data-end=\"639\"><span style=\"color: #808080;\"><em>*Los clientes con los que hemos trabajado pueden optar a servicios de dise\u00f1o gratuitos*.<\/em><\/span><\/p>\n\n\t\t<\/div>\n\t<\/div>\n\n\t\t<\/div>\n\t<\/div>\n\n<\/div>\n<\/div>\n\n\t\t<\/div>\n\t<\/div>\n\n<\/div>\n<\/div>\n\n<div  class=\"content_row row vc_row wpb_row  default-style default\" >\n\t\n\t<div class=\"content_row_wrapper\" >\n\t<div class=\"vc_col-sm-12 wpb_column vc_column_container\">\n\t\t<div class=\"wpb_wrapper\">\n\t\t\t<div class=\"vc_empty_space\"   style=\"height: 45px\"><span class=\"vc_empty_space_inner\"><\/span><\/div><section class=\"vc_cta3-container vc_cta3-size-xs\"><div class=\"vc_general vc_do_cta3 vc_cta3 vc_cta3-style-classic vc_cta3-shape-rounded vc_cta3-align-center vc_cta3-color-black vc_cta3-icon-size-md vc_cta3-actions-top\"><div class=\"vc_cta3_content-container\"><div class=\"vc_cta3-actions\"><div class=\"vc_btn3-container vc_btn3-center vc_do_btn\" ><a class=\"vc_general vc_btn3 vc_btn3-size-lg vc_btn3-shape-square vc_btn3-style-classic vc_btn3-color-black\" href=\"https:\/\/www.opswatches.com\/contact-us\/\" title=\"Cont\u00e1ctenos\" target=\"_blank\">Comenzar<\/a><\/div><\/div><div class=\"vc_cta3-content\"><header class=\"vc_cta3-content-header\"><h4>Hagamos realidad el concepto de dise\u00f1o de su reloj.<\/h4><\/header><\/div><\/div><\/div><\/section>\n\t\t<\/div>\n\t<\/div>\n\n<\/div>\n<\/div>","protected":false},"excerpt":{"rendered":"Servicio de dise\u00f1o de relojes personalizados Obtenga informaci\u00f3n sobre nuestro flujo de trabajo de dise\u00f1o, soporte y t\u00e9rminos Su visi\u00f3n, nuestra experiencia en dise\u00f1o En OPS Watches, transformamos sus ideas en prendas de pulsera atemporales. Tanto si se trata de una marca consolidada como de una apasionada empresa emergente, nuestros experimentados dise\u00f1adores trabajan estrechamente con usted para crear dise\u00f1os de relojes \u00fanicos, listos para la producci\u00f3n, que reflejen su estilo y [...].","protected":false},"author":1,"featured_media":0,"parent":0,"menu_order":0,"comment_status":"closed","ping_status":"closed","template":"","meta":{"footnotes":""},"class_list":["post-6534","page","type-page","status-publish","hentry"],"_links":{"self":[{"href":"https:\/\/opswatches.com\/es\/wp-json\/wp\/v2\/pages\/6534","targetHints":{"allow":["GET"]}}],"collection":[{"href":"https:\/\/opswatches.com\/es\/wp-json\/wp\/v2\/pages"}],"about":[{"href":"https:\/\/opswatches.com\/es\/wp-json\/wp\/v2\/types\/page"}],"author":[{"embeddable":true,"href":"https:\/\/opswatches.com\/es\/wp-json\/wp\/v2\/users\/1"}],"replies":[{"embeddable":true,"href":"https:\/\/opswatches.com\/es\/wp-json\/wp\/v2\/comments?post=6534"}],"version-history":[{"count":55,"href":"https:\/\/opswatches.com\/es\/wp-json\/wp\/v2\/pages\/6534\/revisions"}],"predecessor-version":[{"id":6618,"href":"https:\/\/opswatches.com\/es\/wp-json\/wp\/v2\/pages\/6534\/revisions\/6618"}],"wp:attachment":[{"href":"https:\/\/opswatches.com\/es\/wp-json\/wp\/v2\/media?parent=6534"}],"curies":[{"name":"wp","href":"https:\/\/api.w.org\/{rel}","templated":true}]}}