{"id":6753,"date":"2025-04-29T16:17:59","date_gmt":"2025-04-29T08:17:59","guid":{"rendered":"https:\/\/www.opswatches.com\/?page_id=6753"},"modified":"2025-04-29T16:17:59","modified_gmt":"2025-04-29T08:17:59","slug":"oem-and-odm-watch-manufacturer","status":"publish","type":"page","link":"https:\/\/opswatches.com\/es\/oem-and-odm-watch-manufacturer\/","title":{"rendered":"OEM and ODM Watch Manufacturer"},"content":{"rendered":"<div  class=\"content_row row vc_row wpb_row  default-style fullwidth has-bg-image\" style=\"background-image: url(https:\/\/opswatches.com\/wp-content\/uploads\/2025\/03\/about_us-1.jpg);background-repeat: repeat;background-size: cover;background-attachment: scroll;background-position: center center;\">\n\t\n\t<div class=\"content_row_wrapper  fullwidth\" >\n\t<div class=\"vc_col-sm-12 wpb_column vc_column_container\">\n\t\t<div class=\"wpb_wrapper\">\n\t\t\t<div class=\"rt_heading_wrapper style-4\">\n\t\t\t\t\t\t<h1 class=\"rt_heading  style-4\"  style=\"font-size:60px;color:#FFFFFF;\">OEM and ODM Watch Manufacturer<\/h1>\n\t\t\t\t\t<\/div>\n\t\t<\/div>\n\t<\/div>\n\n<\/div>\n<\/div>\n\n<div  class=\"content_row row vc_row wpb_row  default-style fullwidth\" >\n\t\n\t<div class=\"content_row_wrapper  default\" >\n\t<div class=\"vc_col-sm-12 wpb_column vc_column_container\">\n\t\t<div class=\"wpb_wrapper\">\n\t\t\t\n\t<div class=\"wpb_text_column wpb_content_element\" >\n\t\t<div class=\"wpb_wrapper\">\n\t\t\t<p><em>En la industria relojera cada vez m\u00e1s competitiva de hoy, muchas marcas \u2014tanto emergentes como consolidadas\u2014 recurren a fabricantes profesionales de relojes OEM y ODM para acelerar el desarrollo de productos, reducir el tiempo de salida al mercado y mantener precios competitivos.<\/em><\/p>\n\n\t\t<\/div>\n\t<\/div>\n<div class=\"vc_empty_space\"   style=\"height: 45px\"><span class=\"vc_empty_space_inner\"><\/span><\/div>\n\t\t<\/div>\n\t<\/div>\n\n<\/div>\n<\/div>\n\n<div  class=\"content_row row vc_row wpb_row  default-style fullwidth\" >\n\t\n\t<div class=\"content_row_wrapper  default\" ><div class=\"vc_col-sm-6 wpb_column vc_column_container\">\n\t\t<div class=\"wpb_wrapper\">\n\t\t\t<div class=\"rt_heading_wrapper style-5\">\n\t\t\t\t\t\t<h2 class=\"rt_heading  style-5\"  style=\"font-size:50px;\">Relojes OEM <\/h2>\n\t\t\t\t\t<\/div>\n\t<div class=\"wpb_text_column wpb_content_element\" >\n\t\t<div class=\"wpb_wrapper\">\n\t\t\t<p>OEM significa \u201cFabricante de Equipos Originales\u201d. En el modelo OEM, el cliente proporciona el dise\u00f1o del reloj, las especificaciones y la marca, mientras que el fabricante OEM se encarga de la producci\u00f3n. Este modelo es ideal para marcas con un equipo creativo s\u00f3lido que desean tener control total sobre el dise\u00f1o, pero que necesitan apoyo en la fabricaci\u00f3n y el control de calidad.<\/p>\n\n\t\t<\/div>\n\t<\/div>\n<div class=\"rt_heading_wrapper style-5\">\n\t\t\t\t\t\t<h3 class=\"rt_heading  style-5\"  style=\"font-size:30px;\">\u00bfNo tienes un equipo de dise\u00f1o interno?<\/h3>\n\t\t\t\t\t<\/div>\n\t<div class=\"wpb_text_column wpb_content_element\" >\n\t\t<div class=\"wpb_wrapper\">\n\t\t\t<p class=\" translation-block\">No hay problema. En <a href=\"https:\/\/opswatches.com\/es\/\" target=\"_blank\" rel=\"noopener\">OPS<\/a>, nuestros equipos internos de I+D y dise\u00f1o apoyan regularmente a clientes que tienen ideas claras o bocetos, pero carecen de capacidades de dise\u00f1o profesional. Trabajaremos con tu concepto para desarrollar un dise\u00f1o t\u00e9cnico completo y listo para producci\u00f3n\u2014combinando tu creatividad con nuestra experiencia t\u00e9cnica.<\/p>\n\n\t\t<\/div>\n\t<\/div>\n<div class=\"vc_btn3-container vc_btn3-inline vc_do_btn\" ><a class=\"vc_general vc_btn3 vc_btn3-size-md vc_btn3-shape-square vc_btn3-style-classic vc_btn3-color-black\" href=\"https:\/\/www.opswatches.com\/contact-us\/\" title=\"Cont\u00e1ctenos\" target=\"_blank\">Comenzar<\/a><\/div>\n\t\t<\/div>\n\t<\/div>\n\n\t<div class=\"vc_col-sm-6 wpb_column vc_column_container\">\n\t\t<div class=\"wpb_wrapper\">\n\t\t\t<div class=\"vc_empty_space\"   style=\"height: 45px\"><span class=\"vc_empty_space_inner\"><\/span><\/div>\n\t<div  class=\"wpb_single_image wpb_content_element vc_align_left wpb_content_element\">\n\t\t\n\t\t<figure class=\"wpb_wrapper vc_figure\">\n\t\t\t<div class=\"vc_single_image-wrapper   vc_box_border_grey\"><img loading=\"lazy\" decoding=\"async\" width=\"1000\" height=\"611\" src=\"https:\/\/opswatches.com\/wp-content\/uploads\/2025\/04\/watch-design-sketches.webp\" class=\"vc_single_image-img attachment-large\" alt=\"oem watch design sketches\" title=\"bocetos de dise\u00f1o de relojes\" srcset=\"https:\/\/opswatches.com\/wp-content\/uploads\/2025\/04\/watch-design-sketches.webp 1000w, https:\/\/opswatches.com\/wp-content\/uploads\/2025\/04\/watch-design-sketches-300x183.webp 300w, https:\/\/opswatches.com\/wp-content\/uploads\/2025\/04\/watch-design-sketches-768x469.webp 768w, https:\/\/opswatches.com\/wp-content\/uploads\/2025\/04\/watch-design-sketches-18x12.webp 18w, https:\/\/opswatches.com\/wp-content\/uploads\/2025\/04\/watch-design-sketches-600x367.webp 600w\" sizes=\"auto, (max-width: 1000px) 100vw, 1000px\" \/><\/div>\n\t\t<\/figure>\n\t<\/div>\n\n\t\t<\/div>\n\t<\/div>\n<\/div>\n<\/div>\n\n<div  class=\"content_row row vc_row wpb_row  default-style fullwidth\" style=\"background-color: #F4F7FA;\">\n\t\n\t<div class=\"content_row_wrapper  default\" ><div class=\"vc_col-sm-6 wpb_column vc_column_container\">\n\t\t<div class=\"wpb_wrapper\">\n\t\t\t<div class=\"vc_empty_space\"   style=\"height: 45px\"><span class=\"vc_empty_space_inner\"><\/span><\/div>\n\t<div  class=\"wpb_single_image wpb_content_element vc_align_left wpb_content_element\">\n\t\t\n\t\t<figure class=\"wpb_wrapper vc_figure\">\n\t\t\t<a href=\"https:\/\/opswatches.com\/download\/\" target=\"_blank\" class=\"vc_single_image-wrapper   vc_box_border_grey\"><img loading=\"lazy\" decoding=\"async\" width=\"1024\" height=\"566\" src=\"https:\/\/opswatches.com\/wp-content\/uploads\/2025\/04\/OPS-digital-catalog-1024x566.webp\" class=\"vc_single_image-img attachment-large\" alt=\"ops watches cat\u00e1logo digital\" title=\"Cat\u00e1logo digital OPS\" srcset=\"https:\/\/opswatches.com\/wp-content\/uploads\/2025\/04\/OPS-digital-catalog-1024x566.webp 1024w, https:\/\/opswatches.com\/wp-content\/uploads\/2025\/04\/OPS-digital-catalog-300x166.webp 300w, https:\/\/opswatches.com\/wp-content\/uploads\/2025\/04\/OPS-digital-catalog-768x424.webp 768w, https:\/\/opswatches.com\/wp-content\/uploads\/2025\/04\/OPS-digital-catalog-1536x848.webp 1536w, https:\/\/opswatches.com\/wp-content\/uploads\/2025\/04\/OPS-digital-catalog-2048x1131.webp 2048w, https:\/\/opswatches.com\/wp-content\/uploads\/2025\/04\/OPS-digital-catalog-18x10.webp 18w, https:\/\/opswatches.com\/wp-content\/uploads\/2025\/04\/OPS-digital-catalog-600x331.webp 600w\" sizes=\"auto, (max-width: 1024px) 100vw, 1024px\" \/><\/a>\n\t\t<\/figure>\n\t<\/div>\n\n\t\t<\/div>\n\t<\/div>\n\n\t<div class=\"vc_col-sm-6 wpb_column vc_column_container\">\n\t\t<div class=\"wpb_wrapper\">\n\t\t\t<div class=\"vc_empty_space\"   style=\"height: 50px\"><span class=\"vc_empty_space_inner\"><\/span><\/div><div class=\"rt_heading_wrapper style-5\">\n\t\t\t\t\t\t<h2 class=\"rt_heading  style-5\"  style=\"font-size:50px;\">Relojes ODM<\/h2>\n\t\t\t\t\t<\/div>\n\t<div class=\"wpb_text_column wpb_content_element\" >\n\t\t<div class=\"wpb_wrapper\">\n\t\t\t<p class=\" translation-block\">Significa Fabricante de Dise\u00f1o Original. Los fabricantes de relojes ODM ofrecen dise\u00f1os <a href=\"https:\/\/opswatches.com\/es\/download\/\" target=\"_blank\" rel=\"noopener\">preestablecidos<\/a> o semi-personalizables que las marcas pueden modificar o etiquetar con su propio nombre. Esta opci\u00f3n es perfecta para startups o negocios sin un equipo de dise\u00f1o interno, que buscan una v\u00eda m\u00e1s r\u00e1pida y rentable para salir al mercado.<\/p>\n\n\t\t<\/div>\n\t<\/div>\n\n\t\t<\/div>\n\t<\/div>\n<\/div>\n<\/div>\n\n<div  class=\"content_row row vc_row wpb_row  default-style fullwidth\" >\n\t\n\t<div class=\"content_row_wrapper  default\" >\n\t<div class=\"vc_col-sm-12 wpb_column vc_column_container\">\n\t\t<div class=\"wpb_wrapper\">\n\t\t\t<div class=\"vc_empty_space\"   style=\"height: 45px\"><span class=\"vc_empty_space_inner\"><\/span><\/div><div class=\"rt_heading_wrapper style-4\">\n\t\t\t\t\t\t<h2 class=\"rt_heading  style-4\"  style=\"font-size:50px;\">OEM vs. ODM: Diferencias clave, ventajas y desventajas<\/h2>\n\t\t\t\t\t<\/div>\n\t<div class=\"wpb_text_column wpb_content_element\" >\n\t\t<div class=\"wpb_wrapper\">\n\t\t\t<table style=\"width: 100%; border-collapse: collapse; font-family: Arial, sans-serif;\">\n<thead>\n<tr style=\"background-color: #f5f5f5;\">\n<th style=\"padding: 12px; border: 1px solid #ccc;\">Caracter\u00edstica<\/th>\n<th style=\"padding: 12px; border: 1px solid #ccc;\">OEM<\/th>\n<th style=\"padding: 12px; border: 1px solid #ccc;\">ODM<\/th>\n<\/tr>\n<\/thead>\n<tbody>\n<tr>\n<td style=\"padding: 12px; border: 1px solid #ccc;\">Control de dise\u00f1o<\/td>\n<td style=\"padding: 12px; border: 1px solid #ccc;\">Control total \u2014 Usted decide cada elemento del reloj, desde la forma de la caja hasta los detalles de la esfera.<\/td>\n<td style=\"padding: 12px; border: 1px solid #ccc;\">Limitado \u2014 Puede elegir entre modelos pre-dise\u00f1ados, pero la personalizaci\u00f3n suele estar restringida.<\/td>\n<\/tr>\n<tr style=\"background-color: #f9f9f9;\">\n<td style=\"padding: 12px; border: 1px solid #ccc;\">Tiempo de lanzamiento<\/td>\n<td style=\"padding: 12px; border: 1px solid #ccc;\">M\u00e1s tiempo \u2014 La personalizaci\u00f3n completa y la creaci\u00f3n de prototipos requieren m\u00e1s tiempo antes de la producci\u00f3n en masa.<\/td>\n<td style=\"padding: 12px; border: 1px solid #ccc;\">M\u00e1s r\u00e1pido \u2014 Puede seleccionar dise\u00f1os existentes y comenzar la producci\u00f3n r\u00e1pidamente.<\/td>\n<\/tr>\n<tr>\n<td style=\"padding: 12px; border: 1px solid #ccc;\">Coste de desarrollo<\/td>\n<td style=\"padding: 12px; border: 1px solid #ccc;\">M\u00e1s alto \u2014 Invertir\u00e1s en I+D, dise\u00f1o y herramientas para piezas personalizadas.<\/td>\n<td style=\"padding: 12px; border: 1px solid #ccc;\">M\u00e1s bajo \u2014 En la mayor\u00eda de los casos, sin costos de dise\u00f1o o herramientas, lo que reduce la inversi\u00f3n inicial.<\/td>\n<\/tr>\n<tr style=\"background-color: #f9f9f9;\">\n<td style=\"padding: 12px; border: 1px solid #ccc;\">Flexibilidad<\/td>\n<td style=\"padding: 12px; border: 1px solid #ccc;\">Muy flexible \u2014 Ideal para dise\u00f1os \u00fanicos, de alta gama o caracter\u00edsticos de la marca.<\/td>\n<td style=\"padding: 12px; border: 1px solid #ccc;\">Moderado \u2014 Menos margen para diferenciar su producto de otros que usan la misma base.<\/td>\n<\/tr>\n<tr>\n<td style=\"padding: 12px; border: 1px solid #ccc;\">Ideal para<\/td>\n<td style=\"padding: 12px; border: 1px solid #ccc;\">Marcas con recursos de dise\u00f1o o una visi\u00f3n creativa clara \u2014 OPS puede ayudar si carece de capacidad t\u00e9cnica de dise\u00f1o.<\/td>\n<td style=\"padding: 12px; border: 1px solid #ccc;\">Startups o marcas din\u00e1micas que prueban el mercado \u2014 f\u00e1cil de lanzar y escalar r\u00e1pidamente.<\/td>\n<\/tr>\n<\/tbody>\n<\/table>\n\n\t\t<\/div>\n\t<\/div>\n<div class=\"vc_empty_space\"   style=\"height: 45px\"><span class=\"vc_empty_space_inner\"><\/span><\/div>\n\t\t<\/div>\n\t<\/div>\n\n<\/div>\n<\/div>\n\n<div  class=\"content_row row vc_row wpb_row  default-style fullwidth\" style=\"background-color: #F4F7FA;\">\n\t\n\t<div class=\"content_row_wrapper  default\" ><div class=\"vc_col-sm-6 wpb_column vc_column_container\">\n\t\t<div class=\"wpb_wrapper\">\n\t\t\t<div class=\"rt_heading_wrapper style-5\">\n\t\t\t\t\t\t<h2 class=\"rt_heading  style-5\"  style=\"font-size:50px;\">\u00bfQu\u00e9 soluciones deber\u00edas elegir?<\/h2>\n\t\t\t\t\t<\/div>\n\t<div class=\"wpb_text_column wpb_content_element\" >\n\t\t<div class=\"wpb_wrapper\">\n\t\t\t<p class=\"\" data-start=\"2932\" data-end=\"2988\">Elegir entre OEM y ODM depende de varios factores:<\/p>\n<ul data-start=\"2989\" data-end=\"3446\">\n<li class=\"\" data-start=\"2989\" data-end=\"3110\">\n<p class=\" translation-block\" data-start=\"2991\" data-end=\"3110\"><strong data-start=\"3113\" data-end=\"3126\">Plazo<\/strong>: Si tiene prisa por lanzar, ODM ofrece una ruta m\u00e1s r\u00e1pida.<\/p>\n<\/li>\n<li class=\"\" data-start=\"3111\" data-end=\"3188\">\n<p class=\"\" data-start=\"3113\" data-end=\"3188\"><strong data-start=\"3113\" data-end=\"3126\">Timeframe<\/strong>: If you&#8217;re in a rush to launch, ODM provides a quicker route.<\/p>\n<\/li>\n<li class=\"\" data-start=\"3189\" data-end=\"3327\">\n<p class=\" translation-block\" data-start=\"3191\" data-end=\"3327\"><strong data-start=\"3191\" data-end=\"3214\">Capacidades de dise\u00f1o<\/strong>: Si no tienes un equipo de dise\u00f1o pero <em data-start=\"3252\" data-end=\"3256\">tienes<\/em> un concepto, OPS puede ayudarte a convertir esa idea en un producto viable.<\/p>\n<\/li>\n<li class=\"\" data-start=\"3328\" data-end=\"3446\">\n<p class=\" translation-block\" data-start=\"3330\" data-end=\"3446\"><strong data-start=\"3330\" data-end=\"3351\">Posicionamiento de marca<\/strong>: OEM es adecuado para marcas de alta gama o con identidad propia; ODM se ajusta a estrategias enfocadas en tendencias o volumen.<\/p>\n<\/li>\n<\/ul>\n<p class=\"\" data-start=\"3448\" data-end=\"3604\">En OPS, no consideramos OEM y ODM como categor\u00edas r\u00edgidas, sino como marcos flexibles. Nuestro objetivo es apoyar a tu marca en su punto actual y ayudarte a crecer.<\/p>\n\n\t\t<\/div>\n\t<\/div>\n\n\t\t<\/div>\n\t<\/div>\n\n\t<div class=\"vc_col-sm-6 wpb_column vc_column_container\">\n\t\t<div class=\"wpb_wrapper\">\n\t\t\t<div class=\"vc_empty_space\"   style=\"height: 50px\"><span class=\"vc_empty_space_inner\"><\/span><\/div>\n\t<div  class=\"wpb_single_image wpb_content_element vc_align_left wpb_content_element\">\n\t\t\n\t\t<figure class=\"wpb_wrapper vc_figure\">\n\t\t\t<div class=\"vc_single_image-wrapper   vc_box_border_grey\"><img loading=\"lazy\" decoding=\"async\" width=\"970\" height=\"546\" src=\"https:\/\/opswatches.com\/wp-content\/uploads\/2023\/03\/watch-business-strategy.jpg\" class=\"vc_single_image-img attachment-large\" alt=\"ver la estrategia empresarial\" title=\"ver la estrategia empresarial\" srcset=\"https:\/\/opswatches.com\/wp-content\/uploads\/2023\/03\/watch-business-strategy.jpg 970w, https:\/\/opswatches.com\/wp-content\/uploads\/2023\/03\/watch-business-strategy-300x169.jpg 300w, https:\/\/opswatches.com\/wp-content\/uploads\/2023\/03\/watch-business-strategy-768x432.jpg 768w, https:\/\/opswatches.com\/wp-content\/uploads\/2023\/03\/watch-business-strategy-18x10.jpg 18w, https:\/\/opswatches.com\/wp-content\/uploads\/2023\/03\/watch-business-strategy-600x338.jpg 600w\" sizes=\"auto, (max-width: 970px) 100vw, 970px\" \/><\/div>\n\t\t<\/figure>\n\t<\/div>\n\n\t\t<\/div>\n\t<\/div>\n<\/div>\n<\/div>\n\n<div  class=\"content_row row vc_row wpb_row  default-style fullwidth\" >\n\t\n\t<div class=\"content_row_wrapper  default\" ><div class=\"vc_col-sm-6 wpb_column vc_column_container\">\n\t\t<div class=\"wpb_wrapper\">\n\t\t\t\n\t<div  class=\"wpb_single_image wpb_content_element vc_align_left wpb_content_element\">\n\t\t\n\t\t<figure class=\"wpb_wrapper vc_figure\">\n\t\t\t<div class=\"vc_single_image-wrapper   vc_box_border_grey\"><img loading=\"lazy\" decoding=\"async\" width=\"1000\" height=\"963\" src=\"https:\/\/opswatches.com\/wp-content\/uploads\/2025\/04\/cover-watch-journey.webp\" class=\"vc_single_image-img attachment-large\" alt=\"cubrir todo el viaje de negocios del reloj\" title=\"tapa-reloj-viaje\" srcset=\"https:\/\/opswatches.com\/wp-content\/uploads\/2025\/04\/cover-watch-journey.webp 1000w, https:\/\/opswatches.com\/wp-content\/uploads\/2025\/04\/cover-watch-journey-300x289.webp 300w, https:\/\/opswatches.com\/wp-content\/uploads\/2025\/04\/cover-watch-journey-768x740.webp 768w, https:\/\/opswatches.com\/wp-content\/uploads\/2025\/04\/cover-watch-journey-12x12.webp 12w, https:\/\/opswatches.com\/wp-content\/uploads\/2025\/04\/cover-watch-journey-600x578.webp 600w\" sizes=\"auto, (max-width: 1000px) 100vw, 1000px\" \/><\/div>\n\t\t<\/figure>\n\t<\/div>\n\n\t\t<\/div>\n\t<\/div>\n\n\t<div class=\"vc_col-sm-6 wpb_column vc_column_container\">\n\t\t<div class=\"wpb_wrapper\">\n\t\t\t<div class=\"rt_heading_wrapper style-5\">\n\t\t\t\t\t\t<h2 class=\"rt_heading  style-5\"  style=\"font-size:50px;\">C\u00f3mo encontrar al fabricante adecuado de relojes OEM y ODM<\/h2>\n\t\t\t\t\t<\/div>\n\t<div class=\"wpb_text_column wpb_content_element\" >\n\t\t<div class=\"wpb_wrapper\">\n\t\t\t<p class=\"\" data-start=\"3659\" data-end=\"3790\">El \u00e9xito de su marca de relojes depende en gran medida de elegir al socio de fabricaci\u00f3n adecuado. Aqu\u00ed hay algunas caracter\u00edsticas clave a tener en cuenta:<\/p>\n<ul data-start=\"3792\" data-end=\"4289\">\n<li class=\"\" data-start=\"3792\" data-end=\"3891\">\n<p class=\" translation-block\" data-start=\"3794\" data-end=\"3891\"><strong data-start=\"3894\" data-end=\"3923\">Equipo de desarrollo interno<\/strong>: Fundamental para clientes OEM o ODM que desean soporte en personalizaci\u00f3n.<\/p>\n<\/li>\n<li class=\"\" data-start=\"3892\" data-end=\"3996\">\n<p class=\"\" data-start=\"3894\" data-end=\"3996\"><strong data-start=\"3894\" data-end=\"3923\">In-House Development Team<\/strong>: Critical for OEM clients or ODM clients who want customization support.<\/p>\n<\/li>\n<li class=\"\" data-start=\"4084\" data-end=\"4187\">\n<p class=\" translation-block\" data-start=\"4086\" data-end=\"4187\"><strong data-start=\"4190\" data-end=\"4205\">Flexibilidad<\/strong>: Especialmente valiosa para marcas en etapas de crecimiento o que experimentan con nuevos dise\u00f1os.<\/p>\n<\/li>\n<li class=\"\" data-start=\"4188\" data-end=\"4289\">\n<p class=\"\" data-start=\"4190\" data-end=\"4289\"><strong data-start=\"4190\" data-end=\"4205\">Flexibilidad<\/strong>: Especially valuable for brands in growth stages or experimenting with new designs.<\/p>\n<\/li>\n<\/ul>\n\n\t\t<\/div>\n\t<\/div>\n\n\t\t<\/div>\n\t<\/div>\n<\/div>\n<\/div>\n\n<div  class=\"content_row row vc_row wpb_row  default-style fullwidth\" style=\"background-color: #F4F7FA;\">\n\t\n\t<div class=\"content_row_wrapper  default\" ><div class=\"vc_col-sm-6 wpb_column vc_column_container\">\n\t\t<div class=\"wpb_wrapper\">\n\t\t\t<div class=\"vc_empty_space\"   style=\"height: 45px\"><span class=\"vc_empty_space_inner\"><\/span><\/div><div class=\"rt_heading_wrapper style-5\">\n\t\t\t\t\t\t<h2 class=\"rt_heading  style-5\"  style=\"font-size:50px;\">\u00bfPor qu\u00e9 OPS?<\/h2>\n\t\t\t\t\t<\/div>\n\t<div class=\"wpb_text_column wpb_content_element\" >\n\t\t<div class=\"wpb_wrapper\">\n\t\t\t<p class=\" translation-block\" data-start=\"4309\" data-end=\"4510\">Como fabricante confiable de relojes OEM y ODM, OPS es m\u00e1s que una f\u00e1brica: somos un socio colaborativo. Con m\u00e1s de 13 a\u00f1os de experiencia, apoyamos a las marcas <a href=\"https:\/\/opswatches.com\/es\/custom-watch-manufacturer\/\" target=\"_blank\" rel=\"noopener\">desde el concepto hasta la realidad<\/a> en el negocio de relojes.<\/p>\n<p class=\"\" data-start=\"4512\" data-end=\"4538\">Esto es lo que nos distingue:<\/p>\n<ul data-start=\"4540\" data-end=\"5026\">\n<li class=\"\" data-start=\"4540\" data-end=\"4645\">\n<p class=\" translation-block\" data-start=\"4542\" data-end=\"4645\"><strong>Dise\u00f1o e ingenier\u00eda internos<\/strong>: Nuestros expertos convierten tus ideas en dise\u00f1os listos para producci\u00f3n.<\/p>\n<\/li>\n<li class=\"\" data-start=\"4646\" data-end=\"4744\">\n<p class=\"\" data-start=\"4648\" data-end=\"4744\"><strong>In-House Design &amp; Engineering<\/strong>: Our experts turn visions into manufacturing-ready designs.<\/p>\n<\/li>\n<li class=\"\" data-start=\"4745\" data-end=\"4838\">\n<p class=\" translation-block\" data-start=\"4747\" data-end=\"4838\"><strong>Tiempos de entrega flexibles y bajos MOQ<\/strong>: Atendemos tanto a startups como a marcas de gran volumen. Para ciertos relojes predise\u00f1ados, el pedido m\u00ednimo comienza desde 100 unidades.<\/p>\n<\/li>\n<li class=\"\" data-start=\"4839\" data-end=\"4930\">\n<p class=\" translation-block\" data-start=\"4841\" data-end=\"4930\"><strong>Control de calidad integral<\/strong>: Cada pieza se inspecciona, cada env\u00edo es rastreable.<\/p>\n<\/li>\n<li class=\"\" data-start=\"4931\" data-end=\"5026\">\n<p class=\" translation-block\" data-start=\"4933\" data-end=\"5026\"><strong>Base de clientes global<\/strong>: M\u00e1s de 86 marcas en Norteam\u00e9rica, Europa y Asia conf\u00edan en nosotros.<\/p>\n<\/li>\n<\/ul>\n\n\t\t<\/div>\n\t<\/div>\n\n\t\t<\/div>\n\t<\/div>\n\n\t<div class=\"vc_col-sm-6 wpb_column vc_column_container\">\n\t\t<div class=\"wpb_wrapper\">\n\t\t\t<div class=\"vc_empty_space\"   style=\"height: 80px\"><span class=\"vc_empty_space_inner\"><\/span><\/div>\n\t<div class=\"wpb_video_widget wpb_content_element vc_clearfix   vc_video-aspect-ratio-169 vc_video-el-width-100 vc_video-align-left\" >\n\t\t<div class=\"wpb_wrapper\">\n\t\t\t\n\t\t\t<div class=\"wpb_video_wrapper\"><div class=\"video-container\"><iframe loading=\"lazy\" title=\"F\u00e1brica OPS\" src=\"https:\/\/player.vimeo.com\/video\/1077462822?h=e52e76bb1c&amp;dnt=1&amp;app_id=122963\" width=\"500\" height=\"281\" frameborder=\"0\" allow=\"autoplay; fullscreen; picture-in-picture; clipboard-write; encrypted-media\"><\/iframe><\/div><\/div>\n\t\t<\/div>\n\t<\/div>\n\n\t\t<\/div>\n\t<\/div>\n<\/div>\n<\/div>\n\n<div  class=\"content_row row vc_row wpb_row  default-style fullwidth\" >\n\t\n\t<div class=\"content_row_wrapper  default\" >\n\t<div class=\"vc_col-sm-12 wpb_column vc_column_container\">\n\t\t<div class=\"wpb_wrapper\">\n\t\t\t<div class=\"vc_empty_space\"   style=\"height: 45px\"><span class=\"vc_empty_space_inner\"><\/span><\/div><section class=\"vc_cta3-container vc_cta3-size-xs\"><div class=\"vc_general vc_do_cta3 vc_cta3 vc_cta3-style-classic vc_cta3-shape-rounded vc_cta3-align-center vc_cta3-color-black vc_cta3-icon-size-md vc_cta3-actions-top\"><div class=\"vc_cta3_content-container\"><div class=\"vc_cta3-actions\"><div class=\"vc_btn3-container vc_btn3-center vc_do_btn\" ><a class=\"vc_general vc_btn3 vc_btn3-size-lg vc_btn3-shape-square vc_btn3-style-classic vc_btn3-color-black\" href=\"https:\/\/www.opswatches.com\/contact-us\/\" title=\"Cont\u00e1ctenos\" target=\"_blank\">Solicitar presupuesto<\/a><\/div><\/div><div class=\"vc_cta3-content\"><header class=\"vc_cta3-content-header\"><h4>\u00a1Comience su proyecto de reloj personalizado hoy!<\/h4><\/header><p>Cont\u00e1ctenos para discutir su dise\u00f1o y obtener una cotizaci\u00f3n.<\/p>\n<\/div><\/div><\/div><\/section>\n\t\t<\/div>\n\t<\/div>\n\n<\/div>\n<\/div>","protected":false},"excerpt":{"rendered":"OEM and ODM Watch Manufacturer In today's increasingly competitive watch industry, many brands\u2014both emerging and established\u2014are turning to professional OEM and ODM watch manufacturers to accelerate product development, reduce time-to-market, and maintain competitive pricing. OEM Watches It means Original Equipment Manufacturer. In the OEM model, the client provides the watch design, specifications, and brand, while [...]","protected":false},"author":1,"featured_media":0,"parent":0,"menu_order":0,"comment_status":"closed","ping_status":"closed","template":"","meta":{"footnotes":""},"class_list":["post-6753","page","type-page","status-publish","hentry"],"_links":{"self":[{"href":"https:\/\/opswatches.com\/es\/wp-json\/wp\/v2\/pages\/6753","targetHints":{"allow":["GET"]}}],"collection":[{"href":"https:\/\/opswatches.com\/es\/wp-json\/wp\/v2\/pages"}],"about":[{"href":"https:\/\/opswatches.com\/es\/wp-json\/wp\/v2\/types\/page"}],"author":[{"embeddable":true,"href":"https:\/\/opswatches.com\/es\/wp-json\/wp\/v2\/users\/1"}],"replies":[{"embeddable":true,"href":"https:\/\/opswatches.com\/es\/wp-json\/wp\/v2\/comments?post=6753"}],"version-history":[{"count":9,"href":"https:\/\/opswatches.com\/es\/wp-json\/wp\/v2\/pages\/6753\/revisions"}],"predecessor-version":[{"id":6762,"href":"https:\/\/opswatches.com\/es\/wp-json\/wp\/v2\/pages\/6753\/revisions\/6762"}],"wp:attachment":[{"href":"https:\/\/opswatches.com\/es\/wp-json\/wp\/v2\/media?parent=6753"}],"curies":[{"name":"wp","href":"https:\/\/api.w.org\/{rel}","templated":true}]}}