{"id":6787,"date":"2025-05-14T17:37:31","date_gmt":"2025-05-14T09:37:31","guid":{"rendered":"https:\/\/www.opswatches.com\/?page_id=6787"},"modified":"2025-05-14T17:37:38","modified_gmt":"2025-05-14T09:37:38","slug":"reloj-personalizado-estudio-de-caso-1","status":"publish","type":"page","link":"https:\/\/opswatches.com\/es\/reloj-personalizado-estudio-de-caso-1\/","title":{"rendered":"Estudio de caso sobre relojes personalizados"},"content":{"rendered":"<div  class=\"content_row row vc_row wpb_row  default-style fullwidth has-custom-bg has-bg-overlay\" >\n\t<div class=\"rt-parallax-background has-bg-image\" data-rt-parallax-speed=\"6\" data-rt-parallax-direction=\"-1\" data-rt-parallax-effect=\"horizontal\" style=\"background-image: url(https:\/\/opswatches.com\/wp-content\/uploads\/2025\/05\/custom-watch-case-study-1.jpg);background-repeat: repeat;background-size: auto auto;background-position: center center;width:100%;height:100%;top:0;\"><\/div><div class=\"content-row-video-overlay\" style=\"background-color:#00000082\"><\/div>\n\n\t<div class=\"content_row_wrapper  default\" style=\"padding-top:100px;padding-bottom:140px;\">\n\t<div class=\"vc_col-sm-12 wpb_column vc_column_container\">\n\t\t<div class=\"wpb_wrapper\">\n\t\t\t<div class=\"rt_heading_wrapper\">\n\t\t\t\t\t\t<h1 class=\"rt_heading  alignleft\"  style=\"font-size:60px;color:#FFFFFF;\">  <span style=\"display:block;\">Del boceto a la realidad<\/span>  <span style=\"display:block;\">Proyecto de reloj personalizado para una marca holandesa<\/span><\/h1>\n\t\t\t\t\t<\/div>\n\t\t<\/div>\n\t<\/div>\n\n<\/div>\n<\/div>\n\n<div  class=\"content_row row vc_row wpb_row  default-style fullwidth\" >\n\t\n\t<div class=\"content_row_wrapper  default\" >\n\t<div class=\"vc_col-sm-12 wpb_column vc_column_container\">\n\t\t<div class=\"wpb_wrapper\">\n\t\t\t\n\t<div class=\"wpb_text_column wpb_content_element\" >\n\t\t<div class=\"wpb_wrapper\">\n\t\t\t<p><span style=\"color: #000000;\">A principios de 2024, una marca de moda holandesa impulsada por las tendencias se puso en contacto con OPS Watches a trav\u00e9s de nuestro sitio web, en busca de un fabricante de relojes personalizados de confianza. Su idea era lanzar un reloj de cuarzo de dise\u00f1o exclusivo dirigido a un p\u00fablico joven de todo el mundo.<\/span><\/p>\n\n\t\t<\/div>\n\t<\/div>\n\n\t\t<\/div>\n\t<\/div>\n\n<\/div>\n<\/div>\n\n<div  class=\"content_row row vc_row wpb_row  default-style fullwidth\" >\n\t\n\t<div class=\"content_row_wrapper  default\" >\n\t<div class=\"vc_col-sm-12 wpb_column vc_column_container\">\n\t\t<div class=\"wpb_wrapper\">\n\t\t\t\n\t<div class=\"wpb_text_column wpb_content_element\" >\n\t\t<div class=\"wpb_wrapper\">\n\t\t\t<h3 class=\"\" data-start=\"524\" data-end=\"577\"><span style=\"color: #000000;\"><strong data-start=\"528\" data-end=\"577\">Comprender la visi\u00f3n y los retos<\/strong><\/span><\/h3>\n<p class=\"\" data-start=\"578\" data-end=\"668\"><span style=\"color: #000000;\">El cliente proporcion\u00f3 un boceto dibujado a mano junto con algunas ideas clave de dise\u00f1o. Lo solicitaron:<\/span><\/p>\n<ul data-start=\"670\" data-end=\"887\">\n<li class=\"\" data-start=\"670\" data-end=\"716\">\n<p class=\"\" data-start=\"672\" data-end=\"716\"><span style=\"color: #000000;\">Un dise\u00f1o de esfera personalizado basado en su boceto<\/span><\/p>\n<\/li>\n<li class=\"\" data-start=\"717\" data-end=\"767\">\n<p class=\"\" data-start=\"719\" data-end=\"767\"><span style=\"color: #000000;\">Elecci\u00f3n de materiales que equilibren calidad y coste<\/span><\/p>\n<\/li>\n<li class=\"\" data-start=\"768\" data-end=\"830\">\n<p class=\"\" data-start=\"770\" data-end=\"830\"><span style=\"color: #000000;\">Flexibilidad en el MOQ, ya que s\u00f3lo necesitaban 200 unidades para empezar<\/span><\/p>\n<\/li>\n<li class=\"\" data-start=\"831\" data-end=\"887\">\n<p class=\"\" data-start=\"833\" data-end=\"887\"><span style=\"color: #000000;\">Orientaci\u00f3n creativa para finalizar un producto listo para el mercado<\/span><\/p>\n<\/li>\n<\/ul>\n\n\t\t<\/div>\n\t<\/div>\n\n\t\t<\/div>\n\t<\/div>\n\n<\/div>\n<\/div>\n\n<div  class=\"content_row row vc_row wpb_row  default-style fullwidth\" >\n\t\n\t<div class=\"content_row_wrapper  default\" >\n\t<div class=\"vc_col-sm-12 wpb_column vc_column_container\">\n\t\t<div class=\"wpb_wrapper\">\n\t\t\t\n\t<div class=\"wpb_text_column wpb_content_element\" >\n\t\t<div class=\"wpb_wrapper\">\n\t\t\t<h3 class=\"\" data-start=\"889\" data-end=\"910\"><span style=\"color: #000000;\"><strong data-start=\"893\" data-end=\"910\">Nuestras soluciones<\/strong><\/span><\/h3>\n<ul data-start=\"911\" data-end=\"1671\">\n<li class=\"\" data-start=\"911\" data-end=\"1106\">\n<p class=\"\" data-start=\"913\" data-end=\"1106\"><span style=\"color: #000000;\"><strong data-start=\"913\" data-end=\"938\">Dise\u00f1o colaborativo:<\/strong> Nuestro equipo interpret\u00f3 el boceto y present\u00f3 renders digitales con mejoras en las proporciones de la esfera y el equilibrio crom\u00e1tico. El cliente aprob\u00f3 r\u00e1pidamente el dise\u00f1o final.<\/span><\/p>\n<\/li>\n<li class=\"\" data-start=\"1107\" data-end=\"1261\">\n<p class=\"\" data-start=\"1109\" data-end=\"1261\"><span style=\"color: #000000;\"><strong data-start=\"1109\" data-end=\"1130\">Opciones de material:<\/strong> Para piezas clave como la esfera y la caja, buscamos m\u00faltiples opciones y presentamos tres soluciones de materiales con claros pros y contras.<\/span><\/p>\n<\/li>\n<li class=\"\" data-start=\"1262\" data-end=\"1437\">\n<p class=\"\" data-start=\"1264\" data-end=\"1437\"><span style=\"color: #000000;\"><strong data-start=\"1264\" data-end=\"1288\">Producci\u00f3n flexible:<\/strong> Aunque el pedido inicial era inferior a nuestra cantidad m\u00ednima de 300 unidades, propusimos producir 200 relojes ahora y almacenar 100 cajas adicionales para futuros pedidos.<\/span><\/p>\n<\/li>\n<li class=\"\" data-start=\"1438\" data-end=\"1570\">\n<p class=\"\" data-start=\"1440\" data-end=\"1570\"><span style=\"color: #000000;\"><strong data-start=\"1440\" data-end=\"1458\">Arreglo del embalaje:<\/strong> Cuando las muestras de las cajas ten\u00edan un color que no coincid\u00eda, respond\u00edamos inmediatamente y correg\u00edamos el problema antes de la producci\u00f3n en serie.<\/span><\/p>\n<\/li>\n<li class=\"\" data-start=\"1571\" data-end=\"1671\">\n<p class=\"\" data-start=\"1573\" data-end=\"1671\"><span style=\"color: #000000;\"><strong data-start=\"1573\" data-end=\"1598\">Comunicaci\u00f3n fluida:<\/strong> Las actualizaciones peri\u00f3dicas por correo electr\u00f3nico, tel\u00e9fono y WhatsApp mantuvieron todo en orden.<\/span><\/p>\n<\/li>\n<\/ul>\n\n\t\t<\/div>\n\t<\/div>\n\n\t\t<\/div>\n\t<\/div>\n\n<\/div>\n<\/div>\n\n<div  class=\"content_row row vc_row wpb_row  default-style fullwidth\" >\n\t\n\t<div class=\"content_row_wrapper  default\" ><div class=\"vc_col-sm-6 wpb_column vc_column_container\">\n\t\t<div class=\"wpb_wrapper\">\n\t\t\t<div class=\"vc_empty_space\"   style=\"height: 32px\"><span class=\"vc_empty_space_inner\"><\/span><\/div>\n\t<div class=\"wpb_text_column wpb_content_element\" >\n\t\t<div class=\"wpb_wrapper\">\n\t\t\t<h3 class=\"\" data-start=\"1673\" data-end=\"1688\"><span style=\"color: #000000;\"><strong data-start=\"1677\" data-end=\"1688\">Resultados<\/strong><\/span><\/h3>\n<p class=\"\" data-start=\"1689\" data-end=\"1881\"><span style=\"color: #000000;\">El cliente qued\u00f3 muy satisfecho con los relojes acabados y con el apoyo de nuestro equipo. Desde la entrega, han empezado a hacer pedidos repetidos estables cada dos meses, con una media de 600 unidades.<\/span><\/p>\n\n\t\t<\/div>\n\t<\/div>\n\n\t\t<\/div>\n\t<\/div>\n\n\t<div class=\"vc_col-sm-6 wpb_column vc_column_container\">\n\t\t<div class=\"wpb_wrapper\">\n\t\t\t\n\t<div  class=\"wpb_single_image wpb_content_element vc_align_left wpb_content_element\">\n\t\t\n\t\t<figure class=\"wpb_wrapper vc_figure\">\n\t\t\t<div class=\"vc_single_image-wrapper   vc_box_border_grey\"><img loading=\"lazy\" decoding=\"async\" width=\"1024\" height=\"713\" src=\"https:\/\/opswatches.com\/wp-content\/uploads\/2025\/05\/create-watch-brands-1024x713.jpg\" class=\"vc_single_image-img attachment-large\" alt=\"crear marcas de relojes\" title=\"crear marcas de relojes\" srcset=\"https:\/\/opswatches.com\/wp-content\/uploads\/2025\/05\/create-watch-brands-1024x713.jpg 1024w, https:\/\/opswatches.com\/wp-content\/uploads\/2025\/05\/create-watch-brands-300x209.jpg 300w, https:\/\/opswatches.com\/wp-content\/uploads\/2025\/05\/create-watch-brands-768x535.jpg 768w, https:\/\/opswatches.com\/wp-content\/uploads\/2025\/05\/create-watch-brands-18x12.jpg 18w, https:\/\/opswatches.com\/wp-content\/uploads\/2025\/05\/create-watch-brands-600x418.jpg 600w, https:\/\/opswatches.com\/wp-content\/uploads\/2025\/05\/create-watch-brands.jpg 1080w\" sizes=\"auto, (max-width: 1024px) 100vw, 1024px\" \/><\/div>\n\t\t<\/figure>\n\t<\/div>\n\n\t\t<\/div>\n\t<\/div>\n<\/div>\n<\/div>\n\n<div  class=\"content_row row vc_row wpb_row  default-style fullwidth\" >\n\t\n\t<div class=\"content_row_wrapper  default\" >\n\t<div class=\"vc_col-sm-12 wpb_column vc_column_container\">\n\t\t<div class=\"wpb_wrapper\">\n\t\t\t\n\t<div class=\"wpb_text_column wpb_content_element\" >\n\t\t<div class=\"wpb_wrapper\">\n\t\t\t<h3 class=\"\" data-start=\"1888\" data-end=\"1915\"><span style=\"color: #000000;\"><strong data-start=\"1892\" data-end=\"1915\">Cronolog\u00eda<\/strong><\/span><\/h3>\n<ul data-start=\"1916\" data-end=\"2226\">\n<li class=\"\" data-start=\"1916\" data-end=\"1961\">\n<p class=\"\" data-start=\"1918\" data-end=\"1961\"><span style=\"color: #000000;\"><strong data-start=\"1918\" data-end=\"1928\">12 de marzo<\/strong> - Consulta recibida a trav\u00e9s del sitio web<\/span><\/p>\n<\/li>\n<li class=\"\" data-start=\"1962\" data-end=\"2020\">\n<p class=\"\" data-start=\"1964\" data-end=\"2020\"><span style=\"color: #000000;\"><strong data-start=\"1964\" data-end=\"1977\">Del 13 al 27 de marzo<\/strong> - Debate sobre el dise\u00f1o e intercambio de bocetos<\/span><\/p>\n<\/li>\n<li class=\"\" data-start=\"2021\" data-end=\"2077\">\n<p class=\"\" data-start=\"2023\" data-end=\"2077\"><span style=\"color: #000000;\"><strong data-start=\"2023\" data-end=\"2033\">28 de marzo<\/strong> - Se confirma el dise\u00f1o final y comienza el muestreo<\/span><\/p>\n<\/li>\n<li class=\"\" data-start=\"2078\" data-end=\"2135\">\n<p class=\"\" data-start=\"2080\" data-end=\"2135\"><span style=\"color: #000000;\"><strong data-start=\"2080\" data-end=\"2090\">26 de mayo<\/strong> - Muestra entregada, retoques menores discutidos<\/span><\/p>\n<\/li>\n<li class=\"\" data-start=\"2136\" data-end=\"2177\">\n<p class=\"\" data-start=\"2138\" data-end=\"2177\"><span style=\"color: #000000;\"><strong data-start=\"2138\" data-end=\"2147\">8 de junio<\/strong> - Producci\u00f3n en serie confirmada<\/span><\/p>\n<\/li>\n<li class=\"\" data-start=\"2178\" data-end=\"2226\">\n<p class=\"\" data-start=\"2180\" data-end=\"2226\"><span style=\"color: #000000;\"><strong data-start=\"2180\" data-end=\"2187\">Agosto<\/strong> - Primer lote entregado con \u00e9xito<\/span><\/p>\n<\/li>\n<\/ul>\n\n\t\t<\/div>\n\t<\/div>\n\n\t\t<\/div>\n\t<\/div>\n\n<\/div>\n<\/div>","protected":false},"excerpt":{"rendered":"From Sketch to Reality Custom Watch Project for Dutch Brand In early 2024, a trend-driven fashion brand from the Netherlands contacted OPS Watches through our website, looking for a reliable custom watch manufacturer. Their vision was to launch a uniquely designed quartz watch targeted at a global young audience. Understanding the Vision \u2013 And the [...]","protected":false},"author":1,"featured_media":0,"parent":0,"menu_order":0,"comment_status":"closed","ping_status":"closed","template":"","meta":{"footnotes":""},"class_list":["post-6787","page","type-page","status-publish","hentry"],"_links":{"self":[{"href":"https:\/\/opswatches.com\/es\/wp-json\/wp\/v2\/pages\/6787","targetHints":{"allow":["GET"]}}],"collection":[{"href":"https:\/\/opswatches.com\/es\/wp-json\/wp\/v2\/pages"}],"about":[{"href":"https:\/\/opswatches.com\/es\/wp-json\/wp\/v2\/types\/page"}],"author":[{"embeddable":true,"href":"https:\/\/opswatches.com\/es\/wp-json\/wp\/v2\/users\/1"}],"replies":[{"embeddable":true,"href":"https:\/\/opswatches.com\/es\/wp-json\/wp\/v2\/comments?post=6787"}],"version-history":[{"count":10,"href":"https:\/\/opswatches.com\/es\/wp-json\/wp\/v2\/pages\/6787\/revisions"}],"predecessor-version":[{"id":6799,"href":"https:\/\/opswatches.com\/es\/wp-json\/wp\/v2\/pages\/6787\/revisions\/6799"}],"wp:attachment":[{"href":"https:\/\/opswatches.com\/es\/wp-json\/wp\/v2\/media?parent=6787"}],"curies":[{"name":"wp","href":"https:\/\/api.w.org\/{rel}","templated":true}]}}