{"id":6800,"date":"2025-05-14T18:27:13","date_gmt":"2025-05-14T10:27:13","guid":{"rendered":"https:\/\/www.opswatches.com\/?page_id=6800"},"modified":"2025-05-14T18:27:13","modified_gmt":"2025-05-14T10:27:13","slug":"reloj-personalizado-estudio-de-caso-2","status":"publish","type":"page","link":"https:\/\/opswatches.com\/es\/reloj-personalizado-estudio-de-caso-2\/","title":{"rendered":"Custom watch case study 2"},"content":{"rendered":"<div  class=\"content_row row vc_row wpb_row  default-style fullwidth has-bg-overlay has-bg-image\" style=\"background-image: url(https:\/\/opswatches.com\/wp-content\/uploads\/2025\/05\/goodyear-logo-01.jpg);background-repeat: repeat;background-size: cover;background-attachment: scroll;background-position: center center;\">\n\t<div class=\"content-row-video-overlay\" style=\"background-color:#0000009E\"><\/div>\n\n\t<div class=\"content_row_wrapper  fullwidth\" style=\"padding-top:140px;padding-bottom:100px;\">\n\t<div class=\"vc_col-sm-12 wpb_column vc_column_container\">\n\t\t<div class=\"wpb_wrapper\">\n\t\t\t<div class=\"rt_heading_wrapper\">\n\t\t\t\t\t\t<h1 class=\"rt_heading  alignleft\"  style=\"font-size:60px;color:#FFFFFF;\">Reloj deportivo personalizado para la promoci\u00f3n de Goodyear<\/h1>\n\t\t\t\t\t<\/div>\n\t\t<\/div>\n\t<\/div>\n\n<\/div>\n<\/div>\n\n<div  class=\"content_row row vc_row wpb_row  default-style fullwidth\" >\n\t\n\t<div class=\"content_row_wrapper  default\" >\n\t<div class=\"vc_col-sm-12 wpb_column vc_column_container\">\n\t\t<div class=\"wpb_wrapper\">\n\t\t\t<div class=\"vc_empty_space\"   style=\"height: 32px\"><span class=\"vc_empty_space_inner\"><\/span><\/div>\n\t<div class=\"wpb_text_column wpb_content_element\" >\n\t\t<div class=\"wpb_wrapper\">\n\t\t\t<p style=\"text-align: center;\"><span style=\"color: #000000;\">Goodyear volvi\u00f3 a ponerse en contacto con nosotros con una visi\u00f3n clara: crear un reloj promocional rentable y acorde con su imagen de marca. El reto consist\u00eda en equilibrar las limitaciones presupuestarias con la funcionalidad y la personalizaci\u00f3n para ofrecer un regalo de marca memorable.<\/span><\/p>\n\n\t\t<\/div>\n\t<\/div>\n<div class=\"vc_empty_space\"   style=\"height: 32px\"><span class=\"vc_empty_space_inner\"><\/span><\/div>\n\t\t<\/div>\n\t<\/div>\n\n<\/div>\n<\/div>\n\n<div  class=\"content_row row vc_row wpb_row  default-style fullwidth\" >\n\t\n\t<div class=\"content_row_wrapper  default\" ><div class=\"vc_col-sm-6 wpb_column vc_column_container\">\n\t\t<div class=\"wpb_wrapper\">\n\t\t\t\n\t<div class=\"wpb_text_column wpb_content_element\" >\n\t\t<div class=\"wpb_wrapper\">\n\t\t\t<h3 data-start=\"447\" data-end=\"476\"><strong><span style=\"color: #000000;\">Comprender la necesidad<\/span><\/strong><\/h3>\n<p class=\"\" data-start=\"477\" data-end=\"569\"><span style=\"color: #000000;\">Primero analizamos el posicionamiento de marca y los objetivos promocionales de Goodyear. El reloj necesitaba:<\/span><\/p>\n<ul data-start=\"570\" data-end=\"751\">\n<li class=\"\" data-start=\"570\" data-end=\"617\">\n<p class=\"\" data-start=\"572\" data-end=\"617\"><span style=\"color: #000000;\">Coinciden con el estilo robusto y activo de la marca<\/span><\/p>\n<\/li>\n<li class=\"\" data-start=\"618\" data-end=\"656\">\n<p class=\"\" data-start=\"620\" data-end=\"656\"><span style=\"color: #000000;\">Ser pr\u00e1ctico como art\u00edculo promocional<\/span><\/p>\n<\/li>\n<li class=\"\" data-start=\"657\" data-end=\"710\">\n<p class=\"\" data-start=\"659\" data-end=\"710\"><span style=\"color: #000000;\">Permitir la personalizaci\u00f3n de la marca (logotipo, envase, etc.)<\/span><\/p>\n<\/li>\n<li class=\"\" data-start=\"711\" data-end=\"751\">\n<p class=\"\" data-start=\"713\" data-end=\"751\"><span style=\"color: #000000;\">Mantenerse dentro de una horquilla de costes competitiva<\/span><\/p>\n<\/li>\n<\/ul>\n\n\t\t<\/div>\n\t<\/div>\n<div class=\"vc_empty_space\"   style=\"height: 32px\"><span class=\"vc_empty_space_inner\"><\/span><\/div>\n\t<div class=\"wpb_text_column wpb_content_element\" >\n\t\t<div class=\"wpb_wrapper\">\n\t\t\t<h3 data-start=\"753\" data-end=\"779\"><strong><span style=\"color: #000000;\">Desarrollo de productos<\/span><\/strong><\/h3>\n<p class=\"\" data-start=\"780\" data-end=\"1000\"><span style=\"color: #000000;\">Propusimos tres conceptos de reloj, cada uno dise\u00f1ado para reflejar la esencia de la marca Goodyear. El cliente eligi\u00f3 un reloj deportivo electr\u00f3nico con pantalla digital. Para satisfacer sus requisitos exclusivos, nuestro equipo t\u00e9cnico:<\/span><\/p>\n<ul data-start=\"1001\" data-end=\"1196\">\n<li class=\"\" data-start=\"1001\" data-end=\"1064\">\n<p class=\"\" data-start=\"1003\" data-end=\"1064\"><span style=\"color: #000000;\">Reprogramaci\u00f3n del movimiento para incluir un indicador de fecha<\/span><\/p>\n<\/li>\n<li class=\"\" data-start=\"1065\" data-end=\"1127\">\n<p class=\"\" data-start=\"1067\" data-end=\"1127\"><span style=\"color: #000000;\">Integraci\u00f3n del logotipo de Goodyear en la interfaz de la pantalla<\/span><\/p>\n<\/li>\n<li data-start=\"1065\" data-end=\"1127\"><span style=\"color: #000000;\">Abrir un nuevo molde para la segunda mano para mostrar Goodyear pie alado<\/span><\/li>\n<li class=\"\" data-start=\"1128\" data-end=\"1196\">\n<p class=\"\" data-start=\"1130\" data-end=\"1196\"><span style=\"color: #000000;\">Garantizar la calidad global manteniendo el precio objetivo<\/span><\/p>\n<\/li>\n<\/ul>\n\n\t\t<\/div>\n\t<\/div>\n\n\t\t<\/div>\n\t<\/div>\n\n\t<div class=\"vc_col-sm-6 wpb_column vc_column_container\">\n\t\t<div class=\"wpb_wrapper\">\n\t\t\t\n\t<div  class=\"wpb_single_image wpb_content_element vc_align_center wpb_content_element\">\n\t\t\n\t\t<figure class=\"wpb_wrapper vc_figure\">\n\t\t\t<div class=\"vc_single_image-wrapper   vc_box_border_grey\"><img decoding=\"async\" class=\"vc_single_image-img\" src=\"https:\/\/opswatches.com\/wp-content\/uploads\/2025\/05\/custom-made-digital-watch-220x530.jpg\" width=\"220\" height=\"530\" alt=\"reloj digital a medida\" title=\"reloj digital a medida\" loading=\"lazy\" \/><\/div>\n\t\t<\/figure>\n\t<\/div>\n\n\t\t<\/div>\n\t<\/div>\n<\/div>\n<\/div>\n\n<div  class=\"content_row row vc_row wpb_row  default-style fullwidth\" >\n\t\n\t<div class=\"content_row_wrapper  default\" ><div class=\"vc_col-sm-6 wpb_column vc_column_container\">\n\t\t<div class=\"wpb_wrapper\">\n\t\t\t\n\t<div  class=\"wpb_single_image wpb_content_element vc_align_left wpb_content_element\">\n\t\t\n\t\t<figure class=\"wpb_wrapper vc_figure\">\n\t\t\t<div class=\"vc_single_image-wrapper   vc_box_border_grey\"><img loading=\"lazy\" decoding=\"async\" width=\"1024\" height=\"813\" src=\"https:\/\/opswatches.com\/wp-content\/uploads\/2025\/05\/goodyear-promotion-watch-project-1024x813.jpg\" class=\"vc_single_image-img attachment-large\" alt=\"proyecto de vigilancia de la promoci\u00f3n de goodyear\" title=\"proyecto de vigilancia de la promoci\u00f3n de goodyear\" srcset=\"https:\/\/opswatches.com\/wp-content\/uploads\/2025\/05\/goodyear-promotion-watch-project-1024x813.jpg 1024w, https:\/\/opswatches.com\/wp-content\/uploads\/2025\/05\/goodyear-promotion-watch-project-300x238.jpg 300w, https:\/\/opswatches.com\/wp-content\/uploads\/2025\/05\/goodyear-promotion-watch-project-768x609.jpg 768w, https:\/\/opswatches.com\/wp-content\/uploads\/2025\/05\/goodyear-promotion-watch-project-15x12.jpg 15w, https:\/\/opswatches.com\/wp-content\/uploads\/2025\/05\/goodyear-promotion-watch-project-600x476.jpg 600w, https:\/\/opswatches.com\/wp-content\/uploads\/2025\/05\/goodyear-promotion-watch-project.jpg 1240w\" sizes=\"auto, (max-width: 1024px) 100vw, 1024px\" \/><\/div>\n\t\t<\/figure>\n\t<\/div>\n\n\t\t<\/div>\n\t<\/div>\n\n\t<div class=\"vc_col-sm-6 wpb_column vc_column_container\">\n\t\t<div class=\"wpb_wrapper\">\n\t\t\t\n\t<div class=\"wpb_text_column wpb_content_element\" >\n\t\t<div class=\"wpb_wrapper\">\n\t\t\t<h3 data-start=\"1198\" data-end=\"1211\"><strong><span style=\"color: #000000;\">Resultado<\/span><\/strong><\/h3>\n<p class=\"\" data-start=\"78\" data-end=\"373\"><span style=\"color: #000000;\">El producto final super\u00f3 las expectativas en todos los frentes. Goodyear qued\u00f3 muy impresionado por nuestra atenci\u00f3n al detalle, especialmente por los elementos de dise\u00f1o personalizados, como el segundero amarillo y el motivo del pie alado en la cola de la manecilla, que reforzaban sutilmente la identidad de la marca.<\/span><\/p>\n<p class=\"\" data-start=\"375\" data-end=\"673\"><span style=\"color: #000000;\">El reloj no s\u00f3lo cumpl\u00eda los objetivos pr\u00e1cticos de un art\u00edculo promocional, sino que el impacto visual y la precisi\u00f3n del dise\u00f1o se ganaron todo su reconocimiento. Como resultado, nos aseguramos un pedido a granel de 36.000 unidades, lo que marc\u00f3 un hito importante en nuestra colaboraci\u00f3n con una marca mundialmente reconocida.<\/span><\/p>\n\n\t\t<\/div>\n\t<\/div>\n\n\t\t<\/div>\n\t<\/div>\n<\/div>\n<\/div>","protected":false},"excerpt":{"rendered":"Custom Sports Watch for Goodyear Promotion Goodyear approached us again with a clear vision \u2014 to create a cost-effective promotional watch that aligns with their brand image. The challenge was to balance budget constraints with functionality and customization to deliver a memorable branded gift. Understanding the Need We first analyzed Goodyear\u2019s brand positioning and promotional [...]","protected":false},"author":1,"featured_media":0,"parent":0,"menu_order":0,"comment_status":"closed","ping_status":"closed","template":"","meta":{"footnotes":""},"class_list":["post-6800","page","type-page","status-publish","hentry"],"_links":{"self":[{"href":"https:\/\/opswatches.com\/es\/wp-json\/wp\/v2\/pages\/6800","targetHints":{"allow":["GET"]}}],"collection":[{"href":"https:\/\/opswatches.com\/es\/wp-json\/wp\/v2\/pages"}],"about":[{"href":"https:\/\/opswatches.com\/es\/wp-json\/wp\/v2\/types\/page"}],"author":[{"embeddable":true,"href":"https:\/\/opswatches.com\/es\/wp-json\/wp\/v2\/users\/1"}],"replies":[{"embeddable":true,"href":"https:\/\/opswatches.com\/es\/wp-json\/wp\/v2\/comments?post=6800"}],"version-history":[{"count":6,"href":"https:\/\/opswatches.com\/es\/wp-json\/wp\/v2\/pages\/6800\/revisions"}],"predecessor-version":[{"id":6978,"href":"https:\/\/opswatches.com\/es\/wp-json\/wp\/v2\/pages\/6800\/revisions\/6978"}],"wp:attachment":[{"href":"https:\/\/opswatches.com\/es\/wp-json\/wp\/v2\/media?parent=6800"}],"curies":[{"name":"wp","href":"https:\/\/api.w.org\/{rel}","templated":true}]}}