{"id":6809,"date":"2025-05-17T15:15:51","date_gmt":"2025-05-17T07:15:51","guid":{"rendered":"https:\/\/www.opswatches.com\/?page_id=6809"},"modified":"2025-05-17T15:53:51","modified_gmt":"2025-05-17T07:53:51","slug":"estudio-de-caso-3","status":"publish","type":"page","link":"https:\/\/opswatches.com\/es\/estudio-de-caso-3\/","title":{"rendered":"Custom Watch Case Study 3"},"content":{"rendered":"<div  class=\"content_row row vc_row wpb_row  default-style fullwidth has-bg-overlay has-bg-image\" style=\"background-image: url(https:\/\/opswatches.com\/wp-content\/uploads\/2025\/05\/well-established-watch-brand-case-study.jpg);background-repeat: repeat;background-size: auto auto;background-attachment: scroll;background-position: center center;\">\n\t<div class=\"content-row-video-overlay\" style=\"background-color:#000000A3\"><\/div>\n\n\t<div class=\"content_row_wrapper  fullwidth\" >\n\t<div class=\"vc_col-sm-12 wpb_column vc_column_container\">\n\t\t<div class=\"wpb_wrapper\">\n\t\t\t<div class=\"rt_heading_wrapper\" style=\"padding-top:80px;padding-bottom:120px;\">\n\t\t\t\t\t\t<h1 class=\"rt_heading  mobile_alignleft\"  style=\"font-size:60px;color:#FFFFFF;\">Proyecto de reloj OEM para una marca bien establecida en el Reino Unido<\/h1>\n\t\t\t\t\t<\/div>\n\t\t<\/div>\n\t<\/div>\n\n<\/div>\n<\/div>\n\n<div  class=\"content_row row vc_row wpb_row  default-style fullwidth\" >\n\t\n\t<div class=\"content_row_wrapper  default\" >\n\t<div class=\"vc_col-sm-12 wpb_column vc_column_container\">\n\t\t<div class=\"wpb_wrapper\">\n\t\t\t\n\t<div class=\"wpb_text_column wpb_content_element\" >\n\t\t<div class=\"wpb_wrapper\">\n\t\t\t<p style=\"text-align: center;\"><em>Nota sobre la divulgaci\u00f3n de la marca: Debido a nuestro acuerdo de confidencialidad con el cliente, no podemos hacer p\u00fablico el nombre de la marca.\u00a0<\/em><\/p>\n\n\t\t<\/div>\n\t<\/div>\n\n\t\t<\/div>\n\t<\/div>\n\n<\/div>\n<\/div>\n\n<div  class=\"content_row row vc_row wpb_row  default-style fullwidth\" >\n\t\n\t<div class=\"content_row_wrapper  default\" >\n\t<div class=\"vc_col-sm-12 wpb_column vc_column_container\">\n\t\t<div class=\"wpb_wrapper\">\n\t\t\t\n\t<div class=\"wpb_text_column wpb_content_element\" >\n\t\t<div class=\"wpb_wrapper\">\n\t\t\t<p style=\"text-align: left;\"><span style=\"color: #000000;\">A principios de 2016, OPS Watches se puso en contacto con una prestigiosa marca de relojes brit\u00e1nica durante la feria internacional de joyer\u00eda y relojer\u00eda Inhorgenta de M\u00fanich. El cliente buscaba un fabricante de relojes OEM fiable que pudiera ofrecer mejores precios, mayor flexibilidad y una calidad sin concesiones en comparaci\u00f3n con su proveedor actual.<\/span><\/p>\n\n\t\t<\/div>\n\t<\/div>\n\n\t\t<\/div>\n\t<\/div>\n\n<\/div>\n<\/div>\n\n<div  class=\"content_row row vc_row wpb_row  default-style fullwidth\" >\n\t\n\t<div class=\"content_row_wrapper  default\" >\n\t<div class=\"vc_col-sm-12 wpb_column vc_column_container\">\n\t\t<div class=\"wpb_wrapper\">\n\t\t\t\n\t<div class=\"wpb_text_column wpb_content_element\" >\n\t\t<div class=\"wpb_wrapper\">\n\t\t\t<h3 class=\"\" style=\"text-align: left;\" data-start=\"688\" data-end=\"723\"><span style=\"color: #000000;\"><strong data-start=\"692\" data-end=\"721\">Necesidades y retos de los clientes<\/strong><\/span><\/h3>\n<ol data-start=\"724\" data-end=\"1004\">\n<li class=\"\" style=\"text-align: left;\" data-start=\"724\" data-end=\"786\">\n<p class=\"\" data-start=\"727\" data-end=\"786\"><span style=\"color: #000000;\"><strong data-start=\"727\" data-end=\"755\">Precios m\u00e1s competitivos<\/strong> sin sacrificar la calidad.<\/span><\/p>\n<\/li>\n<li class=\"\" style=\"text-align: left;\" data-start=\"787\" data-end=\"912\">\n<p class=\"\" data-start=\"790\" data-end=\"912\"><span style=\"color: #000000;\"><strong data-start=\"790\" data-end=\"816\">Condiciones de pago flexibles<\/strong> - el cliente prefiri\u00f3 producir sin dep\u00f3sito y pagar s\u00f3lo despu\u00e9s de recibir la mercanc\u00eda.<\/span><\/p>\n<\/li>\n<li class=\"\" data-start=\"913\" data-end=\"1004\">\n<p class=\"\" style=\"text-align: left;\" data-start=\"916\" data-end=\"1004\"><span style=\"color: #000000;\"><strong data-start=\"916\" data-end=\"946\">Desarrollo gratuito de prototipos<\/strong> para todos los modelos nuevos, a pesar de la elevada frecuencia de desarrollo.<\/span><\/p>\n<\/li>\n<\/ol>\n\n\t\t<\/div>\n\t<\/div>\n\n\t\t<\/div>\n\t<\/div>\n\n<\/div>\n<\/div>\n\n<div  class=\"content_row row vc_row wpb_row  default-style fullwidth\" >\n\t\n\t<div class=\"content_row_wrapper  default\" >\n\t<div class=\"vc_col-sm-12 wpb_column vc_column_container\">\n\t\t<div class=\"wpb_wrapper\">\n\t\t\t\n\t<div class=\"wpb_text_column wpb_content_element\" >\n\t\t<div class=\"wpb_wrapper\">\n\t\t\t<h3 class=\"\" style=\"text-align: left;\" data-start=\"1011\" data-end=\"1034\"><span style=\"color: #000000;\"><strong data-start=\"1015\" data-end=\"1032\">Nuestras soluciones<\/strong><\/span><\/h3>\n<ol data-start=\"1035\" data-end=\"1870\">\n<li class=\"\" style=\"text-align: left;\" data-start=\"1035\" data-end=\"1311\">\n<p class=\"\" data-start=\"1038\" data-end=\"1311\"><span style=\"color: #000000;\"><strong data-start=\"1038\" data-end=\"1077\">Control de costes mediante una planificaci\u00f3n inteligente<\/strong>: Gracias a la colaboraci\u00f3n a largo plazo con proveedores de confianza, nos abastecemos de materiales de calidad a precios inferiores a los del mercado. Para los modelos que se piden con frecuencia, producimos proactivamente entre 500 y 1000 piezas de repuesto por adelantado, lo que reduce tanto los costes como el plazo de entrega.<\/span><\/p>\n<\/li>\n<li class=\"\" style=\"text-align: left;\" data-start=\"1312\" data-end=\"1629\">\n<p class=\"\" data-start=\"1315\" data-end=\"1629\"><span style=\"color: #000000;\"><strong data-start=\"1315\" data-end=\"1344\">Estrategia de pago creativa<\/strong>: Aunque al principio dudamos debido al riesgo, propusimos una soluci\u00f3n justa: el cliente paga un dep\u00f3sito de seguridad por adelantado, pero no es necesario ning\u00fan pago por adelantado para la producci\u00f3n. El saldo se liquida trimestralmente. Esto redujo la carga de tesorer\u00eda del cliente al tiempo que proteg\u00eda nuestra exposici\u00f3n financiera.<\/span><\/p>\n<\/li>\n<li class=\"\" data-start=\"1630\" data-end=\"1870\">\n<p class=\"\" style=\"text-align: left;\" data-start=\"1633\" data-end=\"1870\"><span style=\"color: #000000;\"><strong data-start=\"1633\" data-end=\"1659\">Compromiso de muestra gratuita<\/strong>: Comprendimos la necesidad del cliente de innovar continuamente en sus productos y, para demostrar nuestra sinceridad, accedimos a proporcionar gratuitamente todo el desarrollo de muestras, a pesar del elevado coste de I+D y del menor \u00edndice de conversi\u00f3n.<\/span><\/p>\n<\/li>\n<\/ol>\n\n\t\t<\/div>\n\t<\/div>\n\n\t\t<\/div>\n\t<\/div>\n\n<\/div>\n<\/div>\n\n<div  class=\"content_row row vc_row wpb_row  default-style fullwidth\" >\n\t\n\t<div class=\"content_row_wrapper  default\" >\n\t<div class=\"vc_col-sm-12 wpb_column vc_column_container\">\n\t\t<div class=\"wpb_wrapper\">\n\t\t\t\n\t<div class=\"wpb_text_column wpb_content_element\" >\n\t\t<div class=\"wpb_wrapper\">\n\t\t\t<h3 class=\"\" data-start=\"41\" data-end=\"58\"><span style=\"color: #000000;\"><strong data-start=\"45\" data-end=\"56\">Resultados<\/strong><\/span><\/h3>\n<p class=\"\" data-start=\"59\" data-end=\"375\"><span style=\"color: #000000;\">Tras recibir el primer pedido de prueba, el cliente qued\u00f3 muy satisfecho con la calidad del producto y la eficacia de la comunicaci\u00f3n. Como resultado, nos enviaron un lote de modelos existentes -fabricados originalmente por otros proveedores- para realizar una evaluaci\u00f3n comparativa y de calidad. Esto marc\u00f3 el inicio de una cooperaci\u00f3n m\u00e1s amplia.<\/span><\/p>\n<p class=\"\" data-start=\"377\" data-end=\"798\"><span style=\"color: #000000;\">En el transcurso de tres a\u00f1os, OPS Watches se convirti\u00f3 gradualmente en el mayor proveedor del cliente entre todos sus fabricantes de relojes. En la actualidad suministramos unos 25.000 relojes al mes, que cubren una amplia gama de sus l\u00edneas de productos. Reconociendo nuestro servicio fiable y nuestro compromiso, el cliente nos invit\u00f3 a asistir a la celebraci\u00f3n de su 20\u00ba aniversario, una prueba fehaciente de la confianza y la asociaci\u00f3n a largo plazo que hemos forjado.<\/span><\/p>\n\n\t\t<\/div>\n\t<\/div>\n<div class=\"vc_empty_space\"   style=\"height: 45px\"><span class=\"vc_empty_space_inner\"><\/span><\/div>\n\t\t<\/div>\n\t<\/div>\n\n<\/div>\n<\/div>","protected":false},"excerpt":{"rendered":"OEM Watch Project for a UK Well Established Brand Note on Brand Disclosure: Due to our NDA with the client, we are unable to publicly name the brand.\u00a0 In early 2016, OPS Watches connected with a well-established UK watch brand during the Inhorgenta Munich International Jewelry &amp; Watch Trade Fair. The client was seeking a [...]","protected":false},"author":1,"featured_media":0,"parent":0,"menu_order":0,"comment_status":"closed","ping_status":"closed","template":"","meta":{"footnotes":""},"class_list":["post-6809","page","type-page","status-publish","hentry"],"_links":{"self":[{"href":"https:\/\/opswatches.com\/es\/wp-json\/wp\/v2\/pages\/6809","targetHints":{"allow":["GET"]}}],"collection":[{"href":"https:\/\/opswatches.com\/es\/wp-json\/wp\/v2\/pages"}],"about":[{"href":"https:\/\/opswatches.com\/es\/wp-json\/wp\/v2\/types\/page"}],"author":[{"embeddable":true,"href":"https:\/\/opswatches.com\/es\/wp-json\/wp\/v2\/users\/1"}],"replies":[{"embeddable":true,"href":"https:\/\/opswatches.com\/es\/wp-json\/wp\/v2\/comments?post=6809"}],"version-history":[{"count":4,"href":"https:\/\/opswatches.com\/es\/wp-json\/wp\/v2\/pages\/6809\/revisions"}],"predecessor-version":[{"id":6820,"href":"https:\/\/opswatches.com\/es\/wp-json\/wp\/v2\/pages\/6809\/revisions\/6820"}],"wp:attachment":[{"href":"https:\/\/opswatches.com\/es\/wp-json\/wp\/v2\/media?parent=6809"}],"curies":[{"name":"wp","href":"https:\/\/api.w.org\/{rel}","templated":true}]}}