{"id":7,"date":"2015-02-02T04:30:36","date_gmt":"2015-02-02T04:30:36","guid":{"rendered":"http:\/\/rttheme19.rtthemes.com\/?page_id=7"},"modified":"2022-02-17T16:48:37","modified_gmt":"2022-02-17T08:48:37","slug":"productos","status":"publish","type":"page","link":"https:\/\/opswatches.com\/es\/productos\/","title":{"rendered":"Our Products"},"content":{"rendered":"<div  class=\"content_row row vc_row wpb_row  default-style fullwidth\" >\n\t\n\t<div class=\"content_row_wrapper  default\" >\n\t<div class=\"vc_col-sm-12 wpb_column vc_column_container\">\n\t\t<div class=\"wpb_wrapper\">\n\t\t\t<div class=\"rt_heading_wrapper\">\n\t\t\t\t\t\t<h1 class=\"rt_heading  aligncenter\" >Relojes de marca privada<\/h1>\n\t\t\t\t\t<\/div><div class=\"vc_empty_space\"   style=\"height: 50px\"><span class=\"vc_empty_space_inner\"><\/span><\/div>\n\t<div class=\"wpb_text_column wpb_content_element\" >\n\t\t<div class=\"wpb_wrapper\">\n\t\t\t<p class=\" translation-block\">Ops ofrece una amplia gama de colecciones para iniciar su propia marca de relojes, y las cajas de los relojes pueden ser personalizadas con su logo tambi\u00e9n. Puedes elegir los modelos que prefieras y redise\u00f1arlos para que sean tus relojes de marca privada, relojes de micro-marca, relojes Kickstarter, crowdfunding, adem\u00e1s puedes hacer cambios basados en nuestros dise\u00f1os existentes, para m\u00e1s informaci\u00f3n puedes consultar <a href=\"https:\/\/opswatches.com\/custom-watch-manufacturer\/\" target=\"_self\" rel=\"noopener noreferrer\">C\u00f3mo funciona<\/a>.<\/p>\n<p class=\" translation-block\">Puedes descargar el <a href=\"https:\/\/opswatches.com\/download\/\" target=\"_self\" rel=\"noopener noreferrer\">cat\u00e1logo<\/a> completo para revisarlo tambi\u00e9n.<\/p>\n\n\t\t<\/div>\n\t<\/div>\n\n\t\t<\/div>\n\t<\/div>\n\n<\/div>\n<\/div>\n\n<div  class=\"content_row row vc_row wpb_row  default-style fullwidth\" >\n\t\n\t<div class=\"content_row_wrapper  fullwidth\" ><div class=\"vc_col-sm-4 wpb_column vc_column_container\">\n\t\t<div class=\"wpb_wrapper\">\n\t\t\t\n\t<div  class=\"wpb_single_image wpb_content_element vc_align_center wpb_content_element\">\n\t\t\n\t\t<figure class=\"wpb_wrapper vc_figure\">\n\t\t\t<a href=\"https:\/\/opswatches.com\/products\/mens\/\" target=\"_blank\" class=\"vc_single_image-wrapper vc_box_shadow_3d  vc_box_border_grey\"><\/a>\n\t\t<\/figure>\n\t<\/div>\n<div class=\"vc_btn3-container vc_btn3-center vc_do_btn\" ><a style=\"background-color:#d92323; color:#ffffff;\" class=\"vc_general vc_btn3 vc_btn3-size-lg vc_btn3-shape-square vc_btn3-style-custom\" href=\"https:\/\/www.opswatches.com\/download\/\" title=\"\" target=\"_blank\">Colecciones de hombres<\/a><\/div>\n\t\t<\/div>\n\t<\/div>\n\n\t<div class=\"vc_col-sm-4 wpb_column vc_column_container\">\n\t\t<div class=\"wpb_wrapper\">\n\t\t\t\n\t<div  class=\"wpb_single_image wpb_content_element vc_align_center wpb_content_element\">\n\t\t\n\t\t<figure class=\"wpb_wrapper vc_figure\">\n\t\t\t<a href=\"https:\/\/opswatches.com\/products\/womens\/\" target=\"_blank\" class=\"vc_single_image-wrapper vc_box_shadow_3d  vc_box_border_grey\"><\/a>\n\t\t<\/figure>\n\t<\/div>\n<div class=\"vc_btn3-container vc_btn3-center vc_do_btn\" ><a style=\"background-color:#d92323; color:#ffffff;\" class=\"vc_general vc_btn3 vc_btn3-size-lg vc_btn3-shape-square vc_btn3-style-custom\" href=\"https:\/\/www.opswatches.com\/download\/\" title=\"\" target=\"_blank\">Colecciones de mujer<\/a><\/div>\n\t\t<\/div>\n\t<\/div>\n\n\t<div class=\"vc_col-sm-4 wpb_column vc_column_container\">\n\t\t<div class=\"wpb_wrapper\">\n\t\t\t\n\t<div  class=\"wpb_single_image wpb_content_element vc_align_center wpb_content_element\">\n\t\t\n\t\t<figure class=\"wpb_wrapper vc_figure\">\n\t\t\t<a href=\"https:\/\/opswatches.com\/products\/watch-box\/\" target=\"_blank\" class=\"vc_single_image-wrapper vc_box_shadow_3d  vc_box_border_grey\"><img decoding=\"async\" class=\"vc_single_image-img\" src=\"https:\/\/opswatches.com\/wp-content\/uploads\/2020\/04\/watch-boxes-500x500.jpg\" width=\"500\" height=\"500\" alt=\"caja de reloj\" title=\"cajas de reloj\" loading=\"lazy\" \/><\/a>\n\t\t<\/figure>\n\t<\/div>\n<div class=\"vc_btn3-container vc_btn3-center vc_do_btn\" ><a style=\"background-color:#d92323; color:#ffffff;\" class=\"vc_general vc_btn3 vc_btn3-size-lg vc_btn3-shape-square vc_btn3-style-custom\" href=\"http:\/\/www.opswatches.com\/products\/watch-box\/\" title=\"\" target=\"_blank\">Cajas<\/a><\/div>\n\t\t<\/div>\n\t<\/div>\n<\/div>\n<\/div>\n\n<div  class=\"content_row row vc_row wpb_row  default-style fullwidth\" >\n\t\n\t<div class=\"content_row_wrapper  default\" >\n\t<div class=\"vc_col-sm-12 wpb_column vc_column_container\">\n\t\t<div class=\"wpb_wrapper\">\n\t\t\t<div class=\"vc_empty_space\"   style=\"height: 90px\"><span class=\"vc_empty_space_inner\"><\/span><\/div>\n\t\t<\/div>\n\t<\/div>\n\n<\/div>\n<\/div>","protected":false},"excerpt":{"rendered":"Private Label Watches Ops provides a wide range collections for starting your own watch brand, and the watch boxes can be customized with your logo as well. You can choose the models you prefer and redesign them to be your private label watches, microbrand watches, Kickstarter watches, crowdfunding, furthermore you can make changes based on [...]","protected":false},"author":1,"featured_media":0,"parent":0,"menu_order":0,"comment_status":"closed","ping_status":"open","template":"","meta":{"footnotes":""},"class_list":["post-7","page","type-page","status-publish","hentry"],"_links":{"self":[{"href":"https:\/\/opswatches.com\/es\/wp-json\/wp\/v2\/pages\/7","targetHints":{"allow":["GET"]}}],"collection":[{"href":"https:\/\/opswatches.com\/es\/wp-json\/wp\/v2\/pages"}],"about":[{"href":"https:\/\/opswatches.com\/es\/wp-json\/wp\/v2\/types\/page"}],"author":[{"embeddable":true,"href":"https:\/\/opswatches.com\/es\/wp-json\/wp\/v2\/users\/1"}],"replies":[{"embeddable":true,"href":"https:\/\/opswatches.com\/es\/wp-json\/wp\/v2\/comments?post=7"}],"version-history":[{"count":15,"href":"https:\/\/opswatches.com\/es\/wp-json\/wp\/v2\/pages\/7\/revisions"}],"predecessor-version":[{"id":5542,"href":"https:\/\/opswatches.com\/es\/wp-json\/wp\/v2\/pages\/7\/revisions\/5542"}],"wp:attachment":[{"href":"https:\/\/opswatches.com\/es\/wp-json\/wp\/v2\/media?parent=7"}],"curies":[{"name":"wp","href":"https:\/\/api.w.org\/{rel}","templated":true}]}}