{"id":6642,"date":"2025-04-21T16:29:48","date_gmt":"2025-04-21T08:29:48","guid":{"rendered":"https:\/\/www.opswatches.com\/?post_type=product&#038;p=6642"},"modified":"2025-08-04T14:18:18","modified_gmt":"2025-08-04T06:18:18","slug":"seiko-nh35","status":"publish","type":"product","link":"https:\/\/opswatches.com\/es\/producto\/seiko-nh35\/","title":{"rendered":"Seiko NH35 Movimiento-Negro y Blanco Fecha Rueda"},"content":{"rendered":"<p>El movimiento mec\u00e1nico autom\u00e1tico NH35 es uno de los m\u00e1s fiables y utilizados en la industria relojera. Fabricado por Time Module (TMI), una filial de Seiko, el NH35 es ideal para micromarcas, modders y entusiastas de los relojes.<\/p>\n<h2>\u00bfPor qu\u00e9 elegir Movimiento NH35?<\/h2>\n<ul>\n<li class=\"\" data-start=\"1588\" data-end=\"1649\">\n<p class=\"\" data-start=\"1590\" data-end=\"1649\">Fiabilidad probada en miles de modelos de relojes de todo el mundo<\/p>\n<\/li>\n<li class=\"\" data-start=\"1650\" data-end=\"1734\">\n<p class=\"\" data-start=\"1652\" data-end=\"1734\">F\u00e1cil de instalar y sustituir: perfecto para modificaciones de relojes y producciones de lotes peque\u00f1os<\/p>\n<\/li>\n<li class=\"\" data-start=\"1735\" data-end=\"1785\">\n<p class=\"\" data-start=\"1737\" data-end=\"1785\">Asequible sin comprometer el rendimiento<\/p>\n<\/li>\n<li class=\"\" data-start=\"1786\" data-end=\"1839\">\n<p class=\"\" data-start=\"1788\" data-end=\"1839\">Compatible con muchas configuraciones de esferas y cajas<\/p>\n<\/li>\n<\/ul>\n<p>&nbsp;<\/p>\n<h2>Compatible con otros movimientos:<\/h2>\n<p>Seiko NH36: Estructuralmente id\u00e9ntico al NH35, la \u00fanica diferencia es que el NH36 incluye una indicaci\u00f3n del d\u00eda adem\u00e1s de la fecha.<\/p>\n<p>Seiko 4R35: NH35 es la versi\u00f3n de exportaci\u00f3n del Seiko 4R35. Funcional y dimensionalmente id\u00e9ntico. Manecillas, v\u00e1stago, pies de esfera, ajuste de caja: todo compatible.<\/p>\n<p><a href=\"https:\/\/opswatches.com\/seiko-7s26\/\" target=\"_blank\" rel=\"noopener\">Seiko 7S26<\/a> (compatibilidad parcial):<\/p>\n<ul>\n<li class=\"\" data-start=\"566\" data-end=\"642\">\n<p class=\"\" data-start=\"568\" data-end=\"642\">El NH35 se utiliza a menudo para actualizar relojes con 7S26 (como los antiguos modelos Seiko 5).<\/p>\n<\/li>\n<li class=\"\" data-start=\"643\" data-end=\"806\">\n<p class=\"\" data-start=\"645\" data-end=\"688\">El tama\u00f1o de la caja y los pies de la esfera pueden coincidir, pero:<\/p>\n<ul data-start=\"691\" data-end=\"806\">\n<li class=\"\" data-start=\"691\" data-end=\"734\">\n<p class=\"\" data-start=\"693\" data-end=\"734\">7S26 no tiene hacking ni cuerda manual<\/p>\n<\/li>\n<li class=\"\" data-start=\"737\" data-end=\"806\">\n<p class=\"\" data-start=\"739\" data-end=\"806\">La altura del tallo puede variar, por lo que puede ser necesaria una ligera modificaci\u00f3n.<\/p>\n<\/li>\n<\/ul>\n<\/li>\n<\/ul>\n<p><strong data-start=\"816\" data-end=\"838\">Miyota 8215 \/ 8205<\/strong> (NO directamente compatible):<\/p>\n<ul data-start=\"865\" data-end=\"1131\">\n<li class=\"\" data-start=\"865\" data-end=\"1067\">\n<p class=\"\" data-start=\"867\" data-end=\"942\">Aunque a menudo se comparan con la NH35, no son directamente intercambiables:<\/p>\n<ul data-start=\"945\" data-end=\"1067\">\n<li class=\"\" data-start=\"945\" data-end=\"978\">\n<p class=\"\" data-start=\"947\" data-end=\"978\">Diferentes posiciones de los pies de esfera<\/p>\n<\/li>\n<li class=\"\" data-start=\"981\" data-end=\"1028\">\n<p class=\"\" data-start=\"983\" data-end=\"1028\">Diferente altura del v\u00e1stago y ubicaci\u00f3n de la leng\u00fceta de la caja<\/p>\n<\/li>\n<li class=\"\" data-start=\"1031\" data-end=\"1067\">\n<p class=\"\" data-start=\"1033\" data-end=\"1067\">Puede ser necesario ajustar la posici\u00f3n de la corona<\/p>\n<\/li>\n<\/ul>\n<\/li>\n<li class=\"\" data-start=\"1068\" data-end=\"1131\">\n<p class=\"\" data-start=\"1070\" data-end=\"1131\">S\u00f3lo algunas cajas del mercado de accesorios est\u00e1n dise\u00f1adas para soportar ambos.<\/p>\n<\/li>\n<\/ul>\n<p>&nbsp;<\/p>\n<p>&nbsp;<\/p>\n<p>&nbsp;<\/p>","protected":false},"excerpt":{"rendered":"<h1><span style=\"color: #000000;\">Movimiento autom\u00e1tico Seiko NH35<\/span><\/h1>\n<p>&nbsp;<\/p>\n<p><span style=\"color: #333333;\">Calibre: NH35<\/span><\/p>\n<p><span style=\"color: #333333;\">Di\u00e1metro: 27,40 mm<\/span><\/p>\n<p><span style=\"color: #333333;\">Altura: 5,32 mm<\/span><\/p>\n<p><span style=\"color: #333333;\">Joyas: 24<\/span><\/p>\n<p><span style=\"color: #333333;\">Frecuencia: 21.600 bph \/ 3 Hz<\/span><\/p>\n<p><span style=\"color: #333333;\">Reserva de marcha: 41 horas<\/span><\/p>\n<p><span style=\"color: #333333;\">Direcci\u00f3n del rotor: Bobinado bidireccional<\/span><\/p>\n<p><span style=\"color: #333333;\">Se puede enrollar a mano: S\u00ed<\/span><\/p>\n<p><span style=\"color: #333333;\">Tama\u00f1os de mano: 1.5mm \/ .89mm \/ .21mm<\/span><\/p>\n<p>Funciones: Horas, minutos, segundero central, fecha<\/p>","protected":false},"featured_media":6647,"comment_status":"open","ping_status":"closed","template":"","meta":[],"product_brand":[],"product_cat":[135],"product_tag":[138,137,136,139,140,141],"class_list":{"0":"post-6642","1":"product","2":"type-product","3":"status-publish","4":"has-post-thumbnail","6":"product_cat-movement","7":"product_tag-automatic","8":"product_tag-mechanical-movement","9":"product_tag-nh35","10":"product_tag-seiko-compatible","11":"product_tag-tmi","12":"product_tag-watchmaker-supplies","14":"first","15":"outofstock","16":"shipping-taxable","17":"purchasable","18":"product-type-variable"},"_links":{"self":[{"href":"https:\/\/opswatches.com\/es\/wp-json\/wp\/v2\/product\/6642","targetHints":{"allow":["GET"]}}],"collection":[{"href":"https:\/\/opswatches.com\/es\/wp-json\/wp\/v2\/product"}],"about":[{"href":"https:\/\/opswatches.com\/es\/wp-json\/wp\/v2\/types\/product"}],"replies":[{"embeddable":true,"href":"https:\/\/opswatches.com\/es\/wp-json\/wp\/v2\/comments?post=6642"}],"wp:featuredmedia":[{"embeddable":true,"href":"https:\/\/opswatches.com\/es\/wp-json\/wp\/v2\/media\/6647"}],"wp:attachment":[{"href":"https:\/\/opswatches.com\/es\/wp-json\/wp\/v2\/media?parent=6642"}],"wp:term":[{"taxonomy":"product_brand","embeddable":true,"href":"https:\/\/opswatches.com\/es\/wp-json\/wp\/v2\/product_brand?post=6642"},{"taxonomy":"product_cat","embeddable":true,"href":"https:\/\/opswatches.com\/es\/wp-json\/wp\/v2\/product_cat?post=6642"},{"taxonomy":"product_tag","embeddable":true,"href":"https:\/\/opswatches.com\/es\/wp-json\/wp\/v2\/product_tag?post=6642"}],"curies":[{"name":"wp","href":"https:\/\/api.w.org\/{rel}","templated":true}]}}